

{"id":2017,"date":"2016-05-02T10:34:03","date_gmt":"2016-05-02T09:34:03","guid":{"rendered":"https:\/\/www.alucomfort.be\/contact\/"},"modified":"2024-08-07T17:27:22","modified_gmt":"2024-08-07T15:27:22","slug":"contact","status":"publish","type":"page","link":"https:\/\/www.alucomfort.be\/fr\/contact\/","title":{"rendered":"Contact"},"content":{"rendered":"<p>[vc_row full_width=\u00a0\u00bbstretch_row_content_no_spaces\u00a0\u00bb sbxs_headings_class=\u00a0\u00bbheadings-white\u00a0\u00bb sbxs_text_class=\u00a0\u00bbtext-white\u00a0\u00bb el_class=\u00a0\u00bbshopintro\u00a0\u00bb css=\u00a0\u00bb.vc_custom_1528203457131{background: rgba(255,255,255,0.51) url(https:\/\/www.alucomfort.be\/wp-content\/uploads\/shutterstock-654406453.jpg?id=98531) !important;background-position: center !important;background-repeat: no-repeat !important;background-size: cover !important;*background-color: rgb(255,255,255) !important;}\u00a0\u00bb][vc_column][vc_empty_space height=\u00a0\u00bb180&Prime;][vc_column_text sbxs_headings_class=\u00a0\u00bbheadings-white\u00a0\u00bb sbxs_text_class=\u00a0\u00bbtext-white\u00a0\u00bb]<\/p>\n<h2 style=\"text-align: center;\"><strong>Contactez-nous<\/strong><\/h2>\n<p>[\/vc_column_text][vc_empty_space height=\u00a0\u00bb100&Prime;][\/vc_column][\/vc_row][vc_row full_width=\u00a0\u00bbstretch_row\u00a0\u00bb content_placement=\u00a0\u00bbmiddle\u00a0\u00bb css=\u00a0\u00bb.vc_custom_1524649175310{padding-top: 80px !important;padding-bottom: 80px !important;}\u00a0\u00bb el_class=\u00a0\u00bbbg-light headings-dark text-dark\u00a0\u00bb][vc_column width=\u00a0\u00bb1\/2&Prime;][vc_column_text css_animation=\u00a0\u00bbleft-to-right\u00a0\u00bb]<\/p>\n<h2>Avez-vous des questions ou des remarques?<\/h2>\n<p>[\/vc_column_text][vc_column_text css_animation=\u00a0\u00bbleft-to-right\u00a0\u00bb css=\u00a0\u00bb.vc_custom_1529327863452{padding-bottom: 10px !important;}\u00a0\u00bb]Contactez-nous.[\/vc_column_text][vc_empty_space][vc_column_text css_animation=\u00a0\u00bbleft-to-right\u00a0\u00bb css=\u00a0\u00bb.vc_custom_1530111822230{padding-bottom: 10px !important;}\u00a0\u00bb]<\/p>\n<h2>Notre\u00a0<span lang=\"fr\">coordonn\u00e9es<\/span><\/h2>\n<p>[\/vc_column_text][vc_column_text css_animation=\u00a0\u00bbleft-to-right\u00a0\u00bb css=\u00a0\u00bb.vc_custom_1723044439567{padding-bottom: 5px !important;}\u00a0\u00bb]<strong>Alu Comfort BV<\/strong><\/p>\n<p>Meldertsestraat 8 \u2013 Unit 4203<br \/>\n3545 Halen<\/p>\n<p>Belgique<\/p>\n<div id=\"ConnectiveDocSignExtentionInstalled\" data-extension-version=\"1.0.4\"><\/div>\n<p>[\/vc_column_text][vc_empty_space][vc_column_text css_animation=\u00a0\u00bbleft-to-right\u00a0\u00bb css=\u00a0\u00bb.vc_custom_1636391334849{padding-bottom: 5px !important;}\u00a0\u00bb]+32(0)478 31 27 08<\/p>\n<p>[\/vc_column_text][vc_column_text css_animation=\u00a0\u00bbleft-to-right\u00a0\u00bb css=\u00a0\u00bb.vc_custom_1524650669940{padding-bottom: 5px !important;}\u00a0\u00bb]info@alucomfort.be[\/vc_column_text][vc_column_text css_animation=\u00a0\u00bbleft-to-right\u00a0\u00bb css=\u00a0\u00bb.vc_custom_1524650677710{padding-bottom: 5px !important;}\u00a0\u00bb]BTW BE0849.320.320[\/vc_column_text][\/vc_column][vc_column css_animation=\u00a0\u00bbright-to-left\u00a0\u00bb width=\u00a0\u00bb1\/2&Prime;]\n\n\n\n\t\t\t<!--<section id=\"container\" class=\"container-fluid contactmodule\">-->\n\t\t\t<section id=\"container\" class=\"contactmodule\">\n\n\n\t\t\t<div class=\"formcol2\">\n\n\t\t\t\t<form method=\"POST\" enctype=\"multipart\/form-data\" id=\"fileUploadForm_1529327801\">\n\t\t\t\t\t\n\t\t\t\t\t\t\t\t\t\t\t\t<ul class=\"sbxs_form \">\n\t\t\t\t\t\t\n\t\t\t\t\t\t\t\t\t\t\t\t\t\t\t<tr class=\"\">\n\t\t\t\t\t\t\t\t\n\n\t\t\t\t\t\t\t\t\t\t\t\n\t\t\t\t\t\t\t\t\t\t\t\t<li class=\"field_li_0 tekstveld \">\n\t\t\t\t\t\t\t\t\t\t\t\t\t\n\t\t\t\t\t\t\t\t\t\t\t\t\t\n\t\t\t\t\t\t\t\t\t\t\t\t\t\t\t\t\t\t\t\t\t\t\t\t\t\t\t\t\t<div class=\"field-title-wrap\">\n\t\t\t\t\t\t\t\t\t\t\t\t\t\t\t\tNom\t\t\t\t\t\t\t\t\t\t\t\t\t\t\t<\/div>\n\t\t\t\t\t\t\t\t\t\t\t\t\t\t\n\n\t\t\t\t\t\t\t\t\t\t\t\t\t<div class=\"field-wrap\">\n\t\t\t\t\t\t\t\t\t\t\t\t\t\t<input type=\"text\" name=\"field_0\" placeholder=\"Votre nom\" class=\"field_1529327801 required\">\n\t\t\t\t\t\t\t\t\t\t\t\t\t<\/div>\n\t\t\t\t\t\t\t\t\t\t\t\t<\/li>\n\n\t\t\t\t\t\t\t\t\t\t\t\n\n\n\t\t\t\t\t\t\t\t\t\t\t\t\t\t\t\t\t\t\t<\/tr>\n\t\t\t\t\t\t\t\t\t\t\t\t\t\t\t<tr class=\"\">\n\t\t\t\t\t\t\t\t\n\n\t\t\t\t\t\t\t\t\t\t\t\n\t\t\t\t\t\t\t\t\t\t\t\t<li class=\"field_li_1 tekstveld \">\n\t\t\t\t\t\t\t\t\t\t\t\t\t\n\t\t\t\t\t\t\t\t\t\t\t\t\t\n\t\t\t\t\t\t\t\t\t\t\t\t\t\t\t\t\t\t\t\t\t\t\t\t\t\t\t\t\t<div class=\"field-title-wrap\">\n\t\t\t\t\t\t\t\t\t\t\t\t\t\t\t\tPr\u00e9nom\t\t\t\t\t\t\t\t\t\t\t\t\t\t\t<\/div>\n\t\t\t\t\t\t\t\t\t\t\t\t\t\t\n\n\t\t\t\t\t\t\t\t\t\t\t\t\t<div class=\"field-wrap\">\n\t\t\t\t\t\t\t\t\t\t\t\t\t\t<input type=\"text\" name=\"field_1\" placeholder=\"Votre  pr\u00e9nom\" class=\"field_1529327801 \">\n\t\t\t\t\t\t\t\t\t\t\t\t\t<\/div>\n\t\t\t\t\t\t\t\t\t\t\t\t<\/li>\n\n\t\t\t\t\t\t\t\t\t\t\t\n\n\n\t\t\t\t\t\t\t\t\t\t\t\t\t\t\t\t\t\t\t<\/tr>\n\t\t\t\t\t\t\t\t\t\t\t\t\t\t\t<tr class=\"\">\n\t\t\t\t\t\t\t\t\n\n\t\t\t\t\t\t\t\t\t\t\t\n\t\t\t\t\t\t\t\t\t\t\t\t<li class=\"field_li_2 emailfield \">\n\t\t\t\t\t\t\t\t\t\t\t\t\t\n\t\t\t\t\t\t\t\t\t\t\t\t\t\n\t\t\t\t\t\t\t\t\t\t\t\t\t\t\t\t\t\t\t\t\t\t\t\t\t\t\t\t\t<div class=\"field-title-wrap\">\n\t\t\t\t\t\t\t\t\t\t\t\t\t\t\t\tAdresse e-mail\t\t\t\t\t\t\t\t\t\t\t\t\t\t\t<\/div>\n\t\t\t\t\t\t\t\t\t\t\t\t\t\t\n\n\t\t\t\t\t\t\t\t\t\t\t\t\t<div class=\"field-wrap\">\n\t\t\t\t\t\t\t\t\t\t\t\t\t\t<input type=\"text\" name=\"field_2\" placeholder=\"Votre adresse e-mail\" class=\"field_1529327801 required\">\n\t\t\t\t\t\t\t\t\t\t\t\t\t<\/div>\n\t\t\t\t\t\t\t\t\t\t\t\t<\/li>\n\n\t\t\t\t\t\t\t\t\t\t\t\n\n\n\t\t\t\t\t\t\t\t\t\t\t\t\t\t\t\t\t\t\t<\/tr>\n\t\t\t\t\t\t\t\t\t\t\t\t\t\t\t<tr class=\"\">\n\t\t\t\t\t\t\t\t\n\n\t\t\t\t\t\t\t\t\t\t\t\n\t\t\t\t\t\t\t\t\t\t\t\t<li class=\"field_li_3 tekstveld \">\n\t\t\t\t\t\t\t\t\t\t\t\t\t\n\t\t\t\t\t\t\t\t\t\t\t\t\t\n\t\t\t\t\t\t\t\t\t\t\t\t\t\t\t\t\t\t\t\t\t\t\t\t\t\t\t\t\t<div class=\"field-title-wrap\">\n\t\t\t\t\t\t\t\t\t\t\t\t\t\t\t\tNum\u00e9ro de t\u00e9l\u00e9phone\t\t\t\t\t\t\t\t\t\t\t\t\t\t\t<\/div>\n\t\t\t\t\t\t\t\t\t\t\t\t\t\t\n\n\t\t\t\t\t\t\t\t\t\t\t\t\t<div class=\"field-wrap\">\n\t\t\t\t\t\t\t\t\t\t\t\t\t\t<input type=\"text\" name=\"field_3\" placeholder=\"Votre num\u00e9ro de t\u00e9l\u00e9phone\" class=\"field_1529327801 required\">\n\t\t\t\t\t\t\t\t\t\t\t\t\t<\/div>\n\t\t\t\t\t\t\t\t\t\t\t\t<\/li>\n\n\t\t\t\t\t\t\t\t\t\t\t\n\n\n\t\t\t\t\t\t\t\t\t\t\t\t\t\t\t\t\t\t\t<\/tr>\n\t\t\t\t\t\t\t\t\t\t\t\t\t\t\t<tr class=\"\">\n\t\t\t\t\t\t\t\t\n\t\t\t\t\t\t\t\t\t\t\t\n\t\t\t\t\t\t\t\t\t\t\t\t<li class=\"field_li_4 tekstvlak \">\n\t\t\t\t\t\t\t\t\t\t\t\t\t\n\t\t\t\t\t\t\t\t\t\t\t\t\t\n\t\t\t\t\t\t\t\t\t\t\t\t\t\t\t\t\t\t\t\t\t\t\t\t\t\t\t\t\t<div class=\"field-title-wrap\">\n\t\t\t\t\t\t\t\t\t\t\t\t\t\t\t\tMessage\t\t\t\t\t\t\t\t\t\t\t\t\t\t\t<\/div>\n\t\t\t\t\t\t\t\t\t\t\t\t\t\t\n\n\t\t\t\t\t\t\t\t\t\t\t\t\t<div class=\"field-wrap\">\n\t\t\t\t\t\t\t\t\t\t\t\t\t\t<textarea name=\"field_4\" placeholder=\"Votre message\" class=\"field_1529327801 required\"><\/textarea>\n\t\t\t\t\t\t\t\t\t\t\t\t\t<\/div>\n\t\t\t\t\t\t\t\t\t\t\t\t<\/li>\n\n\t\t\t\t\t\t\t\t\t\t\t\n\n\n\t\t\t\t\t\t\t\t\t\t\t\t\t\t\t\t\t\t\t<\/tr>\n\t\t\t\t\t\t\t\t\t\t\t\t\t\t\n\t\t\t\t\t\t\t\n\t\t\t\t\t\t\t\n\n\t\t\t\t\t\t\t\t\t\t\t\t\n\t\t\t\t\t\t\t<li class=\"\">\n\t\t\t\t\t\t\t\t<div class=\"spinner\">\n\t\t\t\t\t\t\t\t\t  <div class=\"bounce1\"><\/div>\n\t\t\t\t\t\t\t\t\t  <div class=\"bounce2\"><\/div>\n\t\t\t\t\t\t\t\t\t  <div class=\"bounce3\"><\/div>\n\t\t\t\t\t\t\t\t<\/div>\n\n\t\t\t\t\t\t\t\t<div class=\"result-wrap\">\n\t\t\t\t\t\t\t\t\t<div class=\"clearfix\"><\/div>\n\t\t\t\t\t\t\t\t\t<div class=\"result-container_1529327801\">&nbsp;<\/div>\n\t\t\t\t\t\t\t\t<\/div>\n\t\t\t\t\t\t\t<\/li>\n\t\t\t\t\t\t\t\n\t\t\t\t\t\t\t<li class=\"\">\n\t\t\t\t\t\t\t\t<a class=\"button sendcontactform sendcontactform_1529327801 sendbutton \" data-suffix=\"_1529327801\">Verzenden<\/a>\n\t\t\t\t\t\t\t<\/li>\n\t\t\t\t\t\t\t\n\t\t\t\t\t\t<\/ul>\n\t\t\t\t\t\t\n\n\t\t\t\t\t\t\t\t\t\t<\/form>\n\n\n\n\n\t\t\t<\/div>\n\t\t<\/section>\n\t\t<div class=\"clearfix\"><\/div>\n\n\n\t\t\n\n\t\t\t[\/vc_column][\/vc_row][vc_row][vc_column][vc_column_text]<\/p>\n<div id=\"ConnectiveDocSignExtentionInstalled\" data-extension-version=\"1.0.4\"><\/div>\n<p>[\/vc_column_text][\/vc_column][\/vc_row][vc_row][vc_column][vc_column_text]<\/p>\n<div id=\"ConnectiveDocSignExtentionInstalled\" data-extension-version=\"1.0.4\"><\/div>\n<p>[\/vc_column_text][\/vc_column][\/vc_row][vc_row][vc_column][vc_column_text]<\/p>\n<div id=\"ConnectiveDocSignExtentionInstalled\" data-extension-version=\"1.0.4\"><\/div>\n<p>[\/vc_column_text][\/vc_column][\/vc_row][vc_row][vc_column][vc_column_text]<\/p>\n<div id=\"ConnectiveDocSignExtentionInstalled\" data-extension-version=\"1.0.4\"><\/div>\n<p>[\/vc_column_text][\/vc_column][\/vc_row]<\/p>\n","protected":false},"excerpt":{"rendered":"<p>[vc_row full_width=\u00a0\u00bbstretch_row_content_no_spaces\u00a0\u00bb sbxs_headings_class=\u00a0\u00bbheadings-white\u00a0\u00bb sbxs_text_class=\u00a0\u00bbtext-white\u00a0\u00bb el_class=\u00a0\u00bbshopintro\u00a0\u00bb css=\u00a0\u00bb.vc_custom_1528203457131{background: rgba(255,255,255,0.51) url(https:\/\/www.alucomfort.be\/wp-content\/uploads\/shutterstock-654406453.jpg?id=98531) !important;background-position: center !important;background-repeat: no-repeat !important;background-size: cover !important;*background-color: rgb(255,255,255) !important;}\u00a0\u00bb][vc_column][vc_empty_space height=\u00a0\u00bb180&Prime;][vc_column_text sbxs_headings_class=\u00a0\u00bbheadings-white\u00a0\u00bb sbxs_text_class=\u00a0\u00bbtext-white\u00a0\u00bb] Contactez-nous [\/vc_column_text][vc_empty_space height=\u00a0\u00bb100&Prime;][\/vc_column][\/vc_row][vc_row full_width=\u00a0\u00bbstretch_row\u00a0\u00bb content_placement=\u00a0\u00bbmiddle\u00a0\u00bb css=\u00a0\u00bb.vc_custom_1524649175310{padding-top: 80px !important;padding-bottom: 80px !important;}\u00a0\u00bb el_class=\u00a0\u00bbbg-light headings-dark text-dark\u00a0\u00bb][vc_column width=\u00a0\u00bb1\/2&Prime;][vc_column_text css_animation=\u00a0\u00bbleft-to-right\u00a0\u00bb] Avez-vous des questions ou des remarques? [\/vc_column_text][vc_column_text css_animation=\u00a0\u00bbleft-to-right\u00a0\u00bb css=\u00a0\u00bb.vc_custom_1529327863452{padding-bottom: 10px !important;}\u00a0\u00bb]Contactez-nous.[\/vc_column_text][vc_empty_space][vc_column_text css_animation=\u00a0\u00bbleft-to-right\u00a0\u00bb css=\u00a0\u00bb.vc_custom_1530111822230{padding-bottom: 10px !important;}\u00a0\u00bb] Notre\u00a0coordonn\u00e9es [\/vc_column_text][vc_column_text css_animation=\u00a0\u00bbleft-to-right\u00a0\u00bb css=\u00a0\u00bb.vc_custom_1723044439567{padding-bottom: 5px<\/p>\n","protected":false},"author":1,"featured_media":0,"parent":0,"menu_order":0,"comment_status":"closed","ping_status":"closed","template":"","meta":{"_acf_changed":false,"footnotes":""},"class_list":["post-2017","page","type-page","status-publish","hentry"],"acf":[],"yoast_head":"<!-- This site is optimized with the Yoast SEO plugin v24.8.1 - https:\/\/yoast.com\/wordpress\/plugins\/seo\/ -->\n<title>Alucomfort - Contacteer ons - we helpen u graag verder<\/title>\n<meta name=\"description\" content=\"Contactez Alucomfort pour toutes vos questions concernant l&#039;\u00e9quipement de l&#039;entreprise et de l&#039;entrep\u00f4t. Regardez nos \u00e9chelles, escaliers, chariots \u00e9l\u00e9vateurs, bennes et accessoires. Une gamme tr\u00e8s \u00e9tendue sur alucomfort.be\" \/>\n<meta name=\"robots\" content=\"index, follow, max-snippet:-1, max-image-preview:large, max-video-preview:-1\" \/>\n<link rel=\"canonical\" href=\"https:\/\/www.alucomfort.be\/fr\/contact\/\" \/>\n<meta property=\"og:locale\" content=\"fr_FR\" \/>\n<meta property=\"og:type\" content=\"article\" \/>\n<meta property=\"og:title\" content=\"Alucomfort - Contacteer ons - we helpen u graag verder\" \/>\n<meta property=\"og:description\" content=\"Contactez Alucomfort pour toutes vos questions concernant l&#039;\u00e9quipement de l&#039;entreprise et de l&#039;entrep\u00f4t. Regardez nos \u00e9chelles, escaliers, chariots \u00e9l\u00e9vateurs, bennes et accessoires. Une gamme tr\u00e8s \u00e9tendue sur alucomfort.be\" \/>\n<meta property=\"og:url\" content=\"https:\/\/www.alucomfort.be\/fr\/contact\/\" \/>\n<meta property=\"og:site_name\" content=\"Alu Comfort\" \/>\n<meta property=\"article:modified_time\" content=\"2024-08-07T15:27:22+00:00\" \/>\n<meta name=\"twitter:card\" content=\"summary_large_image\" \/>\n<meta name=\"twitter:label1\" content=\"Dur\u00e9e de lecture estim\u00e9e\" \/>\n\t<meta name=\"twitter:data1\" content=\"1 minute\" \/>\n<script type=\"application\/ld+json\" class=\"yoast-schema-graph\">{\"@context\":\"https:\/\/schema.org\",\"@graph\":[{\"@type\":\"WebPage\",\"@id\":\"https:\/\/www.alucomfort.be\/fr\/contact\/\",\"url\":\"https:\/\/www.alucomfort.be\/fr\/contact\/\",\"name\":\"Alucomfort - Contacteer ons - we helpen u graag verder\",\"isPartOf\":{\"@id\":\"https:\/\/www.alucomfort.be\/#website\"},\"datePublished\":\"2016-05-02T09:34:03+00:00\",\"dateModified\":\"2024-08-07T15:27:22+00:00\",\"description\":\"Contactez Alucomfort pour toutes vos questions concernant l'\u00e9quipement de l'entreprise et de l'entrep\u00f4t. Regardez nos \u00e9chelles, escaliers, chariots \u00e9l\u00e9vateurs, bennes et accessoires. Une gamme tr\u00e8s \u00e9tendue sur alucomfort.be\",\"breadcrumb\":{\"@id\":\"https:\/\/www.alucomfort.be\/fr\/contact\/#breadcrumb\"},\"inLanguage\":\"fr-FR\",\"potentialAction\":[{\"@type\":\"ReadAction\",\"target\":[\"https:\/\/www.alucomfort.be\/fr\/contact\/\"]}]},{\"@type\":\"BreadcrumbList\",\"@id\":\"https:\/\/www.alucomfort.be\/fr\/contact\/#breadcrumb\",\"itemListElement\":[{\"@type\":\"ListItem\",\"position\":1,\"name\":\"Home\",\"item\":\"https:\/\/www.alucomfort.be\/fr\/\"},{\"@type\":\"ListItem\",\"position\":2,\"name\":\"Contact\"}]},{\"@type\":\"WebSite\",\"@id\":\"https:\/\/www.alucomfort.be\/#website\",\"url\":\"https:\/\/www.alucomfort.be\/\",\"name\":\"Alu Comfort\",\"description\":\"\",\"potentialAction\":[{\"@type\":\"SearchAction\",\"target\":{\"@type\":\"EntryPoint\",\"urlTemplate\":\"https:\/\/www.alucomfort.be\/?s={search_term_string}\"},\"query-input\":{\"@type\":\"PropertyValueSpecification\",\"valueRequired\":true,\"valueName\":\"search_term_string\"}}],\"inLanguage\":\"fr-FR\"}]}<\/script>\n<!-- \/ Yoast SEO plugin. -->","yoast_head_json":{"title":"Alucomfort - Contacteer ons - we helpen u graag verder","description":"Contactez Alucomfort pour toutes vos questions concernant l'\u00e9quipement de l'entreprise et de l'entrep\u00f4t. Regardez nos \u00e9chelles, escaliers, chariots \u00e9l\u00e9vateurs, bennes et accessoires. Une gamme tr\u00e8s \u00e9tendue sur alucomfort.be","robots":{"index":"index","follow":"follow","max-snippet":"max-snippet:-1","max-image-preview":"max-image-preview:large","max-video-preview":"max-video-preview:-1"},"canonical":"https:\/\/www.alucomfort.be\/fr\/contact\/","og_locale":"fr_FR","og_type":"article","og_title":"Alucomfort - Contacteer ons - we helpen u graag verder","og_description":"Contactez Alucomfort pour toutes vos questions concernant l'\u00e9quipement de l'entreprise et de l'entrep\u00f4t. Regardez nos \u00e9chelles, escaliers, chariots \u00e9l\u00e9vateurs, bennes et accessoires. Une gamme tr\u00e8s \u00e9tendue sur alucomfort.be","og_url":"https:\/\/www.alucomfort.be\/fr\/contact\/","og_site_name":"Alu Comfort","article_modified_time":"2024-08-07T15:27:22+00:00","twitter_card":"summary_large_image","twitter_misc":{"Dur\u00e9e de lecture estim\u00e9e":"1 minute"},"schema":{"@context":"https:\/\/schema.org","@graph":[{"@type":"WebPage","@id":"https:\/\/www.alucomfort.be\/fr\/contact\/","url":"https:\/\/www.alucomfort.be\/fr\/contact\/","name":"Alucomfort - Contacteer ons - we helpen u graag verder","isPartOf":{"@id":"https:\/\/www.alucomfort.be\/#website"},"datePublished":"2016-05-02T09:34:03+00:00","dateModified":"2024-08-07T15:27:22+00:00","description":"Contactez Alucomfort pour toutes vos questions concernant l'\u00e9quipement de l'entreprise et de l'entrep\u00f4t. Regardez nos \u00e9chelles, escaliers, chariots \u00e9l\u00e9vateurs, bennes et accessoires. Une gamme tr\u00e8s \u00e9tendue sur alucomfort.be","breadcrumb":{"@id":"https:\/\/www.alucomfort.be\/fr\/contact\/#breadcrumb"},"inLanguage":"fr-FR","potentialAction":[{"@type":"ReadAction","target":["https:\/\/www.alucomfort.be\/fr\/contact\/"]}]},{"@type":"BreadcrumbList","@id":"https:\/\/www.alucomfort.be\/fr\/contact\/#breadcrumb","itemListElement":[{"@type":"ListItem","position":1,"name":"Home","item":"https:\/\/www.alucomfort.be\/fr\/"},{"@type":"ListItem","position":2,"name":"Contact"}]},{"@type":"WebSite","@id":"https:\/\/www.alucomfort.be\/#website","url":"https:\/\/www.alucomfort.be\/","name":"Alu Comfort","description":"","potentialAction":[{"@type":"SearchAction","target":{"@type":"EntryPoint","urlTemplate":"https:\/\/www.alucomfort.be\/?s={search_term_string}"},"query-input":{"@type":"PropertyValueSpecification","valueRequired":true,"valueName":"search_term_string"}}],"inLanguage":"fr-FR"}]}},"_links":{"self":[{"href":"https:\/\/www.alucomfort.be\/fr\/wp-json\/wp\/v2\/pages\/2017","targetHints":{"allow":["GET"]}}],"collection":[{"href":"https:\/\/www.alucomfort.be\/fr\/wp-json\/wp\/v2\/pages"}],"about":[{"href":"https:\/\/www.alucomfort.be\/fr\/wp-json\/wp\/v2\/types\/page"}],"author":[{"embeddable":true,"href":"https:\/\/www.alucomfort.be\/fr\/wp-json\/wp\/v2\/users\/1"}],"replies":[{"embeddable":true,"href":"https:\/\/www.alucomfort.be\/fr\/wp-json\/wp\/v2\/comments?post=2017"}],"version-history":[{"count":1,"href":"https:\/\/www.alucomfort.be\/fr\/wp-json\/wp\/v2\/pages\/2017\/revisions"}],"predecessor-version":[{"id":221063,"href":"https:\/\/www.alucomfort.be\/fr\/wp-json\/wp\/v2\/pages\/2017\/revisions\/221063"}],"wp:attachment":[{"href":"https:\/\/www.alucomfort.be\/fr\/wp-json\/wp\/v2\/media?parent=2017"}],"curies":[{"name":"wp","href":"https:\/\/api.w.org\/{rel}","templated":true}]}}