

{"id":213240,"date":"2021-11-08T18:32:40","date_gmt":"2021-11-08T16:32:40","guid":{"rendered":"https:\/\/www.alucomfort.be\/?page_id=213240"},"modified":"2021-11-08T18:36:06","modified_gmt":"2021-11-08T16:36:06","slug":"suggestions-et-reclamations","status":"publish","type":"page","link":"https:\/\/www.alucomfort.be\/fr\/suggestions-et-reclamations\/","title":{"rendered":"Suggestions et r\u00e9clamations"},"content":{"rendered":"<p>[vc_row full_width=\u00a0\u00bbstretch_row_content_no_spaces\u00a0\u00bb sbxs_headings_class=\u00a0\u00bbheadings-white\u00a0\u00bb sbxs_text_class=\u00a0\u00bbtext-white\u00a0\u00bb el_class=\u00a0\u00bbshopintro\u00a0\u00bb css=\u00a0\u00bb.vc_custom_1528206043043{background: rgba(255,255,255,0.51) url(https:\/\/www.alucomfort.be\/wp-content\/uploads\/shutterstock-330786716.jpg?id=74778) !important;background-position: center !important;background-repeat: no-repeat !important;background-size: cover !important;*background-color: rgb(255,255,255) !important;}\u00a0\u00bb][vc_column][vc_empty_space height=\u00a0\u00bb180&Prime;][vc_column_text sbxs_headings_class=\u00a0\u00bbheadings-white\u00a0\u00bb sbxs_text_class=\u00a0\u00bbtext-white\u00a0\u00bb]<\/p>\n<h2 id=\"tw-target-text\" class=\"tw-data-text tw-ta tw-text-medium\" style=\"text-align: center;\" data-placeholder=\"Vertaling\"><strong><span lang=\"fr\">Suggestions et r\u00e9clamations<\/span><\/strong><\/h2>\n<p>[\/vc_column_text][vc_empty_space height=\u00a0\u00bb100&Prime;][\/vc_column][\/vc_row][vc_row full_width=\u00a0\u00bbstretch_row_content_no_spaces\u00a0\u00bb el_class=\u00a0\u00bbsection shop-home\u00a0\u00bb][vc_column][vc_column_text]Alu Comfort attache une grande importance \u00e0 la satisfaction de ses clients. Toutefois, il est possible qu&rsquo;en d\u00e9pit de nos efforts, vous ne soyez pas satisfait du service que vous avez re\u00e7u. Bien entendu, nous serions heureux de le savoir, de mani\u00e8re \u00e0 ce que nous puissions tout mettre en \u0153uvre pour vous satisfaire malgr\u00e9 tout.\u00a0Si vous avez des suggestions pour nous permettre d&rsquo;offrir un meilleur service, faites-le nous savoir. Nous attachons une grande importance \u00e0 votre contribution.<\/p>\n<p>Contactez notre\u00a0service \u00e0 la client\u00e8le:<br \/>\nPar e-mail: <a href=\"mailto:info@alucomfort.be\">info@alucomfort.be<\/a><\/p>\n<p>T\u00e9l.:\u00a0+32478312708<\/p>\n<p>Par la poste<br \/>\nAlucomfort BV<\/p>\n<p>Processieweg 7<\/p>\n<p>3560 Lummen<\/p>\n<p>Belgique<\/p>\n<p>&nbsp;<\/p>\n<p>&nbsp;<\/p>\n<p>Lien vers la plateform OS:<\/p>\n<p>La commission europ\u00e9enne propose une plateforme pour la r\u00e9solution des diff\u00e9rends en ligne (Plateform OS).\u00a0 Vous pouvez acc\u00e9der ) la plateforme OS sur le lien suivant:<\/p>\n<p><a href=\"https:\/\/ec.europa.eu\/consumers\/odr\/\">https:\/\/ec.europa.eu\/consumers\/odr\/<\/a><\/p>\n<p>Notre adresse e-mail est la suivante: <a href=\"mailto:info@alucomfort.be\">info@alucomfort.be<\/a>[\/vc_column_text][\/vc_column][\/vc_row]<\/p>\n<div id=\"ConnectiveDocSignExtentionInstalled\" data-extension-version=\"1.0.4\"><\/div>\n","protected":false},"excerpt":{"rendered":"<p>[vc_row full_width=\u00a0\u00bbstretch_row_content_no_spaces\u00a0\u00bb sbxs_headings_class=\u00a0\u00bbheadings-white\u00a0\u00bb sbxs_text_class=\u00a0\u00bbtext-white\u00a0\u00bb el_class=\u00a0\u00bbshopintro\u00a0\u00bb css=\u00a0\u00bb.vc_custom_1528206043043{background: rgba(255,255,255,0.51) url(https:\/\/www.alucomfort.be\/wp-content\/uploads\/shutterstock-330786716.jpg?id=74778) !important;background-position: center !important;background-repeat: no-repeat !important;background-size: cover !important;*background-color: rgb(255,255,255) !important;}\u00a0\u00bb][vc_column][vc_empty_space height=\u00a0\u00bb180&Prime;][vc_column_text sbxs_headings_class=\u00a0\u00bbheadings-white\u00a0\u00bb sbxs_text_class=\u00a0\u00bbtext-white\u00a0\u00bb] Suggestions et r\u00e9clamations [\/vc_column_text][vc_empty_space height=\u00a0\u00bb100&Prime;][\/vc_column][\/vc_row][vc_row full_width=\u00a0\u00bbstretch_row_content_no_spaces\u00a0\u00bb el_class=\u00a0\u00bbsection shop-home\u00a0\u00bb][vc_column][vc_column_text]Alu Comfort attache une grande importance \u00e0 la satisfaction de ses clients. Toutefois, il est possible qu&rsquo;en d\u00e9pit de nos efforts, vous ne soyez pas satisfait du service<\/p>\n","protected":false},"author":1220,"featured_media":0,"parent":0,"menu_order":0,"comment_status":"closed","ping_status":"closed","template":"","meta":{"_acf_changed":false,"footnotes":""},"class_list":["post-213240","page","type-page","status-publish","hentry"],"acf":[],"yoast_head":"<!-- This site is optimized with the Yoast SEO plugin v24.8.1 - https:\/\/yoast.com\/wordpress\/plugins\/seo\/ -->\n<title>Alu Comfort - Suggestions et r\u00e9clamations<\/title>\n<meta name=\"description\" content=\"Si vous avez des suggestions pour nous permettre d&#039;offrir un meilleur service, faites-le nous savoir.\" \/>\n<meta name=\"robots\" content=\"index, follow, max-snippet:-1, max-image-preview:large, max-video-preview:-1\" \/>\n<link rel=\"canonical\" href=\"https:\/\/www.alucomfort.be\/fr\/suggestions-et-reclamations\/\" \/>\n<meta property=\"og:locale\" content=\"fr_FR\" \/>\n<meta property=\"og:type\" content=\"article\" \/>\n<meta property=\"og:title\" content=\"Alu Comfort - Suggestions et r\u00e9clamations\" \/>\n<meta property=\"og:description\" content=\"Si vous avez des suggestions pour nous permettre d&#039;offrir un meilleur service, faites-le nous savoir.\" \/>\n<meta property=\"og:url\" content=\"https:\/\/www.alucomfort.be\/fr\/suggestions-et-reclamations\/\" \/>\n<meta property=\"og:site_name\" content=\"Alu Comfort\" \/>\n<meta property=\"article:modified_time\" content=\"2021-11-08T16:36:06+00:00\" \/>\n<meta name=\"twitter:card\" content=\"summary_large_image\" \/>\n<meta name=\"twitter:label1\" content=\"Dur\u00e9e de lecture estim\u00e9e\" \/>\n\t<meta name=\"twitter:data1\" content=\"1 minute\" \/>\n<script type=\"application\/ld+json\" class=\"yoast-schema-graph\">{\"@context\":\"https:\/\/schema.org\",\"@graph\":[{\"@type\":\"WebPage\",\"@id\":\"https:\/\/www.alucomfort.be\/fr\/suggestions-et-reclamations\/\",\"url\":\"https:\/\/www.alucomfort.be\/fr\/suggestions-et-reclamations\/\",\"name\":\"Alu Comfort - Suggestions et r\u00e9clamations\",\"isPartOf\":{\"@id\":\"https:\/\/www.alucomfort.be\/#website\"},\"datePublished\":\"2021-11-08T16:32:40+00:00\",\"dateModified\":\"2021-11-08T16:36:06+00:00\",\"description\":\"Si vous avez des suggestions pour nous permettre d'offrir un meilleur service, faites-le nous savoir.\",\"breadcrumb\":{\"@id\":\"https:\/\/www.alucomfort.be\/fr\/suggestions-et-reclamations\/#breadcrumb\"},\"inLanguage\":\"fr-FR\",\"potentialAction\":[{\"@type\":\"ReadAction\",\"target\":[\"https:\/\/www.alucomfort.be\/fr\/suggestions-et-reclamations\/\"]}]},{\"@type\":\"BreadcrumbList\",\"@id\":\"https:\/\/www.alucomfort.be\/fr\/suggestions-et-reclamations\/#breadcrumb\",\"itemListElement\":[{\"@type\":\"ListItem\",\"position\":1,\"name\":\"Home\",\"item\":\"https:\/\/www.alucomfort.be\/fr\/\"},{\"@type\":\"ListItem\",\"position\":2,\"name\":\"Suggestions et r\u00e9clamations\"}]},{\"@type\":\"WebSite\",\"@id\":\"https:\/\/www.alucomfort.be\/#website\",\"url\":\"https:\/\/www.alucomfort.be\/\",\"name\":\"Alu Comfort\",\"description\":\"\",\"potentialAction\":[{\"@type\":\"SearchAction\",\"target\":{\"@type\":\"EntryPoint\",\"urlTemplate\":\"https:\/\/www.alucomfort.be\/?s={search_term_string}\"},\"query-input\":{\"@type\":\"PropertyValueSpecification\",\"valueRequired\":true,\"valueName\":\"search_term_string\"}}],\"inLanguage\":\"fr-FR\"}]}<\/script>\n<!-- \/ Yoast SEO plugin. -->","yoast_head_json":{"title":"Alu Comfort - Suggestions et r\u00e9clamations","description":"Si vous avez des suggestions pour nous permettre d'offrir un meilleur service, faites-le nous savoir.","robots":{"index":"index","follow":"follow","max-snippet":"max-snippet:-1","max-image-preview":"max-image-preview:large","max-video-preview":"max-video-preview:-1"},"canonical":"https:\/\/www.alucomfort.be\/fr\/suggestions-et-reclamations\/","og_locale":"fr_FR","og_type":"article","og_title":"Alu Comfort - Suggestions et r\u00e9clamations","og_description":"Si vous avez des suggestions pour nous permettre d'offrir un meilleur service, faites-le nous savoir.","og_url":"https:\/\/www.alucomfort.be\/fr\/suggestions-et-reclamations\/","og_site_name":"Alu Comfort","article_modified_time":"2021-11-08T16:36:06+00:00","twitter_card":"summary_large_image","twitter_misc":{"Dur\u00e9e de lecture estim\u00e9e":"1 minute"},"schema":{"@context":"https:\/\/schema.org","@graph":[{"@type":"WebPage","@id":"https:\/\/www.alucomfort.be\/fr\/suggestions-et-reclamations\/","url":"https:\/\/www.alucomfort.be\/fr\/suggestions-et-reclamations\/","name":"Alu Comfort - Suggestions et r\u00e9clamations","isPartOf":{"@id":"https:\/\/www.alucomfort.be\/#website"},"datePublished":"2021-11-08T16:32:40+00:00","dateModified":"2021-11-08T16:36:06+00:00","description":"Si vous avez des suggestions pour nous permettre d'offrir un meilleur service, faites-le nous savoir.","breadcrumb":{"@id":"https:\/\/www.alucomfort.be\/fr\/suggestions-et-reclamations\/#breadcrumb"},"inLanguage":"fr-FR","potentialAction":[{"@type":"ReadAction","target":["https:\/\/www.alucomfort.be\/fr\/suggestions-et-reclamations\/"]}]},{"@type":"BreadcrumbList","@id":"https:\/\/www.alucomfort.be\/fr\/suggestions-et-reclamations\/#breadcrumb","itemListElement":[{"@type":"ListItem","position":1,"name":"Home","item":"https:\/\/www.alucomfort.be\/fr\/"},{"@type":"ListItem","position":2,"name":"Suggestions et r\u00e9clamations"}]},{"@type":"WebSite","@id":"https:\/\/www.alucomfort.be\/#website","url":"https:\/\/www.alucomfort.be\/","name":"Alu Comfort","description":"","potentialAction":[{"@type":"SearchAction","target":{"@type":"EntryPoint","urlTemplate":"https:\/\/www.alucomfort.be\/?s={search_term_string}"},"query-input":{"@type":"PropertyValueSpecification","valueRequired":true,"valueName":"search_term_string"}}],"inLanguage":"fr-FR"}]}},"_links":{"self":[{"href":"https:\/\/www.alucomfort.be\/fr\/wp-json\/wp\/v2\/pages\/213240","targetHints":{"allow":["GET"]}}],"collection":[{"href":"https:\/\/www.alucomfort.be\/fr\/wp-json\/wp\/v2\/pages"}],"about":[{"href":"https:\/\/www.alucomfort.be\/fr\/wp-json\/wp\/v2\/types\/page"}],"author":[{"embeddable":true,"href":"https:\/\/www.alucomfort.be\/fr\/wp-json\/wp\/v2\/users\/1220"}],"replies":[{"embeddable":true,"href":"https:\/\/www.alucomfort.be\/fr\/wp-json\/wp\/v2\/comments?post=213240"}],"version-history":[{"count":0,"href":"https:\/\/www.alucomfort.be\/fr\/wp-json\/wp\/v2\/pages\/213240\/revisions"}],"wp:attachment":[{"href":"https:\/\/www.alucomfort.be\/fr\/wp-json\/wp\/v2\/media?parent=213240"}],"curies":[{"name":"wp","href":"https:\/\/api.w.org\/{rel}","templated":true}]}}