

{"id":74696,"date":"2018-05-30T14:08:14","date_gmt":"2018-05-30T12:08:14","guid":{"rendered":"https:\/\/www.alucomfort.be\/over-alucomfort\/"},"modified":"2023-10-03T21:35:27","modified_gmt":"2023-10-03T19:35:27","slug":"a-propos-dalucomfort","status":"publish","type":"page","link":"https:\/\/www.alucomfort.be\/fr\/a-propos-dalucomfort\/","title":{"rendered":"\u00c0 propos d&rsquo;alucomfort"},"content":{"rendered":"<p>[vc_row full_width=\u00a0\u00bbstretch_row_content_no_spaces\u00a0\u00bb sbxs_headings_class=\u00a0\u00bbheadings-white\u00a0\u00bb sbxs_text_class=\u00a0\u00bbtext-white\u00a0\u00bb el_class=\u00a0\u00bbshopintro\u00a0\u00bb css=\u00a0\u00bb.vc_custom_1528115766131{background: rgba(255,255,255,0.51) url(https:\/\/www.alucomfort.be\/wp-content\/uploads\/shutterstock-686279947.jpg?id=74774) !important;background-position: center !important;background-repeat: no-repeat !important;background-size: cover !important;*background-color: rgb(255,255,255) !important;}\u00a0\u00bb][vc_column][vc_empty_space height=\u00a0\u00bb180&Prime;][vc_column_text sbxs_headings_class=\u00a0\u00bbheadings-white\u00a0\u00bb sbxs_text_class=\u00a0\u00bbtext-white\u00a0\u00bb]<\/p>\n<h2 style=\"text-align: center;\"><strong>\u00c0 propos d&rsquo;alucomfort<\/strong><\/h2>\n<p>[\/vc_column_text][vc_empty_space height=\u00a0\u00bb100&Prime;][\/vc_column][\/vc_row][vc_row full_width=\u00a0\u00bbstretch_row_content_no_spaces\u00a0\u00bb el_class=\u00a0\u00bbsection shop-home\u00a0\u00bb][vc_column][vc_column_text]<\/p>\n<div class=\"flex flex-grow flex-col gap-3 max-w-full\">\n<div class=\"min-h-[20px] flex flex-col items-start gap-3 overflow-x-auto whitespace-pre-wrap break-words\">\n<div class=\"markdown prose w-full break-words dark:prose-invert light\"><\/div>\n<\/div>\n<\/div>\n<div class=\"flex flex-grow flex-col gap-3 max-w-full\">\n<div class=\"min-h-[20px] flex flex-col items-start gap-3 overflow-x-auto whitespace-pre-wrap break-words\">\n<div class=\"markdown prose w-full break-words dark:prose-invert light\"><strong>\u00c0 Propos d&rsquo;Alu Comfort : Votre Partenaire Fiable pour les \u00c9chelles, les Escaliers et Plus Encore<\/strong><\/div>\n<div><\/div>\n<div><\/div>\n<div class=\"markdown prose w-full break-words dark:prose-invert light\">\n<p>Alu Comfort est l&rsquo;un des premiers fournisseurs en ligne d&rsquo;\u00e9chelles et d&rsquo;escaliers en Belgique depuis 2010. Ce qui a commenc\u00e9 comme une offre en ligne r\u00e9volutionnaire est rapidement devenu une source de premier plan de produits de haute qualit\u00e9 pour les entreprises et les institutions gouvernementales \u00e0 travers la Belgique.<\/p>\n<p>&nbsp;<\/p>\n<p><strong><em>Une Histoire de Fiabilit\u00e9<\/em><\/strong><\/p>\n<p>Nous nous sommes engag\u00e9s d\u00e8s le d\u00e9part \u00e0 suivre de pr\u00e8s et de mani\u00e8re ponctuelle toutes les devis et les commandes, ce qui a rapidement fait d&rsquo;Alu Comfort un partenaire stable et fiable pour de nombreuses organisations. Nos clients ont fait confiance \u00e0 notre expertise et \u00e0 notre capacit\u00e9 \u00e0 fournir des solutions r\u00e9pondant \u00e0 leurs besoins.<\/p>\n<p>&nbsp;<\/p>\n<p><strong><em>Expansion de Notre Gamme<\/em><\/strong><\/p>\n<p>Au fil du temps, nous avons \u00e9largi notre gamme pour r\u00e9pondre aux besoins vari\u00e9s de nos clients. En plus des \u00e9chelles et des escaliers, nous proposons d\u00e9sormais une large gamme de mat\u00e9riel pour chariots \u00e9l\u00e9vateurs, de mat\u00e9riel de transport interne, d&rsquo;\u00e9quipement de stockage et de manutention, de miroirs de s\u00e9curit\u00e9, de mat\u00e9riel de s\u00e9curit\u00e9, de palettes en plastique, de bacs de rangement, de poubelles et de conteneurs \u00e0 d\u00e9chets.<\/p>\n<\/div>\n<p>&nbsp;<\/p>\n<div class=\"markdown prose w-full break-words dark:prose-invert light\">\n<p><strong><em>Expansion Internationale<\/em><\/strong><\/p>\n<p>Notre croissance ne s&rsquo;est pas limit\u00e9e \u00e0 la Belgique. Nous avons avec succ\u00e8s fait nos premiers pas sur les march\u00e9s \u00e9trangers, notamment aux Pays-Bas et en France, o\u00f9 nous avons gagn\u00e9 la confiance des clients gr\u00e2ce \u00e0 notre qualit\u00e9 et \u00e0 notre fiabilit\u00e9.<\/p>\n<p>&nbsp;<\/p>\n<p><strong><em>Le Futur d&rsquo;Alu Comfort<\/em><\/strong><\/p>\n<p>Chez Alu Comfort, nous croyons en une croissance et une \u00e9volution continues. Nous ne nous reposons pas sur nos lauriers. Sous l&rsquo;impulsion de notre \u00e9quipe de direction rajeunie, nous avons la vision et l&rsquo;ambition de pr\u00e9parer Alu Comfort pour l&rsquo;avenir. Nous souhaitons continuer \u00e0 exceller dans ce que nous faisons, ce qui signifie que nous continuerons \u00e0 nous concentrer sur :<\/p>\n<ul>\n<li><strong>La Croissance :<\/strong> Nous visons \u00e0 \u00e9largir notre gamme pour r\u00e9pondre \u00e0 un nombre croissant de besoins et \u00e0 \u00e9tendre notre pr\u00e9sence.<\/li>\n<li><strong>Un Service Exceptionnel :<\/strong> Vous pouvez toujours compter sur nous pour vous fournir des produits de la plus haute qualit\u00e9 et un service de premier ordre.<\/li>\n<li><strong>La Proximit\u00e9 :<\/strong> Nous souhaitons rester proches de nos clients, comprendre leurs besoins et les soutenir dans la r\u00e9alisation de leurs objectifs.<\/li>\n<\/ul>\n<p>&nbsp;<\/p>\n<p><strong><em>Notre Engagement<\/em><\/strong><\/p>\n<p>Chez Alu Comfort, notre engagement reste inchang\u00e9. Nous visons toujours \u00e0 atteindre une satisfaction client de 100 % et \u00e0 \u00eatre votre partenaire de confiance pour la livraison de mat\u00e9riel \u00e0 votre entreprise.<\/p>\n<p>Nous vous remercions de la confiance que vous accordez \u00e0 Alu Comfort. Nous avons h\u00e2te de continuer \u00e0 cro\u00eetre avec vous et de r\u00e9pondre \u00e0 vos besoins, aujourd&rsquo;hui et dans le futur.<\/p>\n<p>&nbsp;<\/p>\n<\/div>\n<\/div>\n<p>Contact: info@alucomfort.be<\/p>\n<\/div>\n<div id=\"ConnectiveDocSignExtentionInstalled\" data-extension-version=\"1.0.4\"><\/div>\n<p>[\/vc_column_text][\/vc_column][\/vc_row][vc_row][vc_column][vc_column_text]<\/p>\n<p>[\/vc_column_text][\/vc_column][\/vc_row][vc_row][vc_column][vc_column_text]<\/p>\n<div id=\"ConnectiveDocSignExtentionInstalled\" data-extension-version=\"1.0.4\"><\/div>\n<p>[\/vc_column_text][\/vc_column][\/vc_row]<\/p>\n","protected":false},"excerpt":{"rendered":"<p>[vc_row full_width=\u00a0\u00bbstretch_row_content_no_spaces\u00a0\u00bb sbxs_headings_class=\u00a0\u00bbheadings-white\u00a0\u00bb sbxs_text_class=\u00a0\u00bbtext-white\u00a0\u00bb el_class=\u00a0\u00bbshopintro\u00a0\u00bb css=\u00a0\u00bb.vc_custom_1528115766131{background: rgba(255,255,255,0.51) url(https:\/\/www.alucomfort.be\/wp-content\/uploads\/shutterstock-686279947.jpg?id=74774) !important;background-position: center !important;background-repeat: no-repeat !important;background-size: cover !important;*background-color: rgb(255,255,255) !important;}\u00a0\u00bb][vc_column][vc_empty_space height=\u00a0\u00bb180&Prime;][vc_column_text sbxs_headings_class=\u00a0\u00bbheadings-white\u00a0\u00bb sbxs_text_class=\u00a0\u00bbtext-white\u00a0\u00bb] \u00c0 propos d&rsquo;alucomfort [\/vc_column_text][vc_empty_space height=\u00a0\u00bb100&Prime;][\/vc_column][\/vc_row][vc_row full_width=\u00a0\u00bbstretch_row_content_no_spaces\u00a0\u00bb el_class=\u00a0\u00bbsection shop-home\u00a0\u00bb][vc_column][vc_column_text] \u00c0 Propos d&rsquo;Alu Comfort : Votre Partenaire Fiable pour les \u00c9chelles, les Escaliers et Plus Encore Alu Comfort est l&rsquo;un des premiers fournisseurs en ligne d&rsquo;\u00e9chelles et<\/p>\n","protected":false},"author":1,"featured_media":0,"parent":0,"menu_order":0,"comment_status":"closed","ping_status":"closed","template":"","meta":{"_acf_changed":false,"footnotes":""},"class_list":["post-74696","page","type-page","status-publish","hentry"],"acf":[],"yoast_head":"<!-- This site is optimized with the Yoast SEO plugin v24.8.1 - https:\/\/yoast.com\/wordpress\/plugins\/seo\/ -->\n<title>Alucomfort - \u00c0 propos d&#039;Alucomfort - Qui sommes-nous et que pouvons-nous faire pour vous?<\/title>\n<meta name=\"description\" content=\"Alucomfort a \u00e9t\u00e9 l\u2019un des premiers fournisseurs en ligne d\u2019escabeaux et d\u2019\u00e9chelles en Belgique.\u00a0 Nous avons lanc\u00e9 notre premi\u00e8re offre en ligne en 2010 d\u00e9j\u00e0.\u00a0 Gr\u00e2ce \u00e0 un suivi rigoureux et ponctuel de toutes les offres et commandes.\" \/>\n<meta name=\"robots\" content=\"index, follow, max-snippet:-1, max-image-preview:large, max-video-preview:-1\" \/>\n<link rel=\"canonical\" href=\"https:\/\/www.alucomfort.be\/fr\/a-propos-dalucomfort\/\" \/>\n<meta property=\"og:locale\" content=\"fr_FR\" \/>\n<meta property=\"og:type\" content=\"article\" \/>\n<meta property=\"og:title\" content=\"Alucomfort - \u00c0 propos d&#039;Alucomfort - Qui sommes-nous et que pouvons-nous faire pour vous?\" \/>\n<meta property=\"og:description\" content=\"Alucomfort a \u00e9t\u00e9 l\u2019un des premiers fournisseurs en ligne d\u2019escabeaux et d\u2019\u00e9chelles en Belgique.\u00a0 Nous avons lanc\u00e9 notre premi\u00e8re offre en ligne en 2010 d\u00e9j\u00e0.\u00a0 Gr\u00e2ce \u00e0 un suivi rigoureux et ponctuel de toutes les offres et commandes.\" \/>\n<meta property=\"og:url\" content=\"https:\/\/www.alucomfort.be\/fr\/a-propos-dalucomfort\/\" \/>\n<meta property=\"og:site_name\" content=\"Alu Comfort\" \/>\n<meta property=\"article:modified_time\" content=\"2023-10-03T19:35:27+00:00\" \/>\n<meta name=\"twitter:card\" content=\"summary_large_image\" \/>\n<meta name=\"twitter:label1\" content=\"Dur\u00e9e de lecture estim\u00e9e\" \/>\n\t<meta name=\"twitter:data1\" content=\"3 minutes\" \/>\n<script type=\"application\/ld+json\" class=\"yoast-schema-graph\">{\"@context\":\"https:\/\/schema.org\",\"@graph\":[{\"@type\":\"WebPage\",\"@id\":\"https:\/\/www.alucomfort.be\/fr\/a-propos-dalucomfort\/\",\"url\":\"https:\/\/www.alucomfort.be\/fr\/a-propos-dalucomfort\/\",\"name\":\"Alucomfort - \u00c0 propos d'Alucomfort - Qui sommes-nous et que pouvons-nous faire pour vous?\",\"isPartOf\":{\"@id\":\"https:\/\/www.alucomfort.be\/#website\"},\"datePublished\":\"2018-05-30T12:08:14+00:00\",\"dateModified\":\"2023-10-03T19:35:27+00:00\",\"description\":\"Alucomfort a \u00e9t\u00e9 l\u2019un des premiers fournisseurs en ligne d\u2019escabeaux et d\u2019\u00e9chelles en Belgique.\u00a0 Nous avons lanc\u00e9 notre premi\u00e8re offre en ligne en 2010 d\u00e9j\u00e0.\u00a0 Gr\u00e2ce \u00e0 un suivi rigoureux et ponctuel de toutes les offres et commandes.\",\"breadcrumb\":{\"@id\":\"https:\/\/www.alucomfort.be\/fr\/a-propos-dalucomfort\/#breadcrumb\"},\"inLanguage\":\"fr-FR\",\"potentialAction\":[{\"@type\":\"ReadAction\",\"target\":[\"https:\/\/www.alucomfort.be\/fr\/a-propos-dalucomfort\/\"]}]},{\"@type\":\"BreadcrumbList\",\"@id\":\"https:\/\/www.alucomfort.be\/fr\/a-propos-dalucomfort\/#breadcrumb\",\"itemListElement\":[{\"@type\":\"ListItem\",\"position\":1,\"name\":\"Home\",\"item\":\"https:\/\/www.alucomfort.be\/fr\/\"},{\"@type\":\"ListItem\",\"position\":2,\"name\":\"\u00c0 propos d&#8217;alucomfort\"}]},{\"@type\":\"WebSite\",\"@id\":\"https:\/\/www.alucomfort.be\/#website\",\"url\":\"https:\/\/www.alucomfort.be\/\",\"name\":\"Alu Comfort\",\"description\":\"\",\"potentialAction\":[{\"@type\":\"SearchAction\",\"target\":{\"@type\":\"EntryPoint\",\"urlTemplate\":\"https:\/\/www.alucomfort.be\/?s={search_term_string}\"},\"query-input\":{\"@type\":\"PropertyValueSpecification\",\"valueRequired\":true,\"valueName\":\"search_term_string\"}}],\"inLanguage\":\"fr-FR\"}]}<\/script>\n<!-- \/ Yoast SEO plugin. -->","yoast_head_json":{"title":"Alucomfort - \u00c0 propos d'Alucomfort - Qui sommes-nous et que pouvons-nous faire pour vous?","description":"Alucomfort a \u00e9t\u00e9 l\u2019un des premiers fournisseurs en ligne d\u2019escabeaux et d\u2019\u00e9chelles en Belgique.\u00a0 Nous avons lanc\u00e9 notre premi\u00e8re offre en ligne en 2010 d\u00e9j\u00e0.\u00a0 Gr\u00e2ce \u00e0 un suivi rigoureux et ponctuel de toutes les offres et commandes.","robots":{"index":"index","follow":"follow","max-snippet":"max-snippet:-1","max-image-preview":"max-image-preview:large","max-video-preview":"max-video-preview:-1"},"canonical":"https:\/\/www.alucomfort.be\/fr\/a-propos-dalucomfort\/","og_locale":"fr_FR","og_type":"article","og_title":"Alucomfort - \u00c0 propos d'Alucomfort - Qui sommes-nous et que pouvons-nous faire pour vous?","og_description":"Alucomfort a \u00e9t\u00e9 l\u2019un des premiers fournisseurs en ligne d\u2019escabeaux et d\u2019\u00e9chelles en Belgique.\u00a0 Nous avons lanc\u00e9 notre premi\u00e8re offre en ligne en 2010 d\u00e9j\u00e0.\u00a0 Gr\u00e2ce \u00e0 un suivi rigoureux et ponctuel de toutes les offres et commandes.","og_url":"https:\/\/www.alucomfort.be\/fr\/a-propos-dalucomfort\/","og_site_name":"Alu Comfort","article_modified_time":"2023-10-03T19:35:27+00:00","twitter_card":"summary_large_image","twitter_misc":{"Dur\u00e9e de lecture estim\u00e9e":"3 minutes"},"schema":{"@context":"https:\/\/schema.org","@graph":[{"@type":"WebPage","@id":"https:\/\/www.alucomfort.be\/fr\/a-propos-dalucomfort\/","url":"https:\/\/www.alucomfort.be\/fr\/a-propos-dalucomfort\/","name":"Alucomfort - \u00c0 propos d'Alucomfort - Qui sommes-nous et que pouvons-nous faire pour vous?","isPartOf":{"@id":"https:\/\/www.alucomfort.be\/#website"},"datePublished":"2018-05-30T12:08:14+00:00","dateModified":"2023-10-03T19:35:27+00:00","description":"Alucomfort a \u00e9t\u00e9 l\u2019un des premiers fournisseurs en ligne d\u2019escabeaux et d\u2019\u00e9chelles en Belgique.\u00a0 Nous avons lanc\u00e9 notre premi\u00e8re offre en ligne en 2010 d\u00e9j\u00e0.\u00a0 Gr\u00e2ce \u00e0 un suivi rigoureux et ponctuel de toutes les offres et commandes.","breadcrumb":{"@id":"https:\/\/www.alucomfort.be\/fr\/a-propos-dalucomfort\/#breadcrumb"},"inLanguage":"fr-FR","potentialAction":[{"@type":"ReadAction","target":["https:\/\/www.alucomfort.be\/fr\/a-propos-dalucomfort\/"]}]},{"@type":"BreadcrumbList","@id":"https:\/\/www.alucomfort.be\/fr\/a-propos-dalucomfort\/#breadcrumb","itemListElement":[{"@type":"ListItem","position":1,"name":"Home","item":"https:\/\/www.alucomfort.be\/fr\/"},{"@type":"ListItem","position":2,"name":"\u00c0 propos d&#8217;alucomfort"}]},{"@type":"WebSite","@id":"https:\/\/www.alucomfort.be\/#website","url":"https:\/\/www.alucomfort.be\/","name":"Alu Comfort","description":"","potentialAction":[{"@type":"SearchAction","target":{"@type":"EntryPoint","urlTemplate":"https:\/\/www.alucomfort.be\/?s={search_term_string}"},"query-input":{"@type":"PropertyValueSpecification","valueRequired":true,"valueName":"search_term_string"}}],"inLanguage":"fr-FR"}]}},"_links":{"self":[{"href":"https:\/\/www.alucomfort.be\/fr\/wp-json\/wp\/v2\/pages\/74696","targetHints":{"allow":["GET"]}}],"collection":[{"href":"https:\/\/www.alucomfort.be\/fr\/wp-json\/wp\/v2\/pages"}],"about":[{"href":"https:\/\/www.alucomfort.be\/fr\/wp-json\/wp\/v2\/types\/page"}],"author":[{"embeddable":true,"href":"https:\/\/www.alucomfort.be\/fr\/wp-json\/wp\/v2\/users\/1"}],"replies":[{"embeddable":true,"href":"https:\/\/www.alucomfort.be\/fr\/wp-json\/wp\/v2\/comments?post=74696"}],"version-history":[{"count":2,"href":"https:\/\/www.alucomfort.be\/fr\/wp-json\/wp\/v2\/pages\/74696\/revisions"}],"predecessor-version":[{"id":216896,"href":"https:\/\/www.alucomfort.be\/fr\/wp-json\/wp\/v2\/pages\/74696\/revisions\/216896"}],"wp:attachment":[{"href":"https:\/\/www.alucomfort.be\/fr\/wp-json\/wp\/v2\/media?parent=74696"}],"curies":[{"name":"wp","href":"https:\/\/api.w.org\/{rel}","templated":true}]}}