

{"id":98520,"date":"2018-05-30T14:00:16","date_gmt":"2018-05-30T12:00:16","guid":{"rendered":"https:\/\/www.alucomfort.be\/bestellijst\/"},"modified":"2019-10-24T11:16:13","modified_gmt":"2019-10-24T09:16:13","slug":"bestellijst","status":"publish","type":"page","link":"https:\/\/www.alucomfort.be\/fr\/bestellijst\/","title":{"rendered":"Panier"},"content":{"rendered":"<p>[vc_row full_width=\u00a0\u00bbstretch_row_content_no_spaces\u00a0\u00bb sbxs_headings_class=\u00a0\u00bbheadings-white\u00a0\u00bb sbxs_text_class=\u00a0\u00bbtext-white\u00a0\u00bb el_class=\u00a0\u00bbshopintro\u00a0\u00bb css=\u00a0\u00bb.vc_custom_1527102117871{background: rgba(255,255,255,0.51) url(https:\/\/www.alucomfort.be\/wp-content\/uploads\/shutterstock-564811468.jpg?id=50976) !important;background-position: center !important;background-repeat: no-repeat !important;background-size: cover !important;*background-color: rgb(255,255,255) !important;}\u00a0\u00bb][vc_column][vc_empty_space height=\u00a0\u00bb180&Prime;][vc_column_text sbxs_headings_class=\u00a0\u00bbheadings-white\u00a0\u00bb sbxs_text_class=\u00a0\u00bbtext-white\u00a0\u00bb]<\/p>\n<h2 style=\"text-align: center;\">Panier<\/h2>\n<p>[\/vc_column_text][vc_empty_space height=\u00a0\u00bb100&Prime;][\/vc_column][\/vc_row][vc_row full_width=\u00a0\u00bbstretch_row_content_no_spaces\u00a0\u00bb el_class=\u00a0\u00bbsection shop-home\u00a0\u00bb][vc_column][\/vc_column][\/vc_row]<\/p>\n","protected":false},"excerpt":{"rendered":"<p>[vc_row full_width=\u00a0\u00bbstretch_row_content_no_spaces\u00a0\u00bb sbxs_headings_class=\u00a0\u00bbheadings-white\u00a0\u00bb sbxs_text_class=\u00a0\u00bbtext-white\u00a0\u00bb el_class=\u00a0\u00bbshopintro\u00a0\u00bb css=\u00a0\u00bb.vc_custom_1527102117871{background: rgba(255,255,255,0.51) url(https:\/\/www.alucomfort.be\/wp-content\/uploads\/shutterstock-564811468.jpg?id=50976) !important;background-position: center !important;background-repeat: no-repeat !important;background-size: cover !important;*background-color: rgb(255,255,255) !important;}\u00a0\u00bb][vc_column][vc_empty_space height=\u00a0\u00bb180&Prime;][vc_column_text sbxs_headings_class=\u00a0\u00bbheadings-white\u00a0\u00bb sbxs_text_class=\u00a0\u00bbtext-white\u00a0\u00bb] Panier [\/vc_column_text][vc_empty_space height=\u00a0\u00bb100&Prime;][\/vc_column][\/vc_row][vc_row full_width=\u00a0\u00bbstretch_row_content_no_spaces\u00a0\u00bb el_class=\u00a0\u00bbsection shop-home\u00a0\u00bb][vc_column][\/vc_column][\/vc_row]<\/p>\n","protected":false},"author":1,"featured_media":0,"parent":0,"menu_order":0,"comment_status":"closed","ping_status":"closed","template":"","meta":{"_acf_changed":false,"footnotes":""},"class_list":["post-98520","page","type-page","status-publish","hentry"],"acf":[],"yoast_head":"<!-- This site is optimized with the Yoast SEO plugin v24.8.1 - https:\/\/yoast.com\/wordpress\/plugins\/seo\/ -->\n<title>Alucomfort - Liste de commande - passez votre commande ensemble sur alucomfort.be<\/title>\n<meta name=\"description\" content=\"Composez votre liste de commande pour une commande rapide, nous vous contacterons d\u00e8s que possible. Vous pouvez nous contacter pour tous vos mat\u00e9riaux pour la d\u00e9coration de votre entrep\u00f4t.\" \/>\n<meta name=\"robots\" content=\"index, follow, max-snippet:-1, max-image-preview:large, max-video-preview:-1\" \/>\n<link rel=\"canonical\" href=\"https:\/\/www.alucomfort.be\/fr\/bestellijst\/\" \/>\n<meta property=\"og:locale\" content=\"fr_FR\" \/>\n<meta property=\"og:type\" content=\"article\" \/>\n<meta property=\"og:title\" content=\"Alucomfort - Liste de commande - passez votre commande ensemble sur alucomfort.be\" \/>\n<meta property=\"og:description\" content=\"Composez votre liste de commande pour une commande rapide, nous vous contacterons d\u00e8s que possible. Vous pouvez nous contacter pour tous vos mat\u00e9riaux pour la d\u00e9coration de votre entrep\u00f4t.\" \/>\n<meta property=\"og:url\" content=\"https:\/\/www.alucomfort.be\/fr\/bestellijst\/\" \/>\n<meta property=\"og:site_name\" content=\"Alu Comfort\" \/>\n<meta property=\"article:modified_time\" content=\"2019-10-24T09:16:13+00:00\" \/>\n<meta name=\"twitter:card\" content=\"summary_large_image\" \/>\n<script type=\"application\/ld+json\" class=\"yoast-schema-graph\">{\"@context\":\"https:\/\/schema.org\",\"@graph\":[{\"@type\":\"WebPage\",\"@id\":\"https:\/\/www.alucomfort.be\/fr\/bestellijst\/\",\"url\":\"https:\/\/www.alucomfort.be\/fr\/bestellijst\/\",\"name\":\"Alucomfort - Liste de commande - passez votre commande ensemble sur alucomfort.be\",\"isPartOf\":{\"@id\":\"https:\/\/www.alucomfort.be\/#website\"},\"datePublished\":\"2018-05-30T12:00:16+00:00\",\"dateModified\":\"2019-10-24T09:16:13+00:00\",\"description\":\"Composez votre liste de commande pour une commande rapide, nous vous contacterons d\u00e8s que possible. Vous pouvez nous contacter pour tous vos mat\u00e9riaux pour la d\u00e9coration de votre entrep\u00f4t.\",\"breadcrumb\":{\"@id\":\"https:\/\/www.alucomfort.be\/fr\/bestellijst\/#breadcrumb\"},\"inLanguage\":\"fr-FR\",\"potentialAction\":[{\"@type\":\"ReadAction\",\"target\":[\"https:\/\/www.alucomfort.be\/fr\/bestellijst\/\"]}]},{\"@type\":\"BreadcrumbList\",\"@id\":\"https:\/\/www.alucomfort.be\/fr\/bestellijst\/#breadcrumb\",\"itemListElement\":[{\"@type\":\"ListItem\",\"position\":1,\"name\":\"Home\",\"item\":\"https:\/\/www.alucomfort.be\/fr\/\"},{\"@type\":\"ListItem\",\"position\":2,\"name\":\"Panier\"}]},{\"@type\":\"WebSite\",\"@id\":\"https:\/\/www.alucomfort.be\/#website\",\"url\":\"https:\/\/www.alucomfort.be\/\",\"name\":\"Alu Comfort\",\"description\":\"\",\"potentialAction\":[{\"@type\":\"SearchAction\",\"target\":{\"@type\":\"EntryPoint\",\"urlTemplate\":\"https:\/\/www.alucomfort.be\/?s={search_term_string}\"},\"query-input\":{\"@type\":\"PropertyValueSpecification\",\"valueRequired\":true,\"valueName\":\"search_term_string\"}}],\"inLanguage\":\"fr-FR\"}]}<\/script>\n<!-- \/ Yoast SEO plugin. -->","yoast_head_json":{"title":"Alucomfort - Liste de commande - passez votre commande ensemble sur alucomfort.be","description":"Composez votre liste de commande pour une commande rapide, nous vous contacterons d\u00e8s que possible. Vous pouvez nous contacter pour tous vos mat\u00e9riaux pour la d\u00e9coration de votre entrep\u00f4t.","robots":{"index":"index","follow":"follow","max-snippet":"max-snippet:-1","max-image-preview":"max-image-preview:large","max-video-preview":"max-video-preview:-1"},"canonical":"https:\/\/www.alucomfort.be\/fr\/bestellijst\/","og_locale":"fr_FR","og_type":"article","og_title":"Alucomfort - Liste de commande - passez votre commande ensemble sur alucomfort.be","og_description":"Composez votre liste de commande pour une commande rapide, nous vous contacterons d\u00e8s que possible. Vous pouvez nous contacter pour tous vos mat\u00e9riaux pour la d\u00e9coration de votre entrep\u00f4t.","og_url":"https:\/\/www.alucomfort.be\/fr\/bestellijst\/","og_site_name":"Alu Comfort","article_modified_time":"2019-10-24T09:16:13+00:00","twitter_card":"summary_large_image","schema":{"@context":"https:\/\/schema.org","@graph":[{"@type":"WebPage","@id":"https:\/\/www.alucomfort.be\/fr\/bestellijst\/","url":"https:\/\/www.alucomfort.be\/fr\/bestellijst\/","name":"Alucomfort - Liste de commande - passez votre commande ensemble sur alucomfort.be","isPartOf":{"@id":"https:\/\/www.alucomfort.be\/#website"},"datePublished":"2018-05-30T12:00:16+00:00","dateModified":"2019-10-24T09:16:13+00:00","description":"Composez votre liste de commande pour une commande rapide, nous vous contacterons d\u00e8s que possible. Vous pouvez nous contacter pour tous vos mat\u00e9riaux pour la d\u00e9coration de votre entrep\u00f4t.","breadcrumb":{"@id":"https:\/\/www.alucomfort.be\/fr\/bestellijst\/#breadcrumb"},"inLanguage":"fr-FR","potentialAction":[{"@type":"ReadAction","target":["https:\/\/www.alucomfort.be\/fr\/bestellijst\/"]}]},{"@type":"BreadcrumbList","@id":"https:\/\/www.alucomfort.be\/fr\/bestellijst\/#breadcrumb","itemListElement":[{"@type":"ListItem","position":1,"name":"Home","item":"https:\/\/www.alucomfort.be\/fr\/"},{"@type":"ListItem","position":2,"name":"Panier"}]},{"@type":"WebSite","@id":"https:\/\/www.alucomfort.be\/#website","url":"https:\/\/www.alucomfort.be\/","name":"Alu Comfort","description":"","potentialAction":[{"@type":"SearchAction","target":{"@type":"EntryPoint","urlTemplate":"https:\/\/www.alucomfort.be\/?s={search_term_string}"},"query-input":{"@type":"PropertyValueSpecification","valueRequired":true,"valueName":"search_term_string"}}],"inLanguage":"fr-FR"}]}},"_links":{"self":[{"href":"https:\/\/www.alucomfort.be\/fr\/wp-json\/wp\/v2\/pages\/98520","targetHints":{"allow":["GET"]}}],"collection":[{"href":"https:\/\/www.alucomfort.be\/fr\/wp-json\/wp\/v2\/pages"}],"about":[{"href":"https:\/\/www.alucomfort.be\/fr\/wp-json\/wp\/v2\/types\/page"}],"author":[{"embeddable":true,"href":"https:\/\/www.alucomfort.be\/fr\/wp-json\/wp\/v2\/users\/1"}],"replies":[{"embeddable":true,"href":"https:\/\/www.alucomfort.be\/fr\/wp-json\/wp\/v2\/comments?post=98520"}],"version-history":[{"count":0,"href":"https:\/\/www.alucomfort.be\/fr\/wp-json\/wp\/v2\/pages\/98520\/revisions"}],"wp:attachment":[{"href":"https:\/\/www.alucomfort.be\/fr\/wp-json\/wp\/v2\/media?parent=98520"}],"curies":[{"name":"wp","href":"https:\/\/api.w.org\/{rel}","templated":true}]}}