

{"id":98521,"date":"2018-05-30T14:01:04","date_gmt":"2018-05-30T12:01:04","guid":{"rendered":"https:\/\/www.alucomfort.be\/bestelling-plaatsen\/"},"modified":"2018-07-04T11:17:19","modified_gmt":"2018-07-04T09:17:19","slug":"passer-la-commande","status":"publish","type":"page","link":"https:\/\/www.alucomfort.be\/fr\/passer-la-commande\/","title":{"rendered":"Passer la commande"},"content":{"rendered":"<p>[vc_row full_width=\u00a0\u00bbstretch_row_content_no_spaces\u00a0\u00bb sbxs_headings_class=\u00a0\u00bbheadings-white\u00a0\u00bb sbxs_text_class=\u00a0\u00bbtext-white\u00a0\u00bb el_class=\u00a0\u00bbshopintro\u00a0\u00bb css=\u00a0\u00bb.vc_custom_1527102117871{background: rgba(255,255,255,0.51) url(https:\/\/www.alucomfort.be\/wp-content\/uploads\/shutterstock-564811468.jpg?id=50976) !important;background-position: center !important;background-repeat: no-repeat !important;background-size: cover !important;*background-color: rgb(255,255,255) !important;}\u00a0\u00bb][vc_column][vc_empty_space height=\u00a0\u00bb180&Prime;][vc_column_text sbxs_headings_class=\u00a0\u00bbheadings-white\u00a0\u00bb sbxs_text_class=\u00a0\u00bbtext-white\u00a0\u00bb]<\/p>\n<h2 style=\"text-align: center;\">Passer la commande<\/h2>\n<p>[\/vc_column_text][vc_empty_space height=\u00a0\u00bb100&Prime;][\/vc_column][\/vc_row][vc_row full_width=\u00a0\u00bbstretch_row_content_no_spaces\u00a0\u00bb el_class=\u00a0\u00bbsection shop-home\u00a0\u00bb][vc_column]<div class=\"woocommerce\"><\/div>[\/vc_column][\/vc_row]<\/p>\n","protected":false},"excerpt":{"rendered":"<p>[vc_row full_width=\u00a0\u00bbstretch_row_content_no_spaces\u00a0\u00bb sbxs_headings_class=\u00a0\u00bbheadings-white\u00a0\u00bb sbxs_text_class=\u00a0\u00bbtext-white\u00a0\u00bb el_class=\u00a0\u00bbshopintro\u00a0\u00bb css=\u00a0\u00bb.vc_custom_1527102117871{background: rgba(255,255,255,0.51) url(https:\/\/www.alucomfort.be\/wp-content\/uploads\/shutterstock-564811468.jpg?id=50976) !important;background-position: center !important;background-repeat: no-repeat !important;background-size: cover !important;*background-color: rgb(255,255,255) !important;}\u00a0\u00bb][vc_column][vc_empty_space height=\u00a0\u00bb180&Prime;][vc_column_text sbxs_headings_class=\u00a0\u00bbheadings-white\u00a0\u00bb sbxs_text_class=\u00a0\u00bbtext-white\u00a0\u00bb] Passer la commande [\/vc_column_text][vc_empty_space height=\u00a0\u00bb100&Prime;][\/vc_column][\/vc_row][vc_row full_width=\u00a0\u00bbstretch_row_content_no_spaces\u00a0\u00bb el_class=\u00a0\u00bbsection shop-home\u00a0\u00bb][vc_column][\/vc_column][\/vc_row]<\/p>\n","protected":false},"author":1,"featured_media":0,"parent":0,"menu_order":0,"comment_status":"closed","ping_status":"closed","template":"","meta":{"_acf_changed":false,"footnotes":""},"class_list":["post-98521","page","type-page","status-publish","hentry"],"acf":[],"yoast_head":"<!-- This site is optimized with the Yoast SEO plugin v24.8.1 - https:\/\/yoast.com\/wordpress\/plugins\/seo\/ -->\n<title>Alucomfort - Passez votre commande, demandez de l&#039;aide rapidement.<\/title>\n<meta name=\"description\" content=\"Passez votre commande en ligne pour une livraison rapide, nous vous contacterons dans les plus brefs d\u00e9lais. Vous pouvez nous contacter pour tous vos mat\u00e9riaux pour la d\u00e9coration de votre entrep\u00f4t.\" \/>\n<meta name=\"robots\" content=\"index, follow, max-snippet:-1, max-image-preview:large, max-video-preview:-1\" \/>\n<link rel=\"canonical\" href=\"https:\/\/www.alucomfort.be\/fr\/passer-la-commande\/\" \/>\n<meta property=\"og:locale\" content=\"fr_FR\" \/>\n<meta property=\"og:type\" content=\"article\" \/>\n<meta property=\"og:title\" content=\"Alucomfort - Passez votre commande, demandez de l&#039;aide rapidement.\" \/>\n<meta property=\"og:description\" content=\"Passez votre commande en ligne pour une livraison rapide, nous vous contacterons dans les plus brefs d\u00e9lais. Vous pouvez nous contacter pour tous vos mat\u00e9riaux pour la d\u00e9coration de votre entrep\u00f4t.\" \/>\n<meta property=\"og:url\" content=\"https:\/\/www.alucomfort.be\/fr\/passer-la-commande\/\" \/>\n<meta property=\"og:site_name\" content=\"Alu Comfort\" \/>\n<meta property=\"article:modified_time\" content=\"2018-07-04T09:17:19+00:00\" \/>\n<meta name=\"twitter:card\" content=\"summary_large_image\" \/>\n<meta name=\"twitter:label1\" content=\"Dur\u00e9e de lecture estim\u00e9e\" \/>\n\t<meta name=\"twitter:data1\" content=\"1 minute\" \/>\n<script type=\"application\/ld+json\" class=\"yoast-schema-graph\">{\"@context\":\"https:\/\/schema.org\",\"@graph\":[{\"@type\":\"WebPage\",\"@id\":\"https:\/\/www.alucomfort.be\/fr\/passer-la-commande\/\",\"url\":\"https:\/\/www.alucomfort.be\/fr\/passer-la-commande\/\",\"name\":\"Alucomfort - Passez votre commande, demandez de l'aide rapidement.\",\"isPartOf\":{\"@id\":\"https:\/\/www.alucomfort.be\/#website\"},\"datePublished\":\"2018-05-30T12:01:04+00:00\",\"dateModified\":\"2018-07-04T09:17:19+00:00\",\"description\":\"Passez votre commande en ligne pour une livraison rapide, nous vous contacterons dans les plus brefs d\u00e9lais. Vous pouvez nous contacter pour tous vos mat\u00e9riaux pour la d\u00e9coration de votre entrep\u00f4t.\",\"breadcrumb\":{\"@id\":\"https:\/\/www.alucomfort.be\/fr\/passer-la-commande\/#breadcrumb\"},\"inLanguage\":\"fr-FR\",\"potentialAction\":[{\"@type\":\"ReadAction\",\"target\":[\"https:\/\/www.alucomfort.be\/fr\/passer-la-commande\/\"]}]},{\"@type\":\"BreadcrumbList\",\"@id\":\"https:\/\/www.alucomfort.be\/fr\/passer-la-commande\/#breadcrumb\",\"itemListElement\":[{\"@type\":\"ListItem\",\"position\":1,\"name\":\"Home\",\"item\":\"https:\/\/www.alucomfort.be\/fr\/\"},{\"@type\":\"ListItem\",\"position\":2,\"name\":\"Passer la commande\"}]},{\"@type\":\"WebSite\",\"@id\":\"https:\/\/www.alucomfort.be\/#website\",\"url\":\"https:\/\/www.alucomfort.be\/\",\"name\":\"Alu Comfort\",\"description\":\"\",\"potentialAction\":[{\"@type\":\"SearchAction\",\"target\":{\"@type\":\"EntryPoint\",\"urlTemplate\":\"https:\/\/www.alucomfort.be\/?s={search_term_string}\"},\"query-input\":{\"@type\":\"PropertyValueSpecification\",\"valueRequired\":true,\"valueName\":\"search_term_string\"}}],\"inLanguage\":\"fr-FR\"}]}<\/script>\n<!-- \/ Yoast SEO plugin. -->","yoast_head_json":{"title":"Alucomfort - Passez votre commande, demandez de l'aide rapidement.","description":"Passez votre commande en ligne pour une livraison rapide, nous vous contacterons dans les plus brefs d\u00e9lais. Vous pouvez nous contacter pour tous vos mat\u00e9riaux pour la d\u00e9coration de votre entrep\u00f4t.","robots":{"index":"index","follow":"follow","max-snippet":"max-snippet:-1","max-image-preview":"max-image-preview:large","max-video-preview":"max-video-preview:-1"},"canonical":"https:\/\/www.alucomfort.be\/fr\/passer-la-commande\/","og_locale":"fr_FR","og_type":"article","og_title":"Alucomfort - Passez votre commande, demandez de l'aide rapidement.","og_description":"Passez votre commande en ligne pour une livraison rapide, nous vous contacterons dans les plus brefs d\u00e9lais. Vous pouvez nous contacter pour tous vos mat\u00e9riaux pour la d\u00e9coration de votre entrep\u00f4t.","og_url":"https:\/\/www.alucomfort.be\/fr\/passer-la-commande\/","og_site_name":"Alu Comfort","article_modified_time":"2018-07-04T09:17:19+00:00","twitter_card":"summary_large_image","twitter_misc":{"Dur\u00e9e de lecture estim\u00e9e":"1 minute"},"schema":{"@context":"https:\/\/schema.org","@graph":[{"@type":"WebPage","@id":"https:\/\/www.alucomfort.be\/fr\/passer-la-commande\/","url":"https:\/\/www.alucomfort.be\/fr\/passer-la-commande\/","name":"Alucomfort - Passez votre commande, demandez de l'aide rapidement.","isPartOf":{"@id":"https:\/\/www.alucomfort.be\/#website"},"datePublished":"2018-05-30T12:01:04+00:00","dateModified":"2018-07-04T09:17:19+00:00","description":"Passez votre commande en ligne pour une livraison rapide, nous vous contacterons dans les plus brefs d\u00e9lais. Vous pouvez nous contacter pour tous vos mat\u00e9riaux pour la d\u00e9coration de votre entrep\u00f4t.","breadcrumb":{"@id":"https:\/\/www.alucomfort.be\/fr\/passer-la-commande\/#breadcrumb"},"inLanguage":"fr-FR","potentialAction":[{"@type":"ReadAction","target":["https:\/\/www.alucomfort.be\/fr\/passer-la-commande\/"]}]},{"@type":"BreadcrumbList","@id":"https:\/\/www.alucomfort.be\/fr\/passer-la-commande\/#breadcrumb","itemListElement":[{"@type":"ListItem","position":1,"name":"Home","item":"https:\/\/www.alucomfort.be\/fr\/"},{"@type":"ListItem","position":2,"name":"Passer la commande"}]},{"@type":"WebSite","@id":"https:\/\/www.alucomfort.be\/#website","url":"https:\/\/www.alucomfort.be\/","name":"Alu Comfort","description":"","potentialAction":[{"@type":"SearchAction","target":{"@type":"EntryPoint","urlTemplate":"https:\/\/www.alucomfort.be\/?s={search_term_string}"},"query-input":{"@type":"PropertyValueSpecification","valueRequired":true,"valueName":"search_term_string"}}],"inLanguage":"fr-FR"}]}},"_links":{"self":[{"href":"https:\/\/www.alucomfort.be\/fr\/wp-json\/wp\/v2\/pages\/98521","targetHints":{"allow":["GET"]}}],"collection":[{"href":"https:\/\/www.alucomfort.be\/fr\/wp-json\/wp\/v2\/pages"}],"about":[{"href":"https:\/\/www.alucomfort.be\/fr\/wp-json\/wp\/v2\/types\/page"}],"author":[{"embeddable":true,"href":"https:\/\/www.alucomfort.be\/fr\/wp-json\/wp\/v2\/users\/1"}],"replies":[{"embeddable":true,"href":"https:\/\/www.alucomfort.be\/fr\/wp-json\/wp\/v2\/comments?post=98521"}],"version-history":[{"count":0,"href":"https:\/\/www.alucomfort.be\/fr\/wp-json\/wp\/v2\/pages\/98521\/revisions"}],"wp:attachment":[{"href":"https:\/\/www.alucomfort.be\/fr\/wp-json\/wp\/v2\/media?parent=98521"}],"curies":[{"name":"wp","href":"https:\/\/api.w.org\/{rel}","templated":true}]}}