

{"id":98524,"date":"2018-05-23T15:56:28","date_gmt":"2018-05-23T13:56:28","guid":{"rendered":"https:\/\/www.alucomfort.be\/shop\/"},"modified":"2018-07-04T11:23:21","modified_gmt":"2018-07-04T09:23:21","slug":"shop","status":"publish","type":"page","link":"https:\/\/www.alucomfort.be\/fr\/shop\/","title":{"rendered":"Shop"},"content":{"rendered":"<p>[vc_row full_width=\u00a0\u00bbstretch_row_content_no_spaces\u00a0\u00bb sbxs_headings_class=\u00a0\u00bbheadings-white\u00a0\u00bb sbxs_text_class=\u00a0\u00bbtext-white\u00a0\u00bb el_class=\u00a0\u00bbshopintro\u00a0\u00bb css=\u00a0\u00bb.vc_custom_1527102117871{background: rgba(255,255,255,0.51) url(https:\/\/www.alucomfort.be\/wp-content\/uploads\/shutterstock-564811468.jpg?id=50976) !important;background-position: center !important;background-repeat: no-repeat !important;background-size: cover !important;*background-color: rgb(255,255,255) !important;}\u00a0\u00bb][vc_column][vc_empty_space height=\u00a0\u00bb180&Prime;][vc_column_text sbxs_headings_class=\u00a0\u00bbheadings-white\u00a0\u00bb sbxs_text_class=\u00a0\u00bbtext-white\u00a0\u00bb]<\/p>\n<h2 style=\"text-align: center;\"><strong>Shop<\/strong><\/h2>\n<p>[\/vc_column_text][vc_empty_space height=\u00a0\u00bb100&Prime;][\/vc_column][\/vc_row][vc_row full_width=\u00a0\u00bbstretch_row_content_no_spaces\u00a0\u00bb el_class=\u00a0\u00bbsection shop-home\u00a0\u00bb][vc_column]\t\n\t<div class=\"allcatsloop\">\n\t\n\t\t\t\t\t\t\t\t\t\t\n\t\t\t\t\t<div class=\"itemcat col-lg-3 col-md-4 col-sm-6 col-xs-12\">\n\t\t\t\t\t\t<a class=\"block\" style=\"background-image: url('https:\/\/www.alucomfort.be\/wp-content\/uploads\/BR-LGK-2-800x600.jpg');\" href=\"https:\/\/www.alucomfort.be\/fr\/product-categorie\/appareils-pour-chariots-elevateurs\/\">\n\t\t\t\t\t\t\t<div class=\"v-center\">\n\t\t\t\t\t\t\t\t<div class=\"v-center-inner\">\n\t\t\t\t\t\t\t\t\t<h3>Appareils pour chariots \u00e9l\u00e9vateurs<\/h3>\n\t\t\t\t\t\t\t\t\t\n\t\t\t\t\t\t\t\t\t\n\t\t\t\t\t\t\t\t\t\n\t\t\t\t\t\t\t\t\t\t\t\t\t\t\t\t\t<\/div>\n\t\t\t\t\t\t\t\t<div class=\"clearfix\"><\/div>\n\t\t\t\t\t\t\t<\/div>\n\t\t\t\t\t\t\t<div class=\"clearfix\"><\/div>\n\t\t\t\t\t\t<\/a>\n\t\t\t\t\t\t<div class=\"clearfix\"><\/div>\n\t\t\t\t\t<\/div>\n\t\n\t\t\t\t\n\t\t        \t\t\t\t\t\t\t\t\n\t\t\t\t\t<div class=\"itemcat col-lg-3 col-md-4 col-sm-6 col-xs-12\">\n\t\t\t\t\t\t<a class=\"block\" style=\"background-image: url('https:\/\/www.alucomfort.be\/wp-content\/uploads\/genouilleres-pour-les-pros-800x600.jpg');\" href=\"https:\/\/www.alucomfort.be\/fr\/product-categorie\/arykneeflex-genouilleres\/\">\n\t\t\t\t\t\t\t<div class=\"v-center\">\n\t\t\t\t\t\t\t\t<div class=\"v-center-inner\">\n\t\t\t\t\t\t\t\t\t<h3>AryKneeFlex Genouill\u00e8res<\/h3>\n\t\t\t\t\t\t\t\t\t\n\t\t\t\t\t\t\t\t\t\n\t\t\t\t\t\t\t\t\t\n\t\t\t\t\t\t\t\t\t\t\t\t\t\t\t\t\t<\/div>\n\t\t\t\t\t\t\t\t<div class=\"clearfix\"><\/div>\n\t\t\t\t\t\t\t<\/div>\n\t\t\t\t\t\t\t<div class=\"clearfix\"><\/div>\n\t\t\t\t\t\t<\/a>\n\t\t\t\t\t\t<div class=\"clearfix\"><\/div>\n\t\t\t\t\t<\/div>\n\t\n\t\t\t\t\n\t\t        \t\t\t\t\t\t\t\t\n\t\t\t\t\t<div class=\"itemcat col-lg-3 col-md-4 col-sm-6 col-xs-12\">\n\t\t\t\t\t\t<a class=\"block\" style=\"background-image: url('https:\/\/www.alucomfort.be\/wp-content\/uploads\/BR-FB-7-800x600.jpg');\" href=\"https:\/\/www.alucomfort.be\/fr\/product-categorie\/bennes-a-fond-ouvrant\/\">\n\t\t\t\t\t\t\t<div class=\"v-center\">\n\t\t\t\t\t\t\t\t<div class=\"v-center-inner\">\n\t\t\t\t\t\t\t\t\t<h3>Bennes \u00e0 fond ouvrant<\/h3>\n\t\t\t\t\t\t\t\t\t\n\t\t\t\t\t\t\t\t\t\n\t\t\t\t\t\t\t\t\t\n\t\t\t\t\t\t\t\t\t\t\t\t\t\t\t\t\t<\/div>\n\t\t\t\t\t\t\t\t<div class=\"clearfix\"><\/div>\n\t\t\t\t\t\t\t<\/div>\n\t\t\t\t\t\t\t<div class=\"clearfix\"><\/div>\n\t\t\t\t\t\t<\/a>\n\t\t\t\t\t\t<div class=\"clearfix\"><\/div>\n\t\t\t\t\t<\/div>\n\t\n\t\t\t\t\n\t\t        \t\t\t\t\t\t\t\t\n\t\t\t\t\t<div class=\"itemcat col-lg-3 col-md-4 col-sm-6 col-xs-12\">\n\t\t\t\t\t\t<a class=\"block\" style=\"background-image: url('https:\/\/www.alucomfort.be\/wp-content\/uploads\/Spaandercontainer1-1-800x600.jpg');\" href=\"https:\/\/www.alucomfort.be\/fr\/product-categorie\/bennes-basculantes\/\">\n\t\t\t\t\t\t\t<div class=\"v-center\">\n\t\t\t\t\t\t\t\t<div class=\"v-center-inner\">\n\t\t\t\t\t\t\t\t\t<h3>Bennes Basculantes<\/h3>\n\t\t\t\t\t\t\t\t\t\n\t\t\t\t\t\t\t\t\t\n\t\t\t\t\t\t\t\t\t\n\t\t\t\t\t\t\t\t\t\t\t\t\t\t\t\t\t<\/div>\n\t\t\t\t\t\t\t\t<div class=\"clearfix\"><\/div>\n\t\t\t\t\t\t\t<\/div>\n\t\t\t\t\t\t\t<div class=\"clearfix\"><\/div>\n\t\t\t\t\t\t<\/a>\n\t\t\t\t\t\t<div class=\"clearfix\"><\/div>\n\t\t\t\t\t<\/div>\n\t\n\t\t\t\t\n\t\t        \t\t\t\t\t\t\t\t\n\t\t\t\t\t<div class=\"itemcat col-lg-3 col-md-4 col-sm-6 col-xs-12\">\n\t\t\t\t\t\t<a class=\"block\" style=\"background-image: url('https:\/\/www.alucomfort.be\/wp-content\/uploads\/BR-KW-2-800x600.jpg');\" href=\"https:\/\/www.alucomfort.be\/fr\/product-categorie\/conteneurs-bacs-silo\/\">\n\t\t\t\t\t\t\t<div class=\"v-center\">\n\t\t\t\t\t\t\t\t<div class=\"v-center-inner\">\n\t\t\t\t\t\t\t\t\t<h3>Conteneurs - Bacs Silo<\/h3>\n\t\t\t\t\t\t\t\t\t\n\t\t\t\t\t\t\t\t\t\n\t\t\t\t\t\t\t\t\t\n\t\t\t\t\t\t\t\t\t\t\t\t\t\t\t\t\t<\/div>\n\t\t\t\t\t\t\t\t<div class=\"clearfix\"><\/div>\n\t\t\t\t\t\t\t<\/div>\n\t\t\t\t\t\t\t<div class=\"clearfix\"><\/div>\n\t\t\t\t\t\t<\/a>\n\t\t\t\t\t\t<div class=\"clearfix\"><\/div>\n\t\t\t\t\t<\/div>\n\t\n\t\t\t\t\n\t\t        \t\t\t\t\t\t\t\t\n\t\t\t\t\t<div class=\"itemcat col-lg-3 col-md-4 col-sm-6 col-xs-12\">\n\t\t\t\t\t\t<a class=\"block\" style=\"background-image: url('https:\/\/www.alucomfort.be\/wp-content\/uploads\/KR-769-2-800x600.png');\" href=\"https:\/\/www.alucomfort.be\/fr\/product-categorie\/echafaudages\/\">\n\t\t\t\t\t\t\t<div class=\"v-center\">\n\t\t\t\t\t\t\t\t<div class=\"v-center-inner\">\n\t\t\t\t\t\t\t\t\t<h3>Echafaudages<\/h3>\n\t\t\t\t\t\t\t\t\t\n\t\t\t\t\t\t\t\t\t\n\t\t\t\t\t\t\t\t\t\n\t\t\t\t\t\t\t\t\t\t\t\t\t\t\t\t\t<\/div>\n\t\t\t\t\t\t\t\t<div class=\"clearfix\"><\/div>\n\t\t\t\t\t\t\t<\/div>\n\t\t\t\t\t\t\t<div class=\"clearfix\"><\/div>\n\t\t\t\t\t\t<\/a>\n\t\t\t\t\t\t<div class=\"clearfix\"><\/div>\n\t\t\t\t\t<\/div>\n\t\n\t\t\t\t\n\t\t        \t\t\t\t\t\t\t\t\n\t\t\t\t\t<div class=\"itemcat col-lg-3 col-md-4 col-sm-6 col-xs-12\">\n\t\t\t\t\t\t<a class=\"block\" style=\"background-image: url('https:\/\/www.alucomfort.be\/wp-content\/uploads\/WA-8112A-800x600.jpg');\" href=\"https:\/\/www.alucomfort.be\/fr\/product-categorie\/echelles-et-escabeaux\/\">\n\t\t\t\t\t\t\t<div class=\"v-center\">\n\t\t\t\t\t\t\t\t<div class=\"v-center-inner\">\n\t\t\t\t\t\t\t\t\t<h3>Echelles et Escabeaux<\/h3>\n\t\t\t\t\t\t\t\t\t\n\t\t\t\t\t\t\t\t\t\n\t\t\t\t\t\t\t\t\t\n\t\t\t\t\t\t\t\t\t\t\t\t\t\t\t\t\t<\/div>\n\t\t\t\t\t\t\t\t<div class=\"clearfix\"><\/div>\n\t\t\t\t\t\t\t<\/div>\n\t\t\t\t\t\t\t<div class=\"clearfix\"><\/div>\n\t\t\t\t\t\t<\/a>\n\t\t\t\t\t\t<div class=\"clearfix\"><\/div>\n\t\t\t\t\t<\/div>\n\t\n\t\t\t\t\n\t\t        \t\t\t\t\t\t\t\t\n\t\t\t\t\t<div class=\"itemcat col-lg-3 col-md-4 col-sm-6 col-xs-12\">\n\t\t\t\t\t\t<a class=\"block\" style=\"background-image: url('https:\/\/www.alucomfort.be\/wp-content\/uploads\/BR-MKS-230V-2-800x600.jpg');\" href=\"https:\/\/www.alucomfort.be\/fr\/product-categorie\/ecologie-stockage\/\">\n\t\t\t\t\t\t\t<div class=\"v-center\">\n\t\t\t\t\t\t\t\t<div class=\"v-center-inner\">\n\t\t\t\t\t\t\t\t\t<h3>Ecologie - Stockage<\/h3>\n\t\t\t\t\t\t\t\t\t\n\t\t\t\t\t\t\t\t\t\n\t\t\t\t\t\t\t\t\t\n\t\t\t\t\t\t\t\t\t\t\t\t\t\t\t\t\t<\/div>\n\t\t\t\t\t\t\t\t<div class=\"clearfix\"><\/div>\n\t\t\t\t\t\t\t<\/div>\n\t\t\t\t\t\t\t<div class=\"clearfix\"><\/div>\n\t\t\t\t\t\t<\/a>\n\t\t\t\t\t\t<div class=\"clearfix\"><\/div>\n\t\t\t\t\t<\/div>\n\t\n\t\t\t\t\n\t\t        \t\t\t\t\t\t\t\t\n\t\t\t\t\t<div class=\"itemcat col-lg-3 col-md-4 col-sm-6 col-xs-12\">\n\t\t\t\t\t\t<a class=\"block\" style=\"background-image: url('https:\/\/www.alucomfort.be\/wp-content\/uploads\/DC-PS-1-800x600.jpg');\" href=\"https:\/\/www.alucomfort.be\/fr\/product-categorie\/entrepot-et-espace-exterieur\/\">\n\t\t\t\t\t\t\t<div class=\"v-center\">\n\t\t\t\t\t\t\t\t<div class=\"v-center-inner\">\n\t\t\t\t\t\t\t\t\t<h3>Entrepot et espace ext\u00e9rieur<\/h3>\n\t\t\t\t\t\t\t\t\t\n\t\t\t\t\t\t\t\t\t\n\t\t\t\t\t\t\t\t\t\n\t\t\t\t\t\t\t\t\t\t\t\t\t\t\t\t\t<\/div>\n\t\t\t\t\t\t\t\t<div class=\"clearfix\"><\/div>\n\t\t\t\t\t\t\t<\/div>\n\t\t\t\t\t\t\t<div class=\"clearfix\"><\/div>\n\t\t\t\t\t\t<\/a>\n\t\t\t\t\t\t<div class=\"clearfix\"><\/div>\n\t\t\t\t\t<\/div>\n\t\n\t\t\t\t\n\t\t        \t\t\t\t\t\t\t\t\n\t\t\t\t\t<div class=\"itemcat col-lg-3 col-md-4 col-sm-6 col-xs-12\">\n\t\t\t\t\t\t<a class=\"block\" style=\"background-image: url('https:\/\/www.alucomfort.be\/wp-content\/uploads\/Containertrap-Klein-800x600.jpg');\" href=\"https:\/\/www.alucomfort.be\/fr\/product-categorie\/escaliers\/\">\n\t\t\t\t\t\t\t<div class=\"v-center\">\n\t\t\t\t\t\t\t\t<div class=\"v-center-inner\">\n\t\t\t\t\t\t\t\t\t<h3>Escaliers<\/h3>\n\t\t\t\t\t\t\t\t\t\n\t\t\t\t\t\t\t\t\t\n\t\t\t\t\t\t\t\t\t\n\t\t\t\t\t\t\t\t\t\t\t\t\t\t\t\t\t<\/div>\n\t\t\t\t\t\t\t\t<div class=\"clearfix\"><\/div>\n\t\t\t\t\t\t\t<\/div>\n\t\t\t\t\t\t\t<div class=\"clearfix\"><\/div>\n\t\t\t\t\t\t<\/a>\n\t\t\t\t\t\t<div class=\"clearfix\"><\/div>\n\t\t\t\t\t<\/div>\n\t\n\t\t\t\t\n\t\t        \t\t\t\t\t\t\t\t\n\t\t\t\t\t<div class=\"itemcat col-lg-3 col-md-4 col-sm-6 col-xs-12\">\n\t\t\t\t\t\t<a class=\"block\" style=\"background-image: url('https:\/\/www.alucomfort.be\/wp-content\/uploads\/Stabilisatieblokken-24-Blokken-Kit-800x600.png');\" href=\"https:\/\/www.alucomfort.be\/fr\/product-categorie\/grue-appareils-de-levage\/\">\n\t\t\t\t\t\t\t<div class=\"v-center\">\n\t\t\t\t\t\t\t\t<div class=\"v-center-inner\">\n\t\t\t\t\t\t\t\t\t<h3>Grue - Appareils de levage<\/h3>\n\t\t\t\t\t\t\t\t\t\n\t\t\t\t\t\t\t\t\t\n\t\t\t\t\t\t\t\t\t\n\t\t\t\t\t\t\t\t\t\t\t\t\t\t\t\t\t<\/div>\n\t\t\t\t\t\t\t\t<div class=\"clearfix\"><\/div>\n\t\t\t\t\t\t\t<\/div>\n\t\t\t\t\t\t\t<div class=\"clearfix\"><\/div>\n\t\t\t\t\t\t<\/a>\n\t\t\t\t\t\t<div class=\"clearfix\"><\/div>\n\t\t\t\t\t<\/div>\n\t\n\t\t\t\t\n\t\t        \t\t\t\t\t\t\t\t\n\t\t\t\t\t<div class=\"itemcat col-lg-3 col-md-4 col-sm-6 col-xs-12\">\n\t\t\t\t\t\t<a class=\"block\" style=\"background-image: url('https:\/\/www.alucomfort.be\/wp-content\/uploads\/Trilplaat-Plaques-Vibrantes-Altrad-Belle-PCLX320-800x600.jpg');\" href=\"https:\/\/www.alucomfort.be\/fr\/product-categorie\/machines-de-construction\/\">\n\t\t\t\t\t\t\t<div class=\"v-center\">\n\t\t\t\t\t\t\t\t<div class=\"v-center-inner\">\n\t\t\t\t\t\t\t\t\t<h3>Machines de construction<\/h3>\n\t\t\t\t\t\t\t\t\t\n\t\t\t\t\t\t\t\t\t\n\t\t\t\t\t\t\t\t\t\n\t\t\t\t\t\t\t\t\t\t\t\t\t\t\t\t\t<\/div>\n\t\t\t\t\t\t\t\t<div class=\"clearfix\"><\/div>\n\t\t\t\t\t\t\t<\/div>\n\t\t\t\t\t\t\t<div class=\"clearfix\"><\/div>\n\t\t\t\t\t\t<\/a>\n\t\t\t\t\t\t<div class=\"clearfix\"><\/div>\n\t\t\t\t\t<\/div>\n\t\n\t\t\t\t\n\t\t        \t\t\t\t\t\t\t\t\n\t\t\t\t\t<div class=\"itemcat col-lg-3 col-md-4 col-sm-6 col-xs-12\">\n\t\t\t\t\t\t<a class=\"block\" style=\"background-image: url('https:\/\/www.alucomfort.be\/wp-content\/uploads\/BR-FHR-600-G-2-800x600.jpg');\" href=\"https:\/\/www.alucomfort.be\/fr\/product-categorie\/manutention-de-futs\/\">\n\t\t\t\t\t\t\t<div class=\"v-center\">\n\t\t\t\t\t\t\t\t<div class=\"v-center-inner\">\n\t\t\t\t\t\t\t\t\t<h3>Manutention de f\u00fbts<\/h3>\n\t\t\t\t\t\t\t\t\t\n\t\t\t\t\t\t\t\t\t\n\t\t\t\t\t\t\t\t\t\n\t\t\t\t\t\t\t\t\t\t\t\t\t\t\t\t\t<\/div>\n\t\t\t\t\t\t\t\t<div class=\"clearfix\"><\/div>\n\t\t\t\t\t\t\t<\/div>\n\t\t\t\t\t\t\t<div class=\"clearfix\"><\/div>\n\t\t\t\t\t\t<\/a>\n\t\t\t\t\t\t<div class=\"clearfix\"><\/div>\n\t\t\t\t\t<\/div>\n\t\n\t\t\t\t\n\t\t        \t\t\t\t\t\t\t\t\n\t\t\t\t\t<div class=\"itemcat col-lg-3 col-md-4 col-sm-6 col-xs-12\">\n\t\t\t\t\t\t<a class=\"block\" style=\"background-image: url('https:\/\/www.alucomfort.be\/wp-content\/uploads\/DC-SRR-1-800x600.jpg');\" href=\"https:\/\/www.alucomfort.be\/fr\/product-categorie\/protection-dentrepot\/\">\n\t\t\t\t\t\t\t<div class=\"v-center\">\n\t\t\t\t\t\t\t\t<div class=\"v-center-inner\">\n\t\t\t\t\t\t\t\t\t<h3>Protection d'entrep\u00f4t<\/h3>\n\t\t\t\t\t\t\t\t\t\n\t\t\t\t\t\t\t\t\t\n\t\t\t\t\t\t\t\t\t\n\t\t\t\t\t\t\t\t\t\t\t\t\t\t\t\t\t<\/div>\n\t\t\t\t\t\t\t\t<div class=\"clearfix\"><\/div>\n\t\t\t\t\t\t\t<\/div>\n\t\t\t\t\t\t\t<div class=\"clearfix\"><\/div>\n\t\t\t\t\t\t<\/a>\n\t\t\t\t\t\t<div class=\"clearfix\"><\/div>\n\t\t\t\t\t<\/div>\n\t\n\t\t\t\t\n\t\t        \t\t\t\t\t\t\t\t\n\t\t\t\t\t<div class=\"itemcat col-lg-3 col-md-4 col-sm-6 col-xs-12\">\n\t\t\t\t\t\t<a class=\"block\" style=\"background-image: url('https:\/\/www.alucomfort.be\/wp-content\/uploads\/Industriele-Aanhangwagen-800x600.jpg');\" href=\"https:\/\/www.alucomfort.be\/fr\/product-categorie\/transport-interne\/\">\n\t\t\t\t\t\t\t<div class=\"v-center\">\n\t\t\t\t\t\t\t\t<div class=\"v-center-inner\">\n\t\t\t\t\t\t\t\t\t<h3>Transport interne<\/h3>\n\t\t\t\t\t\t\t\t\t\n\t\t\t\t\t\t\t\t\t\n\t\t\t\t\t\t\t\t\t\n\t\t\t\t\t\t\t\t\t\t\t\t\t\t\t\t\t<\/div>\n\t\t\t\t\t\t\t\t<div class=\"clearfix\"><\/div>\n\t\t\t\t\t\t\t<\/div>\n\t\t\t\t\t\t\t<div class=\"clearfix\"><\/div>\n\t\t\t\t\t\t<\/a>\n\t\t\t\t\t\t<div class=\"clearfix\"><\/div>\n\t\t\t\t\t<\/div>\n\t\n\t\t\t\t\n\t\t        \t\t\n\t<\/div>\n<div class=\"clearfix\"><\/div>\n\t\t\n\t\t\n\n\n\t[\/vc_column][\/vc_row]<\/p>\n","protected":false},"excerpt":{"rendered":"<p>[vc_row full_width=\u00a0\u00bbstretch_row_content_no_spaces\u00a0\u00bb sbxs_headings_class=\u00a0\u00bbheadings-white\u00a0\u00bb sbxs_text_class=\u00a0\u00bbtext-white\u00a0\u00bb el_class=\u00a0\u00bbshopintro\u00a0\u00bb css=\u00a0\u00bb.vc_custom_1527102117871{background: rgba(255,255,255,0.51) url(https:\/\/www.alucomfort.be\/wp-content\/uploads\/shutterstock-564811468.jpg?id=50976) !important;background-position: center !important;background-repeat: no-repeat !important;background-size: cover !important;*background-color: rgb(255,255,255) !important;}\u00a0\u00bb][vc_column][vc_empty_space height=\u00a0\u00bb180&Prime;][vc_column_text sbxs_headings_class=\u00a0\u00bbheadings-white\u00a0\u00bb sbxs_text_class=\u00a0\u00bbtext-white\u00a0\u00bb] Shop [\/vc_column_text][vc_empty_space height=\u00a0\u00bb100&Prime;][\/vc_column][\/vc_row][vc_row full_width=\u00a0\u00bbstretch_row_content_no_spaces\u00a0\u00bb el_class=\u00a0\u00bbsection shop-home\u00a0\u00bb][vc_column][\/vc_column][\/vc_row]<\/p>\n","protected":false},"author":1,"featured_media":0,"parent":0,"menu_order":0,"comment_status":"closed","ping_status":"closed","template":"","meta":{"_acf_changed":false,"footnotes":""},"class_list":["post-98524","page","type-page","status-publish","hentry"],"acf":[],"yoast_head":"<!-- This site is optimized with the Yoast SEO plugin v24.8.1 - https:\/\/yoast.com\/wordpress\/plugins\/seo\/ -->\n<title>Alucomfort - Shop - Voir notre large gamme!<\/title>\n<meta name=\"description\" content=\"Alucomfort Shop - \u00c9quipement de l&#039;entreprise et de l&#039;entrep\u00f4t. Regardez nos \u00e9chelles, escaliers, chariots \u00e9l\u00e9vateurs, bennes et accessoires. Une gamme tr\u00e8s \u00e9tendue sur alucomfort.be\" \/>\n<meta name=\"robots\" content=\"index, follow, max-snippet:-1, max-image-preview:large, max-video-preview:-1\" \/>\n<link rel=\"canonical\" href=\"https:\/\/www.alucomfort.be\/fr\/shop\/\" \/>\n<meta property=\"og:locale\" content=\"fr_FR\" \/>\n<meta property=\"og:type\" content=\"article\" \/>\n<meta property=\"og:title\" content=\"Alucomfort - Shop - Voir notre large gamme!\" \/>\n<meta property=\"og:description\" content=\"Alucomfort Shop - \u00c9quipement de l&#039;entreprise et de l&#039;entrep\u00f4t. Regardez nos \u00e9chelles, escaliers, chariots \u00e9l\u00e9vateurs, bennes et accessoires. Une gamme tr\u00e8s \u00e9tendue sur alucomfort.be\" \/>\n<meta property=\"og:url\" content=\"https:\/\/www.alucomfort.be\/fr\/shop\/\" \/>\n<meta property=\"og:site_name\" content=\"Alu Comfort\" \/>\n<meta property=\"article:modified_time\" content=\"2018-07-04T09:23:21+00:00\" \/>\n<meta name=\"twitter:card\" content=\"summary_large_image\" \/>\n<script type=\"application\/ld+json\" class=\"yoast-schema-graph\">{\"@context\":\"https:\/\/schema.org\",\"@graph\":[{\"@type\":\"WebPage\",\"@id\":\"https:\/\/www.alucomfort.be\/fr\/shop\/\",\"url\":\"https:\/\/www.alucomfort.be\/fr\/shop\/\",\"name\":\"Alucomfort - Shop - Voir notre large gamme!\",\"isPartOf\":{\"@id\":\"https:\/\/www.alucomfort.be\/#website\"},\"datePublished\":\"2018-05-23T13:56:28+00:00\",\"dateModified\":\"2018-07-04T09:23:21+00:00\",\"description\":\"Alucomfort Shop - \u00c9quipement de l'entreprise et de l'entrep\u00f4t. Regardez nos \u00e9chelles, escaliers, chariots \u00e9l\u00e9vateurs, bennes et accessoires. Une gamme tr\u00e8s \u00e9tendue sur alucomfort.be\",\"breadcrumb\":{\"@id\":\"https:\/\/www.alucomfort.be\/fr\/shop\/#breadcrumb\"},\"inLanguage\":\"fr-FR\",\"potentialAction\":[{\"@type\":\"ReadAction\",\"target\":[\"https:\/\/www.alucomfort.be\/fr\/shop\/\"]}]},{\"@type\":\"BreadcrumbList\",\"@id\":\"https:\/\/www.alucomfort.be\/fr\/shop\/#breadcrumb\",\"itemListElement\":[{\"@type\":\"ListItem\",\"position\":1,\"name\":\"Home\",\"item\":\"https:\/\/www.alucomfort.be\/fr\/\"},{\"@type\":\"ListItem\",\"position\":2,\"name\":\"Shop\"}]},{\"@type\":\"WebSite\",\"@id\":\"https:\/\/www.alucomfort.be\/#website\",\"url\":\"https:\/\/www.alucomfort.be\/\",\"name\":\"Alu Comfort\",\"description\":\"\",\"potentialAction\":[{\"@type\":\"SearchAction\",\"target\":{\"@type\":\"EntryPoint\",\"urlTemplate\":\"https:\/\/www.alucomfort.be\/?s={search_term_string}\"},\"query-input\":{\"@type\":\"PropertyValueSpecification\",\"valueRequired\":true,\"valueName\":\"search_term_string\"}}],\"inLanguage\":\"fr-FR\"}]}<\/script>\n<!-- \/ Yoast SEO plugin. -->","yoast_head_json":{"title":"Alucomfort - Shop - Voir notre large gamme!","description":"Alucomfort Shop - \u00c9quipement de l'entreprise et de l'entrep\u00f4t. Regardez nos \u00e9chelles, escaliers, chariots \u00e9l\u00e9vateurs, bennes et accessoires. Une gamme tr\u00e8s \u00e9tendue sur alucomfort.be","robots":{"index":"index","follow":"follow","max-snippet":"max-snippet:-1","max-image-preview":"max-image-preview:large","max-video-preview":"max-video-preview:-1"},"canonical":"https:\/\/www.alucomfort.be\/fr\/shop\/","og_locale":"fr_FR","og_type":"article","og_title":"Alucomfort - Shop - Voir notre large gamme!","og_description":"Alucomfort Shop - \u00c9quipement de l'entreprise et de l'entrep\u00f4t. Regardez nos \u00e9chelles, escaliers, chariots \u00e9l\u00e9vateurs, bennes et accessoires. Une gamme tr\u00e8s \u00e9tendue sur alucomfort.be","og_url":"https:\/\/www.alucomfort.be\/fr\/shop\/","og_site_name":"Alu Comfort","article_modified_time":"2018-07-04T09:23:21+00:00","twitter_card":"summary_large_image","schema":{"@context":"https:\/\/schema.org","@graph":[{"@type":"WebPage","@id":"https:\/\/www.alucomfort.be\/fr\/shop\/","url":"https:\/\/www.alucomfort.be\/fr\/shop\/","name":"Alucomfort - Shop - Voir notre large gamme!","isPartOf":{"@id":"https:\/\/www.alucomfort.be\/#website"},"datePublished":"2018-05-23T13:56:28+00:00","dateModified":"2018-07-04T09:23:21+00:00","description":"Alucomfort Shop - \u00c9quipement de l'entreprise et de l'entrep\u00f4t. Regardez nos \u00e9chelles, escaliers, chariots \u00e9l\u00e9vateurs, bennes et accessoires. Une gamme tr\u00e8s \u00e9tendue sur alucomfort.be","breadcrumb":{"@id":"https:\/\/www.alucomfort.be\/fr\/shop\/#breadcrumb"},"inLanguage":"fr-FR","potentialAction":[{"@type":"ReadAction","target":["https:\/\/www.alucomfort.be\/fr\/shop\/"]}]},{"@type":"BreadcrumbList","@id":"https:\/\/www.alucomfort.be\/fr\/shop\/#breadcrumb","itemListElement":[{"@type":"ListItem","position":1,"name":"Home","item":"https:\/\/www.alucomfort.be\/fr\/"},{"@type":"ListItem","position":2,"name":"Shop"}]},{"@type":"WebSite","@id":"https:\/\/www.alucomfort.be\/#website","url":"https:\/\/www.alucomfort.be\/","name":"Alu Comfort","description":"","potentialAction":[{"@type":"SearchAction","target":{"@type":"EntryPoint","urlTemplate":"https:\/\/www.alucomfort.be\/?s={search_term_string}"},"query-input":{"@type":"PropertyValueSpecification","valueRequired":true,"valueName":"search_term_string"}}],"inLanguage":"fr-FR"}]}},"_links":{"self":[{"href":"https:\/\/www.alucomfort.be\/fr\/wp-json\/wp\/v2\/pages\/98524","targetHints":{"allow":["GET"]}}],"collection":[{"href":"https:\/\/www.alucomfort.be\/fr\/wp-json\/wp\/v2\/pages"}],"about":[{"href":"https:\/\/www.alucomfort.be\/fr\/wp-json\/wp\/v2\/types\/page"}],"author":[{"embeddable":true,"href":"https:\/\/www.alucomfort.be\/fr\/wp-json\/wp\/v2\/users\/1"}],"replies":[{"embeddable":true,"href":"https:\/\/www.alucomfort.be\/fr\/wp-json\/wp\/v2\/comments?post=98524"}],"version-history":[{"count":0,"href":"https:\/\/www.alucomfort.be\/fr\/wp-json\/wp\/v2\/pages\/98524\/revisions"}],"wp:attachment":[{"href":"https:\/\/www.alucomfort.be\/fr\/wp-json\/wp\/v2\/media?parent=98524"}],"curies":[{"name":"wp","href":"https:\/\/api.w.org\/{rel}","templated":true}]}}