

{"id":165622,"date":"2019-10-13T22:36:00","date_gmt":"2019-10-13T20:36:00","guid":{"rendered":"https:\/\/www.alucomfort.be\/product\/butee-de-protection\/"},"modified":"2025-10-23T11:55:21","modified_gmt":"2025-10-23T09:55:21","slug":"butee-de-protection-2","status":"publish","type":"product","link":"https:\/\/www.alucomfort.be\/fr\/product\/butee-de-protection-2\/","title":{"rendered":"But\u00e9e de protection"},"content":{"rendered":"<p>* Pas de r\u00e9paration apr\u00e8s une collision, * Utilisation ext\u00e9rieure et int\u00e9rieure, * Mat\u00e9riel robuste, * Appropri\u00e9 pour usage dans l&rsquo;industrie alimentaire, * Non corrosif, * En option avec mat\u00e9riel de fixation; * Delai de livraison: plus au moins 8 jours.<\/p>\n","protected":false},"excerpt":{"rendered":"<p>But\u00e9e de protection<\/p>\n","protected":false},"featured_media":50304,"template":"","meta":{"_acf_changed":false},"product_brand":[],"product_cat":[8539],"product_tag":[],"class_list":{"0":"post-165622","1":"product","2":"type-product","3":"status-publish","4":"has-post-thumbnail","6":"product_cat-poteaux-potelets-et-protection-antichoc-rambowl-polyurethane","8":"first","9":"outofstock","10":"taxable","11":"shipping-taxable","12":"purchasable","13":"product-type-variable"},"acf":[],"yoast_head":"<!-- This site is optimized with the Yoast SEO plugin v24.8.1 - https:\/\/yoast.com\/wordpress\/plugins\/seo\/ -->\n<title>But\u00e9e de protection<\/title>\n<meta name=\"description\" content=\"But\u00e9e de protection\" \/>\n<meta name=\"robots\" content=\"index, follow, max-snippet:-1, max-image-preview:large, max-video-preview:-1\" \/>\n<link rel=\"canonical\" href=\"https:\/\/www.alucomfort.be\/product\/aanrijdbeveiligingsbalk-2\/\" \/>\n<meta property=\"og:locale\" content=\"fr_FR\" \/>\n<meta property=\"og:type\" content=\"article\" \/>\n<meta property=\"og:title\" content=\"But\u00e9e de protection\" \/>\n<meta property=\"og:description\" content=\"But\u00e9e de protection\" \/>\n<meta property=\"og:url\" content=\"https:\/\/www.alucomfort.be\/product\/aanrijdbeveiligingsbalk-2\/\" \/>\n<meta property=\"og:site_name\" content=\"Alu Comfort\" \/>\n<meta property=\"article:modified_time\" content=\"2025-10-23T09:55:21+00:00\" \/>\n<meta property=\"og:image\" content=\"https:\/\/www.alucomfort.be\/wp-content\/uploads\/DC-60-1-1024x683.png\" \/>\n\t<meta property=\"og:image:width\" content=\"1024\" \/>\n\t<meta property=\"og:image:height\" content=\"683\" \/>\n\t<meta property=\"og:image:type\" content=\"image\/png\" \/>\n<meta name=\"twitter:card\" content=\"summary_large_image\" \/>\n<script type=\"application\/ld+json\" class=\"yoast-schema-graph\">{\"@context\":\"https:\/\/schema.org\",\"@graph\":[{\"@type\":\"WebPage\",\"@id\":\"https:\/\/www.alucomfort.be\/product\/aanrijdbeveiligingsbalk-2\/\",\"url\":\"https:\/\/www.alucomfort.be\/product\/aanrijdbeveiligingsbalk-2\/\",\"name\":\"But\u00e9e de protection\",\"isPartOf\":{\"@id\":\"https:\/\/www.alucomfort.be\/#website\"},\"primaryImageOfPage\":{\"@id\":\"https:\/\/www.alucomfort.be\/product\/aanrijdbeveiligingsbalk-2\/#primaryimage\"},\"image\":{\"@id\":\"https:\/\/www.alucomfort.be\/product\/aanrijdbeveiligingsbalk-2\/#primaryimage\"},\"thumbnailUrl\":\"https:\/\/www.alucomfort.be\/wp-content\/uploads\/DC-60-1.png\",\"datePublished\":\"2019-10-13T20:36:00+00:00\",\"dateModified\":\"2025-10-23T09:55:21+00:00\",\"description\":\"But\u00e9e de protection\",\"breadcrumb\":{\"@id\":\"https:\/\/www.alucomfort.be\/product\/aanrijdbeveiligingsbalk-2\/#breadcrumb\"},\"inLanguage\":\"fr-FR\",\"potentialAction\":[{\"@type\":\"ReadAction\",\"target\":[\"https:\/\/www.alucomfort.be\/product\/aanrijdbeveiligingsbalk-2\/\"]}]},{\"@type\":\"ImageObject\",\"inLanguage\":\"fr-FR\",\"@id\":\"https:\/\/www.alucomfort.be\/product\/aanrijdbeveiligingsbalk-2\/#primaryimage\",\"url\":\"https:\/\/www.alucomfort.be\/wp-content\/uploads\/DC-60-1.png\",\"contentUrl\":\"https:\/\/www.alucomfort.be\/wp-content\/uploads\/DC-60-1.png\",\"width\":6000,\"height\":4000},{\"@type\":\"BreadcrumbList\",\"@id\":\"https:\/\/www.alucomfort.be\/product\/aanrijdbeveiligingsbalk-2\/#breadcrumb\",\"itemListElement\":[{\"@type\":\"ListItem\",\"position\":1,\"name\":\"Home\",\"item\":\"https:\/\/www.alucomfort.be\/fr\/\"},{\"@type\":\"ListItem\",\"position\":2,\"name\":\"Producten\",\"item\":\"https:\/\/www.alucomfort.be\/producten\/\"},{\"@type\":\"ListItem\",\"position\":3,\"name\":\"But\u00e9e de protection\"}]},{\"@type\":\"WebSite\",\"@id\":\"https:\/\/www.alucomfort.be\/#website\",\"url\":\"https:\/\/www.alucomfort.be\/\",\"name\":\"Alu Comfort\",\"description\":\"\",\"potentialAction\":[{\"@type\":\"SearchAction\",\"target\":{\"@type\":\"EntryPoint\",\"urlTemplate\":\"https:\/\/www.alucomfort.be\/?s={search_term_string}\"},\"query-input\":{\"@type\":\"PropertyValueSpecification\",\"valueRequired\":true,\"valueName\":\"search_term_string\"}}],\"inLanguage\":\"fr-FR\"}]}<\/script>\n<!-- \/ Yoast SEO plugin. -->","yoast_head_json":{"title":"But\u00e9e de protection","description":"But\u00e9e de protection","robots":{"index":"index","follow":"follow","max-snippet":"max-snippet:-1","max-image-preview":"max-image-preview:large","max-video-preview":"max-video-preview:-1"},"canonical":"https:\/\/www.alucomfort.be\/product\/aanrijdbeveiligingsbalk-2\/","og_locale":"fr_FR","og_type":"article","og_title":"But\u00e9e de protection","og_description":"But\u00e9e de protection","og_url":"https:\/\/www.alucomfort.be\/product\/aanrijdbeveiligingsbalk-2\/","og_site_name":"Alu Comfort","article_modified_time":"2025-10-23T09:55:21+00:00","og_image":[{"width":1024,"height":683,"url":"https:\/\/www.alucomfort.be\/wp-content\/uploads\/DC-60-1-1024x683.png","type":"image\/png"}],"twitter_card":"summary_large_image","schema":{"@context":"https:\/\/schema.org","@graph":[{"@type":"WebPage","@id":"https:\/\/www.alucomfort.be\/product\/aanrijdbeveiligingsbalk-2\/","url":"https:\/\/www.alucomfort.be\/product\/aanrijdbeveiligingsbalk-2\/","name":"But\u00e9e de protection","isPartOf":{"@id":"https:\/\/www.alucomfort.be\/#website"},"primaryImageOfPage":{"@id":"https:\/\/www.alucomfort.be\/product\/aanrijdbeveiligingsbalk-2\/#primaryimage"},"image":{"@id":"https:\/\/www.alucomfort.be\/product\/aanrijdbeveiligingsbalk-2\/#primaryimage"},"thumbnailUrl":"https:\/\/www.alucomfort.be\/wp-content\/uploads\/DC-60-1.png","datePublished":"2019-10-13T20:36:00+00:00","dateModified":"2025-10-23T09:55:21+00:00","description":"But\u00e9e de protection","breadcrumb":{"@id":"https:\/\/www.alucomfort.be\/product\/aanrijdbeveiligingsbalk-2\/#breadcrumb"},"inLanguage":"fr-FR","potentialAction":[{"@type":"ReadAction","target":["https:\/\/www.alucomfort.be\/product\/aanrijdbeveiligingsbalk-2\/"]}]},{"@type":"ImageObject","inLanguage":"fr-FR","@id":"https:\/\/www.alucomfort.be\/product\/aanrijdbeveiligingsbalk-2\/#primaryimage","url":"https:\/\/www.alucomfort.be\/wp-content\/uploads\/DC-60-1.png","contentUrl":"https:\/\/www.alucomfort.be\/wp-content\/uploads\/DC-60-1.png","width":6000,"height":4000},{"@type":"BreadcrumbList","@id":"https:\/\/www.alucomfort.be\/product\/aanrijdbeveiligingsbalk-2\/#breadcrumb","itemListElement":[{"@type":"ListItem","position":1,"name":"Home","item":"https:\/\/www.alucomfort.be\/fr\/"},{"@type":"ListItem","position":2,"name":"Producten","item":"https:\/\/www.alucomfort.be\/producten\/"},{"@type":"ListItem","position":3,"name":"But\u00e9e de protection"}]},{"@type":"WebSite","@id":"https:\/\/www.alucomfort.be\/#website","url":"https:\/\/www.alucomfort.be\/","name":"Alu Comfort","description":"","potentialAction":[{"@type":"SearchAction","target":{"@type":"EntryPoint","urlTemplate":"https:\/\/www.alucomfort.be\/?s={search_term_string}"},"query-input":{"@type":"PropertyValueSpecification","valueRequired":true,"valueName":"search_term_string"}}],"inLanguage":"fr-FR"}]}},"_links":{"self":[{"href":"https:\/\/www.alucomfort.be\/fr\/wp-json\/wp\/v2\/product\/165622","targetHints":{"allow":["GET"]}}],"collection":[{"href":"https:\/\/www.alucomfort.be\/fr\/wp-json\/wp\/v2\/product"}],"about":[{"href":"https:\/\/www.alucomfort.be\/fr\/wp-json\/wp\/v2\/types\/product"}],"wp:featuredmedia":[{"embeddable":true,"href":"https:\/\/www.alucomfort.be\/fr\/wp-json\/wp\/v2\/media\/50304"}],"wp:attachment":[{"href":"https:\/\/www.alucomfort.be\/fr\/wp-json\/wp\/v2\/media?parent=165622"}],"wp:term":[{"taxonomy":"product_brand","embeddable":true,"href":"https:\/\/www.alucomfort.be\/fr\/wp-json\/wp\/v2\/product_brand?post=165622"},{"taxonomy":"product_cat","embeddable":true,"href":"https:\/\/www.alucomfort.be\/fr\/wp-json\/wp\/v2\/product_cat?post=165622"},{"taxonomy":"product_tag","embeddable":true,"href":"https:\/\/www.alucomfort.be\/fr\/wp-json\/wp\/v2\/product_tag?post=165622"}],"curies":[{"name":"wp","href":"https:\/\/api.w.org\/{rel}","templated":true}]}}