

{"id":165666,"date":"2019-10-13T22:39:49","date_gmt":"2019-10-13T20:39:49","guid":{"rendered":"https:\/\/www.alucomfort.be\/product\/escabeaux-professionnels\/"},"modified":"2024-07-31T12:56:11","modified_gmt":"2024-07-31T10:56:11","slug":"escabeaux-professionnels","status":"publish","type":"product","link":"https:\/\/www.alucomfort.be\/fr\/product\/escabeaux-professionnels\/","title":{"rendered":"Escabeaux Professionnels"},"content":{"rendered":"<p>* Escabeau conforme aux normes DIN EN 131, * Escabeaux professionels, * L\u00e9gers et facils \u00e0 d\u00e9placer avec des roulettes, * Escabeaux pliables<\/p>\n","protected":false},"excerpt":{"rendered":"<p>Escabeaux professionnels avec plate-forme grande et des roulettes<\/p>\n","protected":false},"featured_media":220944,"template":"","meta":{"_acf_changed":false},"product_brand":[],"product_cat":[8067],"product_tag":[],"class_list":{"0":"post-165666","1":"product","2":"type-product","3":"status-publish","4":"has-post-thumbnail","6":"product_cat-escabeaux-professionnels","8":"first","9":"outofstock","10":"taxable","11":"shipping-taxable","12":"purchasable","13":"product-type-variable"},"acf":[],"yoast_head":"<!-- This site is optimized with the Yoast SEO plugin v24.8.1 - https:\/\/yoast.com\/wordpress\/plugins\/seo\/ -->\n<title>Escabeau mobile professionnel<\/title>\n<meta name=\"description\" content=\"Escabeaux professionnels avec plate-forme grande et des roulettes.\" \/>\n<meta name=\"robots\" content=\"index, follow, max-snippet:-1, max-image-preview:large, max-video-preview:-1\" \/>\n<link rel=\"canonical\" href=\"https:\/\/www.alucomfort.be\/product\/professionele-trapladder\/\" \/>\n<meta property=\"og:locale\" content=\"fr_FR\" \/>\n<meta property=\"og:type\" content=\"article\" \/>\n<meta property=\"og:title\" content=\"Escabeau mobile professionnel\" \/>\n<meta property=\"og:description\" content=\"Escabeaux professionnels avec plate-forme grande et des roulettes.\" \/>\n<meta property=\"og:url\" content=\"https:\/\/www.alucomfort.be\/product\/professionele-trapladder\/\" \/>\n<meta property=\"og:site_name\" content=\"Alu Comfort\" \/>\n<meta property=\"article:modified_time\" content=\"2024-07-31T10:56:11+00:00\" \/>\n<meta property=\"og:image\" content=\"https:\/\/www.alucomfort.be\/wp-content\/uploads\/Trapladder-Met-Wielen.jpg\" \/>\n\t<meta property=\"og:image:width\" content=\"1512\" \/>\n\t<meta property=\"og:image:height\" content=\"2016\" \/>\n\t<meta property=\"og:image:type\" content=\"image\/jpeg\" \/>\n<meta name=\"twitter:card\" content=\"summary_large_image\" \/>\n<script type=\"application\/ld+json\" class=\"yoast-schema-graph\">{\"@context\":\"https:\/\/schema.org\",\"@graph\":[{\"@type\":\"WebPage\",\"@id\":\"https:\/\/www.alucomfort.be\/product\/professionele-trapladder\/\",\"url\":\"https:\/\/www.alucomfort.be\/product\/professionele-trapladder\/\",\"name\":\"Escabeau mobile professionnel\",\"isPartOf\":{\"@id\":\"https:\/\/www.alucomfort.be\/#website\"},\"primaryImageOfPage\":{\"@id\":\"https:\/\/www.alucomfort.be\/product\/professionele-trapladder\/#primaryimage\"},\"image\":{\"@id\":\"https:\/\/www.alucomfort.be\/product\/professionele-trapladder\/#primaryimage\"},\"thumbnailUrl\":\"https:\/\/www.alucomfort.be\/wp-content\/uploads\/Trapladder-Met-Wielen.jpg\",\"datePublished\":\"2019-10-13T20:39:49+00:00\",\"dateModified\":\"2024-07-31T10:56:11+00:00\",\"description\":\"Escabeaux professionnels avec plate-forme grande et des roulettes.\",\"breadcrumb\":{\"@id\":\"https:\/\/www.alucomfort.be\/product\/professionele-trapladder\/#breadcrumb\"},\"inLanguage\":\"fr-FR\",\"potentialAction\":[{\"@type\":\"ReadAction\",\"target\":[\"https:\/\/www.alucomfort.be\/product\/professionele-trapladder\/\"]}]},{\"@type\":\"ImageObject\",\"inLanguage\":\"fr-FR\",\"@id\":\"https:\/\/www.alucomfort.be\/product\/professionele-trapladder\/#primaryimage\",\"url\":\"https:\/\/www.alucomfort.be\/wp-content\/uploads\/Trapladder-Met-Wielen.jpg\",\"contentUrl\":\"https:\/\/www.alucomfort.be\/wp-content\/uploads\/Trapladder-Met-Wielen.jpg\",\"width\":1512,\"height\":2016,\"caption\":\"Trapladder met wielen.\"},{\"@type\":\"BreadcrumbList\",\"@id\":\"https:\/\/www.alucomfort.be\/product\/professionele-trapladder\/#breadcrumb\",\"itemListElement\":[{\"@type\":\"ListItem\",\"position\":1,\"name\":\"Home\",\"item\":\"https:\/\/www.alucomfort.be\/fr\/\"},{\"@type\":\"ListItem\",\"position\":2,\"name\":\"Producten\",\"item\":\"https:\/\/www.alucomfort.be\/producten\/\"},{\"@type\":\"ListItem\",\"position\":3,\"name\":\"Escabeaux Professionnels\"}]},{\"@type\":\"WebSite\",\"@id\":\"https:\/\/www.alucomfort.be\/#website\",\"url\":\"https:\/\/www.alucomfort.be\/\",\"name\":\"Alu Comfort\",\"description\":\"\",\"potentialAction\":[{\"@type\":\"SearchAction\",\"target\":{\"@type\":\"EntryPoint\",\"urlTemplate\":\"https:\/\/www.alucomfort.be\/?s={search_term_string}\"},\"query-input\":{\"@type\":\"PropertyValueSpecification\",\"valueRequired\":true,\"valueName\":\"search_term_string\"}}],\"inLanguage\":\"fr-FR\"}]}<\/script>\n<!-- \/ Yoast SEO plugin. -->","yoast_head_json":{"title":"Escabeau mobile professionnel","description":"Escabeaux professionnels avec plate-forme grande et des roulettes.","robots":{"index":"index","follow":"follow","max-snippet":"max-snippet:-1","max-image-preview":"max-image-preview:large","max-video-preview":"max-video-preview:-1"},"canonical":"https:\/\/www.alucomfort.be\/product\/professionele-trapladder\/","og_locale":"fr_FR","og_type":"article","og_title":"Escabeau mobile professionnel","og_description":"Escabeaux professionnels avec plate-forme grande et des roulettes.","og_url":"https:\/\/www.alucomfort.be\/product\/professionele-trapladder\/","og_site_name":"Alu Comfort","article_modified_time":"2024-07-31T10:56:11+00:00","og_image":[{"width":1512,"height":2016,"url":"https:\/\/www.alucomfort.be\/wp-content\/uploads\/Trapladder-Met-Wielen.jpg","type":"image\/jpeg"}],"twitter_card":"summary_large_image","schema":{"@context":"https:\/\/schema.org","@graph":[{"@type":"WebPage","@id":"https:\/\/www.alucomfort.be\/product\/professionele-trapladder\/","url":"https:\/\/www.alucomfort.be\/product\/professionele-trapladder\/","name":"Escabeau mobile professionnel","isPartOf":{"@id":"https:\/\/www.alucomfort.be\/#website"},"primaryImageOfPage":{"@id":"https:\/\/www.alucomfort.be\/product\/professionele-trapladder\/#primaryimage"},"image":{"@id":"https:\/\/www.alucomfort.be\/product\/professionele-trapladder\/#primaryimage"},"thumbnailUrl":"https:\/\/www.alucomfort.be\/wp-content\/uploads\/Trapladder-Met-Wielen.jpg","datePublished":"2019-10-13T20:39:49+00:00","dateModified":"2024-07-31T10:56:11+00:00","description":"Escabeaux professionnels avec plate-forme grande et des roulettes.","breadcrumb":{"@id":"https:\/\/www.alucomfort.be\/product\/professionele-trapladder\/#breadcrumb"},"inLanguage":"fr-FR","potentialAction":[{"@type":"ReadAction","target":["https:\/\/www.alucomfort.be\/product\/professionele-trapladder\/"]}]},{"@type":"ImageObject","inLanguage":"fr-FR","@id":"https:\/\/www.alucomfort.be\/product\/professionele-trapladder\/#primaryimage","url":"https:\/\/www.alucomfort.be\/wp-content\/uploads\/Trapladder-Met-Wielen.jpg","contentUrl":"https:\/\/www.alucomfort.be\/wp-content\/uploads\/Trapladder-Met-Wielen.jpg","width":1512,"height":2016,"caption":"Trapladder met wielen."},{"@type":"BreadcrumbList","@id":"https:\/\/www.alucomfort.be\/product\/professionele-trapladder\/#breadcrumb","itemListElement":[{"@type":"ListItem","position":1,"name":"Home","item":"https:\/\/www.alucomfort.be\/fr\/"},{"@type":"ListItem","position":2,"name":"Producten","item":"https:\/\/www.alucomfort.be\/producten\/"},{"@type":"ListItem","position":3,"name":"Escabeaux Professionnels"}]},{"@type":"WebSite","@id":"https:\/\/www.alucomfort.be\/#website","url":"https:\/\/www.alucomfort.be\/","name":"Alu Comfort","description":"","potentialAction":[{"@type":"SearchAction","target":{"@type":"EntryPoint","urlTemplate":"https:\/\/www.alucomfort.be\/?s={search_term_string}"},"query-input":{"@type":"PropertyValueSpecification","valueRequired":true,"valueName":"search_term_string"}}],"inLanguage":"fr-FR"}]}},"_links":{"self":[{"href":"https:\/\/www.alucomfort.be\/fr\/wp-json\/wp\/v2\/product\/165666","targetHints":{"allow":["GET"]}}],"collection":[{"href":"https:\/\/www.alucomfort.be\/fr\/wp-json\/wp\/v2\/product"}],"about":[{"href":"https:\/\/www.alucomfort.be\/fr\/wp-json\/wp\/v2\/types\/product"}],"wp:featuredmedia":[{"embeddable":true,"href":"https:\/\/www.alucomfort.be\/fr\/wp-json\/wp\/v2\/media\/220944"}],"wp:attachment":[{"href":"https:\/\/www.alucomfort.be\/fr\/wp-json\/wp\/v2\/media?parent=165666"}],"wp:term":[{"taxonomy":"product_brand","embeddable":true,"href":"https:\/\/www.alucomfort.be\/fr\/wp-json\/wp\/v2\/product_brand?post=165666"},{"taxonomy":"product_cat","embeddable":true,"href":"https:\/\/www.alucomfort.be\/fr\/wp-json\/wp\/v2\/product_cat?post=165666"},{"taxonomy":"product_tag","embeddable":true,"href":"https:\/\/www.alucomfort.be\/fr\/wp-json\/wp\/v2\/product_tag?post=165666"}],"curies":[{"name":"wp","href":"https:\/\/api.w.org\/{rel}","templated":true}]}}