

{"id":165806,"date":"2019-10-13T22:51:41","date_gmt":"2019-10-13T20:51:41","guid":{"rendered":"https:\/\/www.alucomfort.be\/product\/arceau-de-protection-avec-protection-anti-encastrement\/"},"modified":"2025-11-15T22:26:58","modified_gmt":"2025-11-15T20:26:58","slug":"arceau-de-protection-avec-protection-anti-encastrement","status":"publish","type":"product","link":"https:\/\/www.alucomfort.be\/fr\/product\/arceau-de-protection-avec-protection-anti-encastrement\/","title":{"rendered":"Arceau de protection avec protection anti-encastrement"},"content":{"rendered":"<p>* Certifie T\u00fcv, * Laqu\u00e9 (usage en ext\u00e9rieur), * Avec platine \u00e0 visser 120 x 195 mm, * Mat\u00e9riel \u00d8 76 mm et \u00e9paisseur 3,2 mm, * Delai de livraison: +\/- 5 jours.<\/p>\n","protected":false},"excerpt":{"rendered":"<p>Arceau de protection avec protection anti-encastrement.<\/p>\n","protected":false},"featured_media":50282,"template":"","meta":{"_acf_changed":false},"product_brand":[],"product_cat":[9926],"product_tag":[],"class_list":{"0":"post-165806","1":"product","2":"type-product","3":"status-publish","4":"has-post-thumbnail","6":"product_cat-protection-machines-et-murs","8":"first","9":"outofstock","10":"taxable","11":"shipping-taxable","12":"purchasable","13":"product-type-variable"},"acf":[],"yoast_head":"<!-- This site is optimized with the Yoast SEO plugin v24.8.1 - https:\/\/yoast.com\/wordpress\/plugins\/seo\/ -->\n<title>Arceau de protection avec protection anti-encastrement | Alu Comfort |<\/title>\n<meta name=\"description\" content=\"Arceau de protection avec protection anti-encastrement.\" \/>\n<meta name=\"robots\" content=\"index, follow, max-snippet:-1, max-image-preview:large, max-video-preview:-1\" \/>\n<link rel=\"canonical\" href=\"https:\/\/www.alucomfort.be\/product\/antibots-bescherming-met-onderrijbescherming\/\" \/>\n<meta property=\"og:locale\" content=\"fr_FR\" \/>\n<meta property=\"og:type\" content=\"article\" \/>\n<meta property=\"og:title\" content=\"Arceau de protection avec protection anti-encastrement | Alu Comfort |\" \/>\n<meta property=\"og:description\" content=\"Arceau de protection avec protection anti-encastrement.\" \/>\n<meta property=\"og:url\" content=\"https:\/\/www.alucomfort.be\/product\/antibots-bescherming-met-onderrijbescherming\/\" \/>\n<meta property=\"og:site_name\" content=\"Alu Comfort\" \/>\n<meta property=\"article:modified_time\" content=\"2025-11-15T20:26:58+00:00\" \/>\n<meta property=\"og:image\" content=\"https:\/\/www.alucomfort.be\/wp-content\/uploads\/DC-30U-1-1024x683.png\" \/>\n\t<meta property=\"og:image:width\" content=\"1024\" \/>\n\t<meta property=\"og:image:height\" content=\"683\" \/>\n\t<meta property=\"og:image:type\" content=\"image\/png\" \/>\n<meta name=\"twitter:card\" content=\"summary_large_image\" \/>\n<script type=\"application\/ld+json\" class=\"yoast-schema-graph\">{\"@context\":\"https:\/\/schema.org\",\"@graph\":[{\"@type\":\"WebPage\",\"@id\":\"https:\/\/www.alucomfort.be\/product\/antibots-bescherming-met-onderrijbescherming\/\",\"url\":\"https:\/\/www.alucomfort.be\/product\/antibots-bescherming-met-onderrijbescherming\/\",\"name\":\"Arceau de protection avec protection anti-encastrement | Alu Comfort |\",\"isPartOf\":{\"@id\":\"https:\/\/www.alucomfort.be\/#website\"},\"primaryImageOfPage\":{\"@id\":\"https:\/\/www.alucomfort.be\/product\/antibots-bescherming-met-onderrijbescherming\/#primaryimage\"},\"image\":{\"@id\":\"https:\/\/www.alucomfort.be\/product\/antibots-bescherming-met-onderrijbescherming\/#primaryimage\"},\"thumbnailUrl\":\"https:\/\/www.alucomfort.be\/wp-content\/uploads\/DC-30U-1.png\",\"datePublished\":\"2019-10-13T20:51:41+00:00\",\"dateModified\":\"2025-11-15T20:26:58+00:00\",\"description\":\"Arceau de protection avec protection anti-encastrement.\",\"breadcrumb\":{\"@id\":\"https:\/\/www.alucomfort.be\/product\/antibots-bescherming-met-onderrijbescherming\/#breadcrumb\"},\"inLanguage\":\"fr-FR\",\"potentialAction\":[{\"@type\":\"ReadAction\",\"target\":[\"https:\/\/www.alucomfort.be\/product\/antibots-bescherming-met-onderrijbescherming\/\"]}]},{\"@type\":\"ImageObject\",\"inLanguage\":\"fr-FR\",\"@id\":\"https:\/\/www.alucomfort.be\/product\/antibots-bescherming-met-onderrijbescherming\/#primaryimage\",\"url\":\"https:\/\/www.alucomfort.be\/wp-content\/uploads\/DC-30U-1.png\",\"contentUrl\":\"https:\/\/www.alucomfort.be\/wp-content\/uploads\/DC-30U-1.png\",\"width\":6000,\"height\":4000},{\"@type\":\"BreadcrumbList\",\"@id\":\"https:\/\/www.alucomfort.be\/product\/antibots-bescherming-met-onderrijbescherming\/#breadcrumb\",\"itemListElement\":[{\"@type\":\"ListItem\",\"position\":1,\"name\":\"Home\",\"item\":\"https:\/\/www.alucomfort.be\/fr\/\"},{\"@type\":\"ListItem\",\"position\":2,\"name\":\"Producten\",\"item\":\"https:\/\/www.alucomfort.be\/producten\/\"},{\"@type\":\"ListItem\",\"position\":3,\"name\":\"Arceau de protection avec protection anti-encastrement\"}]},{\"@type\":\"WebSite\",\"@id\":\"https:\/\/www.alucomfort.be\/#website\",\"url\":\"https:\/\/www.alucomfort.be\/\",\"name\":\"Alu Comfort\",\"description\":\"\",\"potentialAction\":[{\"@type\":\"SearchAction\",\"target\":{\"@type\":\"EntryPoint\",\"urlTemplate\":\"https:\/\/www.alucomfort.be\/?s={search_term_string}\"},\"query-input\":{\"@type\":\"PropertyValueSpecification\",\"valueRequired\":true,\"valueName\":\"search_term_string\"}}],\"inLanguage\":\"fr-FR\"}]}<\/script>\n<!-- \/ Yoast SEO plugin. -->","yoast_head_json":{"title":"Arceau de protection avec protection anti-encastrement | Alu Comfort |","description":"Arceau de protection avec protection anti-encastrement.","robots":{"index":"index","follow":"follow","max-snippet":"max-snippet:-1","max-image-preview":"max-image-preview:large","max-video-preview":"max-video-preview:-1"},"canonical":"https:\/\/www.alucomfort.be\/product\/antibots-bescherming-met-onderrijbescherming\/","og_locale":"fr_FR","og_type":"article","og_title":"Arceau de protection avec protection anti-encastrement | Alu Comfort |","og_description":"Arceau de protection avec protection anti-encastrement.","og_url":"https:\/\/www.alucomfort.be\/product\/antibots-bescherming-met-onderrijbescherming\/","og_site_name":"Alu Comfort","article_modified_time":"2025-11-15T20:26:58+00:00","og_image":[{"width":1024,"height":683,"url":"https:\/\/www.alucomfort.be\/wp-content\/uploads\/DC-30U-1-1024x683.png","type":"image\/png"}],"twitter_card":"summary_large_image","schema":{"@context":"https:\/\/schema.org","@graph":[{"@type":"WebPage","@id":"https:\/\/www.alucomfort.be\/product\/antibots-bescherming-met-onderrijbescherming\/","url":"https:\/\/www.alucomfort.be\/product\/antibots-bescherming-met-onderrijbescherming\/","name":"Arceau de protection avec protection anti-encastrement | Alu Comfort |","isPartOf":{"@id":"https:\/\/www.alucomfort.be\/#website"},"primaryImageOfPage":{"@id":"https:\/\/www.alucomfort.be\/product\/antibots-bescherming-met-onderrijbescherming\/#primaryimage"},"image":{"@id":"https:\/\/www.alucomfort.be\/product\/antibots-bescherming-met-onderrijbescherming\/#primaryimage"},"thumbnailUrl":"https:\/\/www.alucomfort.be\/wp-content\/uploads\/DC-30U-1.png","datePublished":"2019-10-13T20:51:41+00:00","dateModified":"2025-11-15T20:26:58+00:00","description":"Arceau de protection avec protection anti-encastrement.","breadcrumb":{"@id":"https:\/\/www.alucomfort.be\/product\/antibots-bescherming-met-onderrijbescherming\/#breadcrumb"},"inLanguage":"fr-FR","potentialAction":[{"@type":"ReadAction","target":["https:\/\/www.alucomfort.be\/product\/antibots-bescherming-met-onderrijbescherming\/"]}]},{"@type":"ImageObject","inLanguage":"fr-FR","@id":"https:\/\/www.alucomfort.be\/product\/antibots-bescherming-met-onderrijbescherming\/#primaryimage","url":"https:\/\/www.alucomfort.be\/wp-content\/uploads\/DC-30U-1.png","contentUrl":"https:\/\/www.alucomfort.be\/wp-content\/uploads\/DC-30U-1.png","width":6000,"height":4000},{"@type":"BreadcrumbList","@id":"https:\/\/www.alucomfort.be\/product\/antibots-bescherming-met-onderrijbescherming\/#breadcrumb","itemListElement":[{"@type":"ListItem","position":1,"name":"Home","item":"https:\/\/www.alucomfort.be\/fr\/"},{"@type":"ListItem","position":2,"name":"Producten","item":"https:\/\/www.alucomfort.be\/producten\/"},{"@type":"ListItem","position":3,"name":"Arceau de protection avec protection anti-encastrement"}]},{"@type":"WebSite","@id":"https:\/\/www.alucomfort.be\/#website","url":"https:\/\/www.alucomfort.be\/","name":"Alu Comfort","description":"","potentialAction":[{"@type":"SearchAction","target":{"@type":"EntryPoint","urlTemplate":"https:\/\/www.alucomfort.be\/?s={search_term_string}"},"query-input":{"@type":"PropertyValueSpecification","valueRequired":true,"valueName":"search_term_string"}}],"inLanguage":"fr-FR"}]}},"_links":{"self":[{"href":"https:\/\/www.alucomfort.be\/fr\/wp-json\/wp\/v2\/product\/165806","targetHints":{"allow":["GET"]}}],"collection":[{"href":"https:\/\/www.alucomfort.be\/fr\/wp-json\/wp\/v2\/product"}],"about":[{"href":"https:\/\/www.alucomfort.be\/fr\/wp-json\/wp\/v2\/types\/product"}],"wp:featuredmedia":[{"embeddable":true,"href":"https:\/\/www.alucomfort.be\/fr\/wp-json\/wp\/v2\/media\/50282"}],"wp:attachment":[{"href":"https:\/\/www.alucomfort.be\/fr\/wp-json\/wp\/v2\/media?parent=165806"}],"wp:term":[{"taxonomy":"product_brand","embeddable":true,"href":"https:\/\/www.alucomfort.be\/fr\/wp-json\/wp\/v2\/product_brand?post=165806"},{"taxonomy":"product_cat","embeddable":true,"href":"https:\/\/www.alucomfort.be\/fr\/wp-json\/wp\/v2\/product_cat?post=165806"},{"taxonomy":"product_tag","embeddable":true,"href":"https:\/\/www.alucomfort.be\/fr\/wp-json\/wp\/v2\/product_tag?post=165806"}],"curies":[{"name":"wp","href":"https:\/\/api.w.org\/{rel}","templated":true}]}}