

{"id":165856,"date":"2019-10-13T22:55:04","date_gmt":"2019-10-13T20:55:04","guid":{"rendered":"https:\/\/www.alucomfort.be\/product\/poteau-de-protection-avec-platine-a-visser\/"},"modified":"2025-11-15T22:27:45","modified_gmt":"2025-11-15T20:27:45","slug":"poteau-de-protection-avec-platine-a-visser","status":"publish","type":"product","link":"https:\/\/www.alucomfort.be\/fr\/product\/poteau-de-protection-avec-platine-a-visser\/","title":{"rendered":"Poteau de protection avec platine \u00e0 visser"},"content":{"rendered":"<p>* Avec platine \u00e0 visser, * Galvanis\u00e9 et laqu\u00e9, * Hauteur 1200 mm, * Sans mat\u00e9riel de fixation, * Delai de livraison: +\/- 5 jours.<\/p>\n","protected":false},"excerpt":{"rendered":"<p>Poteau de protection<\/p>\n","protected":false},"featured_media":50300,"template":"","meta":{"_acf_changed":false},"product_brand":[],"product_cat":[9928],"product_tag":[],"class_list":{"0":"post-165856","1":"product","2":"type-product","3":"status-publish","4":"has-post-thumbnail","6":"product_cat-potelets-de-protection","8":"first","9":"outofstock","10":"featured","11":"taxable","12":"shipping-taxable","13":"purchasable","14":"product-type-variable"},"acf":[],"yoast_head":"<!-- This site is optimized with the Yoast SEO plugin v24.8.1 - https:\/\/yoast.com\/wordpress\/plugins\/seo\/ -->\n<title>Poteau de protection avec platine \u00e0 visser | Alu Comfort |<\/title>\n<meta name=\"description\" content=\"Poteau de protection\" \/>\n<meta name=\"robots\" content=\"index, follow, max-snippet:-1, max-image-preview:large, max-video-preview:-1\" \/>\n<link rel=\"canonical\" href=\"https:\/\/www.alucomfort.be\/product\/beschermingspaal-met-grondplaat\/\" \/>\n<meta property=\"og:locale\" content=\"fr_FR\" \/>\n<meta property=\"og:type\" content=\"article\" \/>\n<meta property=\"og:title\" content=\"Poteau de protection avec platine \u00e0 visser | Alu Comfort |\" \/>\n<meta property=\"og:description\" content=\"Poteau de protection\" \/>\n<meta property=\"og:url\" content=\"https:\/\/www.alucomfort.be\/product\/beschermingspaal-met-grondplaat\/\" \/>\n<meta property=\"og:site_name\" content=\"Alu Comfort\" \/>\n<meta property=\"article:modified_time\" content=\"2025-11-15T20:27:45+00:00\" \/>\n<meta property=\"og:image\" content=\"https:\/\/www.alucomfort.be\/wp-content\/uploads\/DC-50-1-683x1024.jpg\" \/>\n\t<meta property=\"og:image:width\" content=\"683\" \/>\n\t<meta property=\"og:image:height\" content=\"1024\" \/>\n\t<meta property=\"og:image:type\" content=\"image\/jpeg\" \/>\n<meta name=\"twitter:card\" content=\"summary_large_image\" \/>\n<script type=\"application\/ld+json\" class=\"yoast-schema-graph\">{\"@context\":\"https:\/\/schema.org\",\"@graph\":[{\"@type\":\"WebPage\",\"@id\":\"https:\/\/www.alucomfort.be\/product\/beschermingspaal-met-grondplaat\/\",\"url\":\"https:\/\/www.alucomfort.be\/product\/beschermingspaal-met-grondplaat\/\",\"name\":\"Poteau de protection avec platine \u00e0 visser | Alu Comfort |\",\"isPartOf\":{\"@id\":\"https:\/\/www.alucomfort.be\/#website\"},\"primaryImageOfPage\":{\"@id\":\"https:\/\/www.alucomfort.be\/product\/beschermingspaal-met-grondplaat\/#primaryimage\"},\"image\":{\"@id\":\"https:\/\/www.alucomfort.be\/product\/beschermingspaal-met-grondplaat\/#primaryimage\"},\"thumbnailUrl\":\"https:\/\/www.alucomfort.be\/wp-content\/uploads\/DC-50-1.jpg\",\"datePublished\":\"2019-10-13T20:55:04+00:00\",\"dateModified\":\"2025-11-15T20:27:45+00:00\",\"description\":\"Poteau de protection\",\"breadcrumb\":{\"@id\":\"https:\/\/www.alucomfort.be\/product\/beschermingspaal-met-grondplaat\/#breadcrumb\"},\"inLanguage\":\"fr-FR\",\"potentialAction\":[{\"@type\":\"ReadAction\",\"target\":[\"https:\/\/www.alucomfort.be\/product\/beschermingspaal-met-grondplaat\/\"]}]},{\"@type\":\"ImageObject\",\"inLanguage\":\"fr-FR\",\"@id\":\"https:\/\/www.alucomfort.be\/product\/beschermingspaal-met-grondplaat\/#primaryimage\",\"url\":\"https:\/\/www.alucomfort.be\/wp-content\/uploads\/DC-50-1.jpg\",\"contentUrl\":\"https:\/\/www.alucomfort.be\/wp-content\/uploads\/DC-50-1.jpg\",\"width\":4000,\"height\":6000},{\"@type\":\"BreadcrumbList\",\"@id\":\"https:\/\/www.alucomfort.be\/product\/beschermingspaal-met-grondplaat\/#breadcrumb\",\"itemListElement\":[{\"@type\":\"ListItem\",\"position\":1,\"name\":\"Home\",\"item\":\"https:\/\/www.alucomfort.be\/fr\/\"},{\"@type\":\"ListItem\",\"position\":2,\"name\":\"Producten\",\"item\":\"https:\/\/www.alucomfort.be\/producten\/\"},{\"@type\":\"ListItem\",\"position\":3,\"name\":\"Poteau de protection avec platine \u00e0 visser\"}]},{\"@type\":\"WebSite\",\"@id\":\"https:\/\/www.alucomfort.be\/#website\",\"url\":\"https:\/\/www.alucomfort.be\/\",\"name\":\"Alu Comfort\",\"description\":\"\",\"potentialAction\":[{\"@type\":\"SearchAction\",\"target\":{\"@type\":\"EntryPoint\",\"urlTemplate\":\"https:\/\/www.alucomfort.be\/?s={search_term_string}\"},\"query-input\":{\"@type\":\"PropertyValueSpecification\",\"valueRequired\":true,\"valueName\":\"search_term_string\"}}],\"inLanguage\":\"fr-FR\"}]}<\/script>\n<!-- \/ Yoast SEO plugin. -->","yoast_head_json":{"title":"Poteau de protection avec platine \u00e0 visser | Alu Comfort |","description":"Poteau de protection","robots":{"index":"index","follow":"follow","max-snippet":"max-snippet:-1","max-image-preview":"max-image-preview:large","max-video-preview":"max-video-preview:-1"},"canonical":"https:\/\/www.alucomfort.be\/product\/beschermingspaal-met-grondplaat\/","og_locale":"fr_FR","og_type":"article","og_title":"Poteau de protection avec platine \u00e0 visser | Alu Comfort |","og_description":"Poteau de protection","og_url":"https:\/\/www.alucomfort.be\/product\/beschermingspaal-met-grondplaat\/","og_site_name":"Alu Comfort","article_modified_time":"2025-11-15T20:27:45+00:00","og_image":[{"width":683,"height":1024,"url":"https:\/\/www.alucomfort.be\/wp-content\/uploads\/DC-50-1-683x1024.jpg","type":"image\/jpeg"}],"twitter_card":"summary_large_image","schema":{"@context":"https:\/\/schema.org","@graph":[{"@type":"WebPage","@id":"https:\/\/www.alucomfort.be\/product\/beschermingspaal-met-grondplaat\/","url":"https:\/\/www.alucomfort.be\/product\/beschermingspaal-met-grondplaat\/","name":"Poteau de protection avec platine \u00e0 visser | Alu Comfort |","isPartOf":{"@id":"https:\/\/www.alucomfort.be\/#website"},"primaryImageOfPage":{"@id":"https:\/\/www.alucomfort.be\/product\/beschermingspaal-met-grondplaat\/#primaryimage"},"image":{"@id":"https:\/\/www.alucomfort.be\/product\/beschermingspaal-met-grondplaat\/#primaryimage"},"thumbnailUrl":"https:\/\/www.alucomfort.be\/wp-content\/uploads\/DC-50-1.jpg","datePublished":"2019-10-13T20:55:04+00:00","dateModified":"2025-11-15T20:27:45+00:00","description":"Poteau de protection","breadcrumb":{"@id":"https:\/\/www.alucomfort.be\/product\/beschermingspaal-met-grondplaat\/#breadcrumb"},"inLanguage":"fr-FR","potentialAction":[{"@type":"ReadAction","target":["https:\/\/www.alucomfort.be\/product\/beschermingspaal-met-grondplaat\/"]}]},{"@type":"ImageObject","inLanguage":"fr-FR","@id":"https:\/\/www.alucomfort.be\/product\/beschermingspaal-met-grondplaat\/#primaryimage","url":"https:\/\/www.alucomfort.be\/wp-content\/uploads\/DC-50-1.jpg","contentUrl":"https:\/\/www.alucomfort.be\/wp-content\/uploads\/DC-50-1.jpg","width":4000,"height":6000},{"@type":"BreadcrumbList","@id":"https:\/\/www.alucomfort.be\/product\/beschermingspaal-met-grondplaat\/#breadcrumb","itemListElement":[{"@type":"ListItem","position":1,"name":"Home","item":"https:\/\/www.alucomfort.be\/fr\/"},{"@type":"ListItem","position":2,"name":"Producten","item":"https:\/\/www.alucomfort.be\/producten\/"},{"@type":"ListItem","position":3,"name":"Poteau de protection avec platine \u00e0 visser"}]},{"@type":"WebSite","@id":"https:\/\/www.alucomfort.be\/#website","url":"https:\/\/www.alucomfort.be\/","name":"Alu Comfort","description":"","potentialAction":[{"@type":"SearchAction","target":{"@type":"EntryPoint","urlTemplate":"https:\/\/www.alucomfort.be\/?s={search_term_string}"},"query-input":{"@type":"PropertyValueSpecification","valueRequired":true,"valueName":"search_term_string"}}],"inLanguage":"fr-FR"}]}},"_links":{"self":[{"href":"https:\/\/www.alucomfort.be\/fr\/wp-json\/wp\/v2\/product\/165856","targetHints":{"allow":["GET"]}}],"collection":[{"href":"https:\/\/www.alucomfort.be\/fr\/wp-json\/wp\/v2\/product"}],"about":[{"href":"https:\/\/www.alucomfort.be\/fr\/wp-json\/wp\/v2\/types\/product"}],"wp:featuredmedia":[{"embeddable":true,"href":"https:\/\/www.alucomfort.be\/fr\/wp-json\/wp\/v2\/media\/50300"}],"wp:attachment":[{"href":"https:\/\/www.alucomfort.be\/fr\/wp-json\/wp\/v2\/media?parent=165856"}],"wp:term":[{"taxonomy":"product_brand","embeddable":true,"href":"https:\/\/www.alucomfort.be\/fr\/wp-json\/wp\/v2\/product_brand?post=165856"},{"taxonomy":"product_cat","embeddable":true,"href":"https:\/\/www.alucomfort.be\/fr\/wp-json\/wp\/v2\/product_cat?post=165856"},{"taxonomy":"product_tag","embeddable":true,"href":"https:\/\/www.alucomfort.be\/fr\/wp-json\/wp\/v2\/product_tag?post=165856"}],"curies":[{"name":"wp","href":"https:\/\/api.w.org\/{rel}","templated":true}]}}