

{"id":166112,"date":"2019-10-13T23:09:38","date_gmt":"2019-10-13T21:09:38","guid":{"rendered":"https:\/\/www.alucomfort.be\/product\/hymer-protect-echelle-a-plateforme\/"},"modified":"2025-11-22T23:10:46","modified_gmt":"2025-11-22T21:10:46","slug":"hymer-protect-echelle-a-plateforme","status":"publish","type":"product","link":"https:\/\/www.alucomfort.be\/fr\/product\/hymer-protect-echelle-a-plateforme\/","title":{"rendered":"Hymer Protect \u00e9chelle \u00e0 plateforme"},"content":{"rendered":"<p>* Nouveau!  Nouveau!  \u00c9chelle \u00e0 plateforme, * Stabilit\u00e9 gr\u00e2ce \u00e0 des stabilisateurs r\u00e9glables, * Plate-forme 600 x 425 mm, * Avec porte de s\u00e9curit\u00e9 \u00e0 fermeture automatique.<\/p>\n","protected":false},"excerpt":{"rendered":"<p>Hymer Protect pour un travail en toute s\u00e9curit\u00e9<\/p>\n","protected":false},"featured_media":203309,"template":"","meta":{"_acf_changed":false},"product_brand":[],"product_cat":[6627],"product_tag":[],"class_list":{"0":"post-166112","1":"product","2":"type-product","3":"status-publish","4":"has-post-thumbnail","6":"product_cat-echelle-a-plateforme","8":"first","9":"outofstock","10":"taxable","11":"shipping-taxable","12":"purchasable","13":"product-type-variable"},"acf":[],"yoast_head":"<!-- This site is optimized with the Yoast SEO plugin v24.8.1 - https:\/\/yoast.com\/wordpress\/plugins\/seo\/ -->\n<title>Hymer Protect \u00e9chelle \u00e0 plateforme<\/title>\n<meta name=\"description\" content=\"Hymer Protect \u00e9chelle \u00e0 plateforme pour un travail en toute s\u00e9curit\u00e9 avec des stabilisateurs et des portes de s\u00e9curit\u00e9 \u00e0 fermeture automatique.\" \/>\n<meta name=\"robots\" content=\"index, follow, max-snippet:-1, max-image-preview:large, max-video-preview:-1\" \/>\n<link rel=\"canonical\" href=\"https:\/\/www.alucomfort.be\/product\/hymer-protect-platformladder\/\" \/>\n<meta property=\"og:locale\" content=\"fr_FR\" \/>\n<meta property=\"og:type\" content=\"article\" \/>\n<meta property=\"og:title\" content=\"Hymer Protect \u00e9chelle \u00e0 plateforme\" \/>\n<meta property=\"og:description\" content=\"Hymer Protect \u00e9chelle \u00e0 plateforme pour un travail en toute s\u00e9curit\u00e9 avec des stabilisateurs et des portes de s\u00e9curit\u00e9 \u00e0 fermeture automatique.\" \/>\n<meta property=\"og:url\" content=\"https:\/\/www.alucomfort.be\/product\/hymer-protect-platformladder\/\" \/>\n<meta property=\"og:site_name\" content=\"Alu Comfort\" \/>\n<meta property=\"article:modified_time\" content=\"2025-11-22T21:10:46+00:00\" \/>\n<meta property=\"og:image\" content=\"https:\/\/www.alucomfort.be\/wp-content\/uploads\/Platformladder-8483-1-1.jpg\" \/>\n\t<meta property=\"og:image:width\" content=\"1920\" \/>\n\t<meta property=\"og:image:height\" content=\"2598\" \/>\n\t<meta property=\"og:image:type\" content=\"image\/jpeg\" \/>\n<meta name=\"twitter:card\" content=\"summary_large_image\" \/>\n<script type=\"application\/ld+json\" class=\"yoast-schema-graph\">{\"@context\":\"https:\/\/schema.org\",\"@graph\":[{\"@type\":\"WebPage\",\"@id\":\"https:\/\/www.alucomfort.be\/product\/hymer-protect-platformladder\/\",\"url\":\"https:\/\/www.alucomfort.be\/product\/hymer-protect-platformladder\/\",\"name\":\"Hymer Protect \u00e9chelle \u00e0 plateforme\",\"isPartOf\":{\"@id\":\"https:\/\/www.alucomfort.be\/#website\"},\"primaryImageOfPage\":{\"@id\":\"https:\/\/www.alucomfort.be\/product\/hymer-protect-platformladder\/#primaryimage\"},\"image\":{\"@id\":\"https:\/\/www.alucomfort.be\/product\/hymer-protect-platformladder\/#primaryimage\"},\"thumbnailUrl\":\"https:\/\/www.alucomfort.be\/wp-content\/uploads\/Platformladder-8483-1-1.jpg\",\"datePublished\":\"2019-10-13T21:09:38+00:00\",\"dateModified\":\"2025-11-22T21:10:46+00:00\",\"description\":\"Hymer Protect \u00e9chelle \u00e0 plateforme pour un travail en toute s\u00e9curit\u00e9 avec des stabilisateurs et des portes de s\u00e9curit\u00e9 \u00e0 fermeture automatique.\",\"breadcrumb\":{\"@id\":\"https:\/\/www.alucomfort.be\/product\/hymer-protect-platformladder\/#breadcrumb\"},\"inLanguage\":\"fr-FR\",\"potentialAction\":[{\"@type\":\"ReadAction\",\"target\":[\"https:\/\/www.alucomfort.be\/product\/hymer-protect-platformladder\/\"]}]},{\"@type\":\"ImageObject\",\"inLanguage\":\"fr-FR\",\"@id\":\"https:\/\/www.alucomfort.be\/product\/hymer-protect-platformladder\/#primaryimage\",\"url\":\"https:\/\/www.alucomfort.be\/wp-content\/uploads\/Platformladder-8483-1-1.jpg\",\"contentUrl\":\"https:\/\/www.alucomfort.be\/wp-content\/uploads\/Platformladder-8483-1-1.jpg\",\"width\":1920,\"height\":2598},{\"@type\":\"BreadcrumbList\",\"@id\":\"https:\/\/www.alucomfort.be\/product\/hymer-protect-platformladder\/#breadcrumb\",\"itemListElement\":[{\"@type\":\"ListItem\",\"position\":1,\"name\":\"Home\",\"item\":\"https:\/\/www.alucomfort.be\/fr\/\"},{\"@type\":\"ListItem\",\"position\":2,\"name\":\"Producten\",\"item\":\"https:\/\/www.alucomfort.be\/producten\/\"},{\"@type\":\"ListItem\",\"position\":3,\"name\":\"Hymer Protect \u00e9chelle \u00e0 plateforme\"}]},{\"@type\":\"WebSite\",\"@id\":\"https:\/\/www.alucomfort.be\/#website\",\"url\":\"https:\/\/www.alucomfort.be\/\",\"name\":\"Alu Comfort\",\"description\":\"\",\"potentialAction\":[{\"@type\":\"SearchAction\",\"target\":{\"@type\":\"EntryPoint\",\"urlTemplate\":\"https:\/\/www.alucomfort.be\/?s={search_term_string}\"},\"query-input\":{\"@type\":\"PropertyValueSpecification\",\"valueRequired\":true,\"valueName\":\"search_term_string\"}}],\"inLanguage\":\"fr-FR\"}]}<\/script>\n<!-- \/ Yoast SEO plugin. -->","yoast_head_json":{"title":"Hymer Protect \u00e9chelle \u00e0 plateforme","description":"Hymer Protect \u00e9chelle \u00e0 plateforme pour un travail en toute s\u00e9curit\u00e9 avec des stabilisateurs et des portes de s\u00e9curit\u00e9 \u00e0 fermeture automatique.","robots":{"index":"index","follow":"follow","max-snippet":"max-snippet:-1","max-image-preview":"max-image-preview:large","max-video-preview":"max-video-preview:-1"},"canonical":"https:\/\/www.alucomfort.be\/product\/hymer-protect-platformladder\/","og_locale":"fr_FR","og_type":"article","og_title":"Hymer Protect \u00e9chelle \u00e0 plateforme","og_description":"Hymer Protect \u00e9chelle \u00e0 plateforme pour un travail en toute s\u00e9curit\u00e9 avec des stabilisateurs et des portes de s\u00e9curit\u00e9 \u00e0 fermeture automatique.","og_url":"https:\/\/www.alucomfort.be\/product\/hymer-protect-platformladder\/","og_site_name":"Alu Comfort","article_modified_time":"2025-11-22T21:10:46+00:00","og_image":[{"width":1920,"height":2598,"url":"https:\/\/www.alucomfort.be\/wp-content\/uploads\/Platformladder-8483-1-1.jpg","type":"image\/jpeg"}],"twitter_card":"summary_large_image","schema":{"@context":"https:\/\/schema.org","@graph":[{"@type":"WebPage","@id":"https:\/\/www.alucomfort.be\/product\/hymer-protect-platformladder\/","url":"https:\/\/www.alucomfort.be\/product\/hymer-protect-platformladder\/","name":"Hymer Protect \u00e9chelle \u00e0 plateforme","isPartOf":{"@id":"https:\/\/www.alucomfort.be\/#website"},"primaryImageOfPage":{"@id":"https:\/\/www.alucomfort.be\/product\/hymer-protect-platformladder\/#primaryimage"},"image":{"@id":"https:\/\/www.alucomfort.be\/product\/hymer-protect-platformladder\/#primaryimage"},"thumbnailUrl":"https:\/\/www.alucomfort.be\/wp-content\/uploads\/Platformladder-8483-1-1.jpg","datePublished":"2019-10-13T21:09:38+00:00","dateModified":"2025-11-22T21:10:46+00:00","description":"Hymer Protect \u00e9chelle \u00e0 plateforme pour un travail en toute s\u00e9curit\u00e9 avec des stabilisateurs et des portes de s\u00e9curit\u00e9 \u00e0 fermeture automatique.","breadcrumb":{"@id":"https:\/\/www.alucomfort.be\/product\/hymer-protect-platformladder\/#breadcrumb"},"inLanguage":"fr-FR","potentialAction":[{"@type":"ReadAction","target":["https:\/\/www.alucomfort.be\/product\/hymer-protect-platformladder\/"]}]},{"@type":"ImageObject","inLanguage":"fr-FR","@id":"https:\/\/www.alucomfort.be\/product\/hymer-protect-platformladder\/#primaryimage","url":"https:\/\/www.alucomfort.be\/wp-content\/uploads\/Platformladder-8483-1-1.jpg","contentUrl":"https:\/\/www.alucomfort.be\/wp-content\/uploads\/Platformladder-8483-1-1.jpg","width":1920,"height":2598},{"@type":"BreadcrumbList","@id":"https:\/\/www.alucomfort.be\/product\/hymer-protect-platformladder\/#breadcrumb","itemListElement":[{"@type":"ListItem","position":1,"name":"Home","item":"https:\/\/www.alucomfort.be\/fr\/"},{"@type":"ListItem","position":2,"name":"Producten","item":"https:\/\/www.alucomfort.be\/producten\/"},{"@type":"ListItem","position":3,"name":"Hymer Protect \u00e9chelle \u00e0 plateforme"}]},{"@type":"WebSite","@id":"https:\/\/www.alucomfort.be\/#website","url":"https:\/\/www.alucomfort.be\/","name":"Alu Comfort","description":"","potentialAction":[{"@type":"SearchAction","target":{"@type":"EntryPoint","urlTemplate":"https:\/\/www.alucomfort.be\/?s={search_term_string}"},"query-input":{"@type":"PropertyValueSpecification","valueRequired":true,"valueName":"search_term_string"}}],"inLanguage":"fr-FR"}]}},"_links":{"self":[{"href":"https:\/\/www.alucomfort.be\/fr\/wp-json\/wp\/v2\/product\/166112","targetHints":{"allow":["GET"]}}],"collection":[{"href":"https:\/\/www.alucomfort.be\/fr\/wp-json\/wp\/v2\/product"}],"about":[{"href":"https:\/\/www.alucomfort.be\/fr\/wp-json\/wp\/v2\/types\/product"}],"wp:featuredmedia":[{"embeddable":true,"href":"https:\/\/www.alucomfort.be\/fr\/wp-json\/wp\/v2\/media\/203309"}],"wp:attachment":[{"href":"https:\/\/www.alucomfort.be\/fr\/wp-json\/wp\/v2\/media?parent=166112"}],"wp:term":[{"taxonomy":"product_brand","embeddable":true,"href":"https:\/\/www.alucomfort.be\/fr\/wp-json\/wp\/v2\/product_brand?post=166112"},{"taxonomy":"product_cat","embeddable":true,"href":"https:\/\/www.alucomfort.be\/fr\/wp-json\/wp\/v2\/product_cat?post=166112"},{"taxonomy":"product_tag","embeddable":true,"href":"https:\/\/www.alucomfort.be\/fr\/wp-json\/wp\/v2\/product_tag?post=166112"}],"curies":[{"name":"wp","href":"https:\/\/api.w.org\/{rel}","templated":true}]}}