

{"id":166134,"date":"2019-10-13T23:09:57","date_gmt":"2019-10-13T21:09:57","guid":{"rendered":"https:\/\/www.alucomfort.be\/product\/escabeau-de-montage-avec-tole-striee-en-alu-anti-derapante\/"},"modified":"2022-05-31T11:46:16","modified_gmt":"2022-05-31T09:46:16","slug":"escabeau-de-montage-avec-tole-striee-en-alu-anti-derapante","status":"publish","type":"product","link":"https:\/\/www.alucomfort.be\/fr\/product\/escabeau-de-montage-avec-tole-striee-en-alu-anti-derapante\/","title":{"rendered":"Escabeau de montage avec t\u00f4le stri\u00e9e en alu anti-d\u00e9rapante."},"content":{"rendered":"<p>* Plateforme de montage selon DIN EN 14183, * Surface de l&rsquo;\u00e9tage sup\u00e9rieur 305 x 520 mm, * Marches avec une profondeur de 240 mm, * Delai de livraison: plus au moins 7 jours.<\/p>\n","protected":false},"excerpt":{"rendered":"<p>Plate-forme de travail en alu pour des travaux de montage et de maintenance.<\/p>\n","protected":false},"featured_media":10958,"template":"","meta":{"_acf_changed":false},"product_brand":[],"product_cat":[2535],"product_tag":[],"class_list":{"0":"post-166134","1":"product","2":"type-product","3":"status-publish","4":"has-post-thumbnail","6":"product_cat-plate-formes-de-travail","8":"first","9":"outofstock","10":"taxable","11":"shipping-taxable","12":"purchasable","13":"product-type-variable"},"acf":[],"yoast_head":"<!-- This site is optimized with the Yoast SEO plugin v24.8.1 - https:\/\/yoast.com\/wordpress\/plugins\/seo\/ -->\n<title>Escabau de montage en alu<\/title>\n<meta name=\"description\" content=\"Plate-forme de travail en alu pour des travaux de montage et de maintenance.\" \/>\n<meta name=\"robots\" content=\"index, follow, max-snippet:-1, max-image-preview:large, max-video-preview:-1\" \/>\n<link rel=\"canonical\" href=\"https:\/\/www.alucomfort.be\/product\/werkplatform-met-tranenplaat\/\" \/>\n<meta property=\"og:locale\" content=\"fr_FR\" \/>\n<meta property=\"og:type\" content=\"article\" \/>\n<meta property=\"og:title\" content=\"Escabau de montage en alu\" \/>\n<meta property=\"og:description\" content=\"Plate-forme de travail en alu pour des travaux de montage et de maintenance.\" \/>\n<meta property=\"og:url\" content=\"https:\/\/www.alucomfort.be\/product\/werkplatform-met-tranenplaat\/\" \/>\n<meta property=\"og:site_name\" content=\"Alu Comfort\" \/>\n<meta property=\"article:modified_time\" content=\"2022-05-31T09:46:16+00:00\" \/>\n<meta property=\"og:image\" content=\"https:\/\/www.alucomfort.be\/wp-content\/uploads\/KR-805010-2.jpg\" \/>\n\t<meta property=\"og:image:width\" content=\"1160\" \/>\n\t<meta property=\"og:image:height\" content=\"900\" \/>\n\t<meta property=\"og:image:type\" content=\"image\/jpeg\" \/>\n<meta name=\"twitter:card\" content=\"summary_large_image\" \/>\n<script type=\"application\/ld+json\" class=\"yoast-schema-graph\">{\"@context\":\"https:\/\/schema.org\",\"@graph\":[{\"@type\":\"WebPage\",\"@id\":\"https:\/\/www.alucomfort.be\/product\/werkplatform-met-tranenplaat\/\",\"url\":\"https:\/\/www.alucomfort.be\/product\/werkplatform-met-tranenplaat\/\",\"name\":\"Escabau de montage en alu\",\"isPartOf\":{\"@id\":\"https:\/\/www.alucomfort.be\/#website\"},\"primaryImageOfPage\":{\"@id\":\"https:\/\/www.alucomfort.be\/product\/werkplatform-met-tranenplaat\/#primaryimage\"},\"image\":{\"@id\":\"https:\/\/www.alucomfort.be\/product\/werkplatform-met-tranenplaat\/#primaryimage\"},\"thumbnailUrl\":\"https:\/\/www.alucomfort.be\/wp-content\/uploads\/KR-805010-2.jpg\",\"datePublished\":\"2019-10-13T21:09:57+00:00\",\"dateModified\":\"2022-05-31T09:46:16+00:00\",\"description\":\"Plate-forme de travail en alu pour des travaux de montage et de maintenance.\",\"breadcrumb\":{\"@id\":\"https:\/\/www.alucomfort.be\/product\/werkplatform-met-tranenplaat\/#breadcrumb\"},\"inLanguage\":\"fr-FR\",\"potentialAction\":[{\"@type\":\"ReadAction\",\"target\":[\"https:\/\/www.alucomfort.be\/product\/werkplatform-met-tranenplaat\/\"]}]},{\"@type\":\"ImageObject\",\"inLanguage\":\"fr-FR\",\"@id\":\"https:\/\/www.alucomfort.be\/product\/werkplatform-met-tranenplaat\/#primaryimage\",\"url\":\"https:\/\/www.alucomfort.be\/wp-content\/uploads\/KR-805010-2.jpg\",\"contentUrl\":\"https:\/\/www.alucomfort.be\/wp-content\/uploads\/KR-805010-2.jpg\",\"width\":1160,\"height\":900},{\"@type\":\"BreadcrumbList\",\"@id\":\"https:\/\/www.alucomfort.be\/product\/werkplatform-met-tranenplaat\/#breadcrumb\",\"itemListElement\":[{\"@type\":\"ListItem\",\"position\":1,\"name\":\"Home\",\"item\":\"https:\/\/www.alucomfort.be\/fr\/\"},{\"@type\":\"ListItem\",\"position\":2,\"name\":\"Producten\",\"item\":\"https:\/\/www.alucomfort.be\/producten\/\"},{\"@type\":\"ListItem\",\"position\":3,\"name\":\"Escabeau de montage avec t\u00f4le stri\u00e9e en alu anti-d\u00e9rapante.\"}]},{\"@type\":\"WebSite\",\"@id\":\"https:\/\/www.alucomfort.be\/#website\",\"url\":\"https:\/\/www.alucomfort.be\/\",\"name\":\"Alu Comfort\",\"description\":\"\",\"potentialAction\":[{\"@type\":\"SearchAction\",\"target\":{\"@type\":\"EntryPoint\",\"urlTemplate\":\"https:\/\/www.alucomfort.be\/?s={search_term_string}\"},\"query-input\":{\"@type\":\"PropertyValueSpecification\",\"valueRequired\":true,\"valueName\":\"search_term_string\"}}],\"inLanguage\":\"fr-FR\"}]}<\/script>\n<!-- \/ Yoast SEO plugin. -->","yoast_head_json":{"title":"Escabau de montage en alu","description":"Plate-forme de travail en alu pour des travaux de montage et de maintenance.","robots":{"index":"index","follow":"follow","max-snippet":"max-snippet:-1","max-image-preview":"max-image-preview:large","max-video-preview":"max-video-preview:-1"},"canonical":"https:\/\/www.alucomfort.be\/product\/werkplatform-met-tranenplaat\/","og_locale":"fr_FR","og_type":"article","og_title":"Escabau de montage en alu","og_description":"Plate-forme de travail en alu pour des travaux de montage et de maintenance.","og_url":"https:\/\/www.alucomfort.be\/product\/werkplatform-met-tranenplaat\/","og_site_name":"Alu Comfort","article_modified_time":"2022-05-31T09:46:16+00:00","og_image":[{"width":1160,"height":900,"url":"https:\/\/www.alucomfort.be\/wp-content\/uploads\/KR-805010-2.jpg","type":"image\/jpeg"}],"twitter_card":"summary_large_image","schema":{"@context":"https:\/\/schema.org","@graph":[{"@type":"WebPage","@id":"https:\/\/www.alucomfort.be\/product\/werkplatform-met-tranenplaat\/","url":"https:\/\/www.alucomfort.be\/product\/werkplatform-met-tranenplaat\/","name":"Escabau de montage en alu","isPartOf":{"@id":"https:\/\/www.alucomfort.be\/#website"},"primaryImageOfPage":{"@id":"https:\/\/www.alucomfort.be\/product\/werkplatform-met-tranenplaat\/#primaryimage"},"image":{"@id":"https:\/\/www.alucomfort.be\/product\/werkplatform-met-tranenplaat\/#primaryimage"},"thumbnailUrl":"https:\/\/www.alucomfort.be\/wp-content\/uploads\/KR-805010-2.jpg","datePublished":"2019-10-13T21:09:57+00:00","dateModified":"2022-05-31T09:46:16+00:00","description":"Plate-forme de travail en alu pour des travaux de montage et de maintenance.","breadcrumb":{"@id":"https:\/\/www.alucomfort.be\/product\/werkplatform-met-tranenplaat\/#breadcrumb"},"inLanguage":"fr-FR","potentialAction":[{"@type":"ReadAction","target":["https:\/\/www.alucomfort.be\/product\/werkplatform-met-tranenplaat\/"]}]},{"@type":"ImageObject","inLanguage":"fr-FR","@id":"https:\/\/www.alucomfort.be\/product\/werkplatform-met-tranenplaat\/#primaryimage","url":"https:\/\/www.alucomfort.be\/wp-content\/uploads\/KR-805010-2.jpg","contentUrl":"https:\/\/www.alucomfort.be\/wp-content\/uploads\/KR-805010-2.jpg","width":1160,"height":900},{"@type":"BreadcrumbList","@id":"https:\/\/www.alucomfort.be\/product\/werkplatform-met-tranenplaat\/#breadcrumb","itemListElement":[{"@type":"ListItem","position":1,"name":"Home","item":"https:\/\/www.alucomfort.be\/fr\/"},{"@type":"ListItem","position":2,"name":"Producten","item":"https:\/\/www.alucomfort.be\/producten\/"},{"@type":"ListItem","position":3,"name":"Escabeau de montage avec t\u00f4le stri\u00e9e en alu anti-d\u00e9rapante."}]},{"@type":"WebSite","@id":"https:\/\/www.alucomfort.be\/#website","url":"https:\/\/www.alucomfort.be\/","name":"Alu Comfort","description":"","potentialAction":[{"@type":"SearchAction","target":{"@type":"EntryPoint","urlTemplate":"https:\/\/www.alucomfort.be\/?s={search_term_string}"},"query-input":{"@type":"PropertyValueSpecification","valueRequired":true,"valueName":"search_term_string"}}],"inLanguage":"fr-FR"}]}},"_links":{"self":[{"href":"https:\/\/www.alucomfort.be\/fr\/wp-json\/wp\/v2\/product\/166134","targetHints":{"allow":["GET"]}}],"collection":[{"href":"https:\/\/www.alucomfort.be\/fr\/wp-json\/wp\/v2\/product"}],"about":[{"href":"https:\/\/www.alucomfort.be\/fr\/wp-json\/wp\/v2\/types\/product"}],"wp:featuredmedia":[{"embeddable":true,"href":"https:\/\/www.alucomfort.be\/fr\/wp-json\/wp\/v2\/media\/10958"}],"wp:attachment":[{"href":"https:\/\/www.alucomfort.be\/fr\/wp-json\/wp\/v2\/media?parent=166134"}],"wp:term":[{"taxonomy":"product_brand","embeddable":true,"href":"https:\/\/www.alucomfort.be\/fr\/wp-json\/wp\/v2\/product_brand?post=166134"},{"taxonomy":"product_cat","embeddable":true,"href":"https:\/\/www.alucomfort.be\/fr\/wp-json\/wp\/v2\/product_cat?post=166134"},{"taxonomy":"product_tag","embeddable":true,"href":"https:\/\/www.alucomfort.be\/fr\/wp-json\/wp\/v2\/product_tag?post=166134"}],"curies":[{"name":"wp","href":"https:\/\/api.w.org\/{rel}","templated":true}]}}