

{"id":166146,"date":"2019-10-13T23:10:06","date_gmt":"2019-10-13T21:10:06","guid":{"rendered":"https:\/\/www.alucomfort.be\/product\/escabeau-de-travail-mobile-en-alu-avec-des-marches-en-tole-striee-anti-derapante\/"},"modified":"2022-05-31T11:46:32","modified_gmt":"2022-05-31T09:46:32","slug":"escabeau-de-travail-mobile-en-alu-avec-des-marches-en-tole-striee-anti-derapante","status":"publish","type":"product","link":"https:\/\/www.alucomfort.be\/fr\/product\/escabeau-de-travail-mobile-en-alu-avec-des-marches-en-tole-striee-anti-derapante\/","title":{"rendered":"Escabeau de travail mobile en alu avec des marches en t\u00f4le stri\u00e9e anti-d\u00e9rapante."},"content":{"rendered":"<p>* Plateforme de montage selon DIN EN 14183, * Surface de l&rsquo;\u00e9tage sup\u00e9rieur 305 x 520 mm, * Marches avec une profondeur de 240 mm, * Avec capuchons de pied anti-d\u00e9rapants, * Avec 2 roulettes et garde-corps pour monter en toute s\u00e9curit\u00e9 et confort, * Delai de livraison: plus au moins 7 jours.<\/p>\n","protected":false},"excerpt":{"rendered":"<p>Plateforme de travail mobile en alu avec garde-corps pour des travaux de montage et de maintenance.   <\/p>\n","protected":false},"featured_media":10966,"template":"","meta":{"_acf_changed":false},"product_brand":[],"product_cat":[2535],"product_tag":[],"class_list":{"0":"post-166146","1":"product","2":"type-product","3":"status-publish","4":"has-post-thumbnail","6":"product_cat-plate-formes-de-travail","8":"first","9":"outofstock","10":"taxable","11":"shipping-taxable","12":"purchasable","13":"product-type-variable"},"acf":[],"yoast_head":"<!-- This site is optimized with the Yoast SEO plugin v24.8.1 - https:\/\/yoast.com\/wordpress\/plugins\/seo\/ -->\n<title>Escabau mobile de montage avec des marches anti-d\u00e9rapante.<\/title>\n<meta name=\"description\" content=\"Plate-forme de travail mobile en alu avec garde-corps pour des travaux de montage et de maintenance.\" \/>\n<meta name=\"robots\" content=\"index, follow, max-snippet:-1, max-image-preview:large, max-video-preview:-1\" \/>\n<link rel=\"canonical\" href=\"https:\/\/www.alucomfort.be\/product\/werkplatform-tranenplaat-met-wielen-en-leuningen\/\" \/>\n<meta property=\"og:locale\" content=\"fr_FR\" \/>\n<meta property=\"og:type\" content=\"article\" \/>\n<meta property=\"og:title\" content=\"Escabau mobile de montage avec des marches anti-d\u00e9rapante.\" \/>\n<meta property=\"og:description\" content=\"Plate-forme de travail mobile en alu avec garde-corps pour des travaux de montage et de maintenance.\" \/>\n<meta property=\"og:url\" content=\"https:\/\/www.alucomfort.be\/product\/werkplatform-tranenplaat-met-wielen-en-leuningen\/\" \/>\n<meta property=\"og:site_name\" content=\"Alu Comfort\" \/>\n<meta property=\"article:modified_time\" content=\"2022-05-31T09:46:32+00:00\" \/>\n<meta property=\"og:image\" content=\"https:\/\/www.alucomfort.be\/wp-content\/uploads\/KR-805089-1.png\" \/>\n\t<meta property=\"og:image:width\" content=\"350\" \/>\n\t<meta property=\"og:image:height\" content=\"516\" \/>\n\t<meta property=\"og:image:type\" content=\"image\/png\" \/>\n<meta name=\"twitter:card\" content=\"summary_large_image\" \/>\n<script type=\"application\/ld+json\" class=\"yoast-schema-graph\">{\"@context\":\"https:\/\/schema.org\",\"@graph\":[{\"@type\":\"WebPage\",\"@id\":\"https:\/\/www.alucomfort.be\/product\/werkplatform-tranenplaat-met-wielen-en-leuningen\/\",\"url\":\"https:\/\/www.alucomfort.be\/product\/werkplatform-tranenplaat-met-wielen-en-leuningen\/\",\"name\":\"Escabau mobile de montage avec des marches anti-d\u00e9rapante.\",\"isPartOf\":{\"@id\":\"https:\/\/www.alucomfort.be\/#website\"},\"primaryImageOfPage\":{\"@id\":\"https:\/\/www.alucomfort.be\/product\/werkplatform-tranenplaat-met-wielen-en-leuningen\/#primaryimage\"},\"image\":{\"@id\":\"https:\/\/www.alucomfort.be\/product\/werkplatform-tranenplaat-met-wielen-en-leuningen\/#primaryimage\"},\"thumbnailUrl\":\"https:\/\/www.alucomfort.be\/wp-content\/uploads\/KR-805089-1.png\",\"datePublished\":\"2019-10-13T21:10:06+00:00\",\"dateModified\":\"2022-05-31T09:46:32+00:00\",\"description\":\"Plate-forme de travail mobile en alu avec garde-corps pour des travaux de montage et de maintenance.\",\"breadcrumb\":{\"@id\":\"https:\/\/www.alucomfort.be\/product\/werkplatform-tranenplaat-met-wielen-en-leuningen\/#breadcrumb\"},\"inLanguage\":\"fr-FR\",\"potentialAction\":[{\"@type\":\"ReadAction\",\"target\":[\"https:\/\/www.alucomfort.be\/product\/werkplatform-tranenplaat-met-wielen-en-leuningen\/\"]}]},{\"@type\":\"ImageObject\",\"inLanguage\":\"fr-FR\",\"@id\":\"https:\/\/www.alucomfort.be\/product\/werkplatform-tranenplaat-met-wielen-en-leuningen\/#primaryimage\",\"url\":\"https:\/\/www.alucomfort.be\/wp-content\/uploads\/KR-805089-1.png\",\"contentUrl\":\"https:\/\/www.alucomfort.be\/wp-content\/uploads\/KR-805089-1.png\",\"width\":350,\"height\":516},{\"@type\":\"BreadcrumbList\",\"@id\":\"https:\/\/www.alucomfort.be\/product\/werkplatform-tranenplaat-met-wielen-en-leuningen\/#breadcrumb\",\"itemListElement\":[{\"@type\":\"ListItem\",\"position\":1,\"name\":\"Home\",\"item\":\"https:\/\/www.alucomfort.be\/fr\/\"},{\"@type\":\"ListItem\",\"position\":2,\"name\":\"Producten\",\"item\":\"https:\/\/www.alucomfort.be\/producten\/\"},{\"@type\":\"ListItem\",\"position\":3,\"name\":\"Escabeau de travail mobile en alu avec des marches en t\u00f4le stri\u00e9e anti-d\u00e9rapante.\"}]},{\"@type\":\"WebSite\",\"@id\":\"https:\/\/www.alucomfort.be\/#website\",\"url\":\"https:\/\/www.alucomfort.be\/\",\"name\":\"Alu Comfort\",\"description\":\"\",\"potentialAction\":[{\"@type\":\"SearchAction\",\"target\":{\"@type\":\"EntryPoint\",\"urlTemplate\":\"https:\/\/www.alucomfort.be\/?s={search_term_string}\"},\"query-input\":{\"@type\":\"PropertyValueSpecification\",\"valueRequired\":true,\"valueName\":\"search_term_string\"}}],\"inLanguage\":\"fr-FR\"}]}<\/script>\n<!-- \/ Yoast SEO plugin. -->","yoast_head_json":{"title":"Escabau mobile de montage avec des marches anti-d\u00e9rapante.","description":"Plate-forme de travail mobile en alu avec garde-corps pour des travaux de montage et de maintenance.","robots":{"index":"index","follow":"follow","max-snippet":"max-snippet:-1","max-image-preview":"max-image-preview:large","max-video-preview":"max-video-preview:-1"},"canonical":"https:\/\/www.alucomfort.be\/product\/werkplatform-tranenplaat-met-wielen-en-leuningen\/","og_locale":"fr_FR","og_type":"article","og_title":"Escabau mobile de montage avec des marches anti-d\u00e9rapante.","og_description":"Plate-forme de travail mobile en alu avec garde-corps pour des travaux de montage et de maintenance.","og_url":"https:\/\/www.alucomfort.be\/product\/werkplatform-tranenplaat-met-wielen-en-leuningen\/","og_site_name":"Alu Comfort","article_modified_time":"2022-05-31T09:46:32+00:00","og_image":[{"width":350,"height":516,"url":"https:\/\/www.alucomfort.be\/wp-content\/uploads\/KR-805089-1.png","type":"image\/png"}],"twitter_card":"summary_large_image","schema":{"@context":"https:\/\/schema.org","@graph":[{"@type":"WebPage","@id":"https:\/\/www.alucomfort.be\/product\/werkplatform-tranenplaat-met-wielen-en-leuningen\/","url":"https:\/\/www.alucomfort.be\/product\/werkplatform-tranenplaat-met-wielen-en-leuningen\/","name":"Escabau mobile de montage avec des marches anti-d\u00e9rapante.","isPartOf":{"@id":"https:\/\/www.alucomfort.be\/#website"},"primaryImageOfPage":{"@id":"https:\/\/www.alucomfort.be\/product\/werkplatform-tranenplaat-met-wielen-en-leuningen\/#primaryimage"},"image":{"@id":"https:\/\/www.alucomfort.be\/product\/werkplatform-tranenplaat-met-wielen-en-leuningen\/#primaryimage"},"thumbnailUrl":"https:\/\/www.alucomfort.be\/wp-content\/uploads\/KR-805089-1.png","datePublished":"2019-10-13T21:10:06+00:00","dateModified":"2022-05-31T09:46:32+00:00","description":"Plate-forme de travail mobile en alu avec garde-corps pour des travaux de montage et de maintenance.","breadcrumb":{"@id":"https:\/\/www.alucomfort.be\/product\/werkplatform-tranenplaat-met-wielen-en-leuningen\/#breadcrumb"},"inLanguage":"fr-FR","potentialAction":[{"@type":"ReadAction","target":["https:\/\/www.alucomfort.be\/product\/werkplatform-tranenplaat-met-wielen-en-leuningen\/"]}]},{"@type":"ImageObject","inLanguage":"fr-FR","@id":"https:\/\/www.alucomfort.be\/product\/werkplatform-tranenplaat-met-wielen-en-leuningen\/#primaryimage","url":"https:\/\/www.alucomfort.be\/wp-content\/uploads\/KR-805089-1.png","contentUrl":"https:\/\/www.alucomfort.be\/wp-content\/uploads\/KR-805089-1.png","width":350,"height":516},{"@type":"BreadcrumbList","@id":"https:\/\/www.alucomfort.be\/product\/werkplatform-tranenplaat-met-wielen-en-leuningen\/#breadcrumb","itemListElement":[{"@type":"ListItem","position":1,"name":"Home","item":"https:\/\/www.alucomfort.be\/fr\/"},{"@type":"ListItem","position":2,"name":"Producten","item":"https:\/\/www.alucomfort.be\/producten\/"},{"@type":"ListItem","position":3,"name":"Escabeau de travail mobile en alu avec des marches en t\u00f4le stri\u00e9e anti-d\u00e9rapante."}]},{"@type":"WebSite","@id":"https:\/\/www.alucomfort.be\/#website","url":"https:\/\/www.alucomfort.be\/","name":"Alu Comfort","description":"","potentialAction":[{"@type":"SearchAction","target":{"@type":"EntryPoint","urlTemplate":"https:\/\/www.alucomfort.be\/?s={search_term_string}"},"query-input":{"@type":"PropertyValueSpecification","valueRequired":true,"valueName":"search_term_string"}}],"inLanguage":"fr-FR"}]}},"_links":{"self":[{"href":"https:\/\/www.alucomfort.be\/fr\/wp-json\/wp\/v2\/product\/166146","targetHints":{"allow":["GET"]}}],"collection":[{"href":"https:\/\/www.alucomfort.be\/fr\/wp-json\/wp\/v2\/product"}],"about":[{"href":"https:\/\/www.alucomfort.be\/fr\/wp-json\/wp\/v2\/types\/product"}],"wp:featuredmedia":[{"embeddable":true,"href":"https:\/\/www.alucomfort.be\/fr\/wp-json\/wp\/v2\/media\/10966"}],"wp:attachment":[{"href":"https:\/\/www.alucomfort.be\/fr\/wp-json\/wp\/v2\/media?parent=166146"}],"wp:term":[{"taxonomy":"product_brand","embeddable":true,"href":"https:\/\/www.alucomfort.be\/fr\/wp-json\/wp\/v2\/product_brand?post=166146"},{"taxonomy":"product_cat","embeddable":true,"href":"https:\/\/www.alucomfort.be\/fr\/wp-json\/wp\/v2\/product_cat?post=166146"},{"taxonomy":"product_tag","embeddable":true,"href":"https:\/\/www.alucomfort.be\/fr\/wp-json\/wp\/v2\/product_tag?post=166146"}],"curies":[{"name":"wp","href":"https:\/\/api.w.org\/{rel}","templated":true}]}}