

{"id":166166,"date":"2019-10-13T23:10:23","date_gmt":"2019-10-13T21:10:23","guid":{"rendered":"https:\/\/www.alucomfort.be\/product\/escabeau-double-a-marches\/"},"modified":"2022-07-14T15:28:34","modified_gmt":"2022-07-14T13:28:34","slug":"escabeau-double-a-marches","status":"publish","type":"product","link":"https:\/\/www.alucomfort.be\/fr\/product\/escabeau-double-a-marches\/","title":{"rendered":"Escabeau double \u00e0 marches"},"content":{"rendered":"<p>* Escabeau professionel, * Montants anodis\u00e9s.  L&rsquo;anodisaton emp\u00eache d&rsquo;avoir les mains sales et \u00e9vite la corrosion, * Profondeur des marches 80 mm, * Sabots robustes et antid\u00e9rapants, * Made in Germany<\/p>\n","protected":false},"excerpt":{"rendered":"<p>* Escabeau professionel, * Montants anodis\u00e9s. L&rsquo;anodisaton emp\u00eache d&rsquo;avoir les mains sales et \u00e9vite la corrosion, * Profondeur des marches 80 mm, * Sabots robustes et antid\u00e9rapants, * Made in Germany<\/p>\n","protected":false},"featured_media":203299,"template":"","meta":{"_acf_changed":false},"product_brand":[],"product_cat":[8067],"product_tag":[],"class_list":{"0":"post-166166","1":"product","2":"type-product","3":"status-publish","4":"has-post-thumbnail","6":"product_cat-escabeaux-professionnels","8":"first","9":"outofstock","10":"taxable","11":"shipping-taxable","12":"purchasable","13":"product-type-variable"},"acf":[],"yoast_head":"<!-- This site is optimized with the Yoast SEO plugin v24.8.1 - https:\/\/yoast.com\/wordpress\/plugins\/seo\/ -->\n<title>Echelles professionelles<\/title>\n<meta name=\"robots\" content=\"index, follow, max-snippet:-1, max-image-preview:large, max-video-preview:-1\" \/>\n<link rel=\"canonical\" href=\"https:\/\/www.alucomfort.be\/product\/hymer-dubbele-trapladder\/\" \/>\n<meta property=\"og:locale\" content=\"fr_FR\" \/>\n<meta property=\"og:type\" content=\"article\" \/>\n<meta property=\"og:title\" content=\"Echelles professionelles\" \/>\n<meta property=\"og:description\" content=\"* Escabeau professionel, * Montants anodis\u00e9s. L&rsquo;anodisaton emp\u00eache d&rsquo;avoir les mains sales et \u00e9vite la corrosion, * Profondeur des marches 80 mm, * Sabots robustes et antid\u00e9rapants, * Made in Germany\" \/>\n<meta property=\"og:url\" content=\"https:\/\/www.alucomfort.be\/product\/hymer-dubbele-trapladder\/\" \/>\n<meta property=\"og:site_name\" content=\"Alu Comfort\" \/>\n<meta property=\"article:modified_time\" content=\"2022-07-14T13:28:34+00:00\" \/>\n<meta property=\"og:image\" content=\"https:\/\/www.alucomfort.be\/wp-content\/uploads\/Escabeau-Professionnel-1-1.jpg\" \/>\n\t<meta property=\"og:image:width\" content=\"458\" \/>\n\t<meta property=\"og:image:height\" content=\"700\" \/>\n\t<meta property=\"og:image:type\" content=\"image\/jpeg\" \/>\n<meta name=\"twitter:card\" content=\"summary_large_image\" \/>\n<script type=\"application\/ld+json\" class=\"yoast-schema-graph\">{\"@context\":\"https:\/\/schema.org\",\"@graph\":[{\"@type\":\"WebPage\",\"@id\":\"https:\/\/www.alucomfort.be\/product\/hymer-dubbele-trapladder\/\",\"url\":\"https:\/\/www.alucomfort.be\/product\/hymer-dubbele-trapladder\/\",\"name\":\"Echelles professionelles\",\"isPartOf\":{\"@id\":\"https:\/\/www.alucomfort.be\/#website\"},\"primaryImageOfPage\":{\"@id\":\"https:\/\/www.alucomfort.be\/product\/hymer-dubbele-trapladder\/#primaryimage\"},\"image\":{\"@id\":\"https:\/\/www.alucomfort.be\/product\/hymer-dubbele-trapladder\/#primaryimage\"},\"thumbnailUrl\":\"https:\/\/www.alucomfort.be\/wp-content\/uploads\/Escabeau-Professionnel-1-1.jpg\",\"datePublished\":\"2019-10-13T21:10:23+00:00\",\"dateModified\":\"2022-07-14T13:28:34+00:00\",\"breadcrumb\":{\"@id\":\"https:\/\/www.alucomfort.be\/product\/hymer-dubbele-trapladder\/#breadcrumb\"},\"inLanguage\":\"fr-FR\",\"potentialAction\":[{\"@type\":\"ReadAction\",\"target\":[\"https:\/\/www.alucomfort.be\/product\/hymer-dubbele-trapladder\/\"]}]},{\"@type\":\"ImageObject\",\"inLanguage\":\"fr-FR\",\"@id\":\"https:\/\/www.alucomfort.be\/product\/hymer-dubbele-trapladder\/#primaryimage\",\"url\":\"https:\/\/www.alucomfort.be\/wp-content\/uploads\/Escabeau-Professionnel-1-1.jpg\",\"contentUrl\":\"https:\/\/www.alucomfort.be\/wp-content\/uploads\/Escabeau-Professionnel-1-1.jpg\",\"width\":458,\"height\":700},{\"@type\":\"BreadcrumbList\",\"@id\":\"https:\/\/www.alucomfort.be\/product\/hymer-dubbele-trapladder\/#breadcrumb\",\"itemListElement\":[{\"@type\":\"ListItem\",\"position\":1,\"name\":\"Home\",\"item\":\"https:\/\/www.alucomfort.be\/fr\/\"},{\"@type\":\"ListItem\",\"position\":2,\"name\":\"Producten\",\"item\":\"https:\/\/www.alucomfort.be\/producten\/\"},{\"@type\":\"ListItem\",\"position\":3,\"name\":\"Escabeau double \u00e0 marches\"}]},{\"@type\":\"WebSite\",\"@id\":\"https:\/\/www.alucomfort.be\/#website\",\"url\":\"https:\/\/www.alucomfort.be\/\",\"name\":\"Alu Comfort\",\"description\":\"\",\"potentialAction\":[{\"@type\":\"SearchAction\",\"target\":{\"@type\":\"EntryPoint\",\"urlTemplate\":\"https:\/\/www.alucomfort.be\/?s={search_term_string}\"},\"query-input\":{\"@type\":\"PropertyValueSpecification\",\"valueRequired\":true,\"valueName\":\"search_term_string\"}}],\"inLanguage\":\"fr-FR\"}]}<\/script>\n<!-- \/ Yoast SEO plugin. -->","yoast_head_json":{"title":"Echelles professionelles","robots":{"index":"index","follow":"follow","max-snippet":"max-snippet:-1","max-image-preview":"max-image-preview:large","max-video-preview":"max-video-preview:-1"},"canonical":"https:\/\/www.alucomfort.be\/product\/hymer-dubbele-trapladder\/","og_locale":"fr_FR","og_type":"article","og_title":"Echelles professionelles","og_description":"* Escabeau professionel, * Montants anodis\u00e9s. L&rsquo;anodisaton emp\u00eache d&rsquo;avoir les mains sales et \u00e9vite la corrosion, * Profondeur des marches 80 mm, * Sabots robustes et antid\u00e9rapants, * Made in Germany","og_url":"https:\/\/www.alucomfort.be\/product\/hymer-dubbele-trapladder\/","og_site_name":"Alu Comfort","article_modified_time":"2022-07-14T13:28:34+00:00","og_image":[{"width":458,"height":700,"url":"https:\/\/www.alucomfort.be\/wp-content\/uploads\/Escabeau-Professionnel-1-1.jpg","type":"image\/jpeg"}],"twitter_card":"summary_large_image","schema":{"@context":"https:\/\/schema.org","@graph":[{"@type":"WebPage","@id":"https:\/\/www.alucomfort.be\/product\/hymer-dubbele-trapladder\/","url":"https:\/\/www.alucomfort.be\/product\/hymer-dubbele-trapladder\/","name":"Echelles professionelles","isPartOf":{"@id":"https:\/\/www.alucomfort.be\/#website"},"primaryImageOfPage":{"@id":"https:\/\/www.alucomfort.be\/product\/hymer-dubbele-trapladder\/#primaryimage"},"image":{"@id":"https:\/\/www.alucomfort.be\/product\/hymer-dubbele-trapladder\/#primaryimage"},"thumbnailUrl":"https:\/\/www.alucomfort.be\/wp-content\/uploads\/Escabeau-Professionnel-1-1.jpg","datePublished":"2019-10-13T21:10:23+00:00","dateModified":"2022-07-14T13:28:34+00:00","breadcrumb":{"@id":"https:\/\/www.alucomfort.be\/product\/hymer-dubbele-trapladder\/#breadcrumb"},"inLanguage":"fr-FR","potentialAction":[{"@type":"ReadAction","target":["https:\/\/www.alucomfort.be\/product\/hymer-dubbele-trapladder\/"]}]},{"@type":"ImageObject","inLanguage":"fr-FR","@id":"https:\/\/www.alucomfort.be\/product\/hymer-dubbele-trapladder\/#primaryimage","url":"https:\/\/www.alucomfort.be\/wp-content\/uploads\/Escabeau-Professionnel-1-1.jpg","contentUrl":"https:\/\/www.alucomfort.be\/wp-content\/uploads\/Escabeau-Professionnel-1-1.jpg","width":458,"height":700},{"@type":"BreadcrumbList","@id":"https:\/\/www.alucomfort.be\/product\/hymer-dubbele-trapladder\/#breadcrumb","itemListElement":[{"@type":"ListItem","position":1,"name":"Home","item":"https:\/\/www.alucomfort.be\/fr\/"},{"@type":"ListItem","position":2,"name":"Producten","item":"https:\/\/www.alucomfort.be\/producten\/"},{"@type":"ListItem","position":3,"name":"Escabeau double \u00e0 marches"}]},{"@type":"WebSite","@id":"https:\/\/www.alucomfort.be\/#website","url":"https:\/\/www.alucomfort.be\/","name":"Alu Comfort","description":"","potentialAction":[{"@type":"SearchAction","target":{"@type":"EntryPoint","urlTemplate":"https:\/\/www.alucomfort.be\/?s={search_term_string}"},"query-input":{"@type":"PropertyValueSpecification","valueRequired":true,"valueName":"search_term_string"}}],"inLanguage":"fr-FR"}]}},"_links":{"self":[{"href":"https:\/\/www.alucomfort.be\/fr\/wp-json\/wp\/v2\/product\/166166","targetHints":{"allow":["GET"]}}],"collection":[{"href":"https:\/\/www.alucomfort.be\/fr\/wp-json\/wp\/v2\/product"}],"about":[{"href":"https:\/\/www.alucomfort.be\/fr\/wp-json\/wp\/v2\/types\/product"}],"wp:featuredmedia":[{"embeddable":true,"href":"https:\/\/www.alucomfort.be\/fr\/wp-json\/wp\/v2\/media\/203299"}],"wp:attachment":[{"href":"https:\/\/www.alucomfort.be\/fr\/wp-json\/wp\/v2\/media?parent=166166"}],"wp:term":[{"taxonomy":"product_brand","embeddable":true,"href":"https:\/\/www.alucomfort.be\/fr\/wp-json\/wp\/v2\/product_brand?post=166166"},{"taxonomy":"product_cat","embeddable":true,"href":"https:\/\/www.alucomfort.be\/fr\/wp-json\/wp\/v2\/product_cat?post=166166"},{"taxonomy":"product_tag","embeddable":true,"href":"https:\/\/www.alucomfort.be\/fr\/wp-json\/wp\/v2\/product_tag?post=166166"}],"curies":[{"name":"wp","href":"https:\/\/api.w.org\/{rel}","templated":true}]}}