

{"id":166196,"date":"2019-10-13T23:10:49","date_gmt":"2019-10-13T21:10:49","guid":{"rendered":"https:\/\/www.alucomfort.be\/product\/plan-de-travail-telescopique\/"},"modified":"2025-12-24T19:43:15","modified_gmt":"2025-12-24T17:43:15","slug":"plan-de-travail-telescopique","status":"publish","type":"product","link":"https:\/\/www.alucomfort.be\/fr\/product\/plan-de-travail-telescopique\/","title":{"rendered":"Plan de travail t\u00e9lescopique"},"content":{"rendered":"<p>* Plan de travail t\u00e9lescopique extensible sur les deux c\u00f4t\u00e9s, * Longueur ferm\u00e9e: 2,08 m, Longueur ouverte: 3,50 m* Charge admissible de 150 kg, * Hauteur maximale autoris\u00e9e: 1,00 m<\/p>\n","protected":false},"excerpt":{"rendered":"<p>Plan de travail t\u00e9lescopique en alu plus longue<\/p>\n","protected":false},"featured_media":203325,"template":"","meta":{"_acf_changed":false},"product_brand":[],"product_cat":[9952,2147],"product_tag":[],"class_list":{"0":"post-166196","1":"product","2":"type-product","3":"status-publish","4":"has-post-thumbnail","6":"product_cat-planche-telescopique","7":"product_cat-mobiele-trap-met-platform","9":"first","10":"instock","11":"taxable","12":"shipping-taxable","13":"purchasable","14":"product-type-simple"},"acf":[],"yoast_head":"<!-- This site is optimized with the Yoast SEO plugin v24.8.1 - https:\/\/yoast.com\/wordpress\/plugins\/seo\/ -->\n<title>Plan de travail t\u00e9lescopique en alu | Alu Comfort |<\/title>\n<meta name=\"description\" content=\"Plan de travail t\u00e9lescopique extensible sur les deux c\u00f4t\u00e9s.\" \/>\n<meta name=\"robots\" content=\"index, follow, max-snippet:-1, max-image-preview:large, max-video-preview:-1\" \/>\n<link rel=\"canonical\" href=\"https:\/\/www.alucomfort.be\/product\/telescopische-schuifplank-hymer-2\/\" \/>\n<meta property=\"og:locale\" content=\"fr_FR\" \/>\n<meta property=\"og:type\" content=\"article\" \/>\n<meta property=\"og:title\" content=\"Plan de travail t\u00e9lescopique en alu | Alu Comfort |\" \/>\n<meta property=\"og:description\" content=\"Plan de travail t\u00e9lescopique extensible sur les deux c\u00f4t\u00e9s.\" \/>\n<meta property=\"og:url\" content=\"https:\/\/www.alucomfort.be\/product\/telescopische-schuifplank-hymer-2\/\" \/>\n<meta property=\"og:site_name\" content=\"Alu Comfort\" \/>\n<meta property=\"article:modified_time\" content=\"2025-12-24T17:43:15+00:00\" \/>\n<meta property=\"og:image\" content=\"https:\/\/www.alucomfort.be\/wp-content\/uploads\/TelescopischePlankHymer1-1.jpg\" \/>\n\t<meta property=\"og:image:width\" content=\"1920\" \/>\n\t<meta property=\"og:image:height\" content=\"884\" \/>\n\t<meta property=\"og:image:type\" content=\"image\/jpeg\" \/>\n<meta name=\"twitter:card\" content=\"summary_large_image\" \/>\n<script type=\"application\/ld+json\" class=\"yoast-schema-graph\">{\"@context\":\"https:\/\/schema.org\",\"@graph\":[{\"@type\":\"WebPage\",\"@id\":\"https:\/\/www.alucomfort.be\/product\/telescopische-schuifplank-hymer-2\/\",\"url\":\"https:\/\/www.alucomfort.be\/product\/telescopische-schuifplank-hymer-2\/\",\"name\":\"Plan de travail t\u00e9lescopique en alu | Alu Comfort |\",\"isPartOf\":{\"@id\":\"https:\/\/www.alucomfort.be\/#website\"},\"primaryImageOfPage\":{\"@id\":\"https:\/\/www.alucomfort.be\/product\/telescopische-schuifplank-hymer-2\/#primaryimage\"},\"image\":{\"@id\":\"https:\/\/www.alucomfort.be\/product\/telescopische-schuifplank-hymer-2\/#primaryimage\"},\"thumbnailUrl\":\"https:\/\/www.alucomfort.be\/wp-content\/uploads\/TelescopischePlankHymer1-1.jpg\",\"datePublished\":\"2019-10-13T21:10:49+00:00\",\"dateModified\":\"2025-12-24T17:43:15+00:00\",\"description\":\"Plan de travail t\u00e9lescopique extensible sur les deux c\u00f4t\u00e9s.\",\"breadcrumb\":{\"@id\":\"https:\/\/www.alucomfort.be\/product\/telescopische-schuifplank-hymer-2\/#breadcrumb\"},\"inLanguage\":\"fr-FR\",\"potentialAction\":[{\"@type\":\"ReadAction\",\"target\":[\"https:\/\/www.alucomfort.be\/product\/telescopische-schuifplank-hymer-2\/\"]}]},{\"@type\":\"ImageObject\",\"inLanguage\":\"fr-FR\",\"@id\":\"https:\/\/www.alucomfort.be\/product\/telescopische-schuifplank-hymer-2\/#primaryimage\",\"url\":\"https:\/\/www.alucomfort.be\/wp-content\/uploads\/TelescopischePlankHymer1-1.jpg\",\"contentUrl\":\"https:\/\/www.alucomfort.be\/wp-content\/uploads\/TelescopischePlankHymer1-1.jpg\",\"width\":1920,\"height\":884},{\"@type\":\"BreadcrumbList\",\"@id\":\"https:\/\/www.alucomfort.be\/product\/telescopische-schuifplank-hymer-2\/#breadcrumb\",\"itemListElement\":[{\"@type\":\"ListItem\",\"position\":1,\"name\":\"Home\",\"item\":\"https:\/\/www.alucomfort.be\/fr\/\"},{\"@type\":\"ListItem\",\"position\":2,\"name\":\"Producten\",\"item\":\"https:\/\/www.alucomfort.be\/producten\/\"},{\"@type\":\"ListItem\",\"position\":3,\"name\":\"Plan de travail t\u00e9lescopique\"}]},{\"@type\":\"WebSite\",\"@id\":\"https:\/\/www.alucomfort.be\/#website\",\"url\":\"https:\/\/www.alucomfort.be\/\",\"name\":\"Alu Comfort\",\"description\":\"\",\"potentialAction\":[{\"@type\":\"SearchAction\",\"target\":{\"@type\":\"EntryPoint\",\"urlTemplate\":\"https:\/\/www.alucomfort.be\/?s={search_term_string}\"},\"query-input\":{\"@type\":\"PropertyValueSpecification\",\"valueRequired\":true,\"valueName\":\"search_term_string\"}}],\"inLanguage\":\"fr-FR\"}]}<\/script>\n<!-- \/ Yoast SEO plugin. -->","yoast_head_json":{"title":"Plan de travail t\u00e9lescopique en alu | Alu Comfort |","description":"Plan de travail t\u00e9lescopique extensible sur les deux c\u00f4t\u00e9s.","robots":{"index":"index","follow":"follow","max-snippet":"max-snippet:-1","max-image-preview":"max-image-preview:large","max-video-preview":"max-video-preview:-1"},"canonical":"https:\/\/www.alucomfort.be\/product\/telescopische-schuifplank-hymer-2\/","og_locale":"fr_FR","og_type":"article","og_title":"Plan de travail t\u00e9lescopique en alu | Alu Comfort |","og_description":"Plan de travail t\u00e9lescopique extensible sur les deux c\u00f4t\u00e9s.","og_url":"https:\/\/www.alucomfort.be\/product\/telescopische-schuifplank-hymer-2\/","og_site_name":"Alu Comfort","article_modified_time":"2025-12-24T17:43:15+00:00","og_image":[{"width":1920,"height":884,"url":"https:\/\/www.alucomfort.be\/wp-content\/uploads\/TelescopischePlankHymer1-1.jpg","type":"image\/jpeg"}],"twitter_card":"summary_large_image","schema":{"@context":"https:\/\/schema.org","@graph":[{"@type":"WebPage","@id":"https:\/\/www.alucomfort.be\/product\/telescopische-schuifplank-hymer-2\/","url":"https:\/\/www.alucomfort.be\/product\/telescopische-schuifplank-hymer-2\/","name":"Plan de travail t\u00e9lescopique en alu | Alu Comfort |","isPartOf":{"@id":"https:\/\/www.alucomfort.be\/#website"},"primaryImageOfPage":{"@id":"https:\/\/www.alucomfort.be\/product\/telescopische-schuifplank-hymer-2\/#primaryimage"},"image":{"@id":"https:\/\/www.alucomfort.be\/product\/telescopische-schuifplank-hymer-2\/#primaryimage"},"thumbnailUrl":"https:\/\/www.alucomfort.be\/wp-content\/uploads\/TelescopischePlankHymer1-1.jpg","datePublished":"2019-10-13T21:10:49+00:00","dateModified":"2025-12-24T17:43:15+00:00","description":"Plan de travail t\u00e9lescopique extensible sur les deux c\u00f4t\u00e9s.","breadcrumb":{"@id":"https:\/\/www.alucomfort.be\/product\/telescopische-schuifplank-hymer-2\/#breadcrumb"},"inLanguage":"fr-FR","potentialAction":[{"@type":"ReadAction","target":["https:\/\/www.alucomfort.be\/product\/telescopische-schuifplank-hymer-2\/"]}]},{"@type":"ImageObject","inLanguage":"fr-FR","@id":"https:\/\/www.alucomfort.be\/product\/telescopische-schuifplank-hymer-2\/#primaryimage","url":"https:\/\/www.alucomfort.be\/wp-content\/uploads\/TelescopischePlankHymer1-1.jpg","contentUrl":"https:\/\/www.alucomfort.be\/wp-content\/uploads\/TelescopischePlankHymer1-1.jpg","width":1920,"height":884},{"@type":"BreadcrumbList","@id":"https:\/\/www.alucomfort.be\/product\/telescopische-schuifplank-hymer-2\/#breadcrumb","itemListElement":[{"@type":"ListItem","position":1,"name":"Home","item":"https:\/\/www.alucomfort.be\/fr\/"},{"@type":"ListItem","position":2,"name":"Producten","item":"https:\/\/www.alucomfort.be\/producten\/"},{"@type":"ListItem","position":3,"name":"Plan de travail t\u00e9lescopique"}]},{"@type":"WebSite","@id":"https:\/\/www.alucomfort.be\/#website","url":"https:\/\/www.alucomfort.be\/","name":"Alu Comfort","description":"","potentialAction":[{"@type":"SearchAction","target":{"@type":"EntryPoint","urlTemplate":"https:\/\/www.alucomfort.be\/?s={search_term_string}"},"query-input":{"@type":"PropertyValueSpecification","valueRequired":true,"valueName":"search_term_string"}}],"inLanguage":"fr-FR"}]}},"_links":{"self":[{"href":"https:\/\/www.alucomfort.be\/fr\/wp-json\/wp\/v2\/product\/166196","targetHints":{"allow":["GET"]}}],"collection":[{"href":"https:\/\/www.alucomfort.be\/fr\/wp-json\/wp\/v2\/product"}],"about":[{"href":"https:\/\/www.alucomfort.be\/fr\/wp-json\/wp\/v2\/types\/product"}],"wp:featuredmedia":[{"embeddable":true,"href":"https:\/\/www.alucomfort.be\/fr\/wp-json\/wp\/v2\/media\/203325"}],"wp:attachment":[{"href":"https:\/\/www.alucomfort.be\/fr\/wp-json\/wp\/v2\/media?parent=166196"}],"wp:term":[{"taxonomy":"product_brand","embeddable":true,"href":"https:\/\/www.alucomfort.be\/fr\/wp-json\/wp\/v2\/product_brand?post=166196"},{"taxonomy":"product_cat","embeddable":true,"href":"https:\/\/www.alucomfort.be\/fr\/wp-json\/wp\/v2\/product_cat?post=166196"},{"taxonomy":"product_tag","embeddable":true,"href":"https:\/\/www.alucomfort.be\/fr\/wp-json\/wp\/v2\/product_tag?post=166196"}],"curies":[{"name":"wp","href":"https:\/\/api.w.org\/{rel}","templated":true}]}}