

{"id":166198,"date":"2019-10-13T23:10:51","date_gmt":"2019-10-13T21:10:51","guid":{"rendered":"https:\/\/www.alucomfort.be\/product\/plate-forme-de-travail-telescopique\/"},"modified":"2025-12-24T19:43:16","modified_gmt":"2025-12-24T17:43:16","slug":"plate-forme-de-travail-telescopique","status":"publish","type":"product","link":"https:\/\/www.alucomfort.be\/fr\/product\/plate-forme-de-travail-telescopique\/","title":{"rendered":"Plate-forme de travail t\u00e9lescopique"},"content":{"rendered":"<p>* Plate-forme de travail t\u00e9lescopique, * Le plan de travail peut \u00eatre divis\u00e9 au milieu en deux parties, * Tr\u00e8s robuste, * Extensible jusqu&rsquo;\u00e0 4 m, chaque plan a une longueur de 2 m max, * Charge admissible de 150 kg, * Avec des crochet et des leviers de s\u00e9curit\u00e9, * Hauteur maximale autoris\u00e9e: 1,00 m<\/p>\n","protected":false},"excerpt":{"rendered":"<p>Plate-forme de travail t\u00e9lescopique (2 parties) en alu<\/p>\n","protected":false},"featured_media":203327,"template":"","meta":{"_acf_changed":false},"product_brand":[],"product_cat":[9952,2147],"product_tag":[],"class_list":{"0":"post-166198","1":"product","2":"type-product","3":"status-publish","4":"has-post-thumbnail","6":"product_cat-planche-telescopique","7":"product_cat-mobiele-trap-met-platform","9":"first","10":"instock","11":"taxable","12":"shipping-taxable","13":"purchasable","14":"product-type-simple"},"acf":[],"yoast_head":"<!-- This site is optimized with the Yoast SEO plugin v24.8.1 - https:\/\/yoast.com\/wordpress\/plugins\/seo\/ -->\n<title>Plate-forme de travail t\u00e9lescopique en alu | Alu Comfort |<\/title>\n<meta name=\"description\" content=\"Plate-forme de travail t\u00e9lescopique tr\u00e8s robuste en deux parties.\" \/>\n<meta name=\"robots\" content=\"index, follow, max-snippet:-1, max-image-preview:large, max-video-preview:-1\" \/>\n<link rel=\"canonical\" href=\"https:\/\/www.alucomfort.be\/product\/telescopische-steigerplank-uitschuifbaar-hymer\/\" \/>\n<meta property=\"og:locale\" content=\"fr_FR\" \/>\n<meta property=\"og:type\" content=\"article\" \/>\n<meta property=\"og:title\" content=\"Plate-forme de travail t\u00e9lescopique en alu | Alu Comfort |\" \/>\n<meta property=\"og:description\" content=\"Plate-forme de travail t\u00e9lescopique tr\u00e8s robuste en deux parties.\" \/>\n<meta property=\"og:url\" content=\"https:\/\/www.alucomfort.be\/product\/telescopische-steigerplank-uitschuifbaar-hymer\/\" \/>\n<meta property=\"og:site_name\" content=\"Alu Comfort\" \/>\n<meta property=\"article:modified_time\" content=\"2025-12-24T17:43:16+00:00\" \/>\n<meta property=\"og:image\" content=\"https:\/\/www.alucomfort.be\/wp-content\/uploads\/Telesteg-1-1.jpg\" \/>\n\t<meta property=\"og:image:width\" content=\"1920\" \/>\n\t<meta property=\"og:image:height\" content=\"1440\" \/>\n\t<meta property=\"og:image:type\" content=\"image\/jpeg\" \/>\n<meta name=\"twitter:card\" content=\"summary_large_image\" \/>\n<script type=\"application\/ld+json\" class=\"yoast-schema-graph\">{\"@context\":\"https:\/\/schema.org\",\"@graph\":[{\"@type\":\"WebPage\",\"@id\":\"https:\/\/www.alucomfort.be\/product\/telescopische-steigerplank-uitschuifbaar-hymer\/\",\"url\":\"https:\/\/www.alucomfort.be\/product\/telescopische-steigerplank-uitschuifbaar-hymer\/\",\"name\":\"Plate-forme de travail t\u00e9lescopique en alu | Alu Comfort |\",\"isPartOf\":{\"@id\":\"https:\/\/www.alucomfort.be\/#website\"},\"primaryImageOfPage\":{\"@id\":\"https:\/\/www.alucomfort.be\/product\/telescopische-steigerplank-uitschuifbaar-hymer\/#primaryimage\"},\"image\":{\"@id\":\"https:\/\/www.alucomfort.be\/product\/telescopische-steigerplank-uitschuifbaar-hymer\/#primaryimage\"},\"thumbnailUrl\":\"https:\/\/www.alucomfort.be\/wp-content\/uploads\/Telesteg-1-1.jpg\",\"datePublished\":\"2019-10-13T21:10:51+00:00\",\"dateModified\":\"2025-12-24T17:43:16+00:00\",\"description\":\"Plate-forme de travail t\u00e9lescopique tr\u00e8s robuste en deux parties.\",\"breadcrumb\":{\"@id\":\"https:\/\/www.alucomfort.be\/product\/telescopische-steigerplank-uitschuifbaar-hymer\/#breadcrumb\"},\"inLanguage\":\"fr-FR\",\"potentialAction\":[{\"@type\":\"ReadAction\",\"target\":[\"https:\/\/www.alucomfort.be\/product\/telescopische-steigerplank-uitschuifbaar-hymer\/\"]}]},{\"@type\":\"ImageObject\",\"inLanguage\":\"fr-FR\",\"@id\":\"https:\/\/www.alucomfort.be\/product\/telescopische-steigerplank-uitschuifbaar-hymer\/#primaryimage\",\"url\":\"https:\/\/www.alucomfort.be\/wp-content\/uploads\/Telesteg-1-1.jpg\",\"contentUrl\":\"https:\/\/www.alucomfort.be\/wp-content\/uploads\/Telesteg-1-1.jpg\",\"width\":1920,\"height\":1440},{\"@type\":\"BreadcrumbList\",\"@id\":\"https:\/\/www.alucomfort.be\/product\/telescopische-steigerplank-uitschuifbaar-hymer\/#breadcrumb\",\"itemListElement\":[{\"@type\":\"ListItem\",\"position\":1,\"name\":\"Home\",\"item\":\"https:\/\/www.alucomfort.be\/fr\/\"},{\"@type\":\"ListItem\",\"position\":2,\"name\":\"Producten\",\"item\":\"https:\/\/www.alucomfort.be\/producten\/\"},{\"@type\":\"ListItem\",\"position\":3,\"name\":\"Plate-forme de travail t\u00e9lescopique\"}]},{\"@type\":\"WebSite\",\"@id\":\"https:\/\/www.alucomfort.be\/#website\",\"url\":\"https:\/\/www.alucomfort.be\/\",\"name\":\"Alu Comfort\",\"description\":\"\",\"potentialAction\":[{\"@type\":\"SearchAction\",\"target\":{\"@type\":\"EntryPoint\",\"urlTemplate\":\"https:\/\/www.alucomfort.be\/?s={search_term_string}\"},\"query-input\":{\"@type\":\"PropertyValueSpecification\",\"valueRequired\":true,\"valueName\":\"search_term_string\"}}],\"inLanguage\":\"fr-FR\"}]}<\/script>\n<!-- \/ Yoast SEO plugin. -->","yoast_head_json":{"title":"Plate-forme de travail t\u00e9lescopique en alu | Alu Comfort |","description":"Plate-forme de travail t\u00e9lescopique tr\u00e8s robuste en deux parties.","robots":{"index":"index","follow":"follow","max-snippet":"max-snippet:-1","max-image-preview":"max-image-preview:large","max-video-preview":"max-video-preview:-1"},"canonical":"https:\/\/www.alucomfort.be\/product\/telescopische-steigerplank-uitschuifbaar-hymer\/","og_locale":"fr_FR","og_type":"article","og_title":"Plate-forme de travail t\u00e9lescopique en alu | Alu Comfort |","og_description":"Plate-forme de travail t\u00e9lescopique tr\u00e8s robuste en deux parties.","og_url":"https:\/\/www.alucomfort.be\/product\/telescopische-steigerplank-uitschuifbaar-hymer\/","og_site_name":"Alu Comfort","article_modified_time":"2025-12-24T17:43:16+00:00","og_image":[{"width":1920,"height":1440,"url":"https:\/\/www.alucomfort.be\/wp-content\/uploads\/Telesteg-1-1.jpg","type":"image\/jpeg"}],"twitter_card":"summary_large_image","schema":{"@context":"https:\/\/schema.org","@graph":[{"@type":"WebPage","@id":"https:\/\/www.alucomfort.be\/product\/telescopische-steigerplank-uitschuifbaar-hymer\/","url":"https:\/\/www.alucomfort.be\/product\/telescopische-steigerplank-uitschuifbaar-hymer\/","name":"Plate-forme de travail t\u00e9lescopique en alu | Alu Comfort |","isPartOf":{"@id":"https:\/\/www.alucomfort.be\/#website"},"primaryImageOfPage":{"@id":"https:\/\/www.alucomfort.be\/product\/telescopische-steigerplank-uitschuifbaar-hymer\/#primaryimage"},"image":{"@id":"https:\/\/www.alucomfort.be\/product\/telescopische-steigerplank-uitschuifbaar-hymer\/#primaryimage"},"thumbnailUrl":"https:\/\/www.alucomfort.be\/wp-content\/uploads\/Telesteg-1-1.jpg","datePublished":"2019-10-13T21:10:51+00:00","dateModified":"2025-12-24T17:43:16+00:00","description":"Plate-forme de travail t\u00e9lescopique tr\u00e8s robuste en deux parties.","breadcrumb":{"@id":"https:\/\/www.alucomfort.be\/product\/telescopische-steigerplank-uitschuifbaar-hymer\/#breadcrumb"},"inLanguage":"fr-FR","potentialAction":[{"@type":"ReadAction","target":["https:\/\/www.alucomfort.be\/product\/telescopische-steigerplank-uitschuifbaar-hymer\/"]}]},{"@type":"ImageObject","inLanguage":"fr-FR","@id":"https:\/\/www.alucomfort.be\/product\/telescopische-steigerplank-uitschuifbaar-hymer\/#primaryimage","url":"https:\/\/www.alucomfort.be\/wp-content\/uploads\/Telesteg-1-1.jpg","contentUrl":"https:\/\/www.alucomfort.be\/wp-content\/uploads\/Telesteg-1-1.jpg","width":1920,"height":1440},{"@type":"BreadcrumbList","@id":"https:\/\/www.alucomfort.be\/product\/telescopische-steigerplank-uitschuifbaar-hymer\/#breadcrumb","itemListElement":[{"@type":"ListItem","position":1,"name":"Home","item":"https:\/\/www.alucomfort.be\/fr\/"},{"@type":"ListItem","position":2,"name":"Producten","item":"https:\/\/www.alucomfort.be\/producten\/"},{"@type":"ListItem","position":3,"name":"Plate-forme de travail t\u00e9lescopique"}]},{"@type":"WebSite","@id":"https:\/\/www.alucomfort.be\/#website","url":"https:\/\/www.alucomfort.be\/","name":"Alu Comfort","description":"","potentialAction":[{"@type":"SearchAction","target":{"@type":"EntryPoint","urlTemplate":"https:\/\/www.alucomfort.be\/?s={search_term_string}"},"query-input":{"@type":"PropertyValueSpecification","valueRequired":true,"valueName":"search_term_string"}}],"inLanguage":"fr-FR"}]}},"_links":{"self":[{"href":"https:\/\/www.alucomfort.be\/fr\/wp-json\/wp\/v2\/product\/166198","targetHints":{"allow":["GET"]}}],"collection":[{"href":"https:\/\/www.alucomfort.be\/fr\/wp-json\/wp\/v2\/product"}],"about":[{"href":"https:\/\/www.alucomfort.be\/fr\/wp-json\/wp\/v2\/types\/product"}],"wp:featuredmedia":[{"embeddable":true,"href":"https:\/\/www.alucomfort.be\/fr\/wp-json\/wp\/v2\/media\/203327"}],"wp:attachment":[{"href":"https:\/\/www.alucomfort.be\/fr\/wp-json\/wp\/v2\/media?parent=166198"}],"wp:term":[{"taxonomy":"product_brand","embeddable":true,"href":"https:\/\/www.alucomfort.be\/fr\/wp-json\/wp\/v2\/product_brand?post=166198"},{"taxonomy":"product_cat","embeddable":true,"href":"https:\/\/www.alucomfort.be\/fr\/wp-json\/wp\/v2\/product_cat?post=166198"},{"taxonomy":"product_tag","embeddable":true,"href":"https:\/\/www.alucomfort.be\/fr\/wp-json\/wp\/v2\/product_tag?post=166198"}],"curies":[{"name":"wp","href":"https:\/\/api.w.org\/{rel}","templated":true}]}}