

{"id":168508,"date":"2019-10-13T23:53:14","date_gmt":"2019-10-13T21:53:14","guid":{"rendered":"https:\/\/www.alucomfort.be\/product\/le-transport-et-le-basculement-des-box-palettes-europeen\/"},"modified":"2025-06-22T19:36:59","modified_gmt":"2025-06-22T17:36:59","slug":"le-transport-et-le-basculement-des-box-palettes-europeen-2","status":"publish","type":"product","link":"https:\/\/www.alucomfort.be\/fr\/product\/le-transport-et-le-basculement-des-box-palettes-europeen-2\/","title":{"rendered":"Appareil basculeur pour le transport et le vidage de caisses grillag\u00e9es Euro"},"content":{"rendered":"<p>* Le transport et le basculement des box palettes Europ\u00e9en comformes \u00e0 la norme DIN 15155, * Basculement command\u00e9 du chariot \u00e9l\u00e9vateur par circuit hydraulique.<\/p>\n","protected":false},"excerpt":{"rendered":"<p>Basculeur hydraulique pour le vidage de caisses grillag\u00e9es Euro<\/p>\n","protected":false},"featured_media":224388,"template":"","meta":{"_acf_changed":false},"product_brand":[],"product_cat":[2478],"product_tag":[],"class_list":{"0":"post-168508","1":"product","2":"type-product","3":"status-publish","4":"has-post-thumbnail","6":"product_cat-box-palettes-europeen-et-poubelles-conformes-din-en-840-3-conteneurs-bennes-a-dechets-et-transport","8":"first","9":"instock","10":"taxable","11":"shipping-taxable","12":"purchasable","13":"product-type-simple"},"acf":[],"yoast_head":"<!-- This site is optimized with the Yoast SEO plugin v24.8.1 - https:\/\/yoast.com\/wordpress\/plugins\/seo\/ -->\n<title>Basculeur hydraulique pour le vidage de caisses grillag\u00e9es Euro | Alu Comfort |<\/title>\n<meta name=\"description\" content=\"Basculement de caisse pour chariot \u00e9l\u00e9vateur pour la vidange efficace de palettes-caisses grillag\u00e9es Euro avec hydraulique de chariot \u00e9l\u00e9vateur. Demandez un devis personnalis\u00e9 sur notre boutique en ligne pratique!\" \/>\n<meta name=\"robots\" content=\"index, follow, max-snippet:-1, max-image-preview:large, max-video-preview:-1\" \/>\n<link rel=\"canonical\" href=\"https:\/\/www.alucomfort.be\/product\/transport-en-leegkiepen-van-euro-gaasboxen\/\" \/>\n<meta property=\"og:locale\" content=\"fr_FR\" \/>\n<meta property=\"og:type\" content=\"article\" \/>\n<meta property=\"og:title\" content=\"Basculeur hydraulique pour le vidage de caisses grillag\u00e9es Euro | Alu Comfort |\" \/>\n<meta property=\"og:description\" content=\"Basculement de caisse pour chariot \u00e9l\u00e9vateur pour la vidange efficace de palettes-caisses grillag\u00e9es Euro avec hydraulique de chariot \u00e9l\u00e9vateur. Demandez un devis personnalis\u00e9 sur notre boutique en ligne pratique!\" \/>\n<meta property=\"og:url\" content=\"https:\/\/www.alucomfort.be\/product\/transport-en-leegkiepen-van-euro-gaasboxen\/\" \/>\n<meta property=\"og:site_name\" content=\"Alu Comfort\" \/>\n<meta property=\"article:modified_time\" content=\"2025-06-22T17:36:59+00:00\" \/>\n<meta property=\"og:image\" content=\"https:\/\/www.alucomfort.be\/wp-content\/uploads\/Kantelapparaat-voor-het-transport-en-leegkiepen-van-Euro-gaasboxen-KG-A-1.jpg\" \/>\n\t<meta property=\"og:image:width\" content=\"1920\" \/>\n\t<meta property=\"og:image:height\" content=\"1457\" \/>\n\t<meta property=\"og:image:type\" content=\"image\/jpeg\" \/>\n<meta name=\"twitter:card\" content=\"summary_large_image\" \/>\n<script type=\"application\/ld+json\" class=\"yoast-schema-graph\">{\"@context\":\"https:\/\/schema.org\",\"@graph\":[{\"@type\":\"WebPage\",\"@id\":\"https:\/\/www.alucomfort.be\/product\/transport-en-leegkiepen-van-euro-gaasboxen\/\",\"url\":\"https:\/\/www.alucomfort.be\/product\/transport-en-leegkiepen-van-euro-gaasboxen\/\",\"name\":\"Basculeur hydraulique pour le vidage de caisses grillag\u00e9es Euro | Alu Comfort |\",\"isPartOf\":{\"@id\":\"https:\/\/www.alucomfort.be\/#website\"},\"primaryImageOfPage\":{\"@id\":\"https:\/\/www.alucomfort.be\/product\/transport-en-leegkiepen-van-euro-gaasboxen\/#primaryimage\"},\"image\":{\"@id\":\"https:\/\/www.alucomfort.be\/product\/transport-en-leegkiepen-van-euro-gaasboxen\/#primaryimage\"},\"thumbnailUrl\":\"https:\/\/www.alucomfort.be\/wp-content\/uploads\/Kantelapparaat-voor-het-transport-en-leegkiepen-van-Euro-gaasboxen-KG-A-1.jpg\",\"datePublished\":\"2019-10-13T21:53:14+00:00\",\"dateModified\":\"2025-06-22T17:36:59+00:00\",\"description\":\"Basculement de caisse pour chariot \u00e9l\u00e9vateur pour la vidange efficace de palettes-caisses grillag\u00e9es Euro avec hydraulique de chariot \u00e9l\u00e9vateur. Demandez un devis personnalis\u00e9 sur notre boutique en ligne pratique!\",\"breadcrumb\":{\"@id\":\"https:\/\/www.alucomfort.be\/product\/transport-en-leegkiepen-van-euro-gaasboxen\/#breadcrumb\"},\"inLanguage\":\"fr-FR\",\"potentialAction\":[{\"@type\":\"ReadAction\",\"target\":[\"https:\/\/www.alucomfort.be\/product\/transport-en-leegkiepen-van-euro-gaasboxen\/\"]}]},{\"@type\":\"ImageObject\",\"inLanguage\":\"fr-FR\",\"@id\":\"https:\/\/www.alucomfort.be\/product\/transport-en-leegkiepen-van-euro-gaasboxen\/#primaryimage\",\"url\":\"https:\/\/www.alucomfort.be\/wp-content\/uploads\/Kantelapparaat-voor-het-transport-en-leegkiepen-van-Euro-gaasboxen-KG-A-1.jpg\",\"contentUrl\":\"https:\/\/www.alucomfort.be\/wp-content\/uploads\/Kantelapparaat-voor-het-transport-en-leegkiepen-van-Euro-gaasboxen-KG-A-1.jpg\",\"width\":1920,\"height\":1457,\"caption\":\"Kantelapparaat-voor-het-transport-en-leegkiepen-van-Euro-gaasboxen\"},{\"@type\":\"BreadcrumbList\",\"@id\":\"https:\/\/www.alucomfort.be\/product\/transport-en-leegkiepen-van-euro-gaasboxen\/#breadcrumb\",\"itemListElement\":[{\"@type\":\"ListItem\",\"position\":1,\"name\":\"Home\",\"item\":\"https:\/\/www.alucomfort.be\/fr\/\"},{\"@type\":\"ListItem\",\"position\":2,\"name\":\"Producten\",\"item\":\"https:\/\/www.alucomfort.be\/producten\/\"},{\"@type\":\"ListItem\",\"position\":3,\"name\":\"Appareil basculeur pour le transport et le vidage de caisses grillag\u00e9es Euro\"}]},{\"@type\":\"WebSite\",\"@id\":\"https:\/\/www.alucomfort.be\/#website\",\"url\":\"https:\/\/www.alucomfort.be\/\",\"name\":\"Alu Comfort\",\"description\":\"\",\"potentialAction\":[{\"@type\":\"SearchAction\",\"target\":{\"@type\":\"EntryPoint\",\"urlTemplate\":\"https:\/\/www.alucomfort.be\/?s={search_term_string}\"},\"query-input\":{\"@type\":\"PropertyValueSpecification\",\"valueRequired\":true,\"valueName\":\"search_term_string\"}}],\"inLanguage\":\"fr-FR\"}]}<\/script>\n<!-- \/ Yoast SEO plugin. -->","yoast_head_json":{"title":"Basculeur hydraulique pour le vidage de caisses grillag\u00e9es Euro | Alu Comfort |","description":"Basculement de caisse pour chariot \u00e9l\u00e9vateur pour la vidange efficace de palettes-caisses grillag\u00e9es Euro avec hydraulique de chariot \u00e9l\u00e9vateur. Demandez un devis personnalis\u00e9 sur notre boutique en ligne pratique!","robots":{"index":"index","follow":"follow","max-snippet":"max-snippet:-1","max-image-preview":"max-image-preview:large","max-video-preview":"max-video-preview:-1"},"canonical":"https:\/\/www.alucomfort.be\/product\/transport-en-leegkiepen-van-euro-gaasboxen\/","og_locale":"fr_FR","og_type":"article","og_title":"Basculeur hydraulique pour le vidage de caisses grillag\u00e9es Euro | Alu Comfort |","og_description":"Basculement de caisse pour chariot \u00e9l\u00e9vateur pour la vidange efficace de palettes-caisses grillag\u00e9es Euro avec hydraulique de chariot \u00e9l\u00e9vateur. Demandez un devis personnalis\u00e9 sur notre boutique en ligne pratique!","og_url":"https:\/\/www.alucomfort.be\/product\/transport-en-leegkiepen-van-euro-gaasboxen\/","og_site_name":"Alu Comfort","article_modified_time":"2025-06-22T17:36:59+00:00","og_image":[{"width":1920,"height":1457,"url":"https:\/\/www.alucomfort.be\/wp-content\/uploads\/Kantelapparaat-voor-het-transport-en-leegkiepen-van-Euro-gaasboxen-KG-A-1.jpg","type":"image\/jpeg"}],"twitter_card":"summary_large_image","schema":{"@context":"https:\/\/schema.org","@graph":[{"@type":"WebPage","@id":"https:\/\/www.alucomfort.be\/product\/transport-en-leegkiepen-van-euro-gaasboxen\/","url":"https:\/\/www.alucomfort.be\/product\/transport-en-leegkiepen-van-euro-gaasboxen\/","name":"Basculeur hydraulique pour le vidage de caisses grillag\u00e9es Euro | Alu Comfort |","isPartOf":{"@id":"https:\/\/www.alucomfort.be\/#website"},"primaryImageOfPage":{"@id":"https:\/\/www.alucomfort.be\/product\/transport-en-leegkiepen-van-euro-gaasboxen\/#primaryimage"},"image":{"@id":"https:\/\/www.alucomfort.be\/product\/transport-en-leegkiepen-van-euro-gaasboxen\/#primaryimage"},"thumbnailUrl":"https:\/\/www.alucomfort.be\/wp-content\/uploads\/Kantelapparaat-voor-het-transport-en-leegkiepen-van-Euro-gaasboxen-KG-A-1.jpg","datePublished":"2019-10-13T21:53:14+00:00","dateModified":"2025-06-22T17:36:59+00:00","description":"Basculement de caisse pour chariot \u00e9l\u00e9vateur pour la vidange efficace de palettes-caisses grillag\u00e9es Euro avec hydraulique de chariot \u00e9l\u00e9vateur. Demandez un devis personnalis\u00e9 sur notre boutique en ligne pratique!","breadcrumb":{"@id":"https:\/\/www.alucomfort.be\/product\/transport-en-leegkiepen-van-euro-gaasboxen\/#breadcrumb"},"inLanguage":"fr-FR","potentialAction":[{"@type":"ReadAction","target":["https:\/\/www.alucomfort.be\/product\/transport-en-leegkiepen-van-euro-gaasboxen\/"]}]},{"@type":"ImageObject","inLanguage":"fr-FR","@id":"https:\/\/www.alucomfort.be\/product\/transport-en-leegkiepen-van-euro-gaasboxen\/#primaryimage","url":"https:\/\/www.alucomfort.be\/wp-content\/uploads\/Kantelapparaat-voor-het-transport-en-leegkiepen-van-Euro-gaasboxen-KG-A-1.jpg","contentUrl":"https:\/\/www.alucomfort.be\/wp-content\/uploads\/Kantelapparaat-voor-het-transport-en-leegkiepen-van-Euro-gaasboxen-KG-A-1.jpg","width":1920,"height":1457,"caption":"Kantelapparaat-voor-het-transport-en-leegkiepen-van-Euro-gaasboxen"},{"@type":"BreadcrumbList","@id":"https:\/\/www.alucomfort.be\/product\/transport-en-leegkiepen-van-euro-gaasboxen\/#breadcrumb","itemListElement":[{"@type":"ListItem","position":1,"name":"Home","item":"https:\/\/www.alucomfort.be\/fr\/"},{"@type":"ListItem","position":2,"name":"Producten","item":"https:\/\/www.alucomfort.be\/producten\/"},{"@type":"ListItem","position":3,"name":"Appareil basculeur pour le transport et le vidage de caisses grillag\u00e9es Euro"}]},{"@type":"WebSite","@id":"https:\/\/www.alucomfort.be\/#website","url":"https:\/\/www.alucomfort.be\/","name":"Alu Comfort","description":"","potentialAction":[{"@type":"SearchAction","target":{"@type":"EntryPoint","urlTemplate":"https:\/\/www.alucomfort.be\/?s={search_term_string}"},"query-input":{"@type":"PropertyValueSpecification","valueRequired":true,"valueName":"search_term_string"}}],"inLanguage":"fr-FR"}]}},"_links":{"self":[{"href":"https:\/\/www.alucomfort.be\/fr\/wp-json\/wp\/v2\/product\/168508","targetHints":{"allow":["GET"]}}],"collection":[{"href":"https:\/\/www.alucomfort.be\/fr\/wp-json\/wp\/v2\/product"}],"about":[{"href":"https:\/\/www.alucomfort.be\/fr\/wp-json\/wp\/v2\/types\/product"}],"wp:featuredmedia":[{"embeddable":true,"href":"https:\/\/www.alucomfort.be\/fr\/wp-json\/wp\/v2\/media\/224388"}],"wp:attachment":[{"href":"https:\/\/www.alucomfort.be\/fr\/wp-json\/wp\/v2\/media?parent=168508"}],"wp:term":[{"taxonomy":"product_brand","embeddable":true,"href":"https:\/\/www.alucomfort.be\/fr\/wp-json\/wp\/v2\/product_brand?post=168508"},{"taxonomy":"product_cat","embeddable":true,"href":"https:\/\/www.alucomfort.be\/fr\/wp-json\/wp\/v2\/product_cat?post=168508"},{"taxonomy":"product_tag","embeddable":true,"href":"https:\/\/www.alucomfort.be\/fr\/wp-json\/wp\/v2\/product_tag?post=168508"}],"curies":[{"name":"wp","href":"https:\/\/api.w.org\/{rel}","templated":true}]}}