

{"id":168514,"date":"2019-10-13T23:53:22","date_gmt":"2019-10-13T21:53:22","guid":{"rendered":"https:\/\/www.alucomfort.be\/product\/le-transport-et-le-basculement-des-poubelles-conformes-a-la-normes-din-en-840-3\/"},"modified":"2025-06-22T19:37:05","modified_gmt":"2025-06-22T17:37:05","slug":"le-transport-et-le-basculement-des-poubelles-conformes-a-la-normes-din-en-840-3","status":"publish","type":"product","link":"https:\/\/www.alucomfort.be\/fr\/product\/le-transport-et-le-basculement-des-poubelles-conformes-a-la-normes-din-en-840-3\/","title":{"rendered":"\u00c9l\u00e9vateur de Conteneurs 1100 l: Solution de Transport et Vidage pour Bacs \u00e0 Ordures."},"content":{"rendered":"<p>* Le transport et le basculement des poubelles (\u00e0 4 roues de 770 et 1100 litres) conformes \u00e0 la norme DIN EN 840-3, * Cadre robuste avec fourreaux et dispositif de basculement, * S\u00e9curis\u00e9 contre tout glissement involontaire, * Conteneur s\u00e9curis\u00e9 par 2 axes (conteneur en  acier) ou 2 bras de fixation rabattables (conteneur en plastique), * Couvercle s\u00e9curis\u00e9 par c\u00e2ble en acier en position ouverte, * Basculement command\u00e9 du chariot \u00e9l\u00e9vateur par circuit hydraulique (pression min. 130 bars), * Basculement en avant et en arri\u00e8re, * Vitesse de basculement r\u00e9glable par la soupape d&rsquo;\u00e9tranglement, * Dispositif pour la fixation des tuyaux hydrauliques, des c\u00e2bles en acier et de la cha\u00eene de s\u00e9curit\u00e9.<\/p>\n","protected":false},"excerpt":{"rendered":"<p>Le transport et le basculement des poubelles de 1100 litres conformes \u00e0 la normes DIN EN 840-3<\/p>\n","protected":false},"featured_media":224378,"template":"","meta":{"_acf_changed":false},"product_brand":[],"product_cat":[2478],"product_tag":[],"class_list":{"0":"post-168514","1":"product","2":"type-product","3":"status-publish","4":"has-post-thumbnail","6":"product_cat-box-palettes-europeen-et-poubelles-conformes-din-en-840-3-conteneurs-bennes-a-dechets-et-transport","8":"first","9":"instock","10":"taxable","11":"shipping-taxable","12":"purchasable","13":"product-type-simple"},"acf":[],"yoast_head":"<!-- This site is optimized with the Yoast SEO plugin v24.8.1 - https:\/\/yoast.com\/wordpress\/plugins\/seo\/ -->\n<title>Appareil pour clarck pour le transport et le basculement efficace des poubelles de 1100 l | Alu Comfort |<\/title>\n<meta name=\"description\" content=\"Optimisez la gestion des d\u00e9chets avec notre basculeur de conteneurs 1100L : la solution pour le transport, la vidange et le nettoyage des bacs roulants! D\u00e9couvrez notre offre en ligne.\" \/>\n<meta name=\"robots\" content=\"index, follow, max-snippet:-1, max-image-preview:large, max-video-preview:-1\" \/>\n<link rel=\"canonical\" href=\"https:\/\/www.alucomfort.be\/product\/transport-en-leegkiepen-van-rolcontainers\/\" \/>\n<meta property=\"og:locale\" content=\"fr_FR\" \/>\n<meta property=\"og:type\" content=\"article\" \/>\n<meta property=\"og:title\" content=\"Appareil pour clarck pour le transport et le basculement efficace des poubelles de 1100 l | Alu Comfort |\" \/>\n<meta property=\"og:description\" content=\"Optimisez la gestion des d\u00e9chets avec notre basculeur de conteneurs 1100L : la solution pour le transport, la vidange et le nettoyage des bacs roulants! D\u00e9couvrez notre offre en ligne.\" \/>\n<meta property=\"og:url\" content=\"https:\/\/www.alucomfort.be\/product\/transport-en-leegkiepen-van-rolcontainers\/\" \/>\n<meta property=\"og:site_name\" content=\"Alu Comfort\" \/>\n<meta property=\"article:modified_time\" content=\"2025-06-22T17:37:05+00:00\" \/>\n<meta property=\"og:image\" content=\"https:\/\/www.alucomfort.be\/wp-content\/uploads\/Afvalcontainerkantelaar-voor-1100l-rolcontainers-KM-1.jpg\" \/>\n\t<meta property=\"og:image:width\" content=\"900\" \/>\n\t<meta property=\"og:image:height\" content=\"776\" \/>\n\t<meta property=\"og:image:type\" content=\"image\/jpeg\" \/>\n<meta name=\"twitter:card\" content=\"summary_large_image\" \/>\n<meta name=\"twitter:label1\" content=\"Dur\u00e9e de lecture estim\u00e9e\" \/>\n\t<meta name=\"twitter:data1\" content=\"1 minute\" \/>\n<script type=\"application\/ld+json\" class=\"yoast-schema-graph\">{\"@context\":\"https:\/\/schema.org\",\"@graph\":[{\"@type\":\"WebPage\",\"@id\":\"https:\/\/www.alucomfort.be\/product\/transport-en-leegkiepen-van-rolcontainers\/\",\"url\":\"https:\/\/www.alucomfort.be\/product\/transport-en-leegkiepen-van-rolcontainers\/\",\"name\":\"Appareil pour clarck pour le transport et le basculement efficace des poubelles de 1100 l | Alu Comfort |\",\"isPartOf\":{\"@id\":\"https:\/\/www.alucomfort.be\/#website\"},\"primaryImageOfPage\":{\"@id\":\"https:\/\/www.alucomfort.be\/product\/transport-en-leegkiepen-van-rolcontainers\/#primaryimage\"},\"image\":{\"@id\":\"https:\/\/www.alucomfort.be\/product\/transport-en-leegkiepen-van-rolcontainers\/#primaryimage\"},\"thumbnailUrl\":\"https:\/\/www.alucomfort.be\/wp-content\/uploads\/Afvalcontainerkantelaar-voor-1100l-rolcontainers-KM-1.jpg\",\"datePublished\":\"2019-10-13T21:53:22+00:00\",\"dateModified\":\"2025-06-22T17:37:05+00:00\",\"description\":\"Optimisez la gestion des d\u00e9chets avec notre basculeur de conteneurs 1100L : la solution pour le transport, la vidange et le nettoyage des bacs roulants! D\u00e9couvrez notre offre en ligne.\",\"breadcrumb\":{\"@id\":\"https:\/\/www.alucomfort.be\/product\/transport-en-leegkiepen-van-rolcontainers\/#breadcrumb\"},\"inLanguage\":\"fr-FR\",\"potentialAction\":[{\"@type\":\"ReadAction\",\"target\":[\"https:\/\/www.alucomfort.be\/product\/transport-en-leegkiepen-van-rolcontainers\/\"]}]},{\"@type\":\"ImageObject\",\"inLanguage\":\"fr-FR\",\"@id\":\"https:\/\/www.alucomfort.be\/product\/transport-en-leegkiepen-van-rolcontainers\/#primaryimage\",\"url\":\"https:\/\/www.alucomfort.be\/wp-content\/uploads\/Afvalcontainerkantelaar-voor-1100l-rolcontainers-KM-1.jpg\",\"contentUrl\":\"https:\/\/www.alucomfort.be\/wp-content\/uploads\/Afvalcontainerkantelaar-voor-1100l-rolcontainers-KM-1.jpg\",\"width\":900,\"height\":776,\"caption\":\"Afvalcontainerkantelaar_voor_1100l_rolcontainers\"},{\"@type\":\"BreadcrumbList\",\"@id\":\"https:\/\/www.alucomfort.be\/product\/transport-en-leegkiepen-van-rolcontainers\/#breadcrumb\",\"itemListElement\":[{\"@type\":\"ListItem\",\"position\":1,\"name\":\"Home\",\"item\":\"https:\/\/www.alucomfort.be\/fr\/\"},{\"@type\":\"ListItem\",\"position\":2,\"name\":\"Producten\",\"item\":\"https:\/\/www.alucomfort.be\/producten\/\"},{\"@type\":\"ListItem\",\"position\":3,\"name\":\"\u00c9l\u00e9vateur de Conteneurs 1100 l: Solution de Transport et Vidage pour Bacs \u00e0 Ordures.\"}]},{\"@type\":\"WebSite\",\"@id\":\"https:\/\/www.alucomfort.be\/#website\",\"url\":\"https:\/\/www.alucomfort.be\/\",\"name\":\"Alu Comfort\",\"description\":\"\",\"potentialAction\":[{\"@type\":\"SearchAction\",\"target\":{\"@type\":\"EntryPoint\",\"urlTemplate\":\"https:\/\/www.alucomfort.be\/?s={search_term_string}\"},\"query-input\":{\"@type\":\"PropertyValueSpecification\",\"valueRequired\":true,\"valueName\":\"search_term_string\"}}],\"inLanguage\":\"fr-FR\"}]}<\/script>\n<!-- \/ Yoast SEO plugin. -->","yoast_head_json":{"title":"Appareil pour clarck pour le transport et le basculement efficace des poubelles de 1100 l | Alu Comfort |","description":"Optimisez la gestion des d\u00e9chets avec notre basculeur de conteneurs 1100L : la solution pour le transport, la vidange et le nettoyage des bacs roulants! D\u00e9couvrez notre offre en ligne.","robots":{"index":"index","follow":"follow","max-snippet":"max-snippet:-1","max-image-preview":"max-image-preview:large","max-video-preview":"max-video-preview:-1"},"canonical":"https:\/\/www.alucomfort.be\/product\/transport-en-leegkiepen-van-rolcontainers\/","og_locale":"fr_FR","og_type":"article","og_title":"Appareil pour clarck pour le transport et le basculement efficace des poubelles de 1100 l | Alu Comfort |","og_description":"Optimisez la gestion des d\u00e9chets avec notre basculeur de conteneurs 1100L : la solution pour le transport, la vidange et le nettoyage des bacs roulants! D\u00e9couvrez notre offre en ligne.","og_url":"https:\/\/www.alucomfort.be\/product\/transport-en-leegkiepen-van-rolcontainers\/","og_site_name":"Alu Comfort","article_modified_time":"2025-06-22T17:37:05+00:00","og_image":[{"width":900,"height":776,"url":"https:\/\/www.alucomfort.be\/wp-content\/uploads\/Afvalcontainerkantelaar-voor-1100l-rolcontainers-KM-1.jpg","type":"image\/jpeg"}],"twitter_card":"summary_large_image","twitter_misc":{"Dur\u00e9e de lecture estim\u00e9e":"1 minute"},"schema":{"@context":"https:\/\/schema.org","@graph":[{"@type":"WebPage","@id":"https:\/\/www.alucomfort.be\/product\/transport-en-leegkiepen-van-rolcontainers\/","url":"https:\/\/www.alucomfort.be\/product\/transport-en-leegkiepen-van-rolcontainers\/","name":"Appareil pour clarck pour le transport et le basculement efficace des poubelles de 1100 l | Alu Comfort |","isPartOf":{"@id":"https:\/\/www.alucomfort.be\/#website"},"primaryImageOfPage":{"@id":"https:\/\/www.alucomfort.be\/product\/transport-en-leegkiepen-van-rolcontainers\/#primaryimage"},"image":{"@id":"https:\/\/www.alucomfort.be\/product\/transport-en-leegkiepen-van-rolcontainers\/#primaryimage"},"thumbnailUrl":"https:\/\/www.alucomfort.be\/wp-content\/uploads\/Afvalcontainerkantelaar-voor-1100l-rolcontainers-KM-1.jpg","datePublished":"2019-10-13T21:53:22+00:00","dateModified":"2025-06-22T17:37:05+00:00","description":"Optimisez la gestion des d\u00e9chets avec notre basculeur de conteneurs 1100L : la solution pour le transport, la vidange et le nettoyage des bacs roulants! D\u00e9couvrez notre offre en ligne.","breadcrumb":{"@id":"https:\/\/www.alucomfort.be\/product\/transport-en-leegkiepen-van-rolcontainers\/#breadcrumb"},"inLanguage":"fr-FR","potentialAction":[{"@type":"ReadAction","target":["https:\/\/www.alucomfort.be\/product\/transport-en-leegkiepen-van-rolcontainers\/"]}]},{"@type":"ImageObject","inLanguage":"fr-FR","@id":"https:\/\/www.alucomfort.be\/product\/transport-en-leegkiepen-van-rolcontainers\/#primaryimage","url":"https:\/\/www.alucomfort.be\/wp-content\/uploads\/Afvalcontainerkantelaar-voor-1100l-rolcontainers-KM-1.jpg","contentUrl":"https:\/\/www.alucomfort.be\/wp-content\/uploads\/Afvalcontainerkantelaar-voor-1100l-rolcontainers-KM-1.jpg","width":900,"height":776,"caption":"Afvalcontainerkantelaar_voor_1100l_rolcontainers"},{"@type":"BreadcrumbList","@id":"https:\/\/www.alucomfort.be\/product\/transport-en-leegkiepen-van-rolcontainers\/#breadcrumb","itemListElement":[{"@type":"ListItem","position":1,"name":"Home","item":"https:\/\/www.alucomfort.be\/fr\/"},{"@type":"ListItem","position":2,"name":"Producten","item":"https:\/\/www.alucomfort.be\/producten\/"},{"@type":"ListItem","position":3,"name":"\u00c9l\u00e9vateur de Conteneurs 1100 l: Solution de Transport et Vidage pour Bacs \u00e0 Ordures."}]},{"@type":"WebSite","@id":"https:\/\/www.alucomfort.be\/#website","url":"https:\/\/www.alucomfort.be\/","name":"Alu Comfort","description":"","potentialAction":[{"@type":"SearchAction","target":{"@type":"EntryPoint","urlTemplate":"https:\/\/www.alucomfort.be\/?s={search_term_string}"},"query-input":{"@type":"PropertyValueSpecification","valueRequired":true,"valueName":"search_term_string"}}],"inLanguage":"fr-FR"}]}},"_links":{"self":[{"href":"https:\/\/www.alucomfort.be\/fr\/wp-json\/wp\/v2\/product\/168514","targetHints":{"allow":["GET"]}}],"collection":[{"href":"https:\/\/www.alucomfort.be\/fr\/wp-json\/wp\/v2\/product"}],"about":[{"href":"https:\/\/www.alucomfort.be\/fr\/wp-json\/wp\/v2\/types\/product"}],"wp:featuredmedia":[{"embeddable":true,"href":"https:\/\/www.alucomfort.be\/fr\/wp-json\/wp\/v2\/media\/224378"}],"wp:attachment":[{"href":"https:\/\/www.alucomfort.be\/fr\/wp-json\/wp\/v2\/media?parent=168514"}],"wp:term":[{"taxonomy":"product_brand","embeddable":true,"href":"https:\/\/www.alucomfort.be\/fr\/wp-json\/wp\/v2\/product_brand?post=168514"},{"taxonomy":"product_cat","embeddable":true,"href":"https:\/\/www.alucomfort.be\/fr\/wp-json\/wp\/v2\/product_cat?post=168514"},{"taxonomy":"product_tag","embeddable":true,"href":"https:\/\/www.alucomfort.be\/fr\/wp-json\/wp\/v2\/product_tag?post=168514"}],"curies":[{"name":"wp","href":"https:\/\/api.w.org\/{rel}","templated":true}]}}