

{"id":168516,"date":"2019-10-13T23:53:24","date_gmt":"2019-10-13T21:53:24","guid":{"rendered":"https:\/\/www.alucomfort.be\/product\/conteneur-poubelle-1100-litres\/"},"modified":"2025-06-22T19:37:07","modified_gmt":"2025-06-22T17:37:07","slug":"conteneur-poubelle-1100-litres","status":"publish","type":"product","link":"https:\/\/www.alucomfort.be\/fr\/product\/conteneur-poubelle-1100-litres\/","title":{"rendered":"Conteneur \u00e0 d\u00e9chets en plastique 1100 litres avec couvercle roulant"},"content":{"rendered":"<p>* Conteneur 1100 litres avec couvercle roulant muni d&rsquo;une trappe d&rsquo;insertion, * \u00c9quip\u00e9 de 4 roues pivotantes (\u00f8 200 mm) dont 2 avec frein, * Conforme \u00e0 l&rsquo;euronorme DIN 30700\/EN840 et compatible avec les syst\u00e8mes de levage KAM et DIN, * Dim. : 1370 x 1070 x 1465 mm, * Poids: 68 kg<\/p>\n","protected":false},"excerpt":{"rendered":"<p>Conteneur poubelle 1100 litres<\/p>\n","protected":false},"featured_media":224392,"template":"","meta":{"_acf_changed":false},"product_brand":[],"product_cat":[2478],"product_tag":[],"class_list":{"0":"post-168516","1":"product","2":"type-product","3":"status-publish","4":"has-post-thumbnail","6":"product_cat-box-palettes-europeen-et-poubelles-conformes-din-en-840-3-conteneurs-bennes-a-dechets-et-transport","8":"first","9":"outofstock","10":"taxable","11":"shipping-taxable","12":"purchasable","13":"product-type-variable"},"acf":[],"yoast_head":"<!-- This site is optimized with the Yoast SEO plugin v24.8.1 - https:\/\/yoast.com\/wordpress\/plugins\/seo\/ -->\n<title>Conteneur poubelle 1100 l | Alu Comfort |<\/title>\n<meta name=\"description\" content=\"Conteneur Poubelle Plastique 1100L avec Couvercle Roulant: D\u00e9couvrez nos Meilleures Offres!\" \/>\n<meta name=\"robots\" content=\"index, follow, max-snippet:-1, max-image-preview:large, max-video-preview:-1\" \/>\n<link rel=\"canonical\" href=\"https:\/\/www.alucomfort.be\/product\/kunststof-afvalcontainer-1100-liter\/\" \/>\n<meta property=\"og:locale\" content=\"fr_FR\" \/>\n<meta property=\"og:type\" content=\"article\" \/>\n<meta property=\"og:title\" content=\"Conteneur poubelle 1100 l | Alu Comfort |\" \/>\n<meta property=\"og:description\" content=\"Conteneur Poubelle Plastique 1100L avec Couvercle Roulant: D\u00e9couvrez nos Meilleures Offres!\" \/>\n<meta property=\"og:url\" content=\"https:\/\/www.alucomfort.be\/product\/kunststof-afvalcontainer-1100-liter\/\" \/>\n<meta property=\"og:site_name\" content=\"Alu Comfort\" \/>\n<meta property=\"article:modified_time\" content=\"2025-06-22T17:37:07+00:00\" \/>\n<meta property=\"og:image\" content=\"https:\/\/www.alucomfort.be\/wp-content\/uploads\/Afvalcontainer-Met-Rolcontainer-EN-mgb-1100.7.jpg\" \/>\n\t<meta property=\"og:image:width\" content=\"700\" \/>\n\t<meta property=\"og:image:height\" content=\"467\" \/>\n\t<meta property=\"og:image:type\" content=\"image\/jpeg\" \/>\n<meta name=\"twitter:card\" content=\"summary_large_image\" \/>\n<script type=\"application\/ld+json\" class=\"yoast-schema-graph\">{\"@context\":\"https:\/\/schema.org\",\"@graph\":[{\"@type\":\"WebPage\",\"@id\":\"https:\/\/www.alucomfort.be\/product\/kunststof-afvalcontainer-1100-liter\/\",\"url\":\"https:\/\/www.alucomfort.be\/product\/kunststof-afvalcontainer-1100-liter\/\",\"name\":\"Conteneur poubelle 1100 l | Alu Comfort |\",\"isPartOf\":{\"@id\":\"https:\/\/www.alucomfort.be\/#website\"},\"primaryImageOfPage\":{\"@id\":\"https:\/\/www.alucomfort.be\/product\/kunststof-afvalcontainer-1100-liter\/#primaryimage\"},\"image\":{\"@id\":\"https:\/\/www.alucomfort.be\/product\/kunststof-afvalcontainer-1100-liter\/#primaryimage\"},\"thumbnailUrl\":\"https:\/\/www.alucomfort.be\/wp-content\/uploads\/Afvalcontainer-Met-Rolcontainer-EN-mgb-1100.7.jpg\",\"datePublished\":\"2019-10-13T21:53:24+00:00\",\"dateModified\":\"2025-06-22T17:37:07+00:00\",\"description\":\"Conteneur Poubelle Plastique 1100L avec Couvercle Roulant: D\u00e9couvrez nos Meilleures Offres!\",\"breadcrumb\":{\"@id\":\"https:\/\/www.alucomfort.be\/product\/kunststof-afvalcontainer-1100-liter\/#breadcrumb\"},\"inLanguage\":\"fr-FR\",\"potentialAction\":[{\"@type\":\"ReadAction\",\"target\":[\"https:\/\/www.alucomfort.be\/product\/kunststof-afvalcontainer-1100-liter\/\"]}]},{\"@type\":\"ImageObject\",\"inLanguage\":\"fr-FR\",\"@id\":\"https:\/\/www.alucomfort.be\/product\/kunststof-afvalcontainer-1100-liter\/#primaryimage\",\"url\":\"https:\/\/www.alucomfort.be\/wp-content\/uploads\/Afvalcontainer-Met-Rolcontainer-EN-mgb-1100.7.jpg\",\"contentUrl\":\"https:\/\/www.alucomfort.be\/wp-content\/uploads\/Afvalcontainer-Met-Rolcontainer-EN-mgb-1100.7.jpg\",\"width\":700,\"height\":467,\"caption\":\"Afvalcontainer_Met_Rolcontainer\"},{\"@type\":\"BreadcrumbList\",\"@id\":\"https:\/\/www.alucomfort.be\/product\/kunststof-afvalcontainer-1100-liter\/#breadcrumb\",\"itemListElement\":[{\"@type\":\"ListItem\",\"position\":1,\"name\":\"Home\",\"item\":\"https:\/\/www.alucomfort.be\/fr\/\"},{\"@type\":\"ListItem\",\"position\":2,\"name\":\"Producten\",\"item\":\"https:\/\/www.alucomfort.be\/producten\/\"},{\"@type\":\"ListItem\",\"position\":3,\"name\":\"Conteneur \u00e0 d\u00e9chets en plastique 1100 litres avec couvercle roulant\"}]},{\"@type\":\"WebSite\",\"@id\":\"https:\/\/www.alucomfort.be\/#website\",\"url\":\"https:\/\/www.alucomfort.be\/\",\"name\":\"Alu Comfort\",\"description\":\"\",\"potentialAction\":[{\"@type\":\"SearchAction\",\"target\":{\"@type\":\"EntryPoint\",\"urlTemplate\":\"https:\/\/www.alucomfort.be\/?s={search_term_string}\"},\"query-input\":{\"@type\":\"PropertyValueSpecification\",\"valueRequired\":true,\"valueName\":\"search_term_string\"}}],\"inLanguage\":\"fr-FR\"}]}<\/script>\n<!-- \/ Yoast SEO plugin. -->","yoast_head_json":{"title":"Conteneur poubelle 1100 l | Alu Comfort |","description":"Conteneur Poubelle Plastique 1100L avec Couvercle Roulant: D\u00e9couvrez nos Meilleures Offres!","robots":{"index":"index","follow":"follow","max-snippet":"max-snippet:-1","max-image-preview":"max-image-preview:large","max-video-preview":"max-video-preview:-1"},"canonical":"https:\/\/www.alucomfort.be\/product\/kunststof-afvalcontainer-1100-liter\/","og_locale":"fr_FR","og_type":"article","og_title":"Conteneur poubelle 1100 l | Alu Comfort |","og_description":"Conteneur Poubelle Plastique 1100L avec Couvercle Roulant: D\u00e9couvrez nos Meilleures Offres!","og_url":"https:\/\/www.alucomfort.be\/product\/kunststof-afvalcontainer-1100-liter\/","og_site_name":"Alu Comfort","article_modified_time":"2025-06-22T17:37:07+00:00","og_image":[{"width":700,"height":467,"url":"https:\/\/www.alucomfort.be\/wp-content\/uploads\/Afvalcontainer-Met-Rolcontainer-EN-mgb-1100.7.jpg","type":"image\/jpeg"}],"twitter_card":"summary_large_image","schema":{"@context":"https:\/\/schema.org","@graph":[{"@type":"WebPage","@id":"https:\/\/www.alucomfort.be\/product\/kunststof-afvalcontainer-1100-liter\/","url":"https:\/\/www.alucomfort.be\/product\/kunststof-afvalcontainer-1100-liter\/","name":"Conteneur poubelle 1100 l | Alu Comfort |","isPartOf":{"@id":"https:\/\/www.alucomfort.be\/#website"},"primaryImageOfPage":{"@id":"https:\/\/www.alucomfort.be\/product\/kunststof-afvalcontainer-1100-liter\/#primaryimage"},"image":{"@id":"https:\/\/www.alucomfort.be\/product\/kunststof-afvalcontainer-1100-liter\/#primaryimage"},"thumbnailUrl":"https:\/\/www.alucomfort.be\/wp-content\/uploads\/Afvalcontainer-Met-Rolcontainer-EN-mgb-1100.7.jpg","datePublished":"2019-10-13T21:53:24+00:00","dateModified":"2025-06-22T17:37:07+00:00","description":"Conteneur Poubelle Plastique 1100L avec Couvercle Roulant: D\u00e9couvrez nos Meilleures Offres!","breadcrumb":{"@id":"https:\/\/www.alucomfort.be\/product\/kunststof-afvalcontainer-1100-liter\/#breadcrumb"},"inLanguage":"fr-FR","potentialAction":[{"@type":"ReadAction","target":["https:\/\/www.alucomfort.be\/product\/kunststof-afvalcontainer-1100-liter\/"]}]},{"@type":"ImageObject","inLanguage":"fr-FR","@id":"https:\/\/www.alucomfort.be\/product\/kunststof-afvalcontainer-1100-liter\/#primaryimage","url":"https:\/\/www.alucomfort.be\/wp-content\/uploads\/Afvalcontainer-Met-Rolcontainer-EN-mgb-1100.7.jpg","contentUrl":"https:\/\/www.alucomfort.be\/wp-content\/uploads\/Afvalcontainer-Met-Rolcontainer-EN-mgb-1100.7.jpg","width":700,"height":467,"caption":"Afvalcontainer_Met_Rolcontainer"},{"@type":"BreadcrumbList","@id":"https:\/\/www.alucomfort.be\/product\/kunststof-afvalcontainer-1100-liter\/#breadcrumb","itemListElement":[{"@type":"ListItem","position":1,"name":"Home","item":"https:\/\/www.alucomfort.be\/fr\/"},{"@type":"ListItem","position":2,"name":"Producten","item":"https:\/\/www.alucomfort.be\/producten\/"},{"@type":"ListItem","position":3,"name":"Conteneur \u00e0 d\u00e9chets en plastique 1100 litres avec couvercle roulant"}]},{"@type":"WebSite","@id":"https:\/\/www.alucomfort.be\/#website","url":"https:\/\/www.alucomfort.be\/","name":"Alu Comfort","description":"","potentialAction":[{"@type":"SearchAction","target":{"@type":"EntryPoint","urlTemplate":"https:\/\/www.alucomfort.be\/?s={search_term_string}"},"query-input":{"@type":"PropertyValueSpecification","valueRequired":true,"valueName":"search_term_string"}}],"inLanguage":"fr-FR"}]}},"_links":{"self":[{"href":"https:\/\/www.alucomfort.be\/fr\/wp-json\/wp\/v2\/product\/168516","targetHints":{"allow":["GET"]}}],"collection":[{"href":"https:\/\/www.alucomfort.be\/fr\/wp-json\/wp\/v2\/product"}],"about":[{"href":"https:\/\/www.alucomfort.be\/fr\/wp-json\/wp\/v2\/types\/product"}],"wp:featuredmedia":[{"embeddable":true,"href":"https:\/\/www.alucomfort.be\/fr\/wp-json\/wp\/v2\/media\/224392"}],"wp:attachment":[{"href":"https:\/\/www.alucomfort.be\/fr\/wp-json\/wp\/v2\/media?parent=168516"}],"wp:term":[{"taxonomy":"product_brand","embeddable":true,"href":"https:\/\/www.alucomfort.be\/fr\/wp-json\/wp\/v2\/product_brand?post=168516"},{"taxonomy":"product_cat","embeddable":true,"href":"https:\/\/www.alucomfort.be\/fr\/wp-json\/wp\/v2\/product_cat?post=168516"},{"taxonomy":"product_tag","embeddable":true,"href":"https:\/\/www.alucomfort.be\/fr\/wp-json\/wp\/v2\/product_tag?post=168516"}],"curies":[{"name":"wp","href":"https:\/\/api.w.org\/{rel}","templated":true}]}}