

{"id":168542,"date":"2019-10-13T23:53:52","date_gmt":"2019-10-13T21:53:52","guid":{"rendered":"https:\/\/www.alucomfort.be\/product\/waku-plate-forme\/"},"modified":"2025-11-23T21:50:24","modified_gmt":"2025-11-23T19:50:24","slug":"waku-plate-forme","status":"publish","type":"product","link":"https:\/\/www.alucomfort.be\/fr\/product\/waku-plate-forme\/","title":{"rendered":"Waku plate-forme d&rsquo;\u00e9chelle"},"content":{"rendered":"<p>* La plate-forme permet une position comfortable avec plein de s\u00e9curit\u00e9, * Pratique et stable.  Utile aussi pour mettre des outils, * Rabattable pour vous permettre une mont\u00e9e et une descente facile.<\/p>\n","protected":false},"excerpt":{"rendered":"<p>Banc \u00e9chelle Waku<\/p>\n","protected":false},"featured_media":223224,"template":"","meta":{"_acf_changed":false},"product_brand":[],"product_cat":[8059],"product_tag":[],"class_list":{"0":"post-168542","1":"product","2":"type-product","3":"status-publish","4":"has-post-thumbnail","6":"product_cat-echelles-telescopiques","8":"first","9":"instock","10":"taxable","11":"shipping-taxable","12":"purchasable","13":"product-type-simple"},"acf":[],"yoast_head":"<!-- This site is optimized with the Yoast SEO plugin v24.8.1 - https:\/\/yoast.com\/wordpress\/plugins\/seo\/ -->\n<title>Pi\u00e8ce de rechange Waku | Alu Comfort |<\/title>\n<meta name=\"description\" content=\"Pi\u00e8ce de rechange pour l&#039;echelle WAKU. \u00c9chelles et accessoires Wak\u00fc : tout chez Alu Comfort.\" \/>\n<meta name=\"robots\" content=\"index, follow, max-snippet:-1, max-image-preview:large, max-video-preview:-1\" \/>\n<link rel=\"canonical\" href=\"https:\/\/www.alucomfort.be\/product\/waku-platform\/\" \/>\n<meta property=\"og:locale\" content=\"fr_FR\" \/>\n<meta property=\"og:type\" content=\"article\" \/>\n<meta property=\"og:title\" content=\"Pi\u00e8ce de rechange Waku | Alu Comfort |\" \/>\n<meta property=\"og:description\" content=\"Pi\u00e8ce de rechange pour l&#039;echelle WAKU. \u00c9chelles et accessoires Wak\u00fc : tout chez Alu Comfort.\" \/>\n<meta property=\"og:url\" content=\"https:\/\/www.alucomfort.be\/product\/waku-platform\/\" \/>\n<meta property=\"og:site_name\" content=\"Alu Comfort\" \/>\n<meta property=\"article:modified_time\" content=\"2025-11-23T19:50:24+00:00\" \/>\n<meta property=\"og:image\" content=\"https:\/\/www.alucomfort.be\/wp-content\/uploads\/104-Waku-Platform-Ladderbankje-Ladderplatform-2.jpg\" \/>\n\t<meta property=\"og:image:width\" content=\"1364\" \/>\n\t<meta property=\"og:image:height\" content=\"1965\" \/>\n\t<meta property=\"og:image:type\" content=\"image\/jpeg\" \/>\n<meta name=\"twitter:card\" content=\"summary_large_image\" \/>\n<script type=\"application\/ld+json\" class=\"yoast-schema-graph\">{\"@context\":\"https:\/\/schema.org\",\"@graph\":[{\"@type\":\"WebPage\",\"@id\":\"https:\/\/www.alucomfort.be\/product\/waku-platform\/\",\"url\":\"https:\/\/www.alucomfort.be\/product\/waku-platform\/\",\"name\":\"Pi\u00e8ce de rechange Waku | Alu Comfort |\",\"isPartOf\":{\"@id\":\"https:\/\/www.alucomfort.be\/#website\"},\"primaryImageOfPage\":{\"@id\":\"https:\/\/www.alucomfort.be\/product\/waku-platform\/#primaryimage\"},\"image\":{\"@id\":\"https:\/\/www.alucomfort.be\/product\/waku-platform\/#primaryimage\"},\"thumbnailUrl\":\"https:\/\/www.alucomfort.be\/wp-content\/uploads\/104-Waku-Platform-Ladderbankje-Ladderplatform-2.jpg\",\"datePublished\":\"2019-10-13T21:53:52+00:00\",\"dateModified\":\"2025-11-23T19:50:24+00:00\",\"description\":\"Pi\u00e8ce de rechange pour l'echelle WAKU. \u00c9chelles et accessoires Wak\u00fc : tout chez Alu Comfort.\",\"breadcrumb\":{\"@id\":\"https:\/\/www.alucomfort.be\/product\/waku-platform\/#breadcrumb\"},\"inLanguage\":\"fr-FR\",\"potentialAction\":[{\"@type\":\"ReadAction\",\"target\":[\"https:\/\/www.alucomfort.be\/product\/waku-platform\/\"]}]},{\"@type\":\"ImageObject\",\"inLanguage\":\"fr-FR\",\"@id\":\"https:\/\/www.alucomfort.be\/product\/waku-platform\/#primaryimage\",\"url\":\"https:\/\/www.alucomfort.be\/wp-content\/uploads\/104-Waku-Platform-Ladderbankje-Ladderplatform-2.jpg\",\"contentUrl\":\"https:\/\/www.alucomfort.be\/wp-content\/uploads\/104-Waku-Platform-Ladderbankje-Ladderplatform-2.jpg\",\"width\":1364,\"height\":1965,\"caption\":\"Verhoog je veiligheid en comfort bij ladderwerkzaamheden met het Wak\u00fc ladderbankje. Het ideale accessoire voor stabiel en moeiteloos werken op hoogte.\"},{\"@type\":\"BreadcrumbList\",\"@id\":\"https:\/\/www.alucomfort.be\/product\/waku-platform\/#breadcrumb\",\"itemListElement\":[{\"@type\":\"ListItem\",\"position\":1,\"name\":\"Home\",\"item\":\"https:\/\/www.alucomfort.be\/fr\/\"},{\"@type\":\"ListItem\",\"position\":2,\"name\":\"Producten\",\"item\":\"https:\/\/www.alucomfort.be\/producten\/\"},{\"@type\":\"ListItem\",\"position\":3,\"name\":\"Waku plate-forme d&#8217;\u00e9chelle\"}]},{\"@type\":\"WebSite\",\"@id\":\"https:\/\/www.alucomfort.be\/#website\",\"url\":\"https:\/\/www.alucomfort.be\/\",\"name\":\"Alu Comfort\",\"description\":\"\",\"potentialAction\":[{\"@type\":\"SearchAction\",\"target\":{\"@type\":\"EntryPoint\",\"urlTemplate\":\"https:\/\/www.alucomfort.be\/?s={search_term_string}\"},\"query-input\":{\"@type\":\"PropertyValueSpecification\",\"valueRequired\":true,\"valueName\":\"search_term_string\"}}],\"inLanguage\":\"fr-FR\"}]}<\/script>\n<!-- \/ Yoast SEO plugin. -->","yoast_head_json":{"title":"Pi\u00e8ce de rechange Waku | Alu Comfort |","description":"Pi\u00e8ce de rechange pour l'echelle WAKU. \u00c9chelles et accessoires Wak\u00fc : tout chez Alu Comfort.","robots":{"index":"index","follow":"follow","max-snippet":"max-snippet:-1","max-image-preview":"max-image-preview:large","max-video-preview":"max-video-preview:-1"},"canonical":"https:\/\/www.alucomfort.be\/product\/waku-platform\/","og_locale":"fr_FR","og_type":"article","og_title":"Pi\u00e8ce de rechange Waku | Alu Comfort |","og_description":"Pi\u00e8ce de rechange pour l'echelle WAKU. \u00c9chelles et accessoires Wak\u00fc : tout chez Alu Comfort.","og_url":"https:\/\/www.alucomfort.be\/product\/waku-platform\/","og_site_name":"Alu Comfort","article_modified_time":"2025-11-23T19:50:24+00:00","og_image":[{"width":1364,"height":1965,"url":"https:\/\/www.alucomfort.be\/wp-content\/uploads\/104-Waku-Platform-Ladderbankje-Ladderplatform-2.jpg","type":"image\/jpeg"}],"twitter_card":"summary_large_image","schema":{"@context":"https:\/\/schema.org","@graph":[{"@type":"WebPage","@id":"https:\/\/www.alucomfort.be\/product\/waku-platform\/","url":"https:\/\/www.alucomfort.be\/product\/waku-platform\/","name":"Pi\u00e8ce de rechange Waku | Alu Comfort |","isPartOf":{"@id":"https:\/\/www.alucomfort.be\/#website"},"primaryImageOfPage":{"@id":"https:\/\/www.alucomfort.be\/product\/waku-platform\/#primaryimage"},"image":{"@id":"https:\/\/www.alucomfort.be\/product\/waku-platform\/#primaryimage"},"thumbnailUrl":"https:\/\/www.alucomfort.be\/wp-content\/uploads\/104-Waku-Platform-Ladderbankje-Ladderplatform-2.jpg","datePublished":"2019-10-13T21:53:52+00:00","dateModified":"2025-11-23T19:50:24+00:00","description":"Pi\u00e8ce de rechange pour l'echelle WAKU. \u00c9chelles et accessoires Wak\u00fc : tout chez Alu Comfort.","breadcrumb":{"@id":"https:\/\/www.alucomfort.be\/product\/waku-platform\/#breadcrumb"},"inLanguage":"fr-FR","potentialAction":[{"@type":"ReadAction","target":["https:\/\/www.alucomfort.be\/product\/waku-platform\/"]}]},{"@type":"ImageObject","inLanguage":"fr-FR","@id":"https:\/\/www.alucomfort.be\/product\/waku-platform\/#primaryimage","url":"https:\/\/www.alucomfort.be\/wp-content\/uploads\/104-Waku-Platform-Ladderbankje-Ladderplatform-2.jpg","contentUrl":"https:\/\/www.alucomfort.be\/wp-content\/uploads\/104-Waku-Platform-Ladderbankje-Ladderplatform-2.jpg","width":1364,"height":1965,"caption":"Verhoog je veiligheid en comfort bij ladderwerkzaamheden met het Wak\u00fc ladderbankje. Het ideale accessoire voor stabiel en moeiteloos werken op hoogte."},{"@type":"BreadcrumbList","@id":"https:\/\/www.alucomfort.be\/product\/waku-platform\/#breadcrumb","itemListElement":[{"@type":"ListItem","position":1,"name":"Home","item":"https:\/\/www.alucomfort.be\/fr\/"},{"@type":"ListItem","position":2,"name":"Producten","item":"https:\/\/www.alucomfort.be\/producten\/"},{"@type":"ListItem","position":3,"name":"Waku plate-forme d&#8217;\u00e9chelle"}]},{"@type":"WebSite","@id":"https:\/\/www.alucomfort.be\/#website","url":"https:\/\/www.alucomfort.be\/","name":"Alu Comfort","description":"","potentialAction":[{"@type":"SearchAction","target":{"@type":"EntryPoint","urlTemplate":"https:\/\/www.alucomfort.be\/?s={search_term_string}"},"query-input":{"@type":"PropertyValueSpecification","valueRequired":true,"valueName":"search_term_string"}}],"inLanguage":"fr-FR"}]}},"_links":{"self":[{"href":"https:\/\/www.alucomfort.be\/fr\/wp-json\/wp\/v2\/product\/168542","targetHints":{"allow":["GET"]}}],"collection":[{"href":"https:\/\/www.alucomfort.be\/fr\/wp-json\/wp\/v2\/product"}],"about":[{"href":"https:\/\/www.alucomfort.be\/fr\/wp-json\/wp\/v2\/types\/product"}],"wp:featuredmedia":[{"embeddable":true,"href":"https:\/\/www.alucomfort.be\/fr\/wp-json\/wp\/v2\/media\/223224"}],"wp:attachment":[{"href":"https:\/\/www.alucomfort.be\/fr\/wp-json\/wp\/v2\/media?parent=168542"}],"wp:term":[{"taxonomy":"product_brand","embeddable":true,"href":"https:\/\/www.alucomfort.be\/fr\/wp-json\/wp\/v2\/product_brand?post=168542"},{"taxonomy":"product_cat","embeddable":true,"href":"https:\/\/www.alucomfort.be\/fr\/wp-json\/wp\/v2\/product_cat?post=168542"},{"taxonomy":"product_tag","embeddable":true,"href":"https:\/\/www.alucomfort.be\/fr\/wp-json\/wp\/v2\/product_tag?post=168542"}],"curies":[{"name":"wp","href":"https:\/\/api.w.org\/{rel}","templated":true}]}}