

{"id":168560,"date":"2019-10-13T23:54:09","date_gmt":"2019-10-13T21:54:09","guid":{"rendered":"https:\/\/www.alucomfort.be\/product\/plaques-telescopiques-waku\/"},"modified":"2025-11-23T21:50:45","modified_gmt":"2025-11-23T19:50:45","slug":"plaques-telescopiques-waku","status":"publish","type":"product","link":"https:\/\/www.alucomfort.be\/fr\/product\/plaques-telescopiques-waku\/","title":{"rendered":"Wak\u00fc plateforme de travail t\u00e9lescopique"},"content":{"rendered":"<p>* Plaques t\u00e9l\u00e9scopiques en alu, * Plancher t\u00e9lescopique tr\u00e8s stable, r\u00e9glable, antid\u00e9rapant et l\u00e9ger, * Charge adm.: 150 kg, * Longueur: 2,04 m &#8211; 3,50 m, * Largeur: 280 mm, * Poids: 13 kg<\/p>\n","protected":false},"excerpt":{"rendered":"<p>Plaques t\u00e9l\u00e9scopiques Waku<\/p>\n","protected":false},"featured_media":203347,"template":"","meta":{"_acf_changed":false},"product_brand":[],"product_cat":[8059],"product_tag":[],"class_list":{"0":"post-168560","1":"product","2":"type-product","3":"status-publish","4":"has-post-thumbnail","6":"product_cat-echelles-telescopiques","8":"first","9":"instock","10":"taxable","11":"shipping-taxable","12":"purchasable","13":"product-type-simple"},"acf":[],"yoast_head":"<!-- This site is optimized with the Yoast SEO plugin v24.8.1 - https:\/\/yoast.com\/wordpress\/plugins\/seo\/ -->\n<title>Plaques t\u00e9l\u00e9scopiques Wak\u00fc | Alu Comfort |<\/title>\n<meta name=\"description\" content=\"Plaques t\u00e9l\u00e9scopiques en alu qui sont tr\u00e8s stables, r\u00e9glables et l\u00e9g\u00e8res. Alucomfort, sp\u00e9cialiste d&#039;\u00e9chelles et accessoires.\" \/>\n<meta name=\"robots\" content=\"index, follow, max-snippet:-1, max-image-preview:large, max-video-preview:-1\" \/>\n<link rel=\"canonical\" href=\"https:\/\/www.alucomfort.be\/product\/waku-telescopische-werkplank\/\" \/>\n<meta property=\"og:locale\" content=\"fr_FR\" \/>\n<meta property=\"og:type\" content=\"article\" \/>\n<meta property=\"og:title\" content=\"Plaques t\u00e9l\u00e9scopiques Wak\u00fc | Alu Comfort |\" \/>\n<meta property=\"og:description\" content=\"Plaques t\u00e9l\u00e9scopiques en alu qui sont tr\u00e8s stables, r\u00e9glables et l\u00e9g\u00e8res. Alucomfort, sp\u00e9cialiste d&#039;\u00e9chelles et accessoires.\" \/>\n<meta property=\"og:url\" content=\"https:\/\/www.alucomfort.be\/product\/waku-telescopische-werkplank\/\" \/>\n<meta property=\"og:site_name\" content=\"Alu Comfort\" \/>\n<meta property=\"article:modified_time\" content=\"2025-11-23T19:50:45+00:00\" \/>\n<meta property=\"og:image\" content=\"https:\/\/www.alucomfort.be\/wp-content\/uploads\/Waku-telescopische-plank-1.jpg\" \/>\n\t<meta property=\"og:image:width\" content=\"376\" \/>\n\t<meta property=\"og:image:height\" content=\"563\" \/>\n\t<meta property=\"og:image:type\" content=\"image\/jpeg\" \/>\n<meta name=\"twitter:card\" content=\"summary_large_image\" \/>\n<script type=\"application\/ld+json\" class=\"yoast-schema-graph\">{\"@context\":\"https:\/\/schema.org\",\"@graph\":[{\"@type\":\"WebPage\",\"@id\":\"https:\/\/www.alucomfort.be\/product\/waku-telescopische-werkplank\/\",\"url\":\"https:\/\/www.alucomfort.be\/product\/waku-telescopische-werkplank\/\",\"name\":\"Plaques t\u00e9l\u00e9scopiques Wak\u00fc | Alu Comfort |\",\"isPartOf\":{\"@id\":\"https:\/\/www.alucomfort.be\/#website\"},\"primaryImageOfPage\":{\"@id\":\"https:\/\/www.alucomfort.be\/product\/waku-telescopische-werkplank\/#primaryimage\"},\"image\":{\"@id\":\"https:\/\/www.alucomfort.be\/product\/waku-telescopische-werkplank\/#primaryimage\"},\"thumbnailUrl\":\"https:\/\/www.alucomfort.be\/wp-content\/uploads\/Waku-telescopische-plank-1.jpg\",\"datePublished\":\"2019-10-13T21:54:09+00:00\",\"dateModified\":\"2025-11-23T19:50:45+00:00\",\"description\":\"Plaques t\u00e9l\u00e9scopiques en alu qui sont tr\u00e8s stables, r\u00e9glables et l\u00e9g\u00e8res. Alucomfort, sp\u00e9cialiste d'\u00e9chelles et accessoires.\",\"breadcrumb\":{\"@id\":\"https:\/\/www.alucomfort.be\/product\/waku-telescopische-werkplank\/#breadcrumb\"},\"inLanguage\":\"fr-FR\",\"potentialAction\":[{\"@type\":\"ReadAction\",\"target\":[\"https:\/\/www.alucomfort.be\/product\/waku-telescopische-werkplank\/\"]}]},{\"@type\":\"ImageObject\",\"inLanguage\":\"fr-FR\",\"@id\":\"https:\/\/www.alucomfort.be\/product\/waku-telescopische-werkplank\/#primaryimage\",\"url\":\"https:\/\/www.alucomfort.be\/wp-content\/uploads\/Waku-telescopische-plank-1.jpg\",\"contentUrl\":\"https:\/\/www.alucomfort.be\/wp-content\/uploads\/Waku-telescopische-plank-1.jpg\",\"width\":376,\"height\":563},{\"@type\":\"BreadcrumbList\",\"@id\":\"https:\/\/www.alucomfort.be\/product\/waku-telescopische-werkplank\/#breadcrumb\",\"itemListElement\":[{\"@type\":\"ListItem\",\"position\":1,\"name\":\"Home\",\"item\":\"https:\/\/www.alucomfort.be\/fr\/\"},{\"@type\":\"ListItem\",\"position\":2,\"name\":\"Producten\",\"item\":\"https:\/\/www.alucomfort.be\/producten\/\"},{\"@type\":\"ListItem\",\"position\":3,\"name\":\"Wak\u00fc plateforme de travail t\u00e9lescopique\"}]},{\"@type\":\"WebSite\",\"@id\":\"https:\/\/www.alucomfort.be\/#website\",\"url\":\"https:\/\/www.alucomfort.be\/\",\"name\":\"Alu Comfort\",\"description\":\"\",\"potentialAction\":[{\"@type\":\"SearchAction\",\"target\":{\"@type\":\"EntryPoint\",\"urlTemplate\":\"https:\/\/www.alucomfort.be\/?s={search_term_string}\"},\"query-input\":{\"@type\":\"PropertyValueSpecification\",\"valueRequired\":true,\"valueName\":\"search_term_string\"}}],\"inLanguage\":\"fr-FR\"}]}<\/script>\n<!-- \/ Yoast SEO plugin. -->","yoast_head_json":{"title":"Plaques t\u00e9l\u00e9scopiques Wak\u00fc | Alu Comfort |","description":"Plaques t\u00e9l\u00e9scopiques en alu qui sont tr\u00e8s stables, r\u00e9glables et l\u00e9g\u00e8res. Alucomfort, sp\u00e9cialiste d'\u00e9chelles et accessoires.","robots":{"index":"index","follow":"follow","max-snippet":"max-snippet:-1","max-image-preview":"max-image-preview:large","max-video-preview":"max-video-preview:-1"},"canonical":"https:\/\/www.alucomfort.be\/product\/waku-telescopische-werkplank\/","og_locale":"fr_FR","og_type":"article","og_title":"Plaques t\u00e9l\u00e9scopiques Wak\u00fc | Alu Comfort |","og_description":"Plaques t\u00e9l\u00e9scopiques en alu qui sont tr\u00e8s stables, r\u00e9glables et l\u00e9g\u00e8res. Alucomfort, sp\u00e9cialiste d'\u00e9chelles et accessoires.","og_url":"https:\/\/www.alucomfort.be\/product\/waku-telescopische-werkplank\/","og_site_name":"Alu Comfort","article_modified_time":"2025-11-23T19:50:45+00:00","og_image":[{"width":376,"height":563,"url":"https:\/\/www.alucomfort.be\/wp-content\/uploads\/Waku-telescopische-plank-1.jpg","type":"image\/jpeg"}],"twitter_card":"summary_large_image","schema":{"@context":"https:\/\/schema.org","@graph":[{"@type":"WebPage","@id":"https:\/\/www.alucomfort.be\/product\/waku-telescopische-werkplank\/","url":"https:\/\/www.alucomfort.be\/product\/waku-telescopische-werkplank\/","name":"Plaques t\u00e9l\u00e9scopiques Wak\u00fc | Alu Comfort |","isPartOf":{"@id":"https:\/\/www.alucomfort.be\/#website"},"primaryImageOfPage":{"@id":"https:\/\/www.alucomfort.be\/product\/waku-telescopische-werkplank\/#primaryimage"},"image":{"@id":"https:\/\/www.alucomfort.be\/product\/waku-telescopische-werkplank\/#primaryimage"},"thumbnailUrl":"https:\/\/www.alucomfort.be\/wp-content\/uploads\/Waku-telescopische-plank-1.jpg","datePublished":"2019-10-13T21:54:09+00:00","dateModified":"2025-11-23T19:50:45+00:00","description":"Plaques t\u00e9l\u00e9scopiques en alu qui sont tr\u00e8s stables, r\u00e9glables et l\u00e9g\u00e8res. Alucomfort, sp\u00e9cialiste d'\u00e9chelles et accessoires.","breadcrumb":{"@id":"https:\/\/www.alucomfort.be\/product\/waku-telescopische-werkplank\/#breadcrumb"},"inLanguage":"fr-FR","potentialAction":[{"@type":"ReadAction","target":["https:\/\/www.alucomfort.be\/product\/waku-telescopische-werkplank\/"]}]},{"@type":"ImageObject","inLanguage":"fr-FR","@id":"https:\/\/www.alucomfort.be\/product\/waku-telescopische-werkplank\/#primaryimage","url":"https:\/\/www.alucomfort.be\/wp-content\/uploads\/Waku-telescopische-plank-1.jpg","contentUrl":"https:\/\/www.alucomfort.be\/wp-content\/uploads\/Waku-telescopische-plank-1.jpg","width":376,"height":563},{"@type":"BreadcrumbList","@id":"https:\/\/www.alucomfort.be\/product\/waku-telescopische-werkplank\/#breadcrumb","itemListElement":[{"@type":"ListItem","position":1,"name":"Home","item":"https:\/\/www.alucomfort.be\/fr\/"},{"@type":"ListItem","position":2,"name":"Producten","item":"https:\/\/www.alucomfort.be\/producten\/"},{"@type":"ListItem","position":3,"name":"Wak\u00fc plateforme de travail t\u00e9lescopique"}]},{"@type":"WebSite","@id":"https:\/\/www.alucomfort.be\/#website","url":"https:\/\/www.alucomfort.be\/","name":"Alu Comfort","description":"","potentialAction":[{"@type":"SearchAction","target":{"@type":"EntryPoint","urlTemplate":"https:\/\/www.alucomfort.be\/?s={search_term_string}"},"query-input":{"@type":"PropertyValueSpecification","valueRequired":true,"valueName":"search_term_string"}}],"inLanguage":"fr-FR"}]}},"_links":{"self":[{"href":"https:\/\/www.alucomfort.be\/fr\/wp-json\/wp\/v2\/product\/168560","targetHints":{"allow":["GET"]}}],"collection":[{"href":"https:\/\/www.alucomfort.be\/fr\/wp-json\/wp\/v2\/product"}],"about":[{"href":"https:\/\/www.alucomfort.be\/fr\/wp-json\/wp\/v2\/types\/product"}],"wp:featuredmedia":[{"embeddable":true,"href":"https:\/\/www.alucomfort.be\/fr\/wp-json\/wp\/v2\/media\/203347"}],"wp:attachment":[{"href":"https:\/\/www.alucomfort.be\/fr\/wp-json\/wp\/v2\/media?parent=168560"}],"wp:term":[{"taxonomy":"product_brand","embeddable":true,"href":"https:\/\/www.alucomfort.be\/fr\/wp-json\/wp\/v2\/product_brand?post=168560"},{"taxonomy":"product_cat","embeddable":true,"href":"https:\/\/www.alucomfort.be\/fr\/wp-json\/wp\/v2\/product_cat?post=168560"},{"taxonomy":"product_tag","embeddable":true,"href":"https:\/\/www.alucomfort.be\/fr\/wp-json\/wp\/v2\/product_tag?post=168560"}],"curies":[{"name":"wp","href":"https:\/\/api.w.org\/{rel}","templated":true}]}}