

{"id":168636,"date":"2019-10-13T23:55:37","date_gmt":"2019-10-13T21:55:37","guid":{"rendered":"https:\/\/www.alucomfort.be\/product\/echafaudage-avec-des-marches-hauteur-du-plate-forme-2500-mm\/"},"modified":"2022-05-30T23:20:20","modified_gmt":"2022-05-30T21:20:20","slug":"echafaudage-avec-des-marches-hauteur-du-plate-forme-2500-mm","status":"publish","type":"product","link":"https:\/\/www.alucomfort.be\/fr\/product\/echafaudage-avec-des-marches-hauteur-du-plate-forme-2500-mm\/","title":{"rendered":"Echafaudage avec des marches &#8211; Hauteur du plate-forme: 2500 mm"},"content":{"rendered":"<p>* Approuv\u00e9 T\u00fcv\/GS, * Charge adm. 200 kg\/m\u00b3 selon la norme EN 1004, * Avec un escalier et main courante pour monter et descendre en toute s\u00e9curit\u00e9, * La plate-forme de travail est r\u00e9glable verticalement, * Des roulettes (avec freins) r\u00e9glables en hauteur pour utilisatoin \u00e0 un sol in\u00e9gal, * Une stabilit\u00e9 et une r\u00e9sistance optimale, * Delai de livraison: +\/- 15 jours.<\/p>\n","protected":false},"excerpt":{"rendered":"<p>Echafaudage mobile &#8211; Dim. (l x p): 2000 x 1500 mm<\/p>\n","protected":false},"featured_media":12326,"template":"","meta":{"_acf_changed":false},"product_brand":[],"product_cat":[2583],"product_tag":[],"class_list":{"0":"post-168636","1":"product","2":"type-product","3":"status-publish","4":"has-post-thumbnail","6":"product_cat-echafaudage-avec-des-marches","8":"first","9":"instock","10":"taxable","11":"shipping-taxable","12":"purchasable","13":"product-type-simple"},"acf":[],"yoast_head":"<!-- This site is optimized with the Yoast SEO plugin v24.8.1 - https:\/\/yoast.com\/wordpress\/plugins\/seo\/ -->\n<title>Echafaudage avec des marches<\/title>\n<meta name=\"description\" content=\"Echafaudage avec escalier int\u00e9gr\u00e9 qui vous permettra d&#039;atteindre de grandes hauteurs. Avec plateau de travail large et long pour plus de confort de travail.\" \/>\n<meta name=\"robots\" content=\"index, follow, max-snippet:-1, max-image-preview:large, max-video-preview:-1\" \/>\n<link rel=\"canonical\" href=\"https:\/\/www.alucomfort.be\/fr\/product\/echafaudage-avec-des-marches-hauteur-du-plate-forme-2500-mm\/\" \/>\n<meta property=\"og:locale\" content=\"fr_FR\" \/>\n<meta property=\"og:type\" content=\"article\" \/>\n<meta property=\"og:title\" content=\"Echafaudage avec des marches\" \/>\n<meta property=\"og:description\" content=\"Echafaudage avec escalier int\u00e9gr\u00e9 qui vous permettra d&#039;atteindre de grandes hauteurs. Avec plateau de travail large et long pour plus de confort de travail.\" \/>\n<meta property=\"og:url\" content=\"https:\/\/www.alucomfort.be\/fr\/product\/echafaudage-avec-des-marches-hauteur-du-plate-forme-2500-mm\/\" \/>\n<meta property=\"og:site_name\" content=\"Alu Comfort\" \/>\n<meta property=\"article:modified_time\" content=\"2022-05-30T21:20:20+00:00\" \/>\n<meta property=\"og:image\" content=\"https:\/\/www.alucomfort.be\/wp-content\/uploads\/KR-769-1.jpg\" \/>\n\t<meta property=\"og:image:width\" content=\"359\" \/>\n\t<meta property=\"og:image:height\" content=\"498\" \/>\n\t<meta property=\"og:image:type\" content=\"image\/jpeg\" \/>\n<meta name=\"twitter:card\" content=\"summary_large_image\" \/>\n<script type=\"application\/ld+json\" class=\"yoast-schema-graph\">{\"@context\":\"https:\/\/schema.org\",\"@graph\":[{\"@type\":\"WebPage\",\"@id\":\"https:\/\/www.alucomfort.be\/fr\/product\/echafaudage-avec-des-marches-hauteur-du-plate-forme-2500-mm\/\",\"url\":\"https:\/\/www.alucomfort.be\/fr\/product\/echafaudage-avec-des-marches-hauteur-du-plate-forme-2500-mm\/\",\"name\":\"Echafaudage avec des marches\",\"isPartOf\":{\"@id\":\"https:\/\/www.alucomfort.be\/#website\"},\"primaryImageOfPage\":{\"@id\":\"https:\/\/www.alucomfort.be\/fr\/product\/echafaudage-avec-des-marches-hauteur-du-plate-forme-2500-mm\/#primaryimage\"},\"image\":{\"@id\":\"https:\/\/www.alucomfort.be\/fr\/product\/echafaudage-avec-des-marches-hauteur-du-plate-forme-2500-mm\/#primaryimage\"},\"thumbnailUrl\":\"https:\/\/www.alucomfort.be\/wp-content\/uploads\/KR-769-1.jpg\",\"datePublished\":\"2019-10-13T21:55:37+00:00\",\"dateModified\":\"2022-05-30T21:20:20+00:00\",\"description\":\"Echafaudage avec escalier int\u00e9gr\u00e9 qui vous permettra d'atteindre de grandes hauteurs. Avec plateau de travail large et long pour plus de confort de travail.\",\"breadcrumb\":{\"@id\":\"https:\/\/www.alucomfort.be\/fr\/product\/echafaudage-avec-des-marches-hauteur-du-plate-forme-2500-mm\/#breadcrumb\"},\"inLanguage\":\"fr-FR\",\"potentialAction\":[{\"@type\":\"ReadAction\",\"target\":[\"https:\/\/www.alucomfort.be\/fr\/product\/echafaudage-avec-des-marches-hauteur-du-plate-forme-2500-mm\/\"]}]},{\"@type\":\"ImageObject\",\"inLanguage\":\"fr-FR\",\"@id\":\"https:\/\/www.alucomfort.be\/fr\/product\/echafaudage-avec-des-marches-hauteur-du-plate-forme-2500-mm\/#primaryimage\",\"url\":\"https:\/\/www.alucomfort.be\/wp-content\/uploads\/KR-769-1.jpg\",\"contentUrl\":\"https:\/\/www.alucomfort.be\/wp-content\/uploads\/KR-769-1.jpg\",\"width\":359,\"height\":498},{\"@type\":\"BreadcrumbList\",\"@id\":\"https:\/\/www.alucomfort.be\/fr\/product\/echafaudage-avec-des-marches-hauteur-du-plate-forme-2500-mm\/#breadcrumb\",\"itemListElement\":[{\"@type\":\"ListItem\",\"position\":1,\"name\":\"Home\",\"item\":\"https:\/\/www.alucomfort.be\/fr\/\"},{\"@type\":\"ListItem\",\"position\":2,\"name\":\"Producten\",\"item\":\"https:\/\/www.alucomfort.be\/producten\/\"},{\"@type\":\"ListItem\",\"position\":3,\"name\":\"Echafaudage avec des marches &#8211; Hauteur du plate-forme: 2500 mm\"}]},{\"@type\":\"WebSite\",\"@id\":\"https:\/\/www.alucomfort.be\/#website\",\"url\":\"https:\/\/www.alucomfort.be\/\",\"name\":\"Alu Comfort\",\"description\":\"\",\"potentialAction\":[{\"@type\":\"SearchAction\",\"target\":{\"@type\":\"EntryPoint\",\"urlTemplate\":\"https:\/\/www.alucomfort.be\/?s={search_term_string}\"},\"query-input\":{\"@type\":\"PropertyValueSpecification\",\"valueRequired\":true,\"valueName\":\"search_term_string\"}}],\"inLanguage\":\"fr-FR\"}]}<\/script>\n<!-- \/ Yoast SEO plugin. -->","yoast_head_json":{"title":"Echafaudage avec des marches","description":"Echafaudage avec escalier int\u00e9gr\u00e9 qui vous permettra d'atteindre de grandes hauteurs. Avec plateau de travail large et long pour plus de confort de travail.","robots":{"index":"index","follow":"follow","max-snippet":"max-snippet:-1","max-image-preview":"max-image-preview:large","max-video-preview":"max-video-preview:-1"},"canonical":"https:\/\/www.alucomfort.be\/fr\/product\/echafaudage-avec-des-marches-hauteur-du-plate-forme-2500-mm\/","og_locale":"fr_FR","og_type":"article","og_title":"Echafaudage avec des marches","og_description":"Echafaudage avec escalier int\u00e9gr\u00e9 qui vous permettra d'atteindre de grandes hauteurs. Avec plateau de travail large et long pour plus de confort de travail.","og_url":"https:\/\/www.alucomfort.be\/fr\/product\/echafaudage-avec-des-marches-hauteur-du-plate-forme-2500-mm\/","og_site_name":"Alu Comfort","article_modified_time":"2022-05-30T21:20:20+00:00","og_image":[{"width":359,"height":498,"url":"https:\/\/www.alucomfort.be\/wp-content\/uploads\/KR-769-1.jpg","type":"image\/jpeg"}],"twitter_card":"summary_large_image","schema":{"@context":"https:\/\/schema.org","@graph":[{"@type":"WebPage","@id":"https:\/\/www.alucomfort.be\/fr\/product\/echafaudage-avec-des-marches-hauteur-du-plate-forme-2500-mm\/","url":"https:\/\/www.alucomfort.be\/fr\/product\/echafaudage-avec-des-marches-hauteur-du-plate-forme-2500-mm\/","name":"Echafaudage avec des marches","isPartOf":{"@id":"https:\/\/www.alucomfort.be\/#website"},"primaryImageOfPage":{"@id":"https:\/\/www.alucomfort.be\/fr\/product\/echafaudage-avec-des-marches-hauteur-du-plate-forme-2500-mm\/#primaryimage"},"image":{"@id":"https:\/\/www.alucomfort.be\/fr\/product\/echafaudage-avec-des-marches-hauteur-du-plate-forme-2500-mm\/#primaryimage"},"thumbnailUrl":"https:\/\/www.alucomfort.be\/wp-content\/uploads\/KR-769-1.jpg","datePublished":"2019-10-13T21:55:37+00:00","dateModified":"2022-05-30T21:20:20+00:00","description":"Echafaudage avec escalier int\u00e9gr\u00e9 qui vous permettra d'atteindre de grandes hauteurs. Avec plateau de travail large et long pour plus de confort de travail.","breadcrumb":{"@id":"https:\/\/www.alucomfort.be\/fr\/product\/echafaudage-avec-des-marches-hauteur-du-plate-forme-2500-mm\/#breadcrumb"},"inLanguage":"fr-FR","potentialAction":[{"@type":"ReadAction","target":["https:\/\/www.alucomfort.be\/fr\/product\/echafaudage-avec-des-marches-hauteur-du-plate-forme-2500-mm\/"]}]},{"@type":"ImageObject","inLanguage":"fr-FR","@id":"https:\/\/www.alucomfort.be\/fr\/product\/echafaudage-avec-des-marches-hauteur-du-plate-forme-2500-mm\/#primaryimage","url":"https:\/\/www.alucomfort.be\/wp-content\/uploads\/KR-769-1.jpg","contentUrl":"https:\/\/www.alucomfort.be\/wp-content\/uploads\/KR-769-1.jpg","width":359,"height":498},{"@type":"BreadcrumbList","@id":"https:\/\/www.alucomfort.be\/fr\/product\/echafaudage-avec-des-marches-hauteur-du-plate-forme-2500-mm\/#breadcrumb","itemListElement":[{"@type":"ListItem","position":1,"name":"Home","item":"https:\/\/www.alucomfort.be\/fr\/"},{"@type":"ListItem","position":2,"name":"Producten","item":"https:\/\/www.alucomfort.be\/producten\/"},{"@type":"ListItem","position":3,"name":"Echafaudage avec des marches &#8211; Hauteur du plate-forme: 2500 mm"}]},{"@type":"WebSite","@id":"https:\/\/www.alucomfort.be\/#website","url":"https:\/\/www.alucomfort.be\/","name":"Alu Comfort","description":"","potentialAction":[{"@type":"SearchAction","target":{"@type":"EntryPoint","urlTemplate":"https:\/\/www.alucomfort.be\/?s={search_term_string}"},"query-input":{"@type":"PropertyValueSpecification","valueRequired":true,"valueName":"search_term_string"}}],"inLanguage":"fr-FR"}]}},"_links":{"self":[{"href":"https:\/\/www.alucomfort.be\/fr\/wp-json\/wp\/v2\/product\/168636","targetHints":{"allow":["GET"]}}],"collection":[{"href":"https:\/\/www.alucomfort.be\/fr\/wp-json\/wp\/v2\/product"}],"about":[{"href":"https:\/\/www.alucomfort.be\/fr\/wp-json\/wp\/v2\/types\/product"}],"wp:featuredmedia":[{"embeddable":true,"href":"https:\/\/www.alucomfort.be\/fr\/wp-json\/wp\/v2\/media\/12326"}],"wp:attachment":[{"href":"https:\/\/www.alucomfort.be\/fr\/wp-json\/wp\/v2\/media?parent=168636"}],"wp:term":[{"taxonomy":"product_brand","embeddable":true,"href":"https:\/\/www.alucomfort.be\/fr\/wp-json\/wp\/v2\/product_brand?post=168636"},{"taxonomy":"product_cat","embeddable":true,"href":"https:\/\/www.alucomfort.be\/fr\/wp-json\/wp\/v2\/product_cat?post=168636"},{"taxonomy":"product_tag","embeddable":true,"href":"https:\/\/www.alucomfort.be\/fr\/wp-json\/wp\/v2\/product_tag?post=168636"}],"curies":[{"name":"wp","href":"https:\/\/api.w.org\/{rel}","templated":true}]}}