

{"id":168648,"date":"2019-10-13T23:56:07","date_gmt":"2019-10-13T21:56:07","guid":{"rendered":"https:\/\/www.alucomfort.be\/product\/echelle-camion-citerne\/"},"modified":"2024-11-19T23:53:12","modified_gmt":"2024-11-19T21:53:12","slug":"echelle-camion-citerne","status":"publish","type":"product","link":"https:\/\/www.alucomfort.be\/fr\/product\/echelle-camion-citerne\/","title":{"rendered":"Echelle camion citerne"},"content":{"rendered":"<p>* Permet l&rsquo;acc\u00e8s aux citernes des vehicules de transport, * Hauteur entre 2700 et 4030 mm, * Dimension de la plate-forme: 1050 x 670 mm, * Largeur: 1590 mm, * 2 roues de diam 200 mm pivotantes \u00e0 frein et 2 roues de 200 mm fixes \u00e0 frein, * Avec treuil pour le r\u00e9glage en hauteur<\/p>\n","protected":false},"excerpt":{"rendered":"<p>Echelle pour camion citerne ou pour les travaux de maintenance, de ravitaillement, de d\u00e9givrage et de r\u00e9paration.<\/p>\n","protected":false},"featured_media":26573,"template":"","meta":{"_acf_changed":false},"product_brand":[],"product_cat":[2550],"product_tag":[],"class_list":{"0":"post-168648","1":"product","2":"type-product","3":"status-publish","4":"has-post-thumbnail","6":"product_cat-echelle-pour-camion-citerne","8":"first","9":"outofstock","10":"taxable","11":"shipping-taxable","12":"purchasable","13":"product-type-variable"},"acf":[],"yoast_head":"<!-- This site is optimized with the Yoast SEO plugin v24.8.1 - https:\/\/yoast.com\/wordpress\/plugins\/seo\/ -->\n<title>Echelle camion citerne<\/title>\n<meta name=\"description\" content=\"Echelle camion citerne\" \/>\n<meta name=\"robots\" content=\"index, follow, max-snippet:-1, max-image-preview:large, max-video-preview:-1\" \/>\n<link rel=\"canonical\" href=\"https:\/\/www.alucomfort.be\/product\/tankwagenladder\/\" \/>\n<meta property=\"og:locale\" content=\"fr_FR\" \/>\n<meta property=\"og:type\" content=\"article\" \/>\n<meta property=\"og:title\" content=\"Echelle camion citerne\" \/>\n<meta property=\"og:description\" content=\"Echelle camion citerne\" \/>\n<meta property=\"og:url\" content=\"https:\/\/www.alucomfort.be\/product\/tankwagenladder\/\" \/>\n<meta property=\"og:site_name\" content=\"Alu Comfort\" \/>\n<meta property=\"article:modified_time\" content=\"2024-11-19T21:53:12+00:00\" \/>\n<meta property=\"og:image\" content=\"https:\/\/www.alucomfort.be\/wp-content\/uploads\/HR-2280-1.jpg\" \/>\n\t<meta property=\"og:image:width\" content=\"1000\" \/>\n\t<meta property=\"og:image:height\" content=\"1500\" \/>\n\t<meta property=\"og:image:type\" content=\"image\/jpeg\" \/>\n<meta name=\"twitter:card\" content=\"summary_large_image\" \/>\n<script type=\"application\/ld+json\" class=\"yoast-schema-graph\">{\"@context\":\"https:\/\/schema.org\",\"@graph\":[{\"@type\":\"WebPage\",\"@id\":\"https:\/\/www.alucomfort.be\/product\/tankwagenladder\/\",\"url\":\"https:\/\/www.alucomfort.be\/product\/tankwagenladder\/\",\"name\":\"Echelle camion citerne\",\"isPartOf\":{\"@id\":\"https:\/\/www.alucomfort.be\/#website\"},\"primaryImageOfPage\":{\"@id\":\"https:\/\/www.alucomfort.be\/product\/tankwagenladder\/#primaryimage\"},\"image\":{\"@id\":\"https:\/\/www.alucomfort.be\/product\/tankwagenladder\/#primaryimage\"},\"thumbnailUrl\":\"https:\/\/www.alucomfort.be\/wp-content\/uploads\/HR-2280-1.jpg\",\"datePublished\":\"2019-10-13T21:56:07+00:00\",\"dateModified\":\"2024-11-19T21:53:12+00:00\",\"description\":\"Echelle camion citerne\",\"breadcrumb\":{\"@id\":\"https:\/\/www.alucomfort.be\/product\/tankwagenladder\/#breadcrumb\"},\"inLanguage\":\"fr-FR\",\"potentialAction\":[{\"@type\":\"ReadAction\",\"target\":[\"https:\/\/www.alucomfort.be\/product\/tankwagenladder\/\"]}]},{\"@type\":\"ImageObject\",\"inLanguage\":\"fr-FR\",\"@id\":\"https:\/\/www.alucomfort.be\/product\/tankwagenladder\/#primaryimage\",\"url\":\"https:\/\/www.alucomfort.be\/wp-content\/uploads\/HR-2280-1.jpg\",\"contentUrl\":\"https:\/\/www.alucomfort.be\/wp-content\/uploads\/HR-2280-1.jpg\",\"width\":1000,\"height\":1500,\"caption\":\"Tankwagenladder\"},{\"@type\":\"BreadcrumbList\",\"@id\":\"https:\/\/www.alucomfort.be\/product\/tankwagenladder\/#breadcrumb\",\"itemListElement\":[{\"@type\":\"ListItem\",\"position\":1,\"name\":\"Home\",\"item\":\"https:\/\/www.alucomfort.be\/fr\/\"},{\"@type\":\"ListItem\",\"position\":2,\"name\":\"Producten\",\"item\":\"https:\/\/www.alucomfort.be\/producten\/\"},{\"@type\":\"ListItem\",\"position\":3,\"name\":\"Echelle camion citerne\"}]},{\"@type\":\"WebSite\",\"@id\":\"https:\/\/www.alucomfort.be\/#website\",\"url\":\"https:\/\/www.alucomfort.be\/\",\"name\":\"Alu Comfort\",\"description\":\"\",\"potentialAction\":[{\"@type\":\"SearchAction\",\"target\":{\"@type\":\"EntryPoint\",\"urlTemplate\":\"https:\/\/www.alucomfort.be\/?s={search_term_string}\"},\"query-input\":{\"@type\":\"PropertyValueSpecification\",\"valueRequired\":true,\"valueName\":\"search_term_string\"}}],\"inLanguage\":\"fr-FR\"}]}<\/script>\n<!-- \/ Yoast SEO plugin. -->","yoast_head_json":{"title":"Echelle camion citerne","description":"Echelle camion citerne","robots":{"index":"index","follow":"follow","max-snippet":"max-snippet:-1","max-image-preview":"max-image-preview:large","max-video-preview":"max-video-preview:-1"},"canonical":"https:\/\/www.alucomfort.be\/product\/tankwagenladder\/","og_locale":"fr_FR","og_type":"article","og_title":"Echelle camion citerne","og_description":"Echelle camion citerne","og_url":"https:\/\/www.alucomfort.be\/product\/tankwagenladder\/","og_site_name":"Alu Comfort","article_modified_time":"2024-11-19T21:53:12+00:00","og_image":[{"width":1000,"height":1500,"url":"https:\/\/www.alucomfort.be\/wp-content\/uploads\/HR-2280-1.jpg","type":"image\/jpeg"}],"twitter_card":"summary_large_image","schema":{"@context":"https:\/\/schema.org","@graph":[{"@type":"WebPage","@id":"https:\/\/www.alucomfort.be\/product\/tankwagenladder\/","url":"https:\/\/www.alucomfort.be\/product\/tankwagenladder\/","name":"Echelle camion citerne","isPartOf":{"@id":"https:\/\/www.alucomfort.be\/#website"},"primaryImageOfPage":{"@id":"https:\/\/www.alucomfort.be\/product\/tankwagenladder\/#primaryimage"},"image":{"@id":"https:\/\/www.alucomfort.be\/product\/tankwagenladder\/#primaryimage"},"thumbnailUrl":"https:\/\/www.alucomfort.be\/wp-content\/uploads\/HR-2280-1.jpg","datePublished":"2019-10-13T21:56:07+00:00","dateModified":"2024-11-19T21:53:12+00:00","description":"Echelle camion citerne","breadcrumb":{"@id":"https:\/\/www.alucomfort.be\/product\/tankwagenladder\/#breadcrumb"},"inLanguage":"fr-FR","potentialAction":[{"@type":"ReadAction","target":["https:\/\/www.alucomfort.be\/product\/tankwagenladder\/"]}]},{"@type":"ImageObject","inLanguage":"fr-FR","@id":"https:\/\/www.alucomfort.be\/product\/tankwagenladder\/#primaryimage","url":"https:\/\/www.alucomfort.be\/wp-content\/uploads\/HR-2280-1.jpg","contentUrl":"https:\/\/www.alucomfort.be\/wp-content\/uploads\/HR-2280-1.jpg","width":1000,"height":1500,"caption":"Tankwagenladder"},{"@type":"BreadcrumbList","@id":"https:\/\/www.alucomfort.be\/product\/tankwagenladder\/#breadcrumb","itemListElement":[{"@type":"ListItem","position":1,"name":"Home","item":"https:\/\/www.alucomfort.be\/fr\/"},{"@type":"ListItem","position":2,"name":"Producten","item":"https:\/\/www.alucomfort.be\/producten\/"},{"@type":"ListItem","position":3,"name":"Echelle camion citerne"}]},{"@type":"WebSite","@id":"https:\/\/www.alucomfort.be\/#website","url":"https:\/\/www.alucomfort.be\/","name":"Alu Comfort","description":"","potentialAction":[{"@type":"SearchAction","target":{"@type":"EntryPoint","urlTemplate":"https:\/\/www.alucomfort.be\/?s={search_term_string}"},"query-input":{"@type":"PropertyValueSpecification","valueRequired":true,"valueName":"search_term_string"}}],"inLanguage":"fr-FR"}]}},"_links":{"self":[{"href":"https:\/\/www.alucomfort.be\/fr\/wp-json\/wp\/v2\/product\/168648","targetHints":{"allow":["GET"]}}],"collection":[{"href":"https:\/\/www.alucomfort.be\/fr\/wp-json\/wp\/v2\/product"}],"about":[{"href":"https:\/\/www.alucomfort.be\/fr\/wp-json\/wp\/v2\/types\/product"}],"wp:featuredmedia":[{"embeddable":true,"href":"https:\/\/www.alucomfort.be\/fr\/wp-json\/wp\/v2\/media\/26573"}],"wp:attachment":[{"href":"https:\/\/www.alucomfort.be\/fr\/wp-json\/wp\/v2\/media?parent=168648"}],"wp:term":[{"taxonomy":"product_brand","embeddable":true,"href":"https:\/\/www.alucomfort.be\/fr\/wp-json\/wp\/v2\/product_brand?post=168648"},{"taxonomy":"product_cat","embeddable":true,"href":"https:\/\/www.alucomfort.be\/fr\/wp-json\/wp\/v2\/product_cat?post=168648"},{"taxonomy":"product_tag","embeddable":true,"href":"https:\/\/www.alucomfort.be\/fr\/wp-json\/wp\/v2\/product_tag?post=168648"}],"curies":[{"name":"wp","href":"https:\/\/api.w.org\/{rel}","templated":true}]}}