

{"id":168656,"date":"2019-10-13T23:56:14","date_gmt":"2019-10-13T21:56:14","guid":{"rendered":"https:\/\/www.alucomfort.be\/product\/echelle-pour-camion-citerne-balustrade-arondi\/"},"modified":"2024-11-19T23:53:20","modified_gmt":"2024-11-19T21:53:20","slug":"echelle-pour-camion-citerne-balustrade-arondi","status":"publish","type":"product","link":"https:\/\/www.alucomfort.be\/fr\/product\/echelle-pour-camion-citerne-balustrade-arondi\/","title":{"rendered":"Echelle pour camion citerne &#8211; balustrade arondi"},"content":{"rendered":"<p>* Permet l&rsquo;acc\u00e8s aux citernes des vehicules de transport, * Des marches antid\u00e9rapantes, * Hauteur entre 2880 et 4200 mm, * Dimension du cage: 1500 x 1500 mm, * Levier avec incr\u00e9ments de hauteur de 280 mm avec blockage automatique<\/p>\n","protected":false},"excerpt":{"rendered":"<p>Echelle pour camion citerne ou pour les travaux de maintenance, de ravitaillement, de d\u00e9givrage et de r\u00e9paration.<\/p>\n","protected":false},"featured_media":26587,"template":"","meta":{"_acf_changed":false},"product_brand":[],"product_cat":[2550],"product_tag":[],"class_list":{"0":"post-168656","1":"product","2":"type-product","3":"status-publish","4":"has-post-thumbnail","6":"product_cat-echelle-pour-camion-citerne","8":"first","9":"outofstock","10":"taxable","11":"shipping-taxable","12":"purchasable","13":"product-type-variable"},"acf":[],"yoast_head":"<!-- This site is optimized with the Yoast SEO plugin v24.8.1 - https:\/\/yoast.com\/wordpress\/plugins\/seo\/ -->\n<title>Echelle pour camion citerne avec balustrade arondi<\/title>\n<meta name=\"description\" content=\"Echelle pour camion citerne avec balustrade arondi\" \/>\n<meta name=\"robots\" content=\"index, follow, max-snippet:-1, max-image-preview:large, max-video-preview:-1\" \/>\n<link rel=\"canonical\" href=\"https:\/\/www.alucomfort.be\/product\/tankwagenladder-met-ronde-railing\/\" \/>\n<meta property=\"og:locale\" content=\"fr_FR\" \/>\n<meta property=\"og:type\" content=\"article\" \/>\n<meta property=\"og:title\" content=\"Echelle pour camion citerne avec balustrade arondi\" \/>\n<meta property=\"og:description\" content=\"Echelle pour camion citerne avec balustrade arondi\" \/>\n<meta property=\"og:url\" content=\"https:\/\/www.alucomfort.be\/product\/tankwagenladder-met-ronde-railing\/\" \/>\n<meta property=\"og:site_name\" content=\"Alu Comfort\" \/>\n<meta property=\"article:modified_time\" content=\"2024-11-19T21:53:20+00:00\" \/>\n<meta property=\"og:image\" content=\"https:\/\/www.alucomfort.be\/wp-content\/uploads\/Tankwagenladder02A.png\" \/>\n\t<meta property=\"og:image:width\" content=\"630\" \/>\n\t<meta property=\"og:image:height\" content=\"438\" \/>\n\t<meta property=\"og:image:type\" content=\"image\/png\" \/>\n<meta name=\"twitter:card\" content=\"summary_large_image\" \/>\n<script type=\"application\/ld+json\" class=\"yoast-schema-graph\">{\"@context\":\"https:\/\/schema.org\",\"@graph\":[{\"@type\":\"WebPage\",\"@id\":\"https:\/\/www.alucomfort.be\/product\/tankwagenladder-met-ronde-railing\/\",\"url\":\"https:\/\/www.alucomfort.be\/product\/tankwagenladder-met-ronde-railing\/\",\"name\":\"Echelle pour camion citerne avec balustrade arondi\",\"isPartOf\":{\"@id\":\"https:\/\/www.alucomfort.be\/#website\"},\"primaryImageOfPage\":{\"@id\":\"https:\/\/www.alucomfort.be\/product\/tankwagenladder-met-ronde-railing\/#primaryimage\"},\"image\":{\"@id\":\"https:\/\/www.alucomfort.be\/product\/tankwagenladder-met-ronde-railing\/#primaryimage\"},\"thumbnailUrl\":\"https:\/\/www.alucomfort.be\/wp-content\/uploads\/Tankwagenladder02A.png\",\"datePublished\":\"2019-10-13T21:56:14+00:00\",\"dateModified\":\"2024-11-19T21:53:20+00:00\",\"description\":\"Echelle pour camion citerne avec balustrade arondi\",\"breadcrumb\":{\"@id\":\"https:\/\/www.alucomfort.be\/product\/tankwagenladder-met-ronde-railing\/#breadcrumb\"},\"inLanguage\":\"fr-FR\",\"potentialAction\":[{\"@type\":\"ReadAction\",\"target\":[\"https:\/\/www.alucomfort.be\/product\/tankwagenladder-met-ronde-railing\/\"]}]},{\"@type\":\"ImageObject\",\"inLanguage\":\"fr-FR\",\"@id\":\"https:\/\/www.alucomfort.be\/product\/tankwagenladder-met-ronde-railing\/#primaryimage\",\"url\":\"https:\/\/www.alucomfort.be\/wp-content\/uploads\/Tankwagenladder02A.png\",\"contentUrl\":\"https:\/\/www.alucomfort.be\/wp-content\/uploads\/Tankwagenladder02A.png\",\"width\":630,\"height\":438},{\"@type\":\"BreadcrumbList\",\"@id\":\"https:\/\/www.alucomfort.be\/product\/tankwagenladder-met-ronde-railing\/#breadcrumb\",\"itemListElement\":[{\"@type\":\"ListItem\",\"position\":1,\"name\":\"Home\",\"item\":\"https:\/\/www.alucomfort.be\/fr\/\"},{\"@type\":\"ListItem\",\"position\":2,\"name\":\"Producten\",\"item\":\"https:\/\/www.alucomfort.be\/producten\/\"},{\"@type\":\"ListItem\",\"position\":3,\"name\":\"Echelle pour camion citerne &#8211; balustrade arondi\"}]},{\"@type\":\"WebSite\",\"@id\":\"https:\/\/www.alucomfort.be\/#website\",\"url\":\"https:\/\/www.alucomfort.be\/\",\"name\":\"Alu Comfort\",\"description\":\"\",\"potentialAction\":[{\"@type\":\"SearchAction\",\"target\":{\"@type\":\"EntryPoint\",\"urlTemplate\":\"https:\/\/www.alucomfort.be\/?s={search_term_string}\"},\"query-input\":{\"@type\":\"PropertyValueSpecification\",\"valueRequired\":true,\"valueName\":\"search_term_string\"}}],\"inLanguage\":\"fr-FR\"}]}<\/script>\n<!-- \/ Yoast SEO plugin. -->","yoast_head_json":{"title":"Echelle pour camion citerne avec balustrade arondi","description":"Echelle pour camion citerne avec balustrade arondi","robots":{"index":"index","follow":"follow","max-snippet":"max-snippet:-1","max-image-preview":"max-image-preview:large","max-video-preview":"max-video-preview:-1"},"canonical":"https:\/\/www.alucomfort.be\/product\/tankwagenladder-met-ronde-railing\/","og_locale":"fr_FR","og_type":"article","og_title":"Echelle pour camion citerne avec balustrade arondi","og_description":"Echelle pour camion citerne avec balustrade arondi","og_url":"https:\/\/www.alucomfort.be\/product\/tankwagenladder-met-ronde-railing\/","og_site_name":"Alu Comfort","article_modified_time":"2024-11-19T21:53:20+00:00","og_image":[{"width":630,"height":438,"url":"https:\/\/www.alucomfort.be\/wp-content\/uploads\/Tankwagenladder02A.png","type":"image\/png"}],"twitter_card":"summary_large_image","schema":{"@context":"https:\/\/schema.org","@graph":[{"@type":"WebPage","@id":"https:\/\/www.alucomfort.be\/product\/tankwagenladder-met-ronde-railing\/","url":"https:\/\/www.alucomfort.be\/product\/tankwagenladder-met-ronde-railing\/","name":"Echelle pour camion citerne avec balustrade arondi","isPartOf":{"@id":"https:\/\/www.alucomfort.be\/#website"},"primaryImageOfPage":{"@id":"https:\/\/www.alucomfort.be\/product\/tankwagenladder-met-ronde-railing\/#primaryimage"},"image":{"@id":"https:\/\/www.alucomfort.be\/product\/tankwagenladder-met-ronde-railing\/#primaryimage"},"thumbnailUrl":"https:\/\/www.alucomfort.be\/wp-content\/uploads\/Tankwagenladder02A.png","datePublished":"2019-10-13T21:56:14+00:00","dateModified":"2024-11-19T21:53:20+00:00","description":"Echelle pour camion citerne avec balustrade arondi","breadcrumb":{"@id":"https:\/\/www.alucomfort.be\/product\/tankwagenladder-met-ronde-railing\/#breadcrumb"},"inLanguage":"fr-FR","potentialAction":[{"@type":"ReadAction","target":["https:\/\/www.alucomfort.be\/product\/tankwagenladder-met-ronde-railing\/"]}]},{"@type":"ImageObject","inLanguage":"fr-FR","@id":"https:\/\/www.alucomfort.be\/product\/tankwagenladder-met-ronde-railing\/#primaryimage","url":"https:\/\/www.alucomfort.be\/wp-content\/uploads\/Tankwagenladder02A.png","contentUrl":"https:\/\/www.alucomfort.be\/wp-content\/uploads\/Tankwagenladder02A.png","width":630,"height":438},{"@type":"BreadcrumbList","@id":"https:\/\/www.alucomfort.be\/product\/tankwagenladder-met-ronde-railing\/#breadcrumb","itemListElement":[{"@type":"ListItem","position":1,"name":"Home","item":"https:\/\/www.alucomfort.be\/fr\/"},{"@type":"ListItem","position":2,"name":"Producten","item":"https:\/\/www.alucomfort.be\/producten\/"},{"@type":"ListItem","position":3,"name":"Echelle pour camion citerne &#8211; balustrade arondi"}]},{"@type":"WebSite","@id":"https:\/\/www.alucomfort.be\/#website","url":"https:\/\/www.alucomfort.be\/","name":"Alu Comfort","description":"","potentialAction":[{"@type":"SearchAction","target":{"@type":"EntryPoint","urlTemplate":"https:\/\/www.alucomfort.be\/?s={search_term_string}"},"query-input":{"@type":"PropertyValueSpecification","valueRequired":true,"valueName":"search_term_string"}}],"inLanguage":"fr-FR"}]}},"_links":{"self":[{"href":"https:\/\/www.alucomfort.be\/fr\/wp-json\/wp\/v2\/product\/168656","targetHints":{"allow":["GET"]}}],"collection":[{"href":"https:\/\/www.alucomfort.be\/fr\/wp-json\/wp\/v2\/product"}],"about":[{"href":"https:\/\/www.alucomfort.be\/fr\/wp-json\/wp\/v2\/types\/product"}],"wp:featuredmedia":[{"embeddable":true,"href":"https:\/\/www.alucomfort.be\/fr\/wp-json\/wp\/v2\/media\/26587"}],"wp:attachment":[{"href":"https:\/\/www.alucomfort.be\/fr\/wp-json\/wp\/v2\/media?parent=168656"}],"wp:term":[{"taxonomy":"product_brand","embeddable":true,"href":"https:\/\/www.alucomfort.be\/fr\/wp-json\/wp\/v2\/product_brand?post=168656"},{"taxonomy":"product_cat","embeddable":true,"href":"https:\/\/www.alucomfort.be\/fr\/wp-json\/wp\/v2\/product_cat?post=168656"},{"taxonomy":"product_tag","embeddable":true,"href":"https:\/\/www.alucomfort.be\/fr\/wp-json\/wp\/v2\/product_tag?post=168656"}],"curies":[{"name":"wp","href":"https:\/\/api.w.org\/{rel}","templated":true}]}}