

{"id":168674,"date":"2019-10-13T23:56:35","date_gmt":"2019-10-13T21:56:35","guid":{"rendered":"https:\/\/www.alucomfort.be\/product\/crochets-pour-echelles-etageres\/"},"modified":"2025-11-24T00:51:30","modified_gmt":"2025-11-23T22:51:30","slug":"crochets-pour-echelles-etageres","status":"publish","type":"product","link":"https:\/\/www.alucomfort.be\/fr\/product\/crochets-pour-echelles-etageres\/","title":{"rendered":"Crochets pour \u00e9chelles \u00e9tag\u00e8res"},"content":{"rendered":"","protected":false},"excerpt":{"rendered":"<p>Pair de crochets<\/p>\n","protected":false},"featured_media":205154,"template":"","meta":{"_acf_changed":false},"product_brand":[],"product_cat":[2592],"product_tag":[],"class_list":{"0":"post-168674","1":"product","2":"type-product","3":"status-publish","4":"has-post-thumbnail","6":"product_cat-echelle-coulissante-pour-etageres","8":"first","9":"instock","10":"taxable","11":"shipping-taxable","12":"purchasable","13":"product-type-simple"},"acf":[],"yoast_head":"<!-- This site is optimized with the Yoast SEO plugin v24.8.1 - https:\/\/yoast.com\/wordpress\/plugins\/seo\/ -->\n<title>Crochets | Alu Comfort |<\/title>\n<meta name=\"description\" content=\"Crochets pour \u00e9chelles \u00e9tag\u00e8res\" \/>\n<meta name=\"robots\" content=\"index, follow, max-snippet:-1, max-image-preview:large, max-video-preview:-1\" \/>\n<link rel=\"canonical\" href=\"https:\/\/www.alucomfort.be\/fr\/product\/crochets-pour-echelles-etageres\/\" \/>\n<meta property=\"og:locale\" content=\"fr_FR\" \/>\n<meta property=\"og:type\" content=\"article\" \/>\n<meta property=\"og:title\" content=\"Crochets | Alu Comfort |\" \/>\n<meta property=\"og:description\" content=\"Crochets pour \u00e9chelles \u00e9tag\u00e8res\" \/>\n<meta property=\"og:url\" content=\"https:\/\/www.alucomfort.be\/fr\/product\/crochets-pour-echelles-etageres\/\" \/>\n<meta property=\"og:site_name\" content=\"Alu Comfort\" \/>\n<meta property=\"article:modified_time\" content=\"2025-11-23T22:51:30+00:00\" \/>\n<meta property=\"og:image\" content=\"https:\/\/www.alucomfort.be\/wp-content\/uploads\/Inhanghaken.jpg\" \/>\n\t<meta property=\"og:image:width\" content=\"1920\" \/>\n\t<meta property=\"og:image:height\" content=\"1440\" \/>\n\t<meta property=\"og:image:type\" content=\"image\/jpeg\" \/>\n<meta name=\"twitter:card\" content=\"summary_large_image\" \/>\n<script type=\"application\/ld+json\" class=\"yoast-schema-graph\">{\"@context\":\"https:\/\/schema.org\",\"@graph\":[{\"@type\":\"WebPage\",\"@id\":\"https:\/\/www.alucomfort.be\/fr\/product\/crochets-pour-echelles-etageres\/\",\"url\":\"https:\/\/www.alucomfort.be\/fr\/product\/crochets-pour-echelles-etageres\/\",\"name\":\"Crochets | Alu Comfort |\",\"isPartOf\":{\"@id\":\"https:\/\/www.alucomfort.be\/#website\"},\"primaryImageOfPage\":{\"@id\":\"https:\/\/www.alucomfort.be\/fr\/product\/crochets-pour-echelles-etageres\/#primaryimage\"},\"image\":{\"@id\":\"https:\/\/www.alucomfort.be\/fr\/product\/crochets-pour-echelles-etageres\/#primaryimage\"},\"thumbnailUrl\":\"https:\/\/www.alucomfort.be\/wp-content\/uploads\/Inhanghaken.jpg\",\"datePublished\":\"2019-10-13T21:56:35+00:00\",\"dateModified\":\"2025-11-23T22:51:30+00:00\",\"description\":\"Crochets pour \u00e9chelles \u00e9tag\u00e8res\",\"breadcrumb\":{\"@id\":\"https:\/\/www.alucomfort.be\/fr\/product\/crochets-pour-echelles-etageres\/#breadcrumb\"},\"inLanguage\":\"fr-FR\",\"potentialAction\":[{\"@type\":\"ReadAction\",\"target\":[\"https:\/\/www.alucomfort.be\/fr\/product\/crochets-pour-echelles-etageres\/\"]}]},{\"@type\":\"ImageObject\",\"inLanguage\":\"fr-FR\",\"@id\":\"https:\/\/www.alucomfort.be\/fr\/product\/crochets-pour-echelles-etageres\/#primaryimage\",\"url\":\"https:\/\/www.alucomfort.be\/wp-content\/uploads\/Inhanghaken.jpg\",\"contentUrl\":\"https:\/\/www.alucomfort.be\/wp-content\/uploads\/Inhanghaken.jpg\",\"width\":1920,\"height\":1440,\"caption\":\"Inhanghaken\"},{\"@type\":\"BreadcrumbList\",\"@id\":\"https:\/\/www.alucomfort.be\/fr\/product\/crochets-pour-echelles-etageres\/#breadcrumb\",\"itemListElement\":[{\"@type\":\"ListItem\",\"position\":1,\"name\":\"Home\",\"item\":\"https:\/\/www.alucomfort.be\/fr\/\"},{\"@type\":\"ListItem\",\"position\":2,\"name\":\"Producten\",\"item\":\"https:\/\/www.alucomfort.be\/producten\/\"},{\"@type\":\"ListItem\",\"position\":3,\"name\":\"Crochets pour \u00e9chelles \u00e9tag\u00e8res\"}]},{\"@type\":\"WebSite\",\"@id\":\"https:\/\/www.alucomfort.be\/#website\",\"url\":\"https:\/\/www.alucomfort.be\/\",\"name\":\"Alu Comfort\",\"description\":\"\",\"potentialAction\":[{\"@type\":\"SearchAction\",\"target\":{\"@type\":\"EntryPoint\",\"urlTemplate\":\"https:\/\/www.alucomfort.be\/?s={search_term_string}\"},\"query-input\":{\"@type\":\"PropertyValueSpecification\",\"valueRequired\":true,\"valueName\":\"search_term_string\"}}],\"inLanguage\":\"fr-FR\"}]}<\/script>\n<!-- \/ Yoast SEO plugin. -->","yoast_head_json":{"title":"Crochets | Alu Comfort |","description":"Crochets pour \u00e9chelles \u00e9tag\u00e8res","robots":{"index":"index","follow":"follow","max-snippet":"max-snippet:-1","max-image-preview":"max-image-preview:large","max-video-preview":"max-video-preview:-1"},"canonical":"https:\/\/www.alucomfort.be\/fr\/product\/crochets-pour-echelles-etageres\/","og_locale":"fr_FR","og_type":"article","og_title":"Crochets | Alu Comfort |","og_description":"Crochets pour \u00e9chelles \u00e9tag\u00e8res","og_url":"https:\/\/www.alucomfort.be\/fr\/product\/crochets-pour-echelles-etageres\/","og_site_name":"Alu Comfort","article_modified_time":"2025-11-23T22:51:30+00:00","og_image":[{"width":1920,"height":1440,"url":"https:\/\/www.alucomfort.be\/wp-content\/uploads\/Inhanghaken.jpg","type":"image\/jpeg"}],"twitter_card":"summary_large_image","schema":{"@context":"https:\/\/schema.org","@graph":[{"@type":"WebPage","@id":"https:\/\/www.alucomfort.be\/fr\/product\/crochets-pour-echelles-etageres\/","url":"https:\/\/www.alucomfort.be\/fr\/product\/crochets-pour-echelles-etageres\/","name":"Crochets | Alu Comfort |","isPartOf":{"@id":"https:\/\/www.alucomfort.be\/#website"},"primaryImageOfPage":{"@id":"https:\/\/www.alucomfort.be\/fr\/product\/crochets-pour-echelles-etageres\/#primaryimage"},"image":{"@id":"https:\/\/www.alucomfort.be\/fr\/product\/crochets-pour-echelles-etageres\/#primaryimage"},"thumbnailUrl":"https:\/\/www.alucomfort.be\/wp-content\/uploads\/Inhanghaken.jpg","datePublished":"2019-10-13T21:56:35+00:00","dateModified":"2025-11-23T22:51:30+00:00","description":"Crochets pour \u00e9chelles \u00e9tag\u00e8res","breadcrumb":{"@id":"https:\/\/www.alucomfort.be\/fr\/product\/crochets-pour-echelles-etageres\/#breadcrumb"},"inLanguage":"fr-FR","potentialAction":[{"@type":"ReadAction","target":["https:\/\/www.alucomfort.be\/fr\/product\/crochets-pour-echelles-etageres\/"]}]},{"@type":"ImageObject","inLanguage":"fr-FR","@id":"https:\/\/www.alucomfort.be\/fr\/product\/crochets-pour-echelles-etageres\/#primaryimage","url":"https:\/\/www.alucomfort.be\/wp-content\/uploads\/Inhanghaken.jpg","contentUrl":"https:\/\/www.alucomfort.be\/wp-content\/uploads\/Inhanghaken.jpg","width":1920,"height":1440,"caption":"Inhanghaken"},{"@type":"BreadcrumbList","@id":"https:\/\/www.alucomfort.be\/fr\/product\/crochets-pour-echelles-etageres\/#breadcrumb","itemListElement":[{"@type":"ListItem","position":1,"name":"Home","item":"https:\/\/www.alucomfort.be\/fr\/"},{"@type":"ListItem","position":2,"name":"Producten","item":"https:\/\/www.alucomfort.be\/producten\/"},{"@type":"ListItem","position":3,"name":"Crochets pour \u00e9chelles \u00e9tag\u00e8res"}]},{"@type":"WebSite","@id":"https:\/\/www.alucomfort.be\/#website","url":"https:\/\/www.alucomfort.be\/","name":"Alu Comfort","description":"","potentialAction":[{"@type":"SearchAction","target":{"@type":"EntryPoint","urlTemplate":"https:\/\/www.alucomfort.be\/?s={search_term_string}"},"query-input":{"@type":"PropertyValueSpecification","valueRequired":true,"valueName":"search_term_string"}}],"inLanguage":"fr-FR"}]}},"_links":{"self":[{"href":"https:\/\/www.alucomfort.be\/fr\/wp-json\/wp\/v2\/product\/168674","targetHints":{"allow":["GET"]}}],"collection":[{"href":"https:\/\/www.alucomfort.be\/fr\/wp-json\/wp\/v2\/product"}],"about":[{"href":"https:\/\/www.alucomfort.be\/fr\/wp-json\/wp\/v2\/types\/product"}],"wp:featuredmedia":[{"embeddable":true,"href":"https:\/\/www.alucomfort.be\/fr\/wp-json\/wp\/v2\/media\/205154"}],"wp:attachment":[{"href":"https:\/\/www.alucomfort.be\/fr\/wp-json\/wp\/v2\/media?parent=168674"}],"wp:term":[{"taxonomy":"product_brand","embeddable":true,"href":"https:\/\/www.alucomfort.be\/fr\/wp-json\/wp\/v2\/product_brand?post=168674"},{"taxonomy":"product_cat","embeddable":true,"href":"https:\/\/www.alucomfort.be\/fr\/wp-json\/wp\/v2\/product_cat?post=168674"},{"taxonomy":"product_tag","embeddable":true,"href":"https:\/\/www.alucomfort.be\/fr\/wp-json\/wp\/v2\/product_tag?post=168674"}],"curies":[{"name":"wp","href":"https:\/\/api.w.org\/{rel}","templated":true}]}}