

{"id":168676,"date":"2019-10-13T23:56:42","date_gmt":"2019-10-13T21:56:42","guid":{"rendered":"https:\/\/www.alucomfort.be\/product\/balai-pour-chariot-elevateur\/"},"modified":"2019-11-24T19:44:19","modified_gmt":"2019-11-24T17:44:19","slug":"balai-pour-chariot-elevateur","status":"publish","type":"product","link":"https:\/\/www.alucomfort.be\/fr\/product\/balai-pour-chariot-elevateur\/","title":{"rendered":"Balai pour chariot \u00e9l\u00e9vateur"},"content":{"rendered":"<p>Balayage rapide et \u00e9conomique des parkings, acc\u00e8s, chemins, lieux de stockage, halles de production etc.  Construction en acier robuste avec des entr\u00e9es de fourches pour chariot \u00e9l\u00e9vateur.  Les balais sont s\u00e9curis\u00e9s contre glissement non-intentionnel.  Les \u00e9l\u00e9ments de balai sont solides et individuellement \u00e9changeables.  R\u00e9glable deux fois \u00e0 droite et deux fois \u00e0 gauche.  Disponibles dans le couleur RAL2000 (Rouge).<\/p>\n","protected":false},"excerpt":{"rendered":"<p>Balayage rapide et \u00e9conomique pour parkings, acc\u00e8s, chemins, lieux de stockage, halles de production etc.  <\/p>\n","protected":false},"featured_media":3804,"template":"","meta":{"_acf_changed":false},"product_brand":[],"product_cat":[3109],"product_tag":[],"class_list":{"0":"post-168676","1":"product","2":"type-product","3":"status-publish","4":"has-post-thumbnail","6":"product_cat-balais","8":"first","9":"outofstock","10":"taxable","11":"shipping-taxable","12":"purchasable","13":"product-type-variable"},"acf":[],"yoast_head":"<!-- This site is optimized with the Yoast SEO plugin v24.8.1 - https:\/\/yoast.com\/wordpress\/plugins\/seo\/ -->\n<title>Balai pour chariot \u00e9l\u00e9vateur<\/title>\n<meta name=\"description\" content=\"Brosse pour un balayage et nettoyage rapide et \u00e9conomique pour parkings, acc\u00e8s, chemins, lieux de stockage, halles de production etc.\" \/>\n<meta name=\"robots\" content=\"index, follow, max-snippet:-1, max-image-preview:large, max-video-preview:-1\" \/>\n<link rel=\"canonical\" href=\"https:\/\/www.alucomfort.be\/fr\/product\/balai-pour-chariot-elevateur\/\" \/>\n<meta property=\"og:locale\" content=\"fr_FR\" \/>\n<meta property=\"og:type\" content=\"article\" \/>\n<meta property=\"og:title\" content=\"Balai pour chariot \u00e9l\u00e9vateur\" \/>\n<meta property=\"og:description\" content=\"Brosse pour un balayage et nettoyage rapide et \u00e9conomique pour parkings, acc\u00e8s, chemins, lieux de stockage, halles de production etc.\" \/>\n<meta property=\"og:url\" content=\"https:\/\/www.alucomfort.be\/fr\/product\/balai-pour-chariot-elevateur\/\" \/>\n<meta property=\"og:site_name\" content=\"Alu Comfort\" \/>\n<meta property=\"article:modified_time\" content=\"2019-11-24T17:44:19+00:00\" \/>\n<meta property=\"og:image\" content=\"https:\/\/www.alucomfort.be\/wp-content\/uploads\/BR-SKB100-1.png\" \/>\n\t<meta property=\"og:image:width\" content=\"300\" \/>\n\t<meta property=\"og:image:height\" content=\"286\" \/>\n\t<meta property=\"og:image:type\" content=\"image\/png\" \/>\n<meta name=\"twitter:card\" content=\"summary_large_image\" \/>\n<script type=\"application\/ld+json\" class=\"yoast-schema-graph\">{\"@context\":\"https:\/\/schema.org\",\"@graph\":[{\"@type\":\"WebPage\",\"@id\":\"https:\/\/www.alucomfort.be\/fr\/product\/balai-pour-chariot-elevateur\/\",\"url\":\"https:\/\/www.alucomfort.be\/fr\/product\/balai-pour-chariot-elevateur\/\",\"name\":\"Balai pour chariot \u00e9l\u00e9vateur\",\"isPartOf\":{\"@id\":\"https:\/\/www.alucomfort.be\/#website\"},\"primaryImageOfPage\":{\"@id\":\"https:\/\/www.alucomfort.be\/fr\/product\/balai-pour-chariot-elevateur\/#primaryimage\"},\"image\":{\"@id\":\"https:\/\/www.alucomfort.be\/fr\/product\/balai-pour-chariot-elevateur\/#primaryimage\"},\"thumbnailUrl\":\"https:\/\/www.alucomfort.be\/wp-content\/uploads\/BR-SKB100-1.png\",\"datePublished\":\"2019-10-13T21:56:42+00:00\",\"dateModified\":\"2019-11-24T17:44:19+00:00\",\"description\":\"Brosse pour un balayage et nettoyage rapide et \u00e9conomique pour parkings, acc\u00e8s, chemins, lieux de stockage, halles de production etc.\",\"breadcrumb\":{\"@id\":\"https:\/\/www.alucomfort.be\/fr\/product\/balai-pour-chariot-elevateur\/#breadcrumb\"},\"inLanguage\":\"fr-FR\",\"potentialAction\":[{\"@type\":\"ReadAction\",\"target\":[\"https:\/\/www.alucomfort.be\/fr\/product\/balai-pour-chariot-elevateur\/\"]}]},{\"@type\":\"ImageObject\",\"inLanguage\":\"fr-FR\",\"@id\":\"https:\/\/www.alucomfort.be\/fr\/product\/balai-pour-chariot-elevateur\/#primaryimage\",\"url\":\"https:\/\/www.alucomfort.be\/wp-content\/uploads\/BR-SKB100-1.png\",\"contentUrl\":\"https:\/\/www.alucomfort.be\/wp-content\/uploads\/BR-SKB100-1.png\",\"width\":300,\"height\":286},{\"@type\":\"BreadcrumbList\",\"@id\":\"https:\/\/www.alucomfort.be\/fr\/product\/balai-pour-chariot-elevateur\/#breadcrumb\",\"itemListElement\":[{\"@type\":\"ListItem\",\"position\":1,\"name\":\"Home\",\"item\":\"https:\/\/www.alucomfort.be\/fr\/\"},{\"@type\":\"ListItem\",\"position\":2,\"name\":\"Producten\",\"item\":\"https:\/\/www.alucomfort.be\/producten\/\"},{\"@type\":\"ListItem\",\"position\":3,\"name\":\"Balai pour chariot \u00e9l\u00e9vateur\"}]},{\"@type\":\"WebSite\",\"@id\":\"https:\/\/www.alucomfort.be\/#website\",\"url\":\"https:\/\/www.alucomfort.be\/\",\"name\":\"Alu Comfort\",\"description\":\"\",\"potentialAction\":[{\"@type\":\"SearchAction\",\"target\":{\"@type\":\"EntryPoint\",\"urlTemplate\":\"https:\/\/www.alucomfort.be\/?s={search_term_string}\"},\"query-input\":{\"@type\":\"PropertyValueSpecification\",\"valueRequired\":true,\"valueName\":\"search_term_string\"}}],\"inLanguage\":\"fr-FR\"}]}<\/script>\n<!-- \/ Yoast SEO plugin. -->","yoast_head_json":{"title":"Balai pour chariot \u00e9l\u00e9vateur","description":"Brosse pour un balayage et nettoyage rapide et \u00e9conomique pour parkings, acc\u00e8s, chemins, lieux de stockage, halles de production etc.","robots":{"index":"index","follow":"follow","max-snippet":"max-snippet:-1","max-image-preview":"max-image-preview:large","max-video-preview":"max-video-preview:-1"},"canonical":"https:\/\/www.alucomfort.be\/fr\/product\/balai-pour-chariot-elevateur\/","og_locale":"fr_FR","og_type":"article","og_title":"Balai pour chariot \u00e9l\u00e9vateur","og_description":"Brosse pour un balayage et nettoyage rapide et \u00e9conomique pour parkings, acc\u00e8s, chemins, lieux de stockage, halles de production etc.","og_url":"https:\/\/www.alucomfort.be\/fr\/product\/balai-pour-chariot-elevateur\/","og_site_name":"Alu Comfort","article_modified_time":"2019-11-24T17:44:19+00:00","og_image":[{"width":300,"height":286,"url":"https:\/\/www.alucomfort.be\/wp-content\/uploads\/BR-SKB100-1.png","type":"image\/png"}],"twitter_card":"summary_large_image","schema":{"@context":"https:\/\/schema.org","@graph":[{"@type":"WebPage","@id":"https:\/\/www.alucomfort.be\/fr\/product\/balai-pour-chariot-elevateur\/","url":"https:\/\/www.alucomfort.be\/fr\/product\/balai-pour-chariot-elevateur\/","name":"Balai pour chariot \u00e9l\u00e9vateur","isPartOf":{"@id":"https:\/\/www.alucomfort.be\/#website"},"primaryImageOfPage":{"@id":"https:\/\/www.alucomfort.be\/fr\/product\/balai-pour-chariot-elevateur\/#primaryimage"},"image":{"@id":"https:\/\/www.alucomfort.be\/fr\/product\/balai-pour-chariot-elevateur\/#primaryimage"},"thumbnailUrl":"https:\/\/www.alucomfort.be\/wp-content\/uploads\/BR-SKB100-1.png","datePublished":"2019-10-13T21:56:42+00:00","dateModified":"2019-11-24T17:44:19+00:00","description":"Brosse pour un balayage et nettoyage rapide et \u00e9conomique pour parkings, acc\u00e8s, chemins, lieux de stockage, halles de production etc.","breadcrumb":{"@id":"https:\/\/www.alucomfort.be\/fr\/product\/balai-pour-chariot-elevateur\/#breadcrumb"},"inLanguage":"fr-FR","potentialAction":[{"@type":"ReadAction","target":["https:\/\/www.alucomfort.be\/fr\/product\/balai-pour-chariot-elevateur\/"]}]},{"@type":"ImageObject","inLanguage":"fr-FR","@id":"https:\/\/www.alucomfort.be\/fr\/product\/balai-pour-chariot-elevateur\/#primaryimage","url":"https:\/\/www.alucomfort.be\/wp-content\/uploads\/BR-SKB100-1.png","contentUrl":"https:\/\/www.alucomfort.be\/wp-content\/uploads\/BR-SKB100-1.png","width":300,"height":286},{"@type":"BreadcrumbList","@id":"https:\/\/www.alucomfort.be\/fr\/product\/balai-pour-chariot-elevateur\/#breadcrumb","itemListElement":[{"@type":"ListItem","position":1,"name":"Home","item":"https:\/\/www.alucomfort.be\/fr\/"},{"@type":"ListItem","position":2,"name":"Producten","item":"https:\/\/www.alucomfort.be\/producten\/"},{"@type":"ListItem","position":3,"name":"Balai pour chariot \u00e9l\u00e9vateur"}]},{"@type":"WebSite","@id":"https:\/\/www.alucomfort.be\/#website","url":"https:\/\/www.alucomfort.be\/","name":"Alu Comfort","description":"","potentialAction":[{"@type":"SearchAction","target":{"@type":"EntryPoint","urlTemplate":"https:\/\/www.alucomfort.be\/?s={search_term_string}"},"query-input":{"@type":"PropertyValueSpecification","valueRequired":true,"valueName":"search_term_string"}}],"inLanguage":"fr-FR"}]}},"_links":{"self":[{"href":"https:\/\/www.alucomfort.be\/fr\/wp-json\/wp\/v2\/product\/168676","targetHints":{"allow":["GET"]}}],"collection":[{"href":"https:\/\/www.alucomfort.be\/fr\/wp-json\/wp\/v2\/product"}],"about":[{"href":"https:\/\/www.alucomfort.be\/fr\/wp-json\/wp\/v2\/types\/product"}],"wp:featuredmedia":[{"embeddable":true,"href":"https:\/\/www.alucomfort.be\/fr\/wp-json\/wp\/v2\/media\/3804"}],"wp:attachment":[{"href":"https:\/\/www.alucomfort.be\/fr\/wp-json\/wp\/v2\/media?parent=168676"}],"wp:term":[{"taxonomy":"product_brand","embeddable":true,"href":"https:\/\/www.alucomfort.be\/fr\/wp-json\/wp\/v2\/product_brand?post=168676"},{"taxonomy":"product_cat","embeddable":true,"href":"https:\/\/www.alucomfort.be\/fr\/wp-json\/wp\/v2\/product_cat?post=168676"},{"taxonomy":"product_tag","embeddable":true,"href":"https:\/\/www.alucomfort.be\/fr\/wp-json\/wp\/v2\/product_tag?post=168676"}],"curies":[{"name":"wp","href":"https:\/\/api.w.org\/{rel}","templated":true}]}}