

{"id":168738,"date":"2019-10-13T23:57:42","date_gmt":"2019-10-13T21:57:42","guid":{"rendered":"https:\/\/www.alucomfort.be\/product\/bacs-basculants-grillages-cap-090-m%c2%b3\/"},"modified":"2022-06-06T21:21:18","modified_gmt":"2022-06-06T19:21:18","slug":"bacs-basculants-grillages-cap-090-m%c2%b3","status":"publish","type":"product","link":"https:\/\/www.alucomfort.be\/fr\/product\/bacs-basculants-grillages-cap-090-m%c2%b3\/","title":{"rendered":"Benne basculante grillag\u00e9e &#8211; Cap: 0,90 m\u00b3"},"content":{"rendered":"<p>* Bacs basculants avec fond en t\u00f4le d&rsquo;acier et des parois en grillag\u00e9es m\u00e9tallique avec des mailles 25 x 25 mm, * Basculement de toute hauteur par commande \u00e0 cable, * Tous les bacs sont s\u00e9curis\u00e9s contre le basculement et le glissement inintentionnel du fond, * En option disponible avec des roulettes (2 pivotantes avec freins et 2 roulettes fixes avec \u00d8 180 mm) ou un ouvercle galvanis\u00e9.<\/p>\n","protected":false},"excerpt":{"rendered":"<p>Bennes de manutention grillag\u00e9es pour mat\u00e9riaux \u00e0 faible densit\u00e9 tels que papiers, mati\u00e8res plastiques, bois et d\u00e9chets verts &#8211; Dimensions: 1200 x 1000 x 900 mm <\/p>\n","protected":false},"featured_media":43237,"template":"","meta":{"_acf_changed":false},"product_brand":[],"product_cat":[8879],"product_tag":[],"class_list":{"0":"post-168738","1":"product","2":"type-product","3":"status-publish","4":"has-post-thumbnail","6":"product_cat-benne-grillagee","8":"first","9":"outofstock","10":"taxable","11":"shipping-taxable","12":"purchasable","13":"product-type-variable"},"acf":[],"yoast_head":"<!-- This site is optimized with the Yoast SEO plugin v24.8.1 - https:\/\/yoast.com\/wordpress\/plugins\/seo\/ -->\n<title>Benne \u00e0 d\u00e9chet basculante grillag\u00e9e | Alu Comfort |<\/title>\n<meta name=\"description\" content=\"Conteneur basculants grillag\u00e9s pour mat\u00e9riaux \u00e0 faible densit\u00e9 tels que papiers, mati\u00e8res plastiques, bois et d\u00e9chets verts.\" \/>\n<meta name=\"robots\" content=\"index, follow, max-snippet:-1, max-image-preview:large, max-video-preview:-1\" \/>\n<link rel=\"canonical\" href=\"https:\/\/www.alucomfort.be\/product\/gaascontainer-cap-090-m\u00b3-voor-lichte-goederen\/\" \/>\n<meta property=\"og:locale\" content=\"fr_FR\" \/>\n<meta property=\"og:type\" content=\"article\" \/>\n<meta property=\"og:title\" content=\"Benne \u00e0 d\u00e9chet basculante grillag\u00e9e | Alu Comfort |\" \/>\n<meta property=\"og:description\" content=\"Conteneur basculants grillag\u00e9s pour mat\u00e9riaux \u00e0 faible densit\u00e9 tels que papiers, mati\u00e8res plastiques, bois et d\u00e9chets verts.\" \/>\n<meta property=\"og:url\" content=\"https:\/\/www.alucomfort.be\/product\/gaascontainer-cap-090-m\u00b3-voor-lichte-goederen\/\" \/>\n<meta property=\"og:site_name\" content=\"Alu Comfort\" \/>\n<meta property=\"article:modified_time\" content=\"2022-06-06T19:21:18+00:00\" \/>\n<meta property=\"og:image\" content=\"https:\/\/www.alucomfort.be\/wp-content\/uploads\/BR-BSK-1-1-870x1024.jpg\" \/>\n\t<meta property=\"og:image:width\" content=\"870\" \/>\n\t<meta property=\"og:image:height\" content=\"1024\" \/>\n\t<meta property=\"og:image:type\" content=\"image\/jpeg\" \/>\n<meta name=\"twitter:card\" content=\"summary_large_image\" \/>\n<script type=\"application\/ld+json\" class=\"yoast-schema-graph\">{\"@context\":\"https:\/\/schema.org\",\"@graph\":[{\"@type\":\"WebPage\",\"@id\":\"https:\/\/www.alucomfort.be\/product\/gaascontainer-cap-090-m%c2%b3-voor-lichte-goederen\/\",\"url\":\"https:\/\/www.alucomfort.be\/product\/gaascontainer-cap-090-m%c2%b3-voor-lichte-goederen\/\",\"name\":\"Benne \u00e0 d\u00e9chet basculante grillag\u00e9e | Alu Comfort |\",\"isPartOf\":{\"@id\":\"https:\/\/www.alucomfort.be\/#website\"},\"primaryImageOfPage\":{\"@id\":\"https:\/\/www.alucomfort.be\/product\/gaascontainer-cap-090-m%c2%b3-voor-lichte-goederen\/#primaryimage\"},\"image\":{\"@id\":\"https:\/\/www.alucomfort.be\/product\/gaascontainer-cap-090-m%c2%b3-voor-lichte-goederen\/#primaryimage\"},\"thumbnailUrl\":\"https:\/\/www.alucomfort.be\/wp-content\/uploads\/BR-BSK-1-1.jpg\",\"datePublished\":\"2019-10-13T21:57:42+00:00\",\"dateModified\":\"2022-06-06T19:21:18+00:00\",\"description\":\"Conteneur basculants grillag\u00e9s pour mat\u00e9riaux \u00e0 faible densit\u00e9 tels que papiers, mati\u00e8res plastiques, bois et d\u00e9chets verts.\",\"breadcrumb\":{\"@id\":\"https:\/\/www.alucomfort.be\/product\/gaascontainer-cap-090-m%c2%b3-voor-lichte-goederen\/#breadcrumb\"},\"inLanguage\":\"fr-FR\",\"potentialAction\":[{\"@type\":\"ReadAction\",\"target\":[\"https:\/\/www.alucomfort.be\/product\/gaascontainer-cap-090-m%c2%b3-voor-lichte-goederen\/\"]}]},{\"@type\":\"ImageObject\",\"inLanguage\":\"fr-FR\",\"@id\":\"https:\/\/www.alucomfort.be\/product\/gaascontainer-cap-090-m%c2%b3-voor-lichte-goederen\/#primaryimage\",\"url\":\"https:\/\/www.alucomfort.be\/wp-content\/uploads\/BR-BSK-1-1.jpg\",\"contentUrl\":\"https:\/\/www.alucomfort.be\/wp-content\/uploads\/BR-BSK-1-1.jpg\",\"width\":1169,\"height\":1376,\"caption\":\"OLYMPUS DIGITAL CAMERA\"},{\"@type\":\"BreadcrumbList\",\"@id\":\"https:\/\/www.alucomfort.be\/product\/gaascontainer-cap-090-m%c2%b3-voor-lichte-goederen\/#breadcrumb\",\"itemListElement\":[{\"@type\":\"ListItem\",\"position\":1,\"name\":\"Home\",\"item\":\"https:\/\/www.alucomfort.be\/fr\/\"},{\"@type\":\"ListItem\",\"position\":2,\"name\":\"Producten\",\"item\":\"https:\/\/www.alucomfort.be\/producten\/\"},{\"@type\":\"ListItem\",\"position\":3,\"name\":\"Benne basculante grillag\u00e9e &#8211; Cap: 0,90 m\u00b3\"}]},{\"@type\":\"WebSite\",\"@id\":\"https:\/\/www.alucomfort.be\/#website\",\"url\":\"https:\/\/www.alucomfort.be\/\",\"name\":\"Alu Comfort\",\"description\":\"\",\"potentialAction\":[{\"@type\":\"SearchAction\",\"target\":{\"@type\":\"EntryPoint\",\"urlTemplate\":\"https:\/\/www.alucomfort.be\/?s={search_term_string}\"},\"query-input\":{\"@type\":\"PropertyValueSpecification\",\"valueRequired\":true,\"valueName\":\"search_term_string\"}}],\"inLanguage\":\"fr-FR\"}]}<\/script>\n<!-- \/ Yoast SEO plugin. -->","yoast_head_json":{"title":"Benne \u00e0 d\u00e9chet basculante grillag\u00e9e | Alu Comfort |","description":"Conteneur basculants grillag\u00e9s pour mat\u00e9riaux \u00e0 faible densit\u00e9 tels que papiers, mati\u00e8res plastiques, bois et d\u00e9chets verts.","robots":{"index":"index","follow":"follow","max-snippet":"max-snippet:-1","max-image-preview":"max-image-preview:large","max-video-preview":"max-video-preview:-1"},"canonical":"https:\/\/www.alucomfort.be\/product\/gaascontainer-cap-090-m\u00b3-voor-lichte-goederen\/","og_locale":"fr_FR","og_type":"article","og_title":"Benne \u00e0 d\u00e9chet basculante grillag\u00e9e | Alu Comfort |","og_description":"Conteneur basculants grillag\u00e9s pour mat\u00e9riaux \u00e0 faible densit\u00e9 tels que papiers, mati\u00e8res plastiques, bois et d\u00e9chets verts.","og_url":"https:\/\/www.alucomfort.be\/product\/gaascontainer-cap-090-m\u00b3-voor-lichte-goederen\/","og_site_name":"Alu Comfort","article_modified_time":"2022-06-06T19:21:18+00:00","og_image":[{"width":870,"height":1024,"url":"https:\/\/www.alucomfort.be\/wp-content\/uploads\/BR-BSK-1-1-870x1024.jpg","type":"image\/jpeg"}],"twitter_card":"summary_large_image","schema":{"@context":"https:\/\/schema.org","@graph":[{"@type":"WebPage","@id":"https:\/\/www.alucomfort.be\/product\/gaascontainer-cap-090-m%c2%b3-voor-lichte-goederen\/","url":"https:\/\/www.alucomfort.be\/product\/gaascontainer-cap-090-m%c2%b3-voor-lichte-goederen\/","name":"Benne \u00e0 d\u00e9chet basculante grillag\u00e9e | Alu Comfort |","isPartOf":{"@id":"https:\/\/www.alucomfort.be\/#website"},"primaryImageOfPage":{"@id":"https:\/\/www.alucomfort.be\/product\/gaascontainer-cap-090-m%c2%b3-voor-lichte-goederen\/#primaryimage"},"image":{"@id":"https:\/\/www.alucomfort.be\/product\/gaascontainer-cap-090-m%c2%b3-voor-lichte-goederen\/#primaryimage"},"thumbnailUrl":"https:\/\/www.alucomfort.be\/wp-content\/uploads\/BR-BSK-1-1.jpg","datePublished":"2019-10-13T21:57:42+00:00","dateModified":"2022-06-06T19:21:18+00:00","description":"Conteneur basculants grillag\u00e9s pour mat\u00e9riaux \u00e0 faible densit\u00e9 tels que papiers, mati\u00e8res plastiques, bois et d\u00e9chets verts.","breadcrumb":{"@id":"https:\/\/www.alucomfort.be\/product\/gaascontainer-cap-090-m%c2%b3-voor-lichte-goederen\/#breadcrumb"},"inLanguage":"fr-FR","potentialAction":[{"@type":"ReadAction","target":["https:\/\/www.alucomfort.be\/product\/gaascontainer-cap-090-m%c2%b3-voor-lichte-goederen\/"]}]},{"@type":"ImageObject","inLanguage":"fr-FR","@id":"https:\/\/www.alucomfort.be\/product\/gaascontainer-cap-090-m%c2%b3-voor-lichte-goederen\/#primaryimage","url":"https:\/\/www.alucomfort.be\/wp-content\/uploads\/BR-BSK-1-1.jpg","contentUrl":"https:\/\/www.alucomfort.be\/wp-content\/uploads\/BR-BSK-1-1.jpg","width":1169,"height":1376,"caption":"OLYMPUS DIGITAL CAMERA"},{"@type":"BreadcrumbList","@id":"https:\/\/www.alucomfort.be\/product\/gaascontainer-cap-090-m%c2%b3-voor-lichte-goederen\/#breadcrumb","itemListElement":[{"@type":"ListItem","position":1,"name":"Home","item":"https:\/\/www.alucomfort.be\/fr\/"},{"@type":"ListItem","position":2,"name":"Producten","item":"https:\/\/www.alucomfort.be\/producten\/"},{"@type":"ListItem","position":3,"name":"Benne basculante grillag\u00e9e &#8211; Cap: 0,90 m\u00b3"}]},{"@type":"WebSite","@id":"https:\/\/www.alucomfort.be\/#website","url":"https:\/\/www.alucomfort.be\/","name":"Alu Comfort","description":"","potentialAction":[{"@type":"SearchAction","target":{"@type":"EntryPoint","urlTemplate":"https:\/\/www.alucomfort.be\/?s={search_term_string}"},"query-input":{"@type":"PropertyValueSpecification","valueRequired":true,"valueName":"search_term_string"}}],"inLanguage":"fr-FR"}]}},"_links":{"self":[{"href":"https:\/\/www.alucomfort.be\/fr\/wp-json\/wp\/v2\/product\/168738","targetHints":{"allow":["GET"]}}],"collection":[{"href":"https:\/\/www.alucomfort.be\/fr\/wp-json\/wp\/v2\/product"}],"about":[{"href":"https:\/\/www.alucomfort.be\/fr\/wp-json\/wp\/v2\/types\/product"}],"wp:featuredmedia":[{"embeddable":true,"href":"https:\/\/www.alucomfort.be\/fr\/wp-json\/wp\/v2\/media\/43237"}],"wp:attachment":[{"href":"https:\/\/www.alucomfort.be\/fr\/wp-json\/wp\/v2\/media?parent=168738"}],"wp:term":[{"taxonomy":"product_brand","embeddable":true,"href":"https:\/\/www.alucomfort.be\/fr\/wp-json\/wp\/v2\/product_brand?post=168738"},{"taxonomy":"product_cat","embeddable":true,"href":"https:\/\/www.alucomfort.be\/fr\/wp-json\/wp\/v2\/product_cat?post=168738"},{"taxonomy":"product_tag","embeddable":true,"href":"https:\/\/www.alucomfort.be\/fr\/wp-json\/wp\/v2\/product_tag?post=168738"}],"curies":[{"name":"wp","href":"https:\/\/api.w.org\/{rel}","templated":true}]}}