

{"id":169302,"date":"2019-10-14T00:06:05","date_gmt":"2019-10-13T22:06:05","guid":{"rendered":"https:\/\/www.alucomfort.be\/product\/bennes-a-fond-ouvrant-type-rb-cap-045-m%c2%b3-conteneur-cylindrique\/"},"modified":"2019-10-14T12:58:18","modified_gmt":"2019-10-14T10:58:18","slug":"bennes-a-fond-ouvrant-type-rb-cap-045-m%c2%b3-conteneur-cylindrique","status":"publish","type":"product","link":"https:\/\/www.alucomfort.be\/fr\/product\/bennes-a-fond-ouvrant-type-rb-cap-045-m%c2%b3-conteneur-cylindrique\/","title":{"rendered":"Bennes \u00e0 fond ouvrant type RB &#8211; Cap: 0,45 m\u00b3 &#8211; Conteneur cylindrique"},"content":{"rendered":"<p>Bennes \u00e0 fonds ouvrant type RB.  Conteneur cylindrique avec vidage par fond ouvrant.  Un vidage int\u00e9gral par la base (90\u00b0 d&rsquo;ouverture) et le fond se ferme automatiquement en d\u00e9posant le bac.  Construction robuste en acier et s\u00e9curis\u00e9s contre l&rsquo;ouverture du fond inintentionnels et le glissement inintentionnels.  Prises pour chariot \u00e9levateurs et grues.  Des options sont des roulettes (2 pivotantes (dont 1 avec freins) et 2 roulettes fixes avec \u00f8 100 mm) ou un ouvercle en alu.<\/p>\n","protected":false},"excerpt":{"rendered":"<p>Conteneur avec fond rabattable type RB  &#8211; Cap: 0,45 m\u00b3 &#8211; Dimensions (\u00f8 x h): 865 x 1085 mm<\/p>\n","protected":false},"featured_media":3633,"template":"","meta":{"_acf_changed":false},"product_brand":[],"product_cat":[2984],"product_tag":[],"class_list":{"0":"post-169302","1":"product","2":"type-product","3":"status-publish","4":"has-post-thumbnail","6":"product_cat-bennes-a-fond-ouvrant-type-rb-conteneur-cylindrique","8":"first","9":"outofstock","10":"taxable","11":"shipping-taxable","12":"purchasable","13":"product-type-variable"},"acf":[],"yoast_head":"<!-- This site is optimized with the Yoast SEO plugin v24.8.1 - https:\/\/yoast.com\/wordpress\/plugins\/seo\/ -->\n<title>Bennes cylindrique \u00e0 fond ouvrant<\/title>\n<meta name=\"description\" content=\"Le premier conteneur cylindrique avec vidage par le fond.\" \/>\n<meta name=\"robots\" content=\"index, follow, max-snippet:-1, max-image-preview:large, max-video-preview:-1\" \/>\n<link rel=\"canonical\" href=\"https:\/\/www.alucomfort.be\/product\/bodemklepcontainer-rb-capaciteit-045-m\u00b3-ronde-bodemklepcontainer\/\" \/>\n<meta property=\"og:locale\" content=\"fr_FR\" \/>\n<meta property=\"og:type\" content=\"article\" \/>\n<meta property=\"og:title\" content=\"Bennes cylindrique \u00e0 fond ouvrant\" \/>\n<meta property=\"og:description\" content=\"Le premier conteneur cylindrique avec vidage par le fond.\" \/>\n<meta property=\"og:url\" content=\"https:\/\/www.alucomfort.be\/product\/bodemklepcontainer-rb-capaciteit-045-m\u00b3-ronde-bodemklepcontainer\/\" \/>\n<meta property=\"og:site_name\" content=\"Alu Comfort\" \/>\n<meta property=\"article:modified_time\" content=\"2019-10-14T10:58:18+00:00\" \/>\n<meta property=\"og:image\" content=\"https:\/\/www.alucomfort.be\/wp-content\/uploads\/BR-RB-3.png\" \/>\n\t<meta property=\"og:image:width\" content=\"200\" \/>\n\t<meta property=\"og:image:height\" content=\"483\" \/>\n\t<meta property=\"og:image:type\" content=\"image\/png\" \/>\n<meta name=\"twitter:card\" content=\"summary_large_image\" \/>\n<script type=\"application\/ld+json\" class=\"yoast-schema-graph\">{\"@context\":\"https:\/\/schema.org\",\"@graph\":[{\"@type\":\"WebPage\",\"@id\":\"https:\/\/www.alucomfort.be\/product\/bodemklepcontainer-rb-capaciteit-045-m%c2%b3-ronde-bodemklepcontainer\/\",\"url\":\"https:\/\/www.alucomfort.be\/product\/bodemklepcontainer-rb-capaciteit-045-m%c2%b3-ronde-bodemklepcontainer\/\",\"name\":\"Bennes cylindrique \u00e0 fond ouvrant\",\"isPartOf\":{\"@id\":\"https:\/\/www.alucomfort.be\/#website\"},\"primaryImageOfPage\":{\"@id\":\"https:\/\/www.alucomfort.be\/product\/bodemklepcontainer-rb-capaciteit-045-m%c2%b3-ronde-bodemklepcontainer\/#primaryimage\"},\"image\":{\"@id\":\"https:\/\/www.alucomfort.be\/product\/bodemklepcontainer-rb-capaciteit-045-m%c2%b3-ronde-bodemklepcontainer\/#primaryimage\"},\"thumbnailUrl\":\"https:\/\/www.alucomfort.be\/wp-content\/uploads\/BR-RB-3.png\",\"datePublished\":\"2019-10-13T22:06:05+00:00\",\"dateModified\":\"2019-10-14T10:58:18+00:00\",\"description\":\"Le premier conteneur cylindrique avec vidage par le fond.\",\"breadcrumb\":{\"@id\":\"https:\/\/www.alucomfort.be\/product\/bodemklepcontainer-rb-capaciteit-045-m%c2%b3-ronde-bodemklepcontainer\/#breadcrumb\"},\"inLanguage\":\"fr-FR\",\"potentialAction\":[{\"@type\":\"ReadAction\",\"target\":[\"https:\/\/www.alucomfort.be\/product\/bodemklepcontainer-rb-capaciteit-045-m%c2%b3-ronde-bodemklepcontainer\/\"]}]},{\"@type\":\"ImageObject\",\"inLanguage\":\"fr-FR\",\"@id\":\"https:\/\/www.alucomfort.be\/product\/bodemklepcontainer-rb-capaciteit-045-m%c2%b3-ronde-bodemklepcontainer\/#primaryimage\",\"url\":\"https:\/\/www.alucomfort.be\/wp-content\/uploads\/BR-RB-3.png\",\"contentUrl\":\"https:\/\/www.alucomfort.be\/wp-content\/uploads\/BR-RB-3.png\",\"width\":200,\"height\":483},{\"@type\":\"BreadcrumbList\",\"@id\":\"https:\/\/www.alucomfort.be\/product\/bodemklepcontainer-rb-capaciteit-045-m%c2%b3-ronde-bodemklepcontainer\/#breadcrumb\",\"itemListElement\":[{\"@type\":\"ListItem\",\"position\":1,\"name\":\"Home\",\"item\":\"https:\/\/www.alucomfort.be\/fr\/\"},{\"@type\":\"ListItem\",\"position\":2,\"name\":\"Producten\",\"item\":\"https:\/\/www.alucomfort.be\/producten\/\"},{\"@type\":\"ListItem\",\"position\":3,\"name\":\"Bennes \u00e0 fond ouvrant type RB &#8211; Cap: 0,45 m\u00b3 &#8211; Conteneur cylindrique\"}]},{\"@type\":\"WebSite\",\"@id\":\"https:\/\/www.alucomfort.be\/#website\",\"url\":\"https:\/\/www.alucomfort.be\/\",\"name\":\"Alu Comfort\",\"description\":\"\",\"potentialAction\":[{\"@type\":\"SearchAction\",\"target\":{\"@type\":\"EntryPoint\",\"urlTemplate\":\"https:\/\/www.alucomfort.be\/?s={search_term_string}\"},\"query-input\":{\"@type\":\"PropertyValueSpecification\",\"valueRequired\":true,\"valueName\":\"search_term_string\"}}],\"inLanguage\":\"fr-FR\"}]}<\/script>\n<!-- \/ Yoast SEO plugin. -->","yoast_head_json":{"title":"Bennes cylindrique \u00e0 fond ouvrant","description":"Le premier conteneur cylindrique avec vidage par le fond.","robots":{"index":"index","follow":"follow","max-snippet":"max-snippet:-1","max-image-preview":"max-image-preview:large","max-video-preview":"max-video-preview:-1"},"canonical":"https:\/\/www.alucomfort.be\/product\/bodemklepcontainer-rb-capaciteit-045-m\u00b3-ronde-bodemklepcontainer\/","og_locale":"fr_FR","og_type":"article","og_title":"Bennes cylindrique \u00e0 fond ouvrant","og_description":"Le premier conteneur cylindrique avec vidage par le fond.","og_url":"https:\/\/www.alucomfort.be\/product\/bodemklepcontainer-rb-capaciteit-045-m\u00b3-ronde-bodemklepcontainer\/","og_site_name":"Alu Comfort","article_modified_time":"2019-10-14T10:58:18+00:00","og_image":[{"width":200,"height":483,"url":"https:\/\/www.alucomfort.be\/wp-content\/uploads\/BR-RB-3.png","type":"image\/png"}],"twitter_card":"summary_large_image","schema":{"@context":"https:\/\/schema.org","@graph":[{"@type":"WebPage","@id":"https:\/\/www.alucomfort.be\/product\/bodemklepcontainer-rb-capaciteit-045-m%c2%b3-ronde-bodemklepcontainer\/","url":"https:\/\/www.alucomfort.be\/product\/bodemklepcontainer-rb-capaciteit-045-m%c2%b3-ronde-bodemklepcontainer\/","name":"Bennes cylindrique \u00e0 fond ouvrant","isPartOf":{"@id":"https:\/\/www.alucomfort.be\/#website"},"primaryImageOfPage":{"@id":"https:\/\/www.alucomfort.be\/product\/bodemklepcontainer-rb-capaciteit-045-m%c2%b3-ronde-bodemklepcontainer\/#primaryimage"},"image":{"@id":"https:\/\/www.alucomfort.be\/product\/bodemklepcontainer-rb-capaciteit-045-m%c2%b3-ronde-bodemklepcontainer\/#primaryimage"},"thumbnailUrl":"https:\/\/www.alucomfort.be\/wp-content\/uploads\/BR-RB-3.png","datePublished":"2019-10-13T22:06:05+00:00","dateModified":"2019-10-14T10:58:18+00:00","description":"Le premier conteneur cylindrique avec vidage par le fond.","breadcrumb":{"@id":"https:\/\/www.alucomfort.be\/product\/bodemklepcontainer-rb-capaciteit-045-m%c2%b3-ronde-bodemklepcontainer\/#breadcrumb"},"inLanguage":"fr-FR","potentialAction":[{"@type":"ReadAction","target":["https:\/\/www.alucomfort.be\/product\/bodemklepcontainer-rb-capaciteit-045-m%c2%b3-ronde-bodemklepcontainer\/"]}]},{"@type":"ImageObject","inLanguage":"fr-FR","@id":"https:\/\/www.alucomfort.be\/product\/bodemklepcontainer-rb-capaciteit-045-m%c2%b3-ronde-bodemklepcontainer\/#primaryimage","url":"https:\/\/www.alucomfort.be\/wp-content\/uploads\/BR-RB-3.png","contentUrl":"https:\/\/www.alucomfort.be\/wp-content\/uploads\/BR-RB-3.png","width":200,"height":483},{"@type":"BreadcrumbList","@id":"https:\/\/www.alucomfort.be\/product\/bodemklepcontainer-rb-capaciteit-045-m%c2%b3-ronde-bodemklepcontainer\/#breadcrumb","itemListElement":[{"@type":"ListItem","position":1,"name":"Home","item":"https:\/\/www.alucomfort.be\/fr\/"},{"@type":"ListItem","position":2,"name":"Producten","item":"https:\/\/www.alucomfort.be\/producten\/"},{"@type":"ListItem","position":3,"name":"Bennes \u00e0 fond ouvrant type RB &#8211; Cap: 0,45 m\u00b3 &#8211; Conteneur cylindrique"}]},{"@type":"WebSite","@id":"https:\/\/www.alucomfort.be\/#website","url":"https:\/\/www.alucomfort.be\/","name":"Alu Comfort","description":"","potentialAction":[{"@type":"SearchAction","target":{"@type":"EntryPoint","urlTemplate":"https:\/\/www.alucomfort.be\/?s={search_term_string}"},"query-input":{"@type":"PropertyValueSpecification","valueRequired":true,"valueName":"search_term_string"}}],"inLanguage":"fr-FR"}]}},"_links":{"self":[{"href":"https:\/\/www.alucomfort.be\/fr\/wp-json\/wp\/v2\/product\/169302","targetHints":{"allow":["GET"]}}],"collection":[{"href":"https:\/\/www.alucomfort.be\/fr\/wp-json\/wp\/v2\/product"}],"about":[{"href":"https:\/\/www.alucomfort.be\/fr\/wp-json\/wp\/v2\/types\/product"}],"wp:featuredmedia":[{"embeddable":true,"href":"https:\/\/www.alucomfort.be\/fr\/wp-json\/wp\/v2\/media\/3633"}],"wp:attachment":[{"href":"https:\/\/www.alucomfort.be\/fr\/wp-json\/wp\/v2\/media?parent=169302"}],"wp:term":[{"taxonomy":"product_brand","embeddable":true,"href":"https:\/\/www.alucomfort.be\/fr\/wp-json\/wp\/v2\/product_brand?post=169302"},{"taxonomy":"product_cat","embeddable":true,"href":"https:\/\/www.alucomfort.be\/fr\/wp-json\/wp\/v2\/product_cat?post=169302"},{"taxonomy":"product_tag","embeddable":true,"href":"https:\/\/www.alucomfort.be\/fr\/wp-json\/wp\/v2\/product_tag?post=169302"}],"curies":[{"name":"wp","href":"https:\/\/api.w.org\/{rel}","templated":true}]}}