

{"id":169330,"date":"2019-10-14T00:06:34","date_gmt":"2019-10-13T22:06:34","guid":{"rendered":"https:\/\/www.alucomfort.be\/product\/bennes-a-fond-ouvrant-hkb-cap-070-m%c2%b3-conteneur-avec-vidage-dose\/"},"modified":"2019-10-14T12:58:47","modified_gmt":"2019-10-14T10:58:47","slug":"bennes-a-fond-ouvrant-hkb-cap-070-m%c2%b3-conteneur-avec-vidage-dose","status":"publish","type":"product","link":"https:\/\/www.alucomfort.be\/fr\/product\/bennes-a-fond-ouvrant-hkb-cap-070-m%c2%b3-conteneur-avec-vidage-dose\/","title":{"rendered":"Bennes \u00e0 fond ouvrant HKB &#8211; Cap: 0,70 m\u00b3 &#8211; Conteneur avec vidage dos\u00e9"},"content":{"rendered":"<p>Bennes \u00e0 fonds ouvrant type HKB.  Conteneur pour transport et stockage avec vidage dos\u00e9.  L&rsquo;ouverture dos\u00e9e du fond rabattable se fait moyennant un syst\u00e8me hydraulique compl\u00e9mentaire.  Les parois profil\u00e9s verticales garantissent un meilleur glissement, m\u00eame aux mat\u00e9riaux emcombrants.  Fond rabattable avec parois lat\u00e9rales pour un vidage pr\u00e9cis.  Les conteneurs sont empilables sur 3 niveaux.  Prises pour chariot \u00e9levateurs, grue et transpalette.<\/p>\n","protected":false},"excerpt":{"rendered":"<p>Conteneur avec fond rabattable type HKB &#8211; Dimensions: 1200 x 800 x 730 mm <\/p>\n","protected":false},"featured_media":3618,"template":"","meta":{"_acf_changed":false},"product_brand":[],"product_cat":[2986],"product_tag":[],"class_list":{"0":"post-169330","1":"product","2":"type-product","3":"status-publish","4":"has-post-thumbnail","6":"product_cat-bennes-a-fond-ouvrant-type-hkb-conteneur-pour-transport-et-stockage-avec-vidage-dose","8":"first","9":"outofstock","10":"taxable","11":"shipping-taxable","12":"purchasable","13":"product-type-variable"},"acf":[],"yoast_head":"<!-- This site is optimized with the Yoast SEO plugin v24.8.1 - https:\/\/yoast.com\/wordpress\/plugins\/seo\/ -->\n<title>Bennes \u00e0 fond ouvrant avec vidage dos\u00e9<\/title>\n<meta name=\"description\" content=\"Conteneur \u00e0 fond ouvrant pour le transport et stockage avec vidage dos\u00e9.\" \/>\n<meta name=\"robots\" content=\"index, follow, max-snippet:-1, max-image-preview:large, max-video-preview:-1\" \/>\n<link rel=\"canonical\" href=\"https:\/\/www.alucomfort.be\/product\/bodemklepcontainer-hkb-capaciteit-070-m\u00b3-met-gedoseerde-bodemlediging\/\" \/>\n<meta property=\"og:locale\" content=\"fr_FR\" \/>\n<meta property=\"og:type\" content=\"article\" \/>\n<meta property=\"og:title\" content=\"Bennes \u00e0 fond ouvrant avec vidage dos\u00e9\" \/>\n<meta property=\"og:description\" content=\"Conteneur \u00e0 fond ouvrant pour le transport et stockage avec vidage dos\u00e9.\" \/>\n<meta property=\"og:url\" content=\"https:\/\/www.alucomfort.be\/product\/bodemklepcontainer-hkb-capaciteit-070-m\u00b3-met-gedoseerde-bodemlediging\/\" \/>\n<meta property=\"og:site_name\" content=\"Alu Comfort\" \/>\n<meta property=\"article:modified_time\" content=\"2019-10-14T10:58:47+00:00\" \/>\n<meta property=\"og:image\" content=\"https:\/\/www.alucomfort.be\/wp-content\/uploads\/BR-HKB-2.jpg\" \/>\n\t<meta property=\"og:image:width\" content=\"1920\" \/>\n\t<meta property=\"og:image:height\" content=\"1828\" \/>\n\t<meta property=\"og:image:type\" content=\"image\/jpeg\" \/>\n<meta name=\"twitter:card\" content=\"summary_large_image\" \/>\n<script type=\"application\/ld+json\" class=\"yoast-schema-graph\">{\"@context\":\"https:\/\/schema.org\",\"@graph\":[{\"@type\":\"WebPage\",\"@id\":\"https:\/\/www.alucomfort.be\/product\/bodemklepcontainer-hkb-capaciteit-070-m%c2%b3-met-gedoseerde-bodemlediging\/\",\"url\":\"https:\/\/www.alucomfort.be\/product\/bodemklepcontainer-hkb-capaciteit-070-m%c2%b3-met-gedoseerde-bodemlediging\/\",\"name\":\"Bennes \u00e0 fond ouvrant avec vidage dos\u00e9\",\"isPartOf\":{\"@id\":\"https:\/\/www.alucomfort.be\/#website\"},\"primaryImageOfPage\":{\"@id\":\"https:\/\/www.alucomfort.be\/product\/bodemklepcontainer-hkb-capaciteit-070-m%c2%b3-met-gedoseerde-bodemlediging\/#primaryimage\"},\"image\":{\"@id\":\"https:\/\/www.alucomfort.be\/product\/bodemklepcontainer-hkb-capaciteit-070-m%c2%b3-met-gedoseerde-bodemlediging\/#primaryimage\"},\"thumbnailUrl\":\"https:\/\/www.alucomfort.be\/wp-content\/uploads\/BR-HKB-2.jpg\",\"datePublished\":\"2019-10-13T22:06:34+00:00\",\"dateModified\":\"2019-10-14T10:58:47+00:00\",\"description\":\"Conteneur \u00e0 fond ouvrant pour le transport et stockage avec vidage dos\u00e9.\",\"breadcrumb\":{\"@id\":\"https:\/\/www.alucomfort.be\/product\/bodemklepcontainer-hkb-capaciteit-070-m%c2%b3-met-gedoseerde-bodemlediging\/#breadcrumb\"},\"inLanguage\":\"fr-FR\",\"potentialAction\":[{\"@type\":\"ReadAction\",\"target\":[\"https:\/\/www.alucomfort.be\/product\/bodemklepcontainer-hkb-capaciteit-070-m%c2%b3-met-gedoseerde-bodemlediging\/\"]}]},{\"@type\":\"ImageObject\",\"inLanguage\":\"fr-FR\",\"@id\":\"https:\/\/www.alucomfort.be\/product\/bodemklepcontainer-hkb-capaciteit-070-m%c2%b3-met-gedoseerde-bodemlediging\/#primaryimage\",\"url\":\"https:\/\/www.alucomfort.be\/wp-content\/uploads\/BR-HKB-2.jpg\",\"contentUrl\":\"https:\/\/www.alucomfort.be\/wp-content\/uploads\/BR-HKB-2.jpg\",\"width\":1920,\"height\":1828},{\"@type\":\"BreadcrumbList\",\"@id\":\"https:\/\/www.alucomfort.be\/product\/bodemklepcontainer-hkb-capaciteit-070-m%c2%b3-met-gedoseerde-bodemlediging\/#breadcrumb\",\"itemListElement\":[{\"@type\":\"ListItem\",\"position\":1,\"name\":\"Home\",\"item\":\"https:\/\/www.alucomfort.be\/fr\/\"},{\"@type\":\"ListItem\",\"position\":2,\"name\":\"Producten\",\"item\":\"https:\/\/www.alucomfort.be\/producten\/\"},{\"@type\":\"ListItem\",\"position\":3,\"name\":\"Bennes \u00e0 fond ouvrant HKB &#8211; Cap: 0,70 m\u00b3 &#8211; Conteneur avec vidage dos\u00e9\"}]},{\"@type\":\"WebSite\",\"@id\":\"https:\/\/www.alucomfort.be\/#website\",\"url\":\"https:\/\/www.alucomfort.be\/\",\"name\":\"Alu Comfort\",\"description\":\"\",\"potentialAction\":[{\"@type\":\"SearchAction\",\"target\":{\"@type\":\"EntryPoint\",\"urlTemplate\":\"https:\/\/www.alucomfort.be\/?s={search_term_string}\"},\"query-input\":{\"@type\":\"PropertyValueSpecification\",\"valueRequired\":true,\"valueName\":\"search_term_string\"}}],\"inLanguage\":\"fr-FR\"}]}<\/script>\n<!-- \/ Yoast SEO plugin. -->","yoast_head_json":{"title":"Bennes \u00e0 fond ouvrant avec vidage dos\u00e9","description":"Conteneur \u00e0 fond ouvrant pour le transport et stockage avec vidage dos\u00e9.","robots":{"index":"index","follow":"follow","max-snippet":"max-snippet:-1","max-image-preview":"max-image-preview:large","max-video-preview":"max-video-preview:-1"},"canonical":"https:\/\/www.alucomfort.be\/product\/bodemklepcontainer-hkb-capaciteit-070-m\u00b3-met-gedoseerde-bodemlediging\/","og_locale":"fr_FR","og_type":"article","og_title":"Bennes \u00e0 fond ouvrant avec vidage dos\u00e9","og_description":"Conteneur \u00e0 fond ouvrant pour le transport et stockage avec vidage dos\u00e9.","og_url":"https:\/\/www.alucomfort.be\/product\/bodemklepcontainer-hkb-capaciteit-070-m\u00b3-met-gedoseerde-bodemlediging\/","og_site_name":"Alu Comfort","article_modified_time":"2019-10-14T10:58:47+00:00","og_image":[{"width":1920,"height":1828,"url":"https:\/\/www.alucomfort.be\/wp-content\/uploads\/BR-HKB-2.jpg","type":"image\/jpeg"}],"twitter_card":"summary_large_image","schema":{"@context":"https:\/\/schema.org","@graph":[{"@type":"WebPage","@id":"https:\/\/www.alucomfort.be\/product\/bodemklepcontainer-hkb-capaciteit-070-m%c2%b3-met-gedoseerde-bodemlediging\/","url":"https:\/\/www.alucomfort.be\/product\/bodemklepcontainer-hkb-capaciteit-070-m%c2%b3-met-gedoseerde-bodemlediging\/","name":"Bennes \u00e0 fond ouvrant avec vidage dos\u00e9","isPartOf":{"@id":"https:\/\/www.alucomfort.be\/#website"},"primaryImageOfPage":{"@id":"https:\/\/www.alucomfort.be\/product\/bodemklepcontainer-hkb-capaciteit-070-m%c2%b3-met-gedoseerde-bodemlediging\/#primaryimage"},"image":{"@id":"https:\/\/www.alucomfort.be\/product\/bodemklepcontainer-hkb-capaciteit-070-m%c2%b3-met-gedoseerde-bodemlediging\/#primaryimage"},"thumbnailUrl":"https:\/\/www.alucomfort.be\/wp-content\/uploads\/BR-HKB-2.jpg","datePublished":"2019-10-13T22:06:34+00:00","dateModified":"2019-10-14T10:58:47+00:00","description":"Conteneur \u00e0 fond ouvrant pour le transport et stockage avec vidage dos\u00e9.","breadcrumb":{"@id":"https:\/\/www.alucomfort.be\/product\/bodemklepcontainer-hkb-capaciteit-070-m%c2%b3-met-gedoseerde-bodemlediging\/#breadcrumb"},"inLanguage":"fr-FR","potentialAction":[{"@type":"ReadAction","target":["https:\/\/www.alucomfort.be\/product\/bodemklepcontainer-hkb-capaciteit-070-m%c2%b3-met-gedoseerde-bodemlediging\/"]}]},{"@type":"ImageObject","inLanguage":"fr-FR","@id":"https:\/\/www.alucomfort.be\/product\/bodemklepcontainer-hkb-capaciteit-070-m%c2%b3-met-gedoseerde-bodemlediging\/#primaryimage","url":"https:\/\/www.alucomfort.be\/wp-content\/uploads\/BR-HKB-2.jpg","contentUrl":"https:\/\/www.alucomfort.be\/wp-content\/uploads\/BR-HKB-2.jpg","width":1920,"height":1828},{"@type":"BreadcrumbList","@id":"https:\/\/www.alucomfort.be\/product\/bodemklepcontainer-hkb-capaciteit-070-m%c2%b3-met-gedoseerde-bodemlediging\/#breadcrumb","itemListElement":[{"@type":"ListItem","position":1,"name":"Home","item":"https:\/\/www.alucomfort.be\/fr\/"},{"@type":"ListItem","position":2,"name":"Producten","item":"https:\/\/www.alucomfort.be\/producten\/"},{"@type":"ListItem","position":3,"name":"Bennes \u00e0 fond ouvrant HKB &#8211; Cap: 0,70 m\u00b3 &#8211; Conteneur avec vidage dos\u00e9"}]},{"@type":"WebSite","@id":"https:\/\/www.alucomfort.be\/#website","url":"https:\/\/www.alucomfort.be\/","name":"Alu Comfort","description":"","potentialAction":[{"@type":"SearchAction","target":{"@type":"EntryPoint","urlTemplate":"https:\/\/www.alucomfort.be\/?s={search_term_string}"},"query-input":{"@type":"PropertyValueSpecification","valueRequired":true,"valueName":"search_term_string"}}],"inLanguage":"fr-FR"}]}},"_links":{"self":[{"href":"https:\/\/www.alucomfort.be\/fr\/wp-json\/wp\/v2\/product\/169330","targetHints":{"allow":["GET"]}}],"collection":[{"href":"https:\/\/www.alucomfort.be\/fr\/wp-json\/wp\/v2\/product"}],"about":[{"href":"https:\/\/www.alucomfort.be\/fr\/wp-json\/wp\/v2\/types\/product"}],"wp:featuredmedia":[{"embeddable":true,"href":"https:\/\/www.alucomfort.be\/fr\/wp-json\/wp\/v2\/media\/3618"}],"wp:attachment":[{"href":"https:\/\/www.alucomfort.be\/fr\/wp-json\/wp\/v2\/media?parent=169330"}],"wp:term":[{"taxonomy":"product_brand","embeddable":true,"href":"https:\/\/www.alucomfort.be\/fr\/wp-json\/wp\/v2\/product_brand?post=169330"},{"taxonomy":"product_cat","embeddable":true,"href":"https:\/\/www.alucomfort.be\/fr\/wp-json\/wp\/v2\/product_cat?post=169330"},{"taxonomy":"product_tag","embeddable":true,"href":"https:\/\/www.alucomfort.be\/fr\/wp-json\/wp\/v2\/product_tag?post=169330"}],"curies":[{"name":"wp","href":"https:\/\/api.w.org\/{rel}","templated":true}]}}