

{"id":169600,"date":"2019-10-14T00:10:53","date_gmt":"2019-10-13T22:10:53","guid":{"rendered":"https:\/\/www.alucomfort.be\/product\/epandeur-remorquable-par-chariots-elevateurs-ou-petits-tracteurs%c2%85-cap-105-l\/"},"modified":"2025-10-10T18:26:58","modified_gmt":"2025-10-10T16:26:58","slug":"epandeur-remorquable-par-chariots-elevateurs-ou-petits-tracteurs%c2%85-cap-105-l","status":"publish","type":"product","link":"https:\/\/www.alucomfort.be\/fr\/product\/epandeur-remorquable-par-chariots-elevateurs-ou-petits-tracteurs%c2%85-cap-105-l\/","title":{"rendered":"Epandeur remorquable par chariots \u00e9l\u00e9vateurs ou petits tracteurs,\u0085 &#8211; Cap.: 105 l"},"content":{"rendered":"<p>* Pour sable et sel, * Remorquable par chariots \u00e9l\u00e9vateurs ou petits tracteurs, * Avec roues \u00e0 bandage en caoutchouc, * L&rsquo;\u00e9pandage se fait par la rotation des roues, * Levier de r\u00e9glage de la largeur et de la direction d&rsquo;\u00e9pandage, * Entonnoir rouge laqu\u00e9, * En option avec housse.<\/p>\n","protected":false},"excerpt":{"rendered":"<p>Epandeur pour sable et sel et remorquable par chariot \u00e9l\u00e9vateurs ou petits tracteurs.<\/p>\n","protected":false},"featured_media":3927,"template":"","meta":{"_acf_changed":false},"product_brand":[],"product_cat":[9906,2147],"product_tag":[],"class_list":{"0":"post-169600","1":"product","2":"type-product","3":"status-publish","4":"has-post-thumbnail","6":"product_cat-epandeur","7":"product_cat-mobiele-trap-met-platform","9":"first","10":"outofstock","11":"taxable","12":"shipping-taxable","13":"purchasable","14":"product-type-variable"},"acf":[],"yoast_head":"<!-- This site is optimized with the Yoast SEO plugin v24.8.1 - https:\/\/yoast.com\/wordpress\/plugins\/seo\/ -->\n<title>Epandeur remorquable par chariots \u00e9l\u00e9vateurs ou petits tracteurs| Alu Comfort |<\/title>\n<meta name=\"description\" content=\"Epandeur pour sable et sel et remorquable par chariot \u00e9l\u00e9vateurs ou petits tracteurs.\" \/>\n<meta name=\"robots\" content=\"index, follow, max-snippet:-1, max-image-preview:large, max-video-preview:-1\" \/>\n<link rel=\"canonical\" href=\"https:\/\/www.alucomfort.be\/product\/strooiapparaat-voor-zand-en-zout-cap-105-l\/\" \/>\n<meta property=\"og:locale\" content=\"fr_FR\" \/>\n<meta property=\"og:type\" content=\"article\" \/>\n<meta property=\"og:title\" content=\"Epandeur remorquable par chariots \u00e9l\u00e9vateurs ou petits tracteurs| Alu Comfort |\" \/>\n<meta property=\"og:description\" content=\"Epandeur pour sable et sel et remorquable par chariot \u00e9l\u00e9vateurs ou petits tracteurs.\" \/>\n<meta property=\"og:url\" content=\"https:\/\/www.alucomfort.be\/product\/strooiapparaat-voor-zand-en-zout-cap-105-l\/\" \/>\n<meta property=\"og:site_name\" content=\"Alu Comfort\" \/>\n<meta property=\"article:modified_time\" content=\"2025-10-10T16:26:58+00:00\" \/>\n<meta property=\"og:image\" content=\"https:\/\/www.alucomfort.be\/wp-content\/uploads\/BR-STW100-2.jpg\" \/>\n\t<meta property=\"og:image:width\" content=\"1920\" \/>\n\t<meta property=\"og:image:height\" content=\"1950\" \/>\n\t<meta property=\"og:image:type\" content=\"image\/jpeg\" \/>\n<meta name=\"twitter:card\" content=\"summary_large_image\" \/>\n<script type=\"application\/ld+json\" class=\"yoast-schema-graph\">{\"@context\":\"https:\/\/schema.org\",\"@graph\":[{\"@type\":\"WebPage\",\"@id\":\"https:\/\/www.alucomfort.be\/product\/strooiapparaat-voor-zand-en-zout-cap-105-l\/\",\"url\":\"https:\/\/www.alucomfort.be\/product\/strooiapparaat-voor-zand-en-zout-cap-105-l\/\",\"name\":\"Epandeur remorquable par chariots \u00e9l\u00e9vateurs ou petits tracteurs| Alu Comfort |\",\"isPartOf\":{\"@id\":\"https:\/\/www.alucomfort.be\/#website\"},\"primaryImageOfPage\":{\"@id\":\"https:\/\/www.alucomfort.be\/product\/strooiapparaat-voor-zand-en-zout-cap-105-l\/#primaryimage\"},\"image\":{\"@id\":\"https:\/\/www.alucomfort.be\/product\/strooiapparaat-voor-zand-en-zout-cap-105-l\/#primaryimage\"},\"thumbnailUrl\":\"https:\/\/www.alucomfort.be\/wp-content\/uploads\/BR-STW100-2.jpg\",\"datePublished\":\"2019-10-13T22:10:53+00:00\",\"dateModified\":\"2025-10-10T16:26:58+00:00\",\"description\":\"Epandeur pour sable et sel et remorquable par chariot \u00e9l\u00e9vateurs ou petits tracteurs.\",\"breadcrumb\":{\"@id\":\"https:\/\/www.alucomfort.be\/product\/strooiapparaat-voor-zand-en-zout-cap-105-l\/#breadcrumb\"},\"inLanguage\":\"fr-FR\",\"potentialAction\":[{\"@type\":\"ReadAction\",\"target\":[\"https:\/\/www.alucomfort.be\/product\/strooiapparaat-voor-zand-en-zout-cap-105-l\/\"]}]},{\"@type\":\"ImageObject\",\"inLanguage\":\"fr-FR\",\"@id\":\"https:\/\/www.alucomfort.be\/product\/strooiapparaat-voor-zand-en-zout-cap-105-l\/#primaryimage\",\"url\":\"https:\/\/www.alucomfort.be\/wp-content\/uploads\/BR-STW100-2.jpg\",\"contentUrl\":\"https:\/\/www.alucomfort.be\/wp-content\/uploads\/BR-STW100-2.jpg\",\"width\":1920,\"height\":1950},{\"@type\":\"BreadcrumbList\",\"@id\":\"https:\/\/www.alucomfort.be\/product\/strooiapparaat-voor-zand-en-zout-cap-105-l\/#breadcrumb\",\"itemListElement\":[{\"@type\":\"ListItem\",\"position\":1,\"name\":\"Home\",\"item\":\"https:\/\/www.alucomfort.be\/fr\/\"},{\"@type\":\"ListItem\",\"position\":2,\"name\":\"Producten\",\"item\":\"https:\/\/www.alucomfort.be\/producten\/\"},{\"@type\":\"ListItem\",\"position\":3,\"name\":\"Epandeur remorquable par chariots \u00e9l\u00e9vateurs ou petits tracteurs,\u0085 &#8211; Cap.: 105 l\"}]},{\"@type\":\"WebSite\",\"@id\":\"https:\/\/www.alucomfort.be\/#website\",\"url\":\"https:\/\/www.alucomfort.be\/\",\"name\":\"Alu Comfort\",\"description\":\"\",\"potentialAction\":[{\"@type\":\"SearchAction\",\"target\":{\"@type\":\"EntryPoint\",\"urlTemplate\":\"https:\/\/www.alucomfort.be\/?s={search_term_string}\"},\"query-input\":{\"@type\":\"PropertyValueSpecification\",\"valueRequired\":true,\"valueName\":\"search_term_string\"}}],\"inLanguage\":\"fr-FR\"}]}<\/script>\n<!-- \/ Yoast SEO plugin. -->","yoast_head_json":{"title":"Epandeur remorquable par chariots \u00e9l\u00e9vateurs ou petits tracteurs| Alu Comfort |","description":"Epandeur pour sable et sel et remorquable par chariot \u00e9l\u00e9vateurs ou petits tracteurs.","robots":{"index":"index","follow":"follow","max-snippet":"max-snippet:-1","max-image-preview":"max-image-preview:large","max-video-preview":"max-video-preview:-1"},"canonical":"https:\/\/www.alucomfort.be\/product\/strooiapparaat-voor-zand-en-zout-cap-105-l\/","og_locale":"fr_FR","og_type":"article","og_title":"Epandeur remorquable par chariots \u00e9l\u00e9vateurs ou petits tracteurs| Alu Comfort |","og_description":"Epandeur pour sable et sel et remorquable par chariot \u00e9l\u00e9vateurs ou petits tracteurs.","og_url":"https:\/\/www.alucomfort.be\/product\/strooiapparaat-voor-zand-en-zout-cap-105-l\/","og_site_name":"Alu Comfort","article_modified_time":"2025-10-10T16:26:58+00:00","og_image":[{"width":1920,"height":1950,"url":"https:\/\/www.alucomfort.be\/wp-content\/uploads\/BR-STW100-2.jpg","type":"image\/jpeg"}],"twitter_card":"summary_large_image","schema":{"@context":"https:\/\/schema.org","@graph":[{"@type":"WebPage","@id":"https:\/\/www.alucomfort.be\/product\/strooiapparaat-voor-zand-en-zout-cap-105-l\/","url":"https:\/\/www.alucomfort.be\/product\/strooiapparaat-voor-zand-en-zout-cap-105-l\/","name":"Epandeur remorquable par chariots \u00e9l\u00e9vateurs ou petits tracteurs| Alu Comfort |","isPartOf":{"@id":"https:\/\/www.alucomfort.be\/#website"},"primaryImageOfPage":{"@id":"https:\/\/www.alucomfort.be\/product\/strooiapparaat-voor-zand-en-zout-cap-105-l\/#primaryimage"},"image":{"@id":"https:\/\/www.alucomfort.be\/product\/strooiapparaat-voor-zand-en-zout-cap-105-l\/#primaryimage"},"thumbnailUrl":"https:\/\/www.alucomfort.be\/wp-content\/uploads\/BR-STW100-2.jpg","datePublished":"2019-10-13T22:10:53+00:00","dateModified":"2025-10-10T16:26:58+00:00","description":"Epandeur pour sable et sel et remorquable par chariot \u00e9l\u00e9vateurs ou petits tracteurs.","breadcrumb":{"@id":"https:\/\/www.alucomfort.be\/product\/strooiapparaat-voor-zand-en-zout-cap-105-l\/#breadcrumb"},"inLanguage":"fr-FR","potentialAction":[{"@type":"ReadAction","target":["https:\/\/www.alucomfort.be\/product\/strooiapparaat-voor-zand-en-zout-cap-105-l\/"]}]},{"@type":"ImageObject","inLanguage":"fr-FR","@id":"https:\/\/www.alucomfort.be\/product\/strooiapparaat-voor-zand-en-zout-cap-105-l\/#primaryimage","url":"https:\/\/www.alucomfort.be\/wp-content\/uploads\/BR-STW100-2.jpg","contentUrl":"https:\/\/www.alucomfort.be\/wp-content\/uploads\/BR-STW100-2.jpg","width":1920,"height":1950},{"@type":"BreadcrumbList","@id":"https:\/\/www.alucomfort.be\/product\/strooiapparaat-voor-zand-en-zout-cap-105-l\/#breadcrumb","itemListElement":[{"@type":"ListItem","position":1,"name":"Home","item":"https:\/\/www.alucomfort.be\/fr\/"},{"@type":"ListItem","position":2,"name":"Producten","item":"https:\/\/www.alucomfort.be\/producten\/"},{"@type":"ListItem","position":3,"name":"Epandeur remorquable par chariots \u00e9l\u00e9vateurs ou petits tracteurs,\u0085 &#8211; Cap.: 105 l"}]},{"@type":"WebSite","@id":"https:\/\/www.alucomfort.be\/#website","url":"https:\/\/www.alucomfort.be\/","name":"Alu Comfort","description":"","potentialAction":[{"@type":"SearchAction","target":{"@type":"EntryPoint","urlTemplate":"https:\/\/www.alucomfort.be\/?s={search_term_string}"},"query-input":{"@type":"PropertyValueSpecification","valueRequired":true,"valueName":"search_term_string"}}],"inLanguage":"fr-FR"}]}},"_links":{"self":[{"href":"https:\/\/www.alucomfort.be\/fr\/wp-json\/wp\/v2\/product\/169600","targetHints":{"allow":["GET"]}}],"collection":[{"href":"https:\/\/www.alucomfort.be\/fr\/wp-json\/wp\/v2\/product"}],"about":[{"href":"https:\/\/www.alucomfort.be\/fr\/wp-json\/wp\/v2\/types\/product"}],"wp:featuredmedia":[{"embeddable":true,"href":"https:\/\/www.alucomfort.be\/fr\/wp-json\/wp\/v2\/media\/3927"}],"wp:attachment":[{"href":"https:\/\/www.alucomfort.be\/fr\/wp-json\/wp\/v2\/media?parent=169600"}],"wp:term":[{"taxonomy":"product_brand","embeddable":true,"href":"https:\/\/www.alucomfort.be\/fr\/wp-json\/wp\/v2\/product_brand?post=169600"},{"taxonomy":"product_cat","embeddable":true,"href":"https:\/\/www.alucomfort.be\/fr\/wp-json\/wp\/v2\/product_cat?post=169600"},{"taxonomy":"product_tag","embeddable":true,"href":"https:\/\/www.alucomfort.be\/fr\/wp-json\/wp\/v2\/product_tag?post=169600"}],"curies":[{"name":"wp","href":"https:\/\/api.w.org\/{rel}","templated":true}]}}