

{"id":169612,"date":"2019-10-14T00:11:06","date_gmt":"2019-10-13T22:11:06","guid":{"rendered":"https:\/\/www.alucomfort.be\/product\/epandeur-avec-fourreaux-pour-chariots-elevateurs-cap-260-l\/"},"modified":"2025-10-10T18:27:10","modified_gmt":"2025-10-10T16:27:10","slug":"epandeur-avec-fourreaux-pour-chariots-elevateurs-cap-260-l","status":"publish","type":"product","link":"https:\/\/www.alucomfort.be\/fr\/product\/epandeur-avec-fourreaux-pour-chariots-elevateurs-cap-260-l\/","title":{"rendered":"Epandeur avec fourreaux pour chariots \u00e9l\u00e9vateurs &#8211; Cap: 260 l"},"content":{"rendered":"<p>* Pour sable, sel et gravillons, * Mise en route par syst\u00e8me hydraulique du chariot, * Largeur de dispersion r\u00e9glable par changement de hauteur et inclinaison du dispositif, * M\u00e9langeur, * Grille de protection en treillis, * Coleur orange.<\/p>\n","protected":false},"excerpt":{"rendered":"<p>Epandeur avec fourreaux pour chariots \u00e9l\u00e9vateurs &#8211; Cap: 260 l<\/p>\n","protected":false},"featured_media":3918,"template":"","meta":{"_acf_changed":false},"product_brand":[],"product_cat":[9906,2147],"product_tag":[],"class_list":{"0":"post-169612","1":"product","2":"type-product","3":"status-publish","4":"has-post-thumbnail","6":"product_cat-epandeur","7":"product_cat-mobiele-trap-met-platform","9":"first","10":"outofstock","11":"taxable","12":"shipping-taxable","13":"purchasable","14":"product-type-variable"},"acf":[],"yoast_head":"<!-- This site is optimized with the Yoast SEO plugin v24.8.1 - https:\/\/yoast.com\/wordpress\/plugins\/seo\/ -->\n<title>Epandeur avec fourreaux pour chariots \u00e9l\u00e9vateurs| Alu Comfort |<\/title>\n<meta name=\"description\" content=\"Epandeur avec fourreaux pour chariots \u00e9l\u00e9vateurs - Cap: 260 l\" \/>\n<meta name=\"robots\" content=\"index, follow, max-snippet:-1, max-image-preview:large, max-video-preview:-1\" \/>\n<link rel=\"canonical\" href=\"https:\/\/www.alucomfort.be\/product\/strooiapparaat-voor-zand-zout-en-split-cap-265-l\/\" \/>\n<meta property=\"og:locale\" content=\"fr_FR\" \/>\n<meta property=\"og:type\" content=\"article\" \/>\n<meta property=\"og:title\" content=\"Epandeur avec fourreaux pour chariots \u00e9l\u00e9vateurs| Alu Comfort |\" \/>\n<meta property=\"og:description\" content=\"Epandeur avec fourreaux pour chariots \u00e9l\u00e9vateurs - Cap: 260 l\" \/>\n<meta property=\"og:url\" content=\"https:\/\/www.alucomfort.be\/product\/strooiapparaat-voor-zand-zout-en-split-cap-265-l\/\" \/>\n<meta property=\"og:site_name\" content=\"Alu Comfort\" \/>\n<meta property=\"article:modified_time\" content=\"2025-10-10T16:27:10+00:00\" \/>\n<meta property=\"og:image\" content=\"https:\/\/www.alucomfort.be\/wp-content\/uploads\/BR-SH-2.jpg\" \/>\n\t<meta property=\"og:image:width\" content=\"1704\" \/>\n\t<meta property=\"og:image:height\" content=\"2272\" \/>\n\t<meta property=\"og:image:type\" content=\"image\/jpeg\" \/>\n<meta name=\"twitter:card\" content=\"summary_large_image\" \/>\n<script type=\"application\/ld+json\" class=\"yoast-schema-graph\">{\"@context\":\"https:\/\/schema.org\",\"@graph\":[{\"@type\":\"WebPage\",\"@id\":\"https:\/\/www.alucomfort.be\/product\/strooiapparaat-voor-zand-zout-en-split-cap-265-l\/\",\"url\":\"https:\/\/www.alucomfort.be\/product\/strooiapparaat-voor-zand-zout-en-split-cap-265-l\/\",\"name\":\"Epandeur avec fourreaux pour chariots \u00e9l\u00e9vateurs| Alu Comfort |\",\"isPartOf\":{\"@id\":\"https:\/\/www.alucomfort.be\/#website\"},\"primaryImageOfPage\":{\"@id\":\"https:\/\/www.alucomfort.be\/product\/strooiapparaat-voor-zand-zout-en-split-cap-265-l\/#primaryimage\"},\"image\":{\"@id\":\"https:\/\/www.alucomfort.be\/product\/strooiapparaat-voor-zand-zout-en-split-cap-265-l\/#primaryimage\"},\"thumbnailUrl\":\"https:\/\/www.alucomfort.be\/wp-content\/uploads\/BR-SH-2.jpg\",\"datePublished\":\"2019-10-13T22:11:06+00:00\",\"dateModified\":\"2025-10-10T16:27:10+00:00\",\"description\":\"Epandeur avec fourreaux pour chariots \u00e9l\u00e9vateurs - Cap: 260 l\",\"breadcrumb\":{\"@id\":\"https:\/\/www.alucomfort.be\/product\/strooiapparaat-voor-zand-zout-en-split-cap-265-l\/#breadcrumb\"},\"inLanguage\":\"fr-FR\",\"potentialAction\":[{\"@type\":\"ReadAction\",\"target\":[\"https:\/\/www.alucomfort.be\/product\/strooiapparaat-voor-zand-zout-en-split-cap-265-l\/\"]}]},{\"@type\":\"ImageObject\",\"inLanguage\":\"fr-FR\",\"@id\":\"https:\/\/www.alucomfort.be\/product\/strooiapparaat-voor-zand-zout-en-split-cap-265-l\/#primaryimage\",\"url\":\"https:\/\/www.alucomfort.be\/wp-content\/uploads\/BR-SH-2.jpg\",\"contentUrl\":\"https:\/\/www.alucomfort.be\/wp-content\/uploads\/BR-SH-2.jpg\",\"width\":1704,\"height\":2272},{\"@type\":\"BreadcrumbList\",\"@id\":\"https:\/\/www.alucomfort.be\/product\/strooiapparaat-voor-zand-zout-en-split-cap-265-l\/#breadcrumb\",\"itemListElement\":[{\"@type\":\"ListItem\",\"position\":1,\"name\":\"Home\",\"item\":\"https:\/\/www.alucomfort.be\/fr\/\"},{\"@type\":\"ListItem\",\"position\":2,\"name\":\"Producten\",\"item\":\"https:\/\/www.alucomfort.be\/producten\/\"},{\"@type\":\"ListItem\",\"position\":3,\"name\":\"Epandeur avec fourreaux pour chariots \u00e9l\u00e9vateurs &#8211; Cap: 260 l\"}]},{\"@type\":\"WebSite\",\"@id\":\"https:\/\/www.alucomfort.be\/#website\",\"url\":\"https:\/\/www.alucomfort.be\/\",\"name\":\"Alu Comfort\",\"description\":\"\",\"potentialAction\":[{\"@type\":\"SearchAction\",\"target\":{\"@type\":\"EntryPoint\",\"urlTemplate\":\"https:\/\/www.alucomfort.be\/?s={search_term_string}\"},\"query-input\":{\"@type\":\"PropertyValueSpecification\",\"valueRequired\":true,\"valueName\":\"search_term_string\"}}],\"inLanguage\":\"fr-FR\"}]}<\/script>\n<!-- \/ Yoast SEO plugin. -->","yoast_head_json":{"title":"Epandeur avec fourreaux pour chariots \u00e9l\u00e9vateurs| Alu Comfort |","description":"Epandeur avec fourreaux pour chariots \u00e9l\u00e9vateurs - Cap: 260 l","robots":{"index":"index","follow":"follow","max-snippet":"max-snippet:-1","max-image-preview":"max-image-preview:large","max-video-preview":"max-video-preview:-1"},"canonical":"https:\/\/www.alucomfort.be\/product\/strooiapparaat-voor-zand-zout-en-split-cap-265-l\/","og_locale":"fr_FR","og_type":"article","og_title":"Epandeur avec fourreaux pour chariots \u00e9l\u00e9vateurs| Alu Comfort |","og_description":"Epandeur avec fourreaux pour chariots \u00e9l\u00e9vateurs - Cap: 260 l","og_url":"https:\/\/www.alucomfort.be\/product\/strooiapparaat-voor-zand-zout-en-split-cap-265-l\/","og_site_name":"Alu Comfort","article_modified_time":"2025-10-10T16:27:10+00:00","og_image":[{"width":1704,"height":2272,"url":"https:\/\/www.alucomfort.be\/wp-content\/uploads\/BR-SH-2.jpg","type":"image\/jpeg"}],"twitter_card":"summary_large_image","schema":{"@context":"https:\/\/schema.org","@graph":[{"@type":"WebPage","@id":"https:\/\/www.alucomfort.be\/product\/strooiapparaat-voor-zand-zout-en-split-cap-265-l\/","url":"https:\/\/www.alucomfort.be\/product\/strooiapparaat-voor-zand-zout-en-split-cap-265-l\/","name":"Epandeur avec fourreaux pour chariots \u00e9l\u00e9vateurs| Alu Comfort |","isPartOf":{"@id":"https:\/\/www.alucomfort.be\/#website"},"primaryImageOfPage":{"@id":"https:\/\/www.alucomfort.be\/product\/strooiapparaat-voor-zand-zout-en-split-cap-265-l\/#primaryimage"},"image":{"@id":"https:\/\/www.alucomfort.be\/product\/strooiapparaat-voor-zand-zout-en-split-cap-265-l\/#primaryimage"},"thumbnailUrl":"https:\/\/www.alucomfort.be\/wp-content\/uploads\/BR-SH-2.jpg","datePublished":"2019-10-13T22:11:06+00:00","dateModified":"2025-10-10T16:27:10+00:00","description":"Epandeur avec fourreaux pour chariots \u00e9l\u00e9vateurs - Cap: 260 l","breadcrumb":{"@id":"https:\/\/www.alucomfort.be\/product\/strooiapparaat-voor-zand-zout-en-split-cap-265-l\/#breadcrumb"},"inLanguage":"fr-FR","potentialAction":[{"@type":"ReadAction","target":["https:\/\/www.alucomfort.be\/product\/strooiapparaat-voor-zand-zout-en-split-cap-265-l\/"]}]},{"@type":"ImageObject","inLanguage":"fr-FR","@id":"https:\/\/www.alucomfort.be\/product\/strooiapparaat-voor-zand-zout-en-split-cap-265-l\/#primaryimage","url":"https:\/\/www.alucomfort.be\/wp-content\/uploads\/BR-SH-2.jpg","contentUrl":"https:\/\/www.alucomfort.be\/wp-content\/uploads\/BR-SH-2.jpg","width":1704,"height":2272},{"@type":"BreadcrumbList","@id":"https:\/\/www.alucomfort.be\/product\/strooiapparaat-voor-zand-zout-en-split-cap-265-l\/#breadcrumb","itemListElement":[{"@type":"ListItem","position":1,"name":"Home","item":"https:\/\/www.alucomfort.be\/fr\/"},{"@type":"ListItem","position":2,"name":"Producten","item":"https:\/\/www.alucomfort.be\/producten\/"},{"@type":"ListItem","position":3,"name":"Epandeur avec fourreaux pour chariots \u00e9l\u00e9vateurs &#8211; Cap: 260 l"}]},{"@type":"WebSite","@id":"https:\/\/www.alucomfort.be\/#website","url":"https:\/\/www.alucomfort.be\/","name":"Alu Comfort","description":"","potentialAction":[{"@type":"SearchAction","target":{"@type":"EntryPoint","urlTemplate":"https:\/\/www.alucomfort.be\/?s={search_term_string}"},"query-input":{"@type":"PropertyValueSpecification","valueRequired":true,"valueName":"search_term_string"}}],"inLanguage":"fr-FR"}]}},"_links":{"self":[{"href":"https:\/\/www.alucomfort.be\/fr\/wp-json\/wp\/v2\/product\/169612","targetHints":{"allow":["GET"]}}],"collection":[{"href":"https:\/\/www.alucomfort.be\/fr\/wp-json\/wp\/v2\/product"}],"about":[{"href":"https:\/\/www.alucomfort.be\/fr\/wp-json\/wp\/v2\/types\/product"}],"wp:featuredmedia":[{"embeddable":true,"href":"https:\/\/www.alucomfort.be\/fr\/wp-json\/wp\/v2\/media\/3918"}],"wp:attachment":[{"href":"https:\/\/www.alucomfort.be\/fr\/wp-json\/wp\/v2\/media?parent=169612"}],"wp:term":[{"taxonomy":"product_brand","embeddable":true,"href":"https:\/\/www.alucomfort.be\/fr\/wp-json\/wp\/v2\/product_brand?post=169612"},{"taxonomy":"product_cat","embeddable":true,"href":"https:\/\/www.alucomfort.be\/fr\/wp-json\/wp\/v2\/product_cat?post=169612"},{"taxonomy":"product_tag","embeddable":true,"href":"https:\/\/www.alucomfort.be\/fr\/wp-json\/wp\/v2\/product_tag?post=169612"}],"curies":[{"name":"wp","href":"https:\/\/api.w.org\/{rel}","templated":true}]}}