

{"id":169660,"date":"2019-10-14T00:11:55","date_gmt":"2019-10-13T22:11:55","guid":{"rendered":"https:\/\/www.alucomfort.be\/product\/conteneur-btp-en-tole-dacier-lisse-avec-parois-rabattable\/"},"modified":"2024-11-26T12:06:01","modified_gmt":"2024-11-26T10:06:01","slug":"conteneur-btp-en-tole-dacier-lisse-avec-parois-rabattable","status":"publish","type":"product","link":"https:\/\/www.alucomfort.be\/fr\/product\/conteneur-btp-en-tole-dacier-lisse-avec-parois-rabattable\/","title":{"rendered":"Conteneur BTP en t\u00f4le d&rsquo;acier lisse avec parois rabattable"},"content":{"rendered":"<p>* Cap: 1,0 m\u00b3, * Construction robuste en t\u00f4le d&rsquo;acier lisse, * Superposables par 3, * A parois rabattable pour un chargement facile, par exemple avec par brouette, * V\u00e9rouillage sur 2 cot\u00e9s pour fermer la paroi rabattable, * Paroi rabattable renforc\u00e9e sur la face externe, * En option avec couvercle galvanis\u00e9<\/p>\n","protected":false},"excerpt":{"rendered":"<p>Une aide essentielle lors de travaux de r\u00e9habilitation, construction ou modernisation<\/p>\n","protected":false},"featured_media":17603,"template":"","meta":{"_acf_changed":false},"product_brand":[],"product_cat":[8863],"product_tag":[],"class_list":{"0":"post-169660","1":"product","2":"type-product","3":"status-publish","4":"has-post-thumbnail","6":"product_cat-bennes-de-chantier","8":"first","9":"outofstock","10":"taxable","11":"shipping-taxable","12":"purchasable","13":"product-type-variable"},"acf":[],"yoast_head":"<!-- This site is optimized with the Yoast SEO plugin v24.8.1 - https:\/\/yoast.com\/wordpress\/plugins\/seo\/ -->\n<title>Conteneur en t\u00f4le d&#039;acier lisse avec parois rabattable | Alu Comfort |<\/title>\n<meta name=\"description\" content=\"Une aide essentielle lors de travaux de r\u00e9habilitation, construction ou modernisation.\" \/>\n<meta name=\"robots\" content=\"index, follow, max-snippet:-1, max-image-preview:large, max-video-preview:-1\" \/>\n<link rel=\"canonical\" href=\"https:\/\/www.alucomfort.be\/product\/bouwstofcontainer-met-neerklapbare-kiepwand\/\" \/>\n<meta property=\"og:locale\" content=\"fr_FR\" \/>\n<meta property=\"og:type\" content=\"article\" \/>\n<meta property=\"og:title\" content=\"Conteneur en t\u00f4le d&#039;acier lisse avec parois rabattable | Alu Comfort |\" \/>\n<meta property=\"og:description\" content=\"Une aide essentielle lors de travaux de r\u00e9habilitation, construction ou modernisation.\" \/>\n<meta property=\"og:url\" content=\"https:\/\/www.alucomfort.be\/product\/bouwstofcontainer-met-neerklapbare-kiepwand\/\" \/>\n<meta property=\"og:site_name\" content=\"Alu Comfort\" \/>\n<meta property=\"article:modified_time\" content=\"2024-11-26T10:06:01+00:00\" \/>\n<meta property=\"og:image\" content=\"https:\/\/www.alucomfort.be\/wp-content\/uploads\/BR-BBK-1.jpg\" \/>\n\t<meta property=\"og:image:width\" content=\"2635\" \/>\n\t<meta property=\"og:image:height\" content=\"1878\" \/>\n\t<meta property=\"og:image:type\" content=\"image\/jpeg\" \/>\n<meta name=\"twitter:card\" content=\"summary_large_image\" \/>\n<script type=\"application\/ld+json\" class=\"yoast-schema-graph\">{\"@context\":\"https:\/\/schema.org\",\"@graph\":[{\"@type\":\"WebPage\",\"@id\":\"https:\/\/www.alucomfort.be\/product\/bouwstofcontainer-met-neerklapbare-kiepwand\/\",\"url\":\"https:\/\/www.alucomfort.be\/product\/bouwstofcontainer-met-neerklapbare-kiepwand\/\",\"name\":\"Conteneur en t\u00f4le d'acier lisse avec parois rabattable | Alu Comfort |\",\"isPartOf\":{\"@id\":\"https:\/\/www.alucomfort.be\/#website\"},\"primaryImageOfPage\":{\"@id\":\"https:\/\/www.alucomfort.be\/product\/bouwstofcontainer-met-neerklapbare-kiepwand\/#primaryimage\"},\"image\":{\"@id\":\"https:\/\/www.alucomfort.be\/product\/bouwstofcontainer-met-neerklapbare-kiepwand\/#primaryimage\"},\"thumbnailUrl\":\"https:\/\/www.alucomfort.be\/wp-content\/uploads\/BR-BBK-1.jpg\",\"datePublished\":\"2019-10-13T22:11:55+00:00\",\"dateModified\":\"2024-11-26T10:06:01+00:00\",\"description\":\"Une aide essentielle lors de travaux de r\u00e9habilitation, construction ou modernisation.\",\"breadcrumb\":{\"@id\":\"https:\/\/www.alucomfort.be\/product\/bouwstofcontainer-met-neerklapbare-kiepwand\/#breadcrumb\"},\"inLanguage\":\"fr-FR\",\"potentialAction\":[{\"@type\":\"ReadAction\",\"target\":[\"https:\/\/www.alucomfort.be\/product\/bouwstofcontainer-met-neerklapbare-kiepwand\/\"]}]},{\"@type\":\"ImageObject\",\"inLanguage\":\"fr-FR\",\"@id\":\"https:\/\/www.alucomfort.be\/product\/bouwstofcontainer-met-neerklapbare-kiepwand\/#primaryimage\",\"url\":\"https:\/\/www.alucomfort.be\/wp-content\/uploads\/BR-BBK-1.jpg\",\"contentUrl\":\"https:\/\/www.alucomfort.be\/wp-content\/uploads\/BR-BBK-1.jpg\",\"width\":2635,\"height\":1878},{\"@type\":\"BreadcrumbList\",\"@id\":\"https:\/\/www.alucomfort.be\/product\/bouwstofcontainer-met-neerklapbare-kiepwand\/#breadcrumb\",\"itemListElement\":[{\"@type\":\"ListItem\",\"position\":1,\"name\":\"Home\",\"item\":\"https:\/\/www.alucomfort.be\/fr\/\"},{\"@type\":\"ListItem\",\"position\":2,\"name\":\"Producten\",\"item\":\"https:\/\/www.alucomfort.be\/producten\/\"},{\"@type\":\"ListItem\",\"position\":3,\"name\":\"Conteneur BTP en t\u00f4le d&#8217;acier lisse avec parois rabattable\"}]},{\"@type\":\"WebSite\",\"@id\":\"https:\/\/www.alucomfort.be\/#website\",\"url\":\"https:\/\/www.alucomfort.be\/\",\"name\":\"Alu Comfort\",\"description\":\"\",\"potentialAction\":[{\"@type\":\"SearchAction\",\"target\":{\"@type\":\"EntryPoint\",\"urlTemplate\":\"https:\/\/www.alucomfort.be\/?s={search_term_string}\"},\"query-input\":{\"@type\":\"PropertyValueSpecification\",\"valueRequired\":true,\"valueName\":\"search_term_string\"}}],\"inLanguage\":\"fr-FR\"}]}<\/script>\n<!-- \/ Yoast SEO plugin. -->","yoast_head_json":{"title":"Conteneur en t\u00f4le d'acier lisse avec parois rabattable | Alu Comfort |","description":"Une aide essentielle lors de travaux de r\u00e9habilitation, construction ou modernisation.","robots":{"index":"index","follow":"follow","max-snippet":"max-snippet:-1","max-image-preview":"max-image-preview:large","max-video-preview":"max-video-preview:-1"},"canonical":"https:\/\/www.alucomfort.be\/product\/bouwstofcontainer-met-neerklapbare-kiepwand\/","og_locale":"fr_FR","og_type":"article","og_title":"Conteneur en t\u00f4le d'acier lisse avec parois rabattable | Alu Comfort |","og_description":"Une aide essentielle lors de travaux de r\u00e9habilitation, construction ou modernisation.","og_url":"https:\/\/www.alucomfort.be\/product\/bouwstofcontainer-met-neerklapbare-kiepwand\/","og_site_name":"Alu Comfort","article_modified_time":"2024-11-26T10:06:01+00:00","og_image":[{"width":2635,"height":1878,"url":"https:\/\/www.alucomfort.be\/wp-content\/uploads\/BR-BBK-1.jpg","type":"image\/jpeg"}],"twitter_card":"summary_large_image","schema":{"@context":"https:\/\/schema.org","@graph":[{"@type":"WebPage","@id":"https:\/\/www.alucomfort.be\/product\/bouwstofcontainer-met-neerklapbare-kiepwand\/","url":"https:\/\/www.alucomfort.be\/product\/bouwstofcontainer-met-neerklapbare-kiepwand\/","name":"Conteneur en t\u00f4le d'acier lisse avec parois rabattable | Alu Comfort |","isPartOf":{"@id":"https:\/\/www.alucomfort.be\/#website"},"primaryImageOfPage":{"@id":"https:\/\/www.alucomfort.be\/product\/bouwstofcontainer-met-neerklapbare-kiepwand\/#primaryimage"},"image":{"@id":"https:\/\/www.alucomfort.be\/product\/bouwstofcontainer-met-neerklapbare-kiepwand\/#primaryimage"},"thumbnailUrl":"https:\/\/www.alucomfort.be\/wp-content\/uploads\/BR-BBK-1.jpg","datePublished":"2019-10-13T22:11:55+00:00","dateModified":"2024-11-26T10:06:01+00:00","description":"Une aide essentielle lors de travaux de r\u00e9habilitation, construction ou modernisation.","breadcrumb":{"@id":"https:\/\/www.alucomfort.be\/product\/bouwstofcontainer-met-neerklapbare-kiepwand\/#breadcrumb"},"inLanguage":"fr-FR","potentialAction":[{"@type":"ReadAction","target":["https:\/\/www.alucomfort.be\/product\/bouwstofcontainer-met-neerklapbare-kiepwand\/"]}]},{"@type":"ImageObject","inLanguage":"fr-FR","@id":"https:\/\/www.alucomfort.be\/product\/bouwstofcontainer-met-neerklapbare-kiepwand\/#primaryimage","url":"https:\/\/www.alucomfort.be\/wp-content\/uploads\/BR-BBK-1.jpg","contentUrl":"https:\/\/www.alucomfort.be\/wp-content\/uploads\/BR-BBK-1.jpg","width":2635,"height":1878},{"@type":"BreadcrumbList","@id":"https:\/\/www.alucomfort.be\/product\/bouwstofcontainer-met-neerklapbare-kiepwand\/#breadcrumb","itemListElement":[{"@type":"ListItem","position":1,"name":"Home","item":"https:\/\/www.alucomfort.be\/fr\/"},{"@type":"ListItem","position":2,"name":"Producten","item":"https:\/\/www.alucomfort.be\/producten\/"},{"@type":"ListItem","position":3,"name":"Conteneur BTP en t\u00f4le d&#8217;acier lisse avec parois rabattable"}]},{"@type":"WebSite","@id":"https:\/\/www.alucomfort.be\/#website","url":"https:\/\/www.alucomfort.be\/","name":"Alu Comfort","description":"","potentialAction":[{"@type":"SearchAction","target":{"@type":"EntryPoint","urlTemplate":"https:\/\/www.alucomfort.be\/?s={search_term_string}"},"query-input":{"@type":"PropertyValueSpecification","valueRequired":true,"valueName":"search_term_string"}}],"inLanguage":"fr-FR"}]}},"_links":{"self":[{"href":"https:\/\/www.alucomfort.be\/fr\/wp-json\/wp\/v2\/product\/169660","targetHints":{"allow":["GET"]}}],"collection":[{"href":"https:\/\/www.alucomfort.be\/fr\/wp-json\/wp\/v2\/product"}],"about":[{"href":"https:\/\/www.alucomfort.be\/fr\/wp-json\/wp\/v2\/types\/product"}],"wp:featuredmedia":[{"embeddable":true,"href":"https:\/\/www.alucomfort.be\/fr\/wp-json\/wp\/v2\/media\/17603"}],"wp:attachment":[{"href":"https:\/\/www.alucomfort.be\/fr\/wp-json\/wp\/v2\/media?parent=169660"}],"wp:term":[{"taxonomy":"product_brand","embeddable":true,"href":"https:\/\/www.alucomfort.be\/fr\/wp-json\/wp\/v2\/product_brand?post=169660"},{"taxonomy":"product_cat","embeddable":true,"href":"https:\/\/www.alucomfort.be\/fr\/wp-json\/wp\/v2\/product_cat?post=169660"},{"taxonomy":"product_tag","embeddable":true,"href":"https:\/\/www.alucomfort.be\/fr\/wp-json\/wp\/v2\/product_tag?post=169660"}],"curies":[{"name":"wp","href":"https:\/\/api.w.org\/{rel}","templated":true}]}}