

{"id":170050,"date":"2019-10-14T00:17:51","date_gmt":"2019-10-13T22:17:51","guid":{"rendered":"https:\/\/www.alucomfort.be\/product\/palonnier-hydraulique-le-bac-bsk\/"},"modified":"2022-06-06T18:51:15","modified_gmt":"2022-06-06T16:51:15","slug":"palonnier-hydraulique-le-bac-bsk","status":"publish","type":"product","link":"https:\/\/www.alucomfort.be\/fr\/product\/palonnier-hydraulique-le-bac-bsk\/","title":{"rendered":"Palonnier hydraulique le bac BSK"},"content":{"rendered":"<p>* A v\u00e9rins hydrauliques de basculement, * S\u00e9curis\u00e9 contre glissement et basculement inintentionnels, * Le bac est lev\u00e9 par les tourillons lat\u00e9raux<\/p>\n","protected":false},"excerpt":{"rendered":"<p>Palonnier hydraulique de vidange pour le bac basculant BSK<\/p>\n","protected":false},"featured_media":4044,"template":"","meta":{"_acf_changed":false},"product_brand":[],"product_cat":[8870],"product_tag":[],"class_list":{"0":"post-170050","1":"product","2":"type-product","3":"status-publish","4":"has-post-thumbnail","6":"product_cat-bennes-basculantes-bsk-superposables","8":"first","9":"outofstock","10":"taxable","11":"shipping-taxable","12":"purchasable","13":"product-type-variable"},"acf":[],"yoast_head":"<!-- This site is optimized with the Yoast SEO plugin v24.8.1 - https:\/\/yoast.com\/wordpress\/plugins\/seo\/ -->\n<title>Palonnier pour le bac BSK superposable | Alu Comfort |<\/title>\n<meta name=\"description\" content=\"Palonnier pour le bac BSK superposable\" \/>\n<meta name=\"robots\" content=\"index, follow, max-snippet:-1, max-image-preview:large, max-video-preview:-1\" \/>\n<link rel=\"canonical\" href=\"https:\/\/www.alucomfort.be\/product\/hydraulisch-kiepsysteem-voor-stapelkiepers\/\" \/>\n<meta property=\"og:locale\" content=\"fr_FR\" \/>\n<meta property=\"og:type\" content=\"article\" \/>\n<meta property=\"og:title\" content=\"Palonnier pour le bac BSK superposable | Alu Comfort |\" \/>\n<meta property=\"og:description\" content=\"Palonnier pour le bac BSK superposable\" \/>\n<meta property=\"og:url\" content=\"https:\/\/www.alucomfort.be\/product\/hydraulisch-kiepsysteem-voor-stapelkiepers\/\" \/>\n<meta property=\"og:site_name\" content=\"Alu Comfort\" \/>\n<meta property=\"article:modified_time\" content=\"2022-06-06T16:51:15+00:00\" \/>\n<meta property=\"og:image\" content=\"https:\/\/www.alucomfort.be\/wp-content\/uploads\/BR-BST-H-2-748x1024.jpg\" \/>\n\t<meta property=\"og:image:width\" content=\"748\" \/>\n\t<meta property=\"og:image:height\" content=\"1024\" \/>\n\t<meta property=\"og:image:type\" content=\"image\/jpeg\" \/>\n<meta name=\"twitter:card\" content=\"summary_large_image\" \/>\n<script type=\"application\/ld+json\" class=\"yoast-schema-graph\">{\"@context\":\"https:\/\/schema.org\",\"@graph\":[{\"@type\":\"WebPage\",\"@id\":\"https:\/\/www.alucomfort.be\/product\/hydraulisch-kiepsysteem-voor-stapelkiepers\/\",\"url\":\"https:\/\/www.alucomfort.be\/product\/hydraulisch-kiepsysteem-voor-stapelkiepers\/\",\"name\":\"Palonnier pour le bac BSK superposable | Alu Comfort |\",\"isPartOf\":{\"@id\":\"https:\/\/www.alucomfort.be\/#website\"},\"primaryImageOfPage\":{\"@id\":\"https:\/\/www.alucomfort.be\/product\/hydraulisch-kiepsysteem-voor-stapelkiepers\/#primaryimage\"},\"image\":{\"@id\":\"https:\/\/www.alucomfort.be\/product\/hydraulisch-kiepsysteem-voor-stapelkiepers\/#primaryimage\"},\"thumbnailUrl\":\"https:\/\/www.alucomfort.be\/wp-content\/uploads\/BR-BST-H-2.jpg\",\"datePublished\":\"2019-10-13T22:17:51+00:00\",\"dateModified\":\"2022-06-06T16:51:15+00:00\",\"description\":\"Palonnier pour le bac BSK superposable\",\"breadcrumb\":{\"@id\":\"https:\/\/www.alucomfort.be\/product\/hydraulisch-kiepsysteem-voor-stapelkiepers\/#breadcrumb\"},\"inLanguage\":\"fr-FR\",\"potentialAction\":[{\"@type\":\"ReadAction\",\"target\":[\"https:\/\/www.alucomfort.be\/product\/hydraulisch-kiepsysteem-voor-stapelkiepers\/\"]}]},{\"@type\":\"ImageObject\",\"inLanguage\":\"fr-FR\",\"@id\":\"https:\/\/www.alucomfort.be\/product\/hydraulisch-kiepsysteem-voor-stapelkiepers\/#primaryimage\",\"url\":\"https:\/\/www.alucomfort.be\/wp-content\/uploads\/BR-BST-H-2.jpg\",\"contentUrl\":\"https:\/\/www.alucomfort.be\/wp-content\/uploads\/BR-BST-H-2.jpg\",\"width\":3520,\"height\":4816},{\"@type\":\"BreadcrumbList\",\"@id\":\"https:\/\/www.alucomfort.be\/product\/hydraulisch-kiepsysteem-voor-stapelkiepers\/#breadcrumb\",\"itemListElement\":[{\"@type\":\"ListItem\",\"position\":1,\"name\":\"Home\",\"item\":\"https:\/\/www.alucomfort.be\/fr\/\"},{\"@type\":\"ListItem\",\"position\":2,\"name\":\"Producten\",\"item\":\"https:\/\/www.alucomfort.be\/producten\/\"},{\"@type\":\"ListItem\",\"position\":3,\"name\":\"Palonnier hydraulique le bac BSK\"}]},{\"@type\":\"WebSite\",\"@id\":\"https:\/\/www.alucomfort.be\/#website\",\"url\":\"https:\/\/www.alucomfort.be\/\",\"name\":\"Alu Comfort\",\"description\":\"\",\"potentialAction\":[{\"@type\":\"SearchAction\",\"target\":{\"@type\":\"EntryPoint\",\"urlTemplate\":\"https:\/\/www.alucomfort.be\/?s={search_term_string}\"},\"query-input\":{\"@type\":\"PropertyValueSpecification\",\"valueRequired\":true,\"valueName\":\"search_term_string\"}}],\"inLanguage\":\"fr-FR\"}]}<\/script>\n<!-- \/ Yoast SEO plugin. -->","yoast_head_json":{"title":"Palonnier pour le bac BSK superposable | Alu Comfort |","description":"Palonnier pour le bac BSK superposable","robots":{"index":"index","follow":"follow","max-snippet":"max-snippet:-1","max-image-preview":"max-image-preview:large","max-video-preview":"max-video-preview:-1"},"canonical":"https:\/\/www.alucomfort.be\/product\/hydraulisch-kiepsysteem-voor-stapelkiepers\/","og_locale":"fr_FR","og_type":"article","og_title":"Palonnier pour le bac BSK superposable | Alu Comfort |","og_description":"Palonnier pour le bac BSK superposable","og_url":"https:\/\/www.alucomfort.be\/product\/hydraulisch-kiepsysteem-voor-stapelkiepers\/","og_site_name":"Alu Comfort","article_modified_time":"2022-06-06T16:51:15+00:00","og_image":[{"width":748,"height":1024,"url":"https:\/\/www.alucomfort.be\/wp-content\/uploads\/BR-BST-H-2-748x1024.jpg","type":"image\/jpeg"}],"twitter_card":"summary_large_image","schema":{"@context":"https:\/\/schema.org","@graph":[{"@type":"WebPage","@id":"https:\/\/www.alucomfort.be\/product\/hydraulisch-kiepsysteem-voor-stapelkiepers\/","url":"https:\/\/www.alucomfort.be\/product\/hydraulisch-kiepsysteem-voor-stapelkiepers\/","name":"Palonnier pour le bac BSK superposable | Alu Comfort |","isPartOf":{"@id":"https:\/\/www.alucomfort.be\/#website"},"primaryImageOfPage":{"@id":"https:\/\/www.alucomfort.be\/product\/hydraulisch-kiepsysteem-voor-stapelkiepers\/#primaryimage"},"image":{"@id":"https:\/\/www.alucomfort.be\/product\/hydraulisch-kiepsysteem-voor-stapelkiepers\/#primaryimage"},"thumbnailUrl":"https:\/\/www.alucomfort.be\/wp-content\/uploads\/BR-BST-H-2.jpg","datePublished":"2019-10-13T22:17:51+00:00","dateModified":"2022-06-06T16:51:15+00:00","description":"Palonnier pour le bac BSK superposable","breadcrumb":{"@id":"https:\/\/www.alucomfort.be\/product\/hydraulisch-kiepsysteem-voor-stapelkiepers\/#breadcrumb"},"inLanguage":"fr-FR","potentialAction":[{"@type":"ReadAction","target":["https:\/\/www.alucomfort.be\/product\/hydraulisch-kiepsysteem-voor-stapelkiepers\/"]}]},{"@type":"ImageObject","inLanguage":"fr-FR","@id":"https:\/\/www.alucomfort.be\/product\/hydraulisch-kiepsysteem-voor-stapelkiepers\/#primaryimage","url":"https:\/\/www.alucomfort.be\/wp-content\/uploads\/BR-BST-H-2.jpg","contentUrl":"https:\/\/www.alucomfort.be\/wp-content\/uploads\/BR-BST-H-2.jpg","width":3520,"height":4816},{"@type":"BreadcrumbList","@id":"https:\/\/www.alucomfort.be\/product\/hydraulisch-kiepsysteem-voor-stapelkiepers\/#breadcrumb","itemListElement":[{"@type":"ListItem","position":1,"name":"Home","item":"https:\/\/www.alucomfort.be\/fr\/"},{"@type":"ListItem","position":2,"name":"Producten","item":"https:\/\/www.alucomfort.be\/producten\/"},{"@type":"ListItem","position":3,"name":"Palonnier hydraulique le bac BSK"}]},{"@type":"WebSite","@id":"https:\/\/www.alucomfort.be\/#website","url":"https:\/\/www.alucomfort.be\/","name":"Alu Comfort","description":"","potentialAction":[{"@type":"SearchAction","target":{"@type":"EntryPoint","urlTemplate":"https:\/\/www.alucomfort.be\/?s={search_term_string}"},"query-input":{"@type":"PropertyValueSpecification","valueRequired":true,"valueName":"search_term_string"}}],"inLanguage":"fr-FR"}]}},"_links":{"self":[{"href":"https:\/\/www.alucomfort.be\/fr\/wp-json\/wp\/v2\/product\/170050","targetHints":{"allow":["GET"]}}],"collection":[{"href":"https:\/\/www.alucomfort.be\/fr\/wp-json\/wp\/v2\/product"}],"about":[{"href":"https:\/\/www.alucomfort.be\/fr\/wp-json\/wp\/v2\/types\/product"}],"wp:featuredmedia":[{"embeddable":true,"href":"https:\/\/www.alucomfort.be\/fr\/wp-json\/wp\/v2\/media\/4044"}],"wp:attachment":[{"href":"https:\/\/www.alucomfort.be\/fr\/wp-json\/wp\/v2\/media?parent=170050"}],"wp:term":[{"taxonomy":"product_brand","embeddable":true,"href":"https:\/\/www.alucomfort.be\/fr\/wp-json\/wp\/v2\/product_brand?post=170050"},{"taxonomy":"product_cat","embeddable":true,"href":"https:\/\/www.alucomfort.be\/fr\/wp-json\/wp\/v2\/product_cat?post=170050"},{"taxonomy":"product_tag","embeddable":true,"href":"https:\/\/www.alucomfort.be\/fr\/wp-json\/wp\/v2\/product_tag?post=170050"}],"curies":[{"name":"wp","href":"https:\/\/api.w.org\/{rel}","templated":true}]}}