

{"id":170174,"date":"2019-10-14T00:19:38","date_gmt":"2019-10-13T22:19:38","guid":{"rendered":"https:\/\/www.alucomfort.be\/product\/palonnier-de-vidange-avec-enlevement-par-palonniers-a-elingues\/"},"modified":"2022-06-06T18:55:21","modified_gmt":"2022-06-06T16:55:21","slug":"palonnier-de-vidange-avec-enlevement-par-palonniers-a-elingues","status":"publish","type":"product","link":"https:\/\/www.alucomfort.be\/fr\/product\/palonnier-de-vidange-avec-enlevement-par-palonniers-a-elingues\/","title":{"rendered":"Palonnier de vidange avec enlevement par palonniers \u00e0 \u00e9lingues"},"content":{"rendered":"<p>* Le bac est lev\u00e9 par palonniers \u00e0 \u00e9lingues, * S\u00e9curis\u00e9 contre glissement et basculement inintentionnels, * Le bac est lev\u00e9 par les tourillons lat\u00e9raux<\/p>\n","protected":false},"excerpt":{"rendered":"<p>Palonnier de vidange pour le bac basculant BSK<\/p>\n","protected":false},"featured_media":4035,"template":"","meta":{"_acf_changed":false},"product_brand":[],"product_cat":[8870],"product_tag":[],"class_list":{"0":"post-170174","1":"product","2":"type-product","3":"status-publish","4":"has-post-thumbnail","6":"product_cat-bennes-basculantes-bsk-superposables","8":"first","9":"outofstock","10":"taxable","11":"shipping-taxable","12":"purchasable","13":"product-type-variable"},"acf":[],"yoast_head":"<!-- This site is optimized with the Yoast SEO plugin v24.8.1 - https:\/\/yoast.com\/wordpress\/plugins\/seo\/ -->\n<title>Palonnier pour le bac BSK superposable | Alu Comfort |<\/title>\n<meta name=\"description\" content=\"Palonnier de vidange pour le bac basculant BSK\" \/>\n<meta name=\"robots\" content=\"index, follow, max-snippet:-1, max-image-preview:large, max-video-preview:-1\" \/>\n<link rel=\"canonical\" href=\"https:\/\/www.alucomfort.be\/product\/kiepsysteem-met-opname-systeem-voor-kraan\/\" \/>\n<meta property=\"og:locale\" content=\"fr_FR\" \/>\n<meta property=\"og:type\" content=\"article\" \/>\n<meta property=\"og:title\" content=\"Palonnier pour le bac BSK superposable | Alu Comfort |\" \/>\n<meta property=\"og:description\" content=\"Palonnier de vidange pour le bac basculant BSK\" \/>\n<meta property=\"og:url\" content=\"https:\/\/www.alucomfort.be\/product\/kiepsysteem-met-opname-systeem-voor-kraan\/\" \/>\n<meta property=\"og:site_name\" content=\"Alu Comfort\" \/>\n<meta property=\"article:modified_time\" content=\"2022-06-06T16:55:21+00:00\" \/>\n<meta property=\"og:image\" content=\"https:\/\/www.alucomfort.be\/wp-content\/uploads\/BR-BKT-2.jpg\" \/>\n\t<meta property=\"og:image:width\" content=\"460\" \/>\n\t<meta property=\"og:image:height\" content=\"610\" \/>\n\t<meta property=\"og:image:type\" content=\"image\/jpeg\" \/>\n<meta name=\"twitter:card\" content=\"summary_large_image\" \/>\n<script type=\"application\/ld+json\" class=\"yoast-schema-graph\">{\"@context\":\"https:\/\/schema.org\",\"@graph\":[{\"@type\":\"WebPage\",\"@id\":\"https:\/\/www.alucomfort.be\/product\/kiepsysteem-met-opname-systeem-voor-kraan\/\",\"url\":\"https:\/\/www.alucomfort.be\/product\/kiepsysteem-met-opname-systeem-voor-kraan\/\",\"name\":\"Palonnier pour le bac BSK superposable | Alu Comfort |\",\"isPartOf\":{\"@id\":\"https:\/\/www.alucomfort.be\/#website\"},\"primaryImageOfPage\":{\"@id\":\"https:\/\/www.alucomfort.be\/product\/kiepsysteem-met-opname-systeem-voor-kraan\/#primaryimage\"},\"image\":{\"@id\":\"https:\/\/www.alucomfort.be\/product\/kiepsysteem-met-opname-systeem-voor-kraan\/#primaryimage\"},\"thumbnailUrl\":\"https:\/\/www.alucomfort.be\/wp-content\/uploads\/BR-BKT-2.jpg\",\"datePublished\":\"2019-10-13T22:19:38+00:00\",\"dateModified\":\"2022-06-06T16:55:21+00:00\",\"description\":\"Palonnier de vidange pour le bac basculant BSK\",\"breadcrumb\":{\"@id\":\"https:\/\/www.alucomfort.be\/product\/kiepsysteem-met-opname-systeem-voor-kraan\/#breadcrumb\"},\"inLanguage\":\"fr-FR\",\"potentialAction\":[{\"@type\":\"ReadAction\",\"target\":[\"https:\/\/www.alucomfort.be\/product\/kiepsysteem-met-opname-systeem-voor-kraan\/\"]}]},{\"@type\":\"ImageObject\",\"inLanguage\":\"fr-FR\",\"@id\":\"https:\/\/www.alucomfort.be\/product\/kiepsysteem-met-opname-systeem-voor-kraan\/#primaryimage\",\"url\":\"https:\/\/www.alucomfort.be\/wp-content\/uploads\/BR-BKT-2.jpg\",\"contentUrl\":\"https:\/\/www.alucomfort.be\/wp-content\/uploads\/BR-BKT-2.jpg\",\"width\":460,\"height\":610},{\"@type\":\"BreadcrumbList\",\"@id\":\"https:\/\/www.alucomfort.be\/product\/kiepsysteem-met-opname-systeem-voor-kraan\/#breadcrumb\",\"itemListElement\":[{\"@type\":\"ListItem\",\"position\":1,\"name\":\"Home\",\"item\":\"https:\/\/www.alucomfort.be\/fr\/\"},{\"@type\":\"ListItem\",\"position\":2,\"name\":\"Producten\",\"item\":\"https:\/\/www.alucomfort.be\/producten\/\"},{\"@type\":\"ListItem\",\"position\":3,\"name\":\"Palonnier de vidange avec enlevement par palonniers \u00e0 \u00e9lingues\"}]},{\"@type\":\"WebSite\",\"@id\":\"https:\/\/www.alucomfort.be\/#website\",\"url\":\"https:\/\/www.alucomfort.be\/\",\"name\":\"Alu Comfort\",\"description\":\"\",\"potentialAction\":[{\"@type\":\"SearchAction\",\"target\":{\"@type\":\"EntryPoint\",\"urlTemplate\":\"https:\/\/www.alucomfort.be\/?s={search_term_string}\"},\"query-input\":{\"@type\":\"PropertyValueSpecification\",\"valueRequired\":true,\"valueName\":\"search_term_string\"}}],\"inLanguage\":\"fr-FR\"}]}<\/script>\n<!-- \/ Yoast SEO plugin. -->","yoast_head_json":{"title":"Palonnier pour le bac BSK superposable | Alu Comfort |","description":"Palonnier de vidange pour le bac basculant BSK","robots":{"index":"index","follow":"follow","max-snippet":"max-snippet:-1","max-image-preview":"max-image-preview:large","max-video-preview":"max-video-preview:-1"},"canonical":"https:\/\/www.alucomfort.be\/product\/kiepsysteem-met-opname-systeem-voor-kraan\/","og_locale":"fr_FR","og_type":"article","og_title":"Palonnier pour le bac BSK superposable | Alu Comfort |","og_description":"Palonnier de vidange pour le bac basculant BSK","og_url":"https:\/\/www.alucomfort.be\/product\/kiepsysteem-met-opname-systeem-voor-kraan\/","og_site_name":"Alu Comfort","article_modified_time":"2022-06-06T16:55:21+00:00","og_image":[{"width":460,"height":610,"url":"https:\/\/www.alucomfort.be\/wp-content\/uploads\/BR-BKT-2.jpg","type":"image\/jpeg"}],"twitter_card":"summary_large_image","schema":{"@context":"https:\/\/schema.org","@graph":[{"@type":"WebPage","@id":"https:\/\/www.alucomfort.be\/product\/kiepsysteem-met-opname-systeem-voor-kraan\/","url":"https:\/\/www.alucomfort.be\/product\/kiepsysteem-met-opname-systeem-voor-kraan\/","name":"Palonnier pour le bac BSK superposable | Alu Comfort |","isPartOf":{"@id":"https:\/\/www.alucomfort.be\/#website"},"primaryImageOfPage":{"@id":"https:\/\/www.alucomfort.be\/product\/kiepsysteem-met-opname-systeem-voor-kraan\/#primaryimage"},"image":{"@id":"https:\/\/www.alucomfort.be\/product\/kiepsysteem-met-opname-systeem-voor-kraan\/#primaryimage"},"thumbnailUrl":"https:\/\/www.alucomfort.be\/wp-content\/uploads\/BR-BKT-2.jpg","datePublished":"2019-10-13T22:19:38+00:00","dateModified":"2022-06-06T16:55:21+00:00","description":"Palonnier de vidange pour le bac basculant BSK","breadcrumb":{"@id":"https:\/\/www.alucomfort.be\/product\/kiepsysteem-met-opname-systeem-voor-kraan\/#breadcrumb"},"inLanguage":"fr-FR","potentialAction":[{"@type":"ReadAction","target":["https:\/\/www.alucomfort.be\/product\/kiepsysteem-met-opname-systeem-voor-kraan\/"]}]},{"@type":"ImageObject","inLanguage":"fr-FR","@id":"https:\/\/www.alucomfort.be\/product\/kiepsysteem-met-opname-systeem-voor-kraan\/#primaryimage","url":"https:\/\/www.alucomfort.be\/wp-content\/uploads\/BR-BKT-2.jpg","contentUrl":"https:\/\/www.alucomfort.be\/wp-content\/uploads\/BR-BKT-2.jpg","width":460,"height":610},{"@type":"BreadcrumbList","@id":"https:\/\/www.alucomfort.be\/product\/kiepsysteem-met-opname-systeem-voor-kraan\/#breadcrumb","itemListElement":[{"@type":"ListItem","position":1,"name":"Home","item":"https:\/\/www.alucomfort.be\/fr\/"},{"@type":"ListItem","position":2,"name":"Producten","item":"https:\/\/www.alucomfort.be\/producten\/"},{"@type":"ListItem","position":3,"name":"Palonnier de vidange avec enlevement par palonniers \u00e0 \u00e9lingues"}]},{"@type":"WebSite","@id":"https:\/\/www.alucomfort.be\/#website","url":"https:\/\/www.alucomfort.be\/","name":"Alu Comfort","description":"","potentialAction":[{"@type":"SearchAction","target":{"@type":"EntryPoint","urlTemplate":"https:\/\/www.alucomfort.be\/?s={search_term_string}"},"query-input":{"@type":"PropertyValueSpecification","valueRequired":true,"valueName":"search_term_string"}}],"inLanguage":"fr-FR"}]}},"_links":{"self":[{"href":"https:\/\/www.alucomfort.be\/fr\/wp-json\/wp\/v2\/product\/170174","targetHints":{"allow":["GET"]}}],"collection":[{"href":"https:\/\/www.alucomfort.be\/fr\/wp-json\/wp\/v2\/product"}],"about":[{"href":"https:\/\/www.alucomfort.be\/fr\/wp-json\/wp\/v2\/types\/product"}],"wp:featuredmedia":[{"embeddable":true,"href":"https:\/\/www.alucomfort.be\/fr\/wp-json\/wp\/v2\/media\/4035"}],"wp:attachment":[{"href":"https:\/\/www.alucomfort.be\/fr\/wp-json\/wp\/v2\/media?parent=170174"}],"wp:term":[{"taxonomy":"product_brand","embeddable":true,"href":"https:\/\/www.alucomfort.be\/fr\/wp-json\/wp\/v2\/product_brand?post=170174"},{"taxonomy":"product_cat","embeddable":true,"href":"https:\/\/www.alucomfort.be\/fr\/wp-json\/wp\/v2\/product_cat?post=170174"},{"taxonomy":"product_tag","embeddable":true,"href":"https:\/\/www.alucomfort.be\/fr\/wp-json\/wp\/v2\/product_tag?post=170174"}],"curies":[{"name":"wp","href":"https:\/\/api.w.org\/{rel}","templated":true}]}}