

{"id":170262,"date":"2019-10-14T00:20:58","date_gmt":"2019-10-13T22:20:58","guid":{"rendered":"https:\/\/www.alucomfort.be\/product\/bacs-de-retention-2-x-200-l\/"},"modified":"2025-09-09T10:48:28","modified_gmt":"2025-09-09T08:48:28","slug":"bacs-de-retention-2-x-200-l-2","status":"publish","type":"product","link":"https:\/\/www.alucomfort.be\/fr\/product\/bacs-de-retention-2-x-200-l-2\/","title":{"rendered":"Bacs de r\u00e9tention &#8211; 2 x 200 l"},"content":{"rendered":"<p>* Bacs de r\u00e9tention pour la r\u00e9cup\u00e9ration de produits dangereux pour l&rsquo;environnement tels que l&rsquo;huile, l&rsquo;essence, le diesel, les solvants, &#8230;, * Construction en t\u00f4le d&rsquo;acier de 2 mm, * Garde au sol de 100 mm, * Caillebotis galvanis\u00e9 (Charge adm. 1000 kg\/m\u00b2)<\/p>\n","protected":false},"excerpt":{"rendered":"<p>Pour le stockage de 2 f\u00fbts de 200 l &#8211; Dim: 1200 x 800 x 360 mm<\/p>\n","protected":false},"featured_media":223738,"template":"","meta":{"_acf_changed":false},"product_brand":[],"product_cat":[9773],"product_tag":[],"class_list":{"0":"post-170262","1":"product","2":"type-product","3":"status-publish","4":"has-post-thumbnail","6":"product_cat-bacs-de-retention-pour-des-futs-ou-des-ibc-le-plus-choisi","8":"first","9":"outofstock","10":"taxable","11":"shipping-taxable","12":"purchasable","13":"product-type-variable"},"acf":[],"yoast_head":"<!-- This site is optimized with the Yoast SEO plugin v24.8.1 - https:\/\/yoast.com\/wordpress\/plugins\/seo\/ -->\n<title>Bacs de r\u00e9tention en promotion | Alu Comfort |<\/title>\n<meta name=\"description\" content=\"Acheter des bacs de r\u00e9tention? Alu Comfort est votre sp\u00e9cialiste et partenaire pour une large gamme de bacs de r\u00e9tention en acier et en plastique, parfaitement adapt\u00e9s \u00e0 vos besoins\" \/>\n<meta name=\"robots\" content=\"index, follow, max-snippet:-1, max-image-preview:large, max-video-preview:-1\" \/>\n<link rel=\"canonical\" href=\"https:\/\/www.alucomfort.be\/product\/opvangbak-2-x-200-l-vaten-2\/\" \/>\n<meta property=\"og:locale\" content=\"fr_FR\" \/>\n<meta property=\"og:type\" content=\"article\" \/>\n<meta property=\"og:title\" content=\"Bacs de r\u00e9tention en promotion | Alu Comfort |\" \/>\n<meta property=\"og:description\" content=\"Acheter des bacs de r\u00e9tention? Alu Comfort est votre sp\u00e9cialiste et partenaire pour une large gamme de bacs de r\u00e9tention en acier et en plastique, parfaitement adapt\u00e9s \u00e0 vos besoins\" \/>\n<meta property=\"og:url\" content=\"https:\/\/www.alucomfort.be\/product\/opvangbak-2-x-200-l-vaten-2\/\" \/>\n<meta property=\"og:site_name\" content=\"Alu Comfort\" \/>\n<meta property=\"article:modified_time\" content=\"2025-09-09T08:48:28+00:00\" \/>\n<meta property=\"og:image\" content=\"https:\/\/www.alucomfort.be\/wp-content\/uploads\/Bac-de-retention-Bauer-ECO-2-200.jpg\" \/>\n\t<meta property=\"og:image:width\" content=\"1920\" \/>\n\t<meta property=\"og:image:height\" content=\"1057\" \/>\n\t<meta property=\"og:image:type\" content=\"image\/jpeg\" \/>\n<meta name=\"twitter:card\" content=\"summary_large_image\" \/>\n<script type=\"application\/ld+json\" class=\"yoast-schema-graph\">{\"@context\":\"https:\/\/schema.org\",\"@graph\":[{\"@type\":\"WebPage\",\"@id\":\"https:\/\/www.alucomfort.be\/product\/opvangbak-2-x-200-l-vaten-2\/\",\"url\":\"https:\/\/www.alucomfort.be\/product\/opvangbak-2-x-200-l-vaten-2\/\",\"name\":\"Bacs de r\u00e9tention en promotion | Alu Comfort |\",\"isPartOf\":{\"@id\":\"https:\/\/www.alucomfort.be\/#website\"},\"primaryImageOfPage\":{\"@id\":\"https:\/\/www.alucomfort.be\/product\/opvangbak-2-x-200-l-vaten-2\/#primaryimage\"},\"image\":{\"@id\":\"https:\/\/www.alucomfort.be\/product\/opvangbak-2-x-200-l-vaten-2\/#primaryimage\"},\"thumbnailUrl\":\"https:\/\/www.alucomfort.be\/wp-content\/uploads\/Bac-de-retention-Bauer-ECO-2-200.jpg\",\"datePublished\":\"2019-10-13T22:20:58+00:00\",\"dateModified\":\"2025-09-09T08:48:28+00:00\",\"description\":\"Acheter des bacs de r\u00e9tention? Alu Comfort est votre sp\u00e9cialiste et partenaire pour une large gamme de bacs de r\u00e9tention en acier et en plastique, parfaitement adapt\u00e9s \u00e0 vos besoins\",\"breadcrumb\":{\"@id\":\"https:\/\/www.alucomfort.be\/product\/opvangbak-2-x-200-l-vaten-2\/#breadcrumb\"},\"inLanguage\":\"fr-FR\",\"potentialAction\":[{\"@type\":\"ReadAction\",\"target\":[\"https:\/\/www.alucomfort.be\/product\/opvangbak-2-x-200-l-vaten-2\/\"]}]},{\"@type\":\"ImageObject\",\"inLanguage\":\"fr-FR\",\"@id\":\"https:\/\/www.alucomfort.be\/product\/opvangbak-2-x-200-l-vaten-2\/#primaryimage\",\"url\":\"https:\/\/www.alucomfort.be\/wp-content\/uploads\/Bac-de-retention-Bauer-ECO-2-200.jpg\",\"contentUrl\":\"https:\/\/www.alucomfort.be\/wp-content\/uploads\/Bac-de-retention-Bauer-ECO-2-200.jpg\",\"width\":1920,\"height\":1057,\"caption\":\"Bac de r\u00e9tention_Bauer-ECO 2-200\"},{\"@type\":\"BreadcrumbList\",\"@id\":\"https:\/\/www.alucomfort.be\/product\/opvangbak-2-x-200-l-vaten-2\/#breadcrumb\",\"itemListElement\":[{\"@type\":\"ListItem\",\"position\":1,\"name\":\"Home\",\"item\":\"https:\/\/www.alucomfort.be\/fr\/\"},{\"@type\":\"ListItem\",\"position\":2,\"name\":\"Producten\",\"item\":\"https:\/\/www.alucomfort.be\/producten\/\"},{\"@type\":\"ListItem\",\"position\":3,\"name\":\"Bacs de r\u00e9tention &#8211; 2 x 200 l\"}]},{\"@type\":\"WebSite\",\"@id\":\"https:\/\/www.alucomfort.be\/#website\",\"url\":\"https:\/\/www.alucomfort.be\/\",\"name\":\"Alu Comfort\",\"description\":\"\",\"potentialAction\":[{\"@type\":\"SearchAction\",\"target\":{\"@type\":\"EntryPoint\",\"urlTemplate\":\"https:\/\/www.alucomfort.be\/?s={search_term_string}\"},\"query-input\":{\"@type\":\"PropertyValueSpecification\",\"valueRequired\":true,\"valueName\":\"search_term_string\"}}],\"inLanguage\":\"fr-FR\"}]}<\/script>\n<!-- \/ Yoast SEO plugin. -->","yoast_head_json":{"title":"Bacs de r\u00e9tention en promotion | Alu Comfort |","description":"Acheter des bacs de r\u00e9tention? Alu Comfort est votre sp\u00e9cialiste et partenaire pour une large gamme de bacs de r\u00e9tention en acier et en plastique, parfaitement adapt\u00e9s \u00e0 vos besoins","robots":{"index":"index","follow":"follow","max-snippet":"max-snippet:-1","max-image-preview":"max-image-preview:large","max-video-preview":"max-video-preview:-1"},"canonical":"https:\/\/www.alucomfort.be\/product\/opvangbak-2-x-200-l-vaten-2\/","og_locale":"fr_FR","og_type":"article","og_title":"Bacs de r\u00e9tention en promotion | Alu Comfort |","og_description":"Acheter des bacs de r\u00e9tention? Alu Comfort est votre sp\u00e9cialiste et partenaire pour une large gamme de bacs de r\u00e9tention en acier et en plastique, parfaitement adapt\u00e9s \u00e0 vos besoins","og_url":"https:\/\/www.alucomfort.be\/product\/opvangbak-2-x-200-l-vaten-2\/","og_site_name":"Alu Comfort","article_modified_time":"2025-09-09T08:48:28+00:00","og_image":[{"width":1920,"height":1057,"url":"https:\/\/www.alucomfort.be\/wp-content\/uploads\/Bac-de-retention-Bauer-ECO-2-200.jpg","type":"image\/jpeg"}],"twitter_card":"summary_large_image","schema":{"@context":"https:\/\/schema.org","@graph":[{"@type":"WebPage","@id":"https:\/\/www.alucomfort.be\/product\/opvangbak-2-x-200-l-vaten-2\/","url":"https:\/\/www.alucomfort.be\/product\/opvangbak-2-x-200-l-vaten-2\/","name":"Bacs de r\u00e9tention en promotion | Alu Comfort |","isPartOf":{"@id":"https:\/\/www.alucomfort.be\/#website"},"primaryImageOfPage":{"@id":"https:\/\/www.alucomfort.be\/product\/opvangbak-2-x-200-l-vaten-2\/#primaryimage"},"image":{"@id":"https:\/\/www.alucomfort.be\/product\/opvangbak-2-x-200-l-vaten-2\/#primaryimage"},"thumbnailUrl":"https:\/\/www.alucomfort.be\/wp-content\/uploads\/Bac-de-retention-Bauer-ECO-2-200.jpg","datePublished":"2019-10-13T22:20:58+00:00","dateModified":"2025-09-09T08:48:28+00:00","description":"Acheter des bacs de r\u00e9tention? Alu Comfort est votre sp\u00e9cialiste et partenaire pour une large gamme de bacs de r\u00e9tention en acier et en plastique, parfaitement adapt\u00e9s \u00e0 vos besoins","breadcrumb":{"@id":"https:\/\/www.alucomfort.be\/product\/opvangbak-2-x-200-l-vaten-2\/#breadcrumb"},"inLanguage":"fr-FR","potentialAction":[{"@type":"ReadAction","target":["https:\/\/www.alucomfort.be\/product\/opvangbak-2-x-200-l-vaten-2\/"]}]},{"@type":"ImageObject","inLanguage":"fr-FR","@id":"https:\/\/www.alucomfort.be\/product\/opvangbak-2-x-200-l-vaten-2\/#primaryimage","url":"https:\/\/www.alucomfort.be\/wp-content\/uploads\/Bac-de-retention-Bauer-ECO-2-200.jpg","contentUrl":"https:\/\/www.alucomfort.be\/wp-content\/uploads\/Bac-de-retention-Bauer-ECO-2-200.jpg","width":1920,"height":1057,"caption":"Bac de r\u00e9tention_Bauer-ECO 2-200"},{"@type":"BreadcrumbList","@id":"https:\/\/www.alucomfort.be\/product\/opvangbak-2-x-200-l-vaten-2\/#breadcrumb","itemListElement":[{"@type":"ListItem","position":1,"name":"Home","item":"https:\/\/www.alucomfort.be\/fr\/"},{"@type":"ListItem","position":2,"name":"Producten","item":"https:\/\/www.alucomfort.be\/producten\/"},{"@type":"ListItem","position":3,"name":"Bacs de r\u00e9tention &#8211; 2 x 200 l"}]},{"@type":"WebSite","@id":"https:\/\/www.alucomfort.be\/#website","url":"https:\/\/www.alucomfort.be\/","name":"Alu Comfort","description":"","potentialAction":[{"@type":"SearchAction","target":{"@type":"EntryPoint","urlTemplate":"https:\/\/www.alucomfort.be\/?s={search_term_string}"},"query-input":{"@type":"PropertyValueSpecification","valueRequired":true,"valueName":"search_term_string"}}],"inLanguage":"fr-FR"}]}},"_links":{"self":[{"href":"https:\/\/www.alucomfort.be\/fr\/wp-json\/wp\/v2\/product\/170262","targetHints":{"allow":["GET"]}}],"collection":[{"href":"https:\/\/www.alucomfort.be\/fr\/wp-json\/wp\/v2\/product"}],"about":[{"href":"https:\/\/www.alucomfort.be\/fr\/wp-json\/wp\/v2\/types\/product"}],"wp:featuredmedia":[{"embeddable":true,"href":"https:\/\/www.alucomfort.be\/fr\/wp-json\/wp\/v2\/media\/223738"}],"wp:attachment":[{"href":"https:\/\/www.alucomfort.be\/fr\/wp-json\/wp\/v2\/media?parent=170262"}],"wp:term":[{"taxonomy":"product_brand","embeddable":true,"href":"https:\/\/www.alucomfort.be\/fr\/wp-json\/wp\/v2\/product_brand?post=170262"},{"taxonomy":"product_cat","embeddable":true,"href":"https:\/\/www.alucomfort.be\/fr\/wp-json\/wp\/v2\/product_cat?post=170262"},{"taxonomy":"product_tag","embeddable":true,"href":"https:\/\/www.alucomfort.be\/fr\/wp-json\/wp\/v2\/product_tag?post=170262"}],"curies":[{"name":"wp","href":"https:\/\/api.w.org\/{rel}","templated":true}]}}