

{"id":170358,"date":"2019-10-14T00:22:24","date_gmt":"2019-10-13T22:22:24","guid":{"rendered":"https:\/\/www.alucomfort.be\/product\/bacs-de-retention-2-x-1000-l-ibc-avec-rehausse-de-soutirage\/"},"modified":"2025-09-09T10:50:19","modified_gmt":"2025-09-09T08:50:19","slug":"bacs-de-retention-2-x-1000-l-ibc-avec-rehausse-de-soutirage","status":"publish","type":"product","link":"https:\/\/www.alucomfort.be\/fr\/product\/bacs-de-retention-2-x-1000-l-ibc-avec-rehausse-de-soutirage\/","title":{"rendered":"Cuve de r\u00e9tention &#8211; 2 x 1000 l IBC avec rehausse de soutirage"},"content":{"rendered":"<p>* Cuve de r\u00e9tention pour la r\u00e9cup\u00e9ration de produits dangereux pour l&rsquo;environnement tels que l&rsquo;huile, l&rsquo;essence, le diesel, les solvants, &#8230;* Avec rehausse de soutirage, * Construction en t\u00f4le d&rsquo;acier de 2 mm, * Garde au sol de 100 mm, * Possible avec un support de f\u00fbt optionnel pour soutirer des f\u00fbts de 200 litres en position horizontale, * Caillebotis galvanis\u00e9 (Charge adm. 1000 kg\/m\u00b2)<\/p>\n","protected":false},"excerpt":{"rendered":"<p>Pour le stockage de 2  X IBC de 1000 l &#8211; Dim: 2650 x 1460 x 863 mm<\/p>\n","protected":false},"featured_media":223746,"template":"","meta":{"_acf_changed":false},"product_brand":[],"product_cat":[9773],"product_tag":[],"class_list":{"0":"post-170358","1":"product","2":"type-product","3":"status-publish","4":"has-post-thumbnail","6":"product_cat-bacs-de-retention-pour-des-futs-ou-des-ibc-le-plus-choisi","8":"first","9":"outofstock","10":"taxable","11":"shipping-taxable","12":"purchasable","13":"product-type-variable"},"acf":[],"yoast_head":"<!-- This site is optimized with the Yoast SEO plugin v24.8.1 - https:\/\/yoast.com\/wordpress\/plugins\/seo\/ -->\n<title>Cuves de r\u00e9tention en promotion | Alu Comfort |<\/title>\n<meta name=\"description\" content=\"Investissez dans la s\u00e9curit\u00e9 avec les bacs de r\u00e9tention d&#039;Alucomfort, votre partenaire expert pour toutes vos questions concernant les bacs de r\u00e9tention et le stockage de substances dangereuses\" \/>\n<meta name=\"robots\" content=\"index, follow, max-snippet:-1, max-image-preview:large, max-video-preview:-1\" \/>\n<link rel=\"canonical\" href=\"https:\/\/www.alucomfort.be\/product\/opvangbak-2-x-1000-l-ibc-met-aftapverhoging\/\" \/>\n<meta property=\"og:locale\" content=\"fr_FR\" \/>\n<meta property=\"og:type\" content=\"article\" \/>\n<meta property=\"og:title\" content=\"Cuves de r\u00e9tention en promotion | Alu Comfort |\" \/>\n<meta property=\"og:description\" content=\"Investissez dans la s\u00e9curit\u00e9 avec les bacs de r\u00e9tention d&#039;Alucomfort, votre partenaire expert pour toutes vos questions concernant les bacs de r\u00e9tention et le stockage de substances dangereuses\" \/>\n<meta property=\"og:url\" content=\"https:\/\/www.alucomfort.be\/product\/opvangbak-2-x-1000-l-ibc-met-aftapverhoging\/\" \/>\n<meta property=\"og:site_name\" content=\"Alu Comfort\" \/>\n<meta property=\"article:modified_time\" content=\"2025-09-09T08:50:19+00:00\" \/>\n<meta property=\"og:image\" content=\"https:\/\/www.alucomfort.be\/wp-content\/uploads\/Lekbak-IBC-Vaten-ECO-A-2-1000.jpg\" \/>\n\t<meta property=\"og:image:width\" content=\"1920\" \/>\n\t<meta property=\"og:image:height\" content=\"1488\" \/>\n\t<meta property=\"og:image:type\" content=\"image\/jpeg\" \/>\n<meta name=\"twitter:card\" content=\"summary_large_image\" \/>\n<script type=\"application\/ld+json\" class=\"yoast-schema-graph\">{\"@context\":\"https:\/\/schema.org\",\"@graph\":[{\"@type\":\"WebPage\",\"@id\":\"https:\/\/www.alucomfort.be\/product\/opvangbak-2-x-1000-l-ibc-met-aftapverhoging\/\",\"url\":\"https:\/\/www.alucomfort.be\/product\/opvangbak-2-x-1000-l-ibc-met-aftapverhoging\/\",\"name\":\"Cuves de r\u00e9tention en promotion | Alu Comfort |\",\"isPartOf\":{\"@id\":\"https:\/\/www.alucomfort.be\/#website\"},\"primaryImageOfPage\":{\"@id\":\"https:\/\/www.alucomfort.be\/product\/opvangbak-2-x-1000-l-ibc-met-aftapverhoging\/#primaryimage\"},\"image\":{\"@id\":\"https:\/\/www.alucomfort.be\/product\/opvangbak-2-x-1000-l-ibc-met-aftapverhoging\/#primaryimage\"},\"thumbnailUrl\":\"https:\/\/www.alucomfort.be\/wp-content\/uploads\/Lekbak-IBC-Vaten-ECO-A-2-1000.jpg\",\"datePublished\":\"2019-10-13T22:22:24+00:00\",\"dateModified\":\"2025-09-09T08:50:19+00:00\",\"description\":\"Investissez dans la s\u00e9curit\u00e9 avec les bacs de r\u00e9tention d'Alucomfort, votre partenaire expert pour toutes vos questions concernant les bacs de r\u00e9tention et le stockage de substances dangereuses\",\"breadcrumb\":{\"@id\":\"https:\/\/www.alucomfort.be\/product\/opvangbak-2-x-1000-l-ibc-met-aftapverhoging\/#breadcrumb\"},\"inLanguage\":\"fr-FR\",\"potentialAction\":[{\"@type\":\"ReadAction\",\"target\":[\"https:\/\/www.alucomfort.be\/product\/opvangbak-2-x-1000-l-ibc-met-aftapverhoging\/\"]}]},{\"@type\":\"ImageObject\",\"inLanguage\":\"fr-FR\",\"@id\":\"https:\/\/www.alucomfort.be\/product\/opvangbak-2-x-1000-l-ibc-met-aftapverhoging\/#primaryimage\",\"url\":\"https:\/\/www.alucomfort.be\/wp-content\/uploads\/Lekbak-IBC-Vaten-ECO-A-2-1000.jpg\",\"contentUrl\":\"https:\/\/www.alucomfort.be\/wp-content\/uploads\/Lekbak-IBC-Vaten-ECO-A-2-1000.jpg\",\"width\":1920,\"height\":1488,\"caption\":\"Lekbak_IBC_Vaten-ECO-A 2-1000\"},{\"@type\":\"BreadcrumbList\",\"@id\":\"https:\/\/www.alucomfort.be\/product\/opvangbak-2-x-1000-l-ibc-met-aftapverhoging\/#breadcrumb\",\"itemListElement\":[{\"@type\":\"ListItem\",\"position\":1,\"name\":\"Home\",\"item\":\"https:\/\/www.alucomfort.be\/fr\/\"},{\"@type\":\"ListItem\",\"position\":2,\"name\":\"Producten\",\"item\":\"https:\/\/www.alucomfort.be\/producten\/\"},{\"@type\":\"ListItem\",\"position\":3,\"name\":\"Cuve de r\u00e9tention &#8211; 2 x 1000 l IBC avec rehausse de soutirage\"}]},{\"@type\":\"WebSite\",\"@id\":\"https:\/\/www.alucomfort.be\/#website\",\"url\":\"https:\/\/www.alucomfort.be\/\",\"name\":\"Alu Comfort\",\"description\":\"\",\"potentialAction\":[{\"@type\":\"SearchAction\",\"target\":{\"@type\":\"EntryPoint\",\"urlTemplate\":\"https:\/\/www.alucomfort.be\/?s={search_term_string}\"},\"query-input\":{\"@type\":\"PropertyValueSpecification\",\"valueRequired\":true,\"valueName\":\"search_term_string\"}}],\"inLanguage\":\"fr-FR\"}]}<\/script>\n<!-- \/ Yoast SEO plugin. -->","yoast_head_json":{"title":"Cuves de r\u00e9tention en promotion | Alu Comfort |","description":"Investissez dans la s\u00e9curit\u00e9 avec les bacs de r\u00e9tention d'Alucomfort, votre partenaire expert pour toutes vos questions concernant les bacs de r\u00e9tention et le stockage de substances dangereuses","robots":{"index":"index","follow":"follow","max-snippet":"max-snippet:-1","max-image-preview":"max-image-preview:large","max-video-preview":"max-video-preview:-1"},"canonical":"https:\/\/www.alucomfort.be\/product\/opvangbak-2-x-1000-l-ibc-met-aftapverhoging\/","og_locale":"fr_FR","og_type":"article","og_title":"Cuves de r\u00e9tention en promotion | Alu Comfort |","og_description":"Investissez dans la s\u00e9curit\u00e9 avec les bacs de r\u00e9tention d'Alucomfort, votre partenaire expert pour toutes vos questions concernant les bacs de r\u00e9tention et le stockage de substances dangereuses","og_url":"https:\/\/www.alucomfort.be\/product\/opvangbak-2-x-1000-l-ibc-met-aftapverhoging\/","og_site_name":"Alu Comfort","article_modified_time":"2025-09-09T08:50:19+00:00","og_image":[{"width":1920,"height":1488,"url":"https:\/\/www.alucomfort.be\/wp-content\/uploads\/Lekbak-IBC-Vaten-ECO-A-2-1000.jpg","type":"image\/jpeg"}],"twitter_card":"summary_large_image","schema":{"@context":"https:\/\/schema.org","@graph":[{"@type":"WebPage","@id":"https:\/\/www.alucomfort.be\/product\/opvangbak-2-x-1000-l-ibc-met-aftapverhoging\/","url":"https:\/\/www.alucomfort.be\/product\/opvangbak-2-x-1000-l-ibc-met-aftapverhoging\/","name":"Cuves de r\u00e9tention en promotion | Alu Comfort |","isPartOf":{"@id":"https:\/\/www.alucomfort.be\/#website"},"primaryImageOfPage":{"@id":"https:\/\/www.alucomfort.be\/product\/opvangbak-2-x-1000-l-ibc-met-aftapverhoging\/#primaryimage"},"image":{"@id":"https:\/\/www.alucomfort.be\/product\/opvangbak-2-x-1000-l-ibc-met-aftapverhoging\/#primaryimage"},"thumbnailUrl":"https:\/\/www.alucomfort.be\/wp-content\/uploads\/Lekbak-IBC-Vaten-ECO-A-2-1000.jpg","datePublished":"2019-10-13T22:22:24+00:00","dateModified":"2025-09-09T08:50:19+00:00","description":"Investissez dans la s\u00e9curit\u00e9 avec les bacs de r\u00e9tention d'Alucomfort, votre partenaire expert pour toutes vos questions concernant les bacs de r\u00e9tention et le stockage de substances dangereuses","breadcrumb":{"@id":"https:\/\/www.alucomfort.be\/product\/opvangbak-2-x-1000-l-ibc-met-aftapverhoging\/#breadcrumb"},"inLanguage":"fr-FR","potentialAction":[{"@type":"ReadAction","target":["https:\/\/www.alucomfort.be\/product\/opvangbak-2-x-1000-l-ibc-met-aftapverhoging\/"]}]},{"@type":"ImageObject","inLanguage":"fr-FR","@id":"https:\/\/www.alucomfort.be\/product\/opvangbak-2-x-1000-l-ibc-met-aftapverhoging\/#primaryimage","url":"https:\/\/www.alucomfort.be\/wp-content\/uploads\/Lekbak-IBC-Vaten-ECO-A-2-1000.jpg","contentUrl":"https:\/\/www.alucomfort.be\/wp-content\/uploads\/Lekbak-IBC-Vaten-ECO-A-2-1000.jpg","width":1920,"height":1488,"caption":"Lekbak_IBC_Vaten-ECO-A 2-1000"},{"@type":"BreadcrumbList","@id":"https:\/\/www.alucomfort.be\/product\/opvangbak-2-x-1000-l-ibc-met-aftapverhoging\/#breadcrumb","itemListElement":[{"@type":"ListItem","position":1,"name":"Home","item":"https:\/\/www.alucomfort.be\/fr\/"},{"@type":"ListItem","position":2,"name":"Producten","item":"https:\/\/www.alucomfort.be\/producten\/"},{"@type":"ListItem","position":3,"name":"Cuve de r\u00e9tention &#8211; 2 x 1000 l IBC avec rehausse de soutirage"}]},{"@type":"WebSite","@id":"https:\/\/www.alucomfort.be\/#website","url":"https:\/\/www.alucomfort.be\/","name":"Alu Comfort","description":"","potentialAction":[{"@type":"SearchAction","target":{"@type":"EntryPoint","urlTemplate":"https:\/\/www.alucomfort.be\/?s={search_term_string}"},"query-input":{"@type":"PropertyValueSpecification","valueRequired":true,"valueName":"search_term_string"}}],"inLanguage":"fr-FR"}]}},"_links":{"self":[{"href":"https:\/\/www.alucomfort.be\/fr\/wp-json\/wp\/v2\/product\/170358","targetHints":{"allow":["GET"]}}],"collection":[{"href":"https:\/\/www.alucomfort.be\/fr\/wp-json\/wp\/v2\/product"}],"about":[{"href":"https:\/\/www.alucomfort.be\/fr\/wp-json\/wp\/v2\/types\/product"}],"wp:featuredmedia":[{"embeddable":true,"href":"https:\/\/www.alucomfort.be\/fr\/wp-json\/wp\/v2\/media\/223746"}],"wp:attachment":[{"href":"https:\/\/www.alucomfort.be\/fr\/wp-json\/wp\/v2\/media?parent=170358"}],"wp:term":[{"taxonomy":"product_brand","embeddable":true,"href":"https:\/\/www.alucomfort.be\/fr\/wp-json\/wp\/v2\/product_brand?post=170358"},{"taxonomy":"product_cat","embeddable":true,"href":"https:\/\/www.alucomfort.be\/fr\/wp-json\/wp\/v2\/product_cat?post=170358"},{"taxonomy":"product_tag","embeddable":true,"href":"https:\/\/www.alucomfort.be\/fr\/wp-json\/wp\/v2\/product_tag?post=170358"}],"curies":[{"name":"wp","href":"https:\/\/api.w.org\/{rel}","templated":true}]}}