

{"id":170460,"date":"2019-10-14T00:24:00","date_gmt":"2019-10-13T22:24:00","guid":{"rendered":"https:\/\/www.alucomfort.be\/product\/bacs-de-retention-inox-4-x-200-l\/"},"modified":"2025-06-23T18:15:44","modified_gmt":"2025-06-23T16:15:44","slug":"bacs-de-retention-inox-4-x-200-l","status":"publish","type":"product","link":"https:\/\/www.alucomfort.be\/fr\/product\/bacs-de-retention-inox-4-x-200-l\/","title":{"rendered":"Bac de r\u00e9tention INOX &#8211; 4 x 0200 l"},"content":{"rendered":"<p>* Bac de r\u00e9tention en acier inoxydable pour f\u00fbts, * Construction en t\u00f4le d&rsquo;acier de 2 mm, * Garde au sol de 100 mm, * Caillebotis galvanis\u00e9  en inox (Charge adm. 1000 kg\/m\u00b2), * Dim: 2400 x 800 x 250 mm.<\/p>\n","protected":false},"excerpt":{"rendered":"<p>Dim. 2400 x 800 x 250 mm.  Pour le stockage de 4 f\u00fbts de 200 l.  Bac de r\u00e9tention type inox pour le stockage de mati\u00e8res agressives<\/p>\n","protected":false},"featured_media":224473,"template":"","meta":{"_acf_changed":false},"product_brand":[],"product_cat":[2444],"product_tag":[],"class_list":{"0":"post-170460","1":"product","2":"type-product","3":"status-publish","4":"has-post-thumbnail","6":"product_cat-bacs-de-retention-type-inox-pour-des-futs-ou-des-ibc","8":"first","9":"outofstock","10":"taxable","11":"shipping-taxable","12":"purchasable","13":"product-type-variable"},"acf":[],"yoast_head":"<!-- This site is optimized with the Yoast SEO plugin v24.8.1 - https:\/\/yoast.com\/wordpress\/plugins\/seo\/ -->\n<title>Bacs de r\u00e9tention INOX | Alu Comfort | Gestion anti-fuite durable<\/title>\n<meta name=\"description\" content=\"Optimisez la gestion de vos liquides dangereux. Nos bacs de r\u00e9tention inox pour f\u00fbts et GRV offrent une protection absolue contre les fuites. D\u00e9couvrez chez Alu Comfort.\" \/>\n<meta name=\"robots\" content=\"index, follow, max-snippet:-1, max-image-preview:large, max-video-preview:-1\" \/>\n<link rel=\"canonical\" href=\"https:\/\/www.alucomfort.be\/product\/opvangbak-rvs-4-x-200-l-vaten-2\/\" \/>\n<meta property=\"og:locale\" content=\"fr_FR\" \/>\n<meta property=\"og:type\" content=\"article\" \/>\n<meta property=\"og:title\" content=\"Bacs de r\u00e9tention INOX | Alu Comfort | Gestion anti-fuite durable\" \/>\n<meta property=\"og:description\" content=\"Optimisez la gestion de vos liquides dangereux. Nos bacs de r\u00e9tention inox pour f\u00fbts et GRV offrent une protection absolue contre les fuites. D\u00e9couvrez chez Alu Comfort.\" \/>\n<meta property=\"og:url\" content=\"https:\/\/www.alucomfort.be\/product\/opvangbak-rvs-4-x-200-l-vaten-2\/\" \/>\n<meta property=\"og:site_name\" content=\"Alu Comfort\" \/>\n<meta property=\"article:modified_time\" content=\"2025-06-23T16:15:44+00:00\" \/>\n<meta property=\"og:image\" content=\"https:\/\/www.alucomfort.be\/wp-content\/uploads\/Vloeistof-opvangbak-RVS-vaten-VAW-4B-1.jpg\" \/>\n\t<meta property=\"og:image:width\" content=\"1920\" \/>\n\t<meta property=\"og:image:height\" content=\"805\" \/>\n\t<meta property=\"og:image:type\" content=\"image\/jpeg\" \/>\n<meta name=\"twitter:card\" content=\"summary_large_image\" \/>\n<script type=\"application\/ld+json\" class=\"yoast-schema-graph\">{\"@context\":\"https:\/\/schema.org\",\"@graph\":[{\"@type\":\"WebPage\",\"@id\":\"https:\/\/www.alucomfort.be\/product\/opvangbak-rvs-4-x-200-l-vaten-2\/\",\"url\":\"https:\/\/www.alucomfort.be\/product\/opvangbak-rvs-4-x-200-l-vaten-2\/\",\"name\":\"Bacs de r\u00e9tention INOX | Alu Comfort | Gestion anti-fuite durable\",\"isPartOf\":{\"@id\":\"https:\/\/www.alucomfort.be\/#website\"},\"primaryImageOfPage\":{\"@id\":\"https:\/\/www.alucomfort.be\/product\/opvangbak-rvs-4-x-200-l-vaten-2\/#primaryimage\"},\"image\":{\"@id\":\"https:\/\/www.alucomfort.be\/product\/opvangbak-rvs-4-x-200-l-vaten-2\/#primaryimage\"},\"thumbnailUrl\":\"https:\/\/www.alucomfort.be\/wp-content\/uploads\/Vloeistof-opvangbak-RVS-vaten-VAW-4B-1.jpg\",\"datePublished\":\"2019-10-13T22:24:00+00:00\",\"dateModified\":\"2025-06-23T16:15:44+00:00\",\"description\":\"Optimisez la gestion de vos liquides dangereux. Nos bacs de r\u00e9tention inox pour f\u00fbts et GRV offrent une protection absolue contre les fuites. D\u00e9couvrez chez Alu Comfort.\",\"breadcrumb\":{\"@id\":\"https:\/\/www.alucomfort.be\/product\/opvangbak-rvs-4-x-200-l-vaten-2\/#breadcrumb\"},\"inLanguage\":\"fr-FR\",\"potentialAction\":[{\"@type\":\"ReadAction\",\"target\":[\"https:\/\/www.alucomfort.be\/product\/opvangbak-rvs-4-x-200-l-vaten-2\/\"]}]},{\"@type\":\"ImageObject\",\"inLanguage\":\"fr-FR\",\"@id\":\"https:\/\/www.alucomfort.be\/product\/opvangbak-rvs-4-x-200-l-vaten-2\/#primaryimage\",\"url\":\"https:\/\/www.alucomfort.be\/wp-content\/uploads\/Vloeistof-opvangbak-RVS-vaten-VAW-4B-1.jpg\",\"contentUrl\":\"https:\/\/www.alucomfort.be\/wp-content\/uploads\/Vloeistof-opvangbak-RVS-vaten-VAW-4B-1.jpg\",\"width\":1920,\"height\":805,\"caption\":\"OLYMPUS DIGITAL CAMERA\"},{\"@type\":\"BreadcrumbList\",\"@id\":\"https:\/\/www.alucomfort.be\/product\/opvangbak-rvs-4-x-200-l-vaten-2\/#breadcrumb\",\"itemListElement\":[{\"@type\":\"ListItem\",\"position\":1,\"name\":\"Home\",\"item\":\"https:\/\/www.alucomfort.be\/fr\/\"},{\"@type\":\"ListItem\",\"position\":2,\"name\":\"Producten\",\"item\":\"https:\/\/www.alucomfort.be\/producten\/\"},{\"@type\":\"ListItem\",\"position\":3,\"name\":\"Bac de r\u00e9tention INOX &#8211; 4 x 0200 l\"}]},{\"@type\":\"WebSite\",\"@id\":\"https:\/\/www.alucomfort.be\/#website\",\"url\":\"https:\/\/www.alucomfort.be\/\",\"name\":\"Alu Comfort\",\"description\":\"\",\"potentialAction\":[{\"@type\":\"SearchAction\",\"target\":{\"@type\":\"EntryPoint\",\"urlTemplate\":\"https:\/\/www.alucomfort.be\/?s={search_term_string}\"},\"query-input\":{\"@type\":\"PropertyValueSpecification\",\"valueRequired\":true,\"valueName\":\"search_term_string\"}}],\"inLanguage\":\"fr-FR\"}]}<\/script>\n<!-- \/ Yoast SEO plugin. -->","yoast_head_json":{"title":"Bacs de r\u00e9tention INOX | Alu Comfort | Gestion anti-fuite durable","description":"Optimisez la gestion de vos liquides dangereux. Nos bacs de r\u00e9tention inox pour f\u00fbts et GRV offrent une protection absolue contre les fuites. D\u00e9couvrez chez Alu Comfort.","robots":{"index":"index","follow":"follow","max-snippet":"max-snippet:-1","max-image-preview":"max-image-preview:large","max-video-preview":"max-video-preview:-1"},"canonical":"https:\/\/www.alucomfort.be\/product\/opvangbak-rvs-4-x-200-l-vaten-2\/","og_locale":"fr_FR","og_type":"article","og_title":"Bacs de r\u00e9tention INOX | Alu Comfort | Gestion anti-fuite durable","og_description":"Optimisez la gestion de vos liquides dangereux. Nos bacs de r\u00e9tention inox pour f\u00fbts et GRV offrent une protection absolue contre les fuites. D\u00e9couvrez chez Alu Comfort.","og_url":"https:\/\/www.alucomfort.be\/product\/opvangbak-rvs-4-x-200-l-vaten-2\/","og_site_name":"Alu Comfort","article_modified_time":"2025-06-23T16:15:44+00:00","og_image":[{"width":1920,"height":805,"url":"https:\/\/www.alucomfort.be\/wp-content\/uploads\/Vloeistof-opvangbak-RVS-vaten-VAW-4B-1.jpg","type":"image\/jpeg"}],"twitter_card":"summary_large_image","schema":{"@context":"https:\/\/schema.org","@graph":[{"@type":"WebPage","@id":"https:\/\/www.alucomfort.be\/product\/opvangbak-rvs-4-x-200-l-vaten-2\/","url":"https:\/\/www.alucomfort.be\/product\/opvangbak-rvs-4-x-200-l-vaten-2\/","name":"Bacs de r\u00e9tention INOX | Alu Comfort | Gestion anti-fuite durable","isPartOf":{"@id":"https:\/\/www.alucomfort.be\/#website"},"primaryImageOfPage":{"@id":"https:\/\/www.alucomfort.be\/product\/opvangbak-rvs-4-x-200-l-vaten-2\/#primaryimage"},"image":{"@id":"https:\/\/www.alucomfort.be\/product\/opvangbak-rvs-4-x-200-l-vaten-2\/#primaryimage"},"thumbnailUrl":"https:\/\/www.alucomfort.be\/wp-content\/uploads\/Vloeistof-opvangbak-RVS-vaten-VAW-4B-1.jpg","datePublished":"2019-10-13T22:24:00+00:00","dateModified":"2025-06-23T16:15:44+00:00","description":"Optimisez la gestion de vos liquides dangereux. Nos bacs de r\u00e9tention inox pour f\u00fbts et GRV offrent une protection absolue contre les fuites. D\u00e9couvrez chez Alu Comfort.","breadcrumb":{"@id":"https:\/\/www.alucomfort.be\/product\/opvangbak-rvs-4-x-200-l-vaten-2\/#breadcrumb"},"inLanguage":"fr-FR","potentialAction":[{"@type":"ReadAction","target":["https:\/\/www.alucomfort.be\/product\/opvangbak-rvs-4-x-200-l-vaten-2\/"]}]},{"@type":"ImageObject","inLanguage":"fr-FR","@id":"https:\/\/www.alucomfort.be\/product\/opvangbak-rvs-4-x-200-l-vaten-2\/#primaryimage","url":"https:\/\/www.alucomfort.be\/wp-content\/uploads\/Vloeistof-opvangbak-RVS-vaten-VAW-4B-1.jpg","contentUrl":"https:\/\/www.alucomfort.be\/wp-content\/uploads\/Vloeistof-opvangbak-RVS-vaten-VAW-4B-1.jpg","width":1920,"height":805,"caption":"OLYMPUS DIGITAL CAMERA"},{"@type":"BreadcrumbList","@id":"https:\/\/www.alucomfort.be\/product\/opvangbak-rvs-4-x-200-l-vaten-2\/#breadcrumb","itemListElement":[{"@type":"ListItem","position":1,"name":"Home","item":"https:\/\/www.alucomfort.be\/fr\/"},{"@type":"ListItem","position":2,"name":"Producten","item":"https:\/\/www.alucomfort.be\/producten\/"},{"@type":"ListItem","position":3,"name":"Bac de r\u00e9tention INOX &#8211; 4 x 0200 l"}]},{"@type":"WebSite","@id":"https:\/\/www.alucomfort.be\/#website","url":"https:\/\/www.alucomfort.be\/","name":"Alu Comfort","description":"","potentialAction":[{"@type":"SearchAction","target":{"@type":"EntryPoint","urlTemplate":"https:\/\/www.alucomfort.be\/?s={search_term_string}"},"query-input":{"@type":"PropertyValueSpecification","valueRequired":true,"valueName":"search_term_string"}}],"inLanguage":"fr-FR"}]}},"_links":{"self":[{"href":"https:\/\/www.alucomfort.be\/fr\/wp-json\/wp\/v2\/product\/170460","targetHints":{"allow":["GET"]}}],"collection":[{"href":"https:\/\/www.alucomfort.be\/fr\/wp-json\/wp\/v2\/product"}],"about":[{"href":"https:\/\/www.alucomfort.be\/fr\/wp-json\/wp\/v2\/types\/product"}],"wp:featuredmedia":[{"embeddable":true,"href":"https:\/\/www.alucomfort.be\/fr\/wp-json\/wp\/v2\/media\/224473"}],"wp:attachment":[{"href":"https:\/\/www.alucomfort.be\/fr\/wp-json\/wp\/v2\/media?parent=170460"}],"wp:term":[{"taxonomy":"product_brand","embeddable":true,"href":"https:\/\/www.alucomfort.be\/fr\/wp-json\/wp\/v2\/product_brand?post=170460"},{"taxonomy":"product_cat","embeddable":true,"href":"https:\/\/www.alucomfort.be\/fr\/wp-json\/wp\/v2\/product_cat?post=170460"},{"taxonomy":"product_tag","embeddable":true,"href":"https:\/\/www.alucomfort.be\/fr\/wp-json\/wp\/v2\/product_tag?post=170460"}],"curies":[{"name":"wp","href":"https:\/\/api.w.org\/{rel}","templated":true}]}}