

{"id":170468,"date":"2019-10-14T00:24:08","date_gmt":"2019-10-13T22:24:08","guid":{"rendered":"https:\/\/www.alucomfort.be\/product\/bacs-de-retention-inox-1-x-1000-l-ibc\/"},"modified":"2025-06-23T18:15:49","modified_gmt":"2025-06-23T16:15:49","slug":"bacs-de-retention-inox-1-x-1000-l-ibc","status":"publish","type":"product","link":"https:\/\/www.alucomfort.be\/fr\/product\/bacs-de-retention-inox-1-x-1000-l-ibc\/","title":{"rendered":"Bac de r\u00e9tention INOX &#8211; 1 x 1000 l IBC"},"content":{"rendered":"<p>* Bac de r\u00e9tention en INOX pour GRV, * Construction en t\u00f4le d&rsquo;acier de 2 mm, * Garde au sol de 100 mm, * Caillebotis galvanis\u00e9  en inox (Charge adm. 1000 kg\/m\u00b2), * Dim: 1460 x 1460 x 620 mm.<\/p>\n","protected":false},"excerpt":{"rendered":"<p>Pour le stockage d&rsquo;un IBC de 1000 l.  Bac de r\u00e9tention type inox pour le stockage de mati\u00e8res agressives<\/p>\n","protected":false},"featured_media":224461,"template":"","meta":{"_acf_changed":false},"product_brand":[],"product_cat":[2444],"product_tag":[],"class_list":{"0":"post-170468","1":"product","2":"type-product","3":"status-publish","4":"has-post-thumbnail","6":"product_cat-bacs-de-retention-type-inox-pour-des-futs-ou-des-ibc","8":"first","9":"outofstock","10":"taxable","11":"shipping-taxable","12":"purchasable","13":"product-type-variable"},"acf":[],"yoast_head":"<!-- This site is optimized with the Yoast SEO plugin v24.8.1 - https:\/\/yoast.com\/wordpress\/plugins\/seo\/ -->\n<title>Bacs de r\u00e9tention en acier inoxidable | Alu Comfort | Protection maximale anti-fuite<\/title>\n<meta name=\"description\" content=\"S\u00e9curit\u00e9 maximale avec nos bacs de r\u00e9tention en acier inoxydable. Prot\u00e8ge sols et eaux des fuites de f\u00fbts et d&#039;IBC. Fiabilit\u00e9 garantie. En vente chez Alu Comfort.\" \/>\n<meta name=\"robots\" content=\"index, follow, max-snippet:-1, max-image-preview:large, max-video-preview:-1\" \/>\n<link rel=\"canonical\" href=\"https:\/\/www.alucomfort.be\/product\/opvangbak-rvs-1-x-1000-l-ibc\/\" \/>\n<meta property=\"og:locale\" content=\"fr_FR\" \/>\n<meta property=\"og:type\" content=\"article\" \/>\n<meta property=\"og:title\" content=\"Bacs de r\u00e9tention en acier inoxidable | Alu Comfort | Protection maximale anti-fuite\" \/>\n<meta property=\"og:description\" content=\"S\u00e9curit\u00e9 maximale avec nos bacs de r\u00e9tention en acier inoxydable. Prot\u00e8ge sols et eaux des fuites de f\u00fbts et d&#039;IBC. Fiabilit\u00e9 garantie. En vente chez Alu Comfort.\" \/>\n<meta property=\"og:url\" content=\"https:\/\/www.alucomfort.be\/product\/opvangbak-rvs-1-x-1000-l-ibc\/\" \/>\n<meta property=\"og:site_name\" content=\"Alu Comfort\" \/>\n<meta property=\"article:modified_time\" content=\"2025-06-23T16:15:49+00:00\" \/>\n<meta property=\"og:image\" content=\"https:\/\/www.alucomfort.be\/wp-content\/uploads\/Opvangbak-RVS-roestvrijstaal-IBC-VAW-1000-1.jpg\" \/>\n\t<meta property=\"og:image:width\" content=\"1920\" \/>\n\t<meta property=\"og:image:height\" content=\"2023\" \/>\n\t<meta property=\"og:image:type\" content=\"image\/jpeg\" \/>\n<meta name=\"twitter:card\" content=\"summary_large_image\" \/>\n<script type=\"application\/ld+json\" class=\"yoast-schema-graph\">{\"@context\":\"https:\/\/schema.org\",\"@graph\":[{\"@type\":\"WebPage\",\"@id\":\"https:\/\/www.alucomfort.be\/product\/opvangbak-rvs-1-x-1000-l-ibc\/\",\"url\":\"https:\/\/www.alucomfort.be\/product\/opvangbak-rvs-1-x-1000-l-ibc\/\",\"name\":\"Bacs de r\u00e9tention en acier inoxidable | Alu Comfort | Protection maximale anti-fuite\",\"isPartOf\":{\"@id\":\"https:\/\/www.alucomfort.be\/#website\"},\"primaryImageOfPage\":{\"@id\":\"https:\/\/www.alucomfort.be\/product\/opvangbak-rvs-1-x-1000-l-ibc\/#primaryimage\"},\"image\":{\"@id\":\"https:\/\/www.alucomfort.be\/product\/opvangbak-rvs-1-x-1000-l-ibc\/#primaryimage\"},\"thumbnailUrl\":\"https:\/\/www.alucomfort.be\/wp-content\/uploads\/Opvangbak-RVS-roestvrijstaal-IBC-VAW-1000-1.jpg\",\"datePublished\":\"2019-10-13T22:24:08+00:00\",\"dateModified\":\"2025-06-23T16:15:49+00:00\",\"description\":\"S\u00e9curit\u00e9 maximale avec nos bacs de r\u00e9tention en acier inoxydable. Prot\u00e8ge sols et eaux des fuites de f\u00fbts et d'IBC. Fiabilit\u00e9 garantie. En vente chez Alu Comfort.\",\"breadcrumb\":{\"@id\":\"https:\/\/www.alucomfort.be\/product\/opvangbak-rvs-1-x-1000-l-ibc\/#breadcrumb\"},\"inLanguage\":\"fr-FR\",\"potentialAction\":[{\"@type\":\"ReadAction\",\"target\":[\"https:\/\/www.alucomfort.be\/product\/opvangbak-rvs-1-x-1000-l-ibc\/\"]}]},{\"@type\":\"ImageObject\",\"inLanguage\":\"fr-FR\",\"@id\":\"https:\/\/www.alucomfort.be\/product\/opvangbak-rvs-1-x-1000-l-ibc\/#primaryimage\",\"url\":\"https:\/\/www.alucomfort.be\/wp-content\/uploads\/Opvangbak-RVS-roestvrijstaal-IBC-VAW-1000-1.jpg\",\"contentUrl\":\"https:\/\/www.alucomfort.be\/wp-content\/uploads\/Opvangbak-RVS-roestvrijstaal-IBC-VAW-1000-1.jpg\",\"width\":1920,\"height\":2023,\"caption\":\"Opvangbak-RVS-roestvrijstaal-IBC\"},{\"@type\":\"BreadcrumbList\",\"@id\":\"https:\/\/www.alucomfort.be\/product\/opvangbak-rvs-1-x-1000-l-ibc\/#breadcrumb\",\"itemListElement\":[{\"@type\":\"ListItem\",\"position\":1,\"name\":\"Home\",\"item\":\"https:\/\/www.alucomfort.be\/fr\/\"},{\"@type\":\"ListItem\",\"position\":2,\"name\":\"Producten\",\"item\":\"https:\/\/www.alucomfort.be\/producten\/\"},{\"@type\":\"ListItem\",\"position\":3,\"name\":\"Bac de r\u00e9tention INOX &#8211; 1 x 1000 l IBC\"}]},{\"@type\":\"WebSite\",\"@id\":\"https:\/\/www.alucomfort.be\/#website\",\"url\":\"https:\/\/www.alucomfort.be\/\",\"name\":\"Alu Comfort\",\"description\":\"\",\"potentialAction\":[{\"@type\":\"SearchAction\",\"target\":{\"@type\":\"EntryPoint\",\"urlTemplate\":\"https:\/\/www.alucomfort.be\/?s={search_term_string}\"},\"query-input\":{\"@type\":\"PropertyValueSpecification\",\"valueRequired\":true,\"valueName\":\"search_term_string\"}}],\"inLanguage\":\"fr-FR\"}]}<\/script>\n<!-- \/ Yoast SEO plugin. -->","yoast_head_json":{"title":"Bacs de r\u00e9tention en acier inoxidable | Alu Comfort | Protection maximale anti-fuite","description":"S\u00e9curit\u00e9 maximale avec nos bacs de r\u00e9tention en acier inoxydable. Prot\u00e8ge sols et eaux des fuites de f\u00fbts et d'IBC. Fiabilit\u00e9 garantie. En vente chez Alu Comfort.","robots":{"index":"index","follow":"follow","max-snippet":"max-snippet:-1","max-image-preview":"max-image-preview:large","max-video-preview":"max-video-preview:-1"},"canonical":"https:\/\/www.alucomfort.be\/product\/opvangbak-rvs-1-x-1000-l-ibc\/","og_locale":"fr_FR","og_type":"article","og_title":"Bacs de r\u00e9tention en acier inoxidable | Alu Comfort | Protection maximale anti-fuite","og_description":"S\u00e9curit\u00e9 maximale avec nos bacs de r\u00e9tention en acier inoxydable. Prot\u00e8ge sols et eaux des fuites de f\u00fbts et d'IBC. Fiabilit\u00e9 garantie. En vente chez Alu Comfort.","og_url":"https:\/\/www.alucomfort.be\/product\/opvangbak-rvs-1-x-1000-l-ibc\/","og_site_name":"Alu Comfort","article_modified_time":"2025-06-23T16:15:49+00:00","og_image":[{"width":1920,"height":2023,"url":"https:\/\/www.alucomfort.be\/wp-content\/uploads\/Opvangbak-RVS-roestvrijstaal-IBC-VAW-1000-1.jpg","type":"image\/jpeg"}],"twitter_card":"summary_large_image","schema":{"@context":"https:\/\/schema.org","@graph":[{"@type":"WebPage","@id":"https:\/\/www.alucomfort.be\/product\/opvangbak-rvs-1-x-1000-l-ibc\/","url":"https:\/\/www.alucomfort.be\/product\/opvangbak-rvs-1-x-1000-l-ibc\/","name":"Bacs de r\u00e9tention en acier inoxidable | Alu Comfort | Protection maximale anti-fuite","isPartOf":{"@id":"https:\/\/www.alucomfort.be\/#website"},"primaryImageOfPage":{"@id":"https:\/\/www.alucomfort.be\/product\/opvangbak-rvs-1-x-1000-l-ibc\/#primaryimage"},"image":{"@id":"https:\/\/www.alucomfort.be\/product\/opvangbak-rvs-1-x-1000-l-ibc\/#primaryimage"},"thumbnailUrl":"https:\/\/www.alucomfort.be\/wp-content\/uploads\/Opvangbak-RVS-roestvrijstaal-IBC-VAW-1000-1.jpg","datePublished":"2019-10-13T22:24:08+00:00","dateModified":"2025-06-23T16:15:49+00:00","description":"S\u00e9curit\u00e9 maximale avec nos bacs de r\u00e9tention en acier inoxydable. Prot\u00e8ge sols et eaux des fuites de f\u00fbts et d'IBC. Fiabilit\u00e9 garantie. En vente chez Alu Comfort.","breadcrumb":{"@id":"https:\/\/www.alucomfort.be\/product\/opvangbak-rvs-1-x-1000-l-ibc\/#breadcrumb"},"inLanguage":"fr-FR","potentialAction":[{"@type":"ReadAction","target":["https:\/\/www.alucomfort.be\/product\/opvangbak-rvs-1-x-1000-l-ibc\/"]}]},{"@type":"ImageObject","inLanguage":"fr-FR","@id":"https:\/\/www.alucomfort.be\/product\/opvangbak-rvs-1-x-1000-l-ibc\/#primaryimage","url":"https:\/\/www.alucomfort.be\/wp-content\/uploads\/Opvangbak-RVS-roestvrijstaal-IBC-VAW-1000-1.jpg","contentUrl":"https:\/\/www.alucomfort.be\/wp-content\/uploads\/Opvangbak-RVS-roestvrijstaal-IBC-VAW-1000-1.jpg","width":1920,"height":2023,"caption":"Opvangbak-RVS-roestvrijstaal-IBC"},{"@type":"BreadcrumbList","@id":"https:\/\/www.alucomfort.be\/product\/opvangbak-rvs-1-x-1000-l-ibc\/#breadcrumb","itemListElement":[{"@type":"ListItem","position":1,"name":"Home","item":"https:\/\/www.alucomfort.be\/fr\/"},{"@type":"ListItem","position":2,"name":"Producten","item":"https:\/\/www.alucomfort.be\/producten\/"},{"@type":"ListItem","position":3,"name":"Bac de r\u00e9tention INOX &#8211; 1 x 1000 l IBC"}]},{"@type":"WebSite","@id":"https:\/\/www.alucomfort.be\/#website","url":"https:\/\/www.alucomfort.be\/","name":"Alu Comfort","description":"","potentialAction":[{"@type":"SearchAction","target":{"@type":"EntryPoint","urlTemplate":"https:\/\/www.alucomfort.be\/?s={search_term_string}"},"query-input":{"@type":"PropertyValueSpecification","valueRequired":true,"valueName":"search_term_string"}}],"inLanguage":"fr-FR"}]}},"_links":{"self":[{"href":"https:\/\/www.alucomfort.be\/fr\/wp-json\/wp\/v2\/product\/170468","targetHints":{"allow":["GET"]}}],"collection":[{"href":"https:\/\/www.alucomfort.be\/fr\/wp-json\/wp\/v2\/product"}],"about":[{"href":"https:\/\/www.alucomfort.be\/fr\/wp-json\/wp\/v2\/types\/product"}],"wp:featuredmedia":[{"embeddable":true,"href":"https:\/\/www.alucomfort.be\/fr\/wp-json\/wp\/v2\/media\/224461"}],"wp:attachment":[{"href":"https:\/\/www.alucomfort.be\/fr\/wp-json\/wp\/v2\/media?parent=170468"}],"wp:term":[{"taxonomy":"product_brand","embeddable":true,"href":"https:\/\/www.alucomfort.be\/fr\/wp-json\/wp\/v2\/product_brand?post=170468"},{"taxonomy":"product_cat","embeddable":true,"href":"https:\/\/www.alucomfort.be\/fr\/wp-json\/wp\/v2\/product_cat?post=170468"},{"taxonomy":"product_tag","embeddable":true,"href":"https:\/\/www.alucomfort.be\/fr\/wp-json\/wp\/v2\/product_tag?post=170468"}],"curies":[{"name":"wp","href":"https:\/\/api.w.org\/{rel}","templated":true}]}}