

{"id":170476,"date":"2019-10-14T00:24:16","date_gmt":"2019-10-13T22:24:16","guid":{"rendered":"https:\/\/www.alucomfort.be\/product\/bacs-de-retention-inox-2-x-1000-l-ibc\/"},"modified":"2025-06-23T18:15:55","modified_gmt":"2025-06-23T16:15:55","slug":"bacs-de-retention-inox-2-x-1000-l-ibc","status":"publish","type":"product","link":"https:\/\/www.alucomfort.be\/fr\/product\/bacs-de-retention-inox-2-x-1000-l-ibc\/","title":{"rendered":"Bac de r\u00e9tention INOX &#8211; 2 x 1000 l IBC"},"content":{"rendered":"<p>* Cuve de r\u00e9tention INOX, * Construction en t\u00f4le d&rsquo;acier de 2 mm, * Garde au sol de 100 mm, * Caillebotis galvanis\u00e9  en inox (Charge adm. 1000 kg\/m\u00b2), * Dim: 2650 x 1300 x 435 mm<\/p>\n","protected":false},"excerpt":{"rendered":"<p>Pour le stockage de 2 x IBC de 1000 l.  Bac de r\u00e9tention type inox pour le stockage de mati\u00e8res agressives<\/p>\n","protected":false},"featured_media":224455,"template":"","meta":{"_acf_changed":false},"product_brand":[],"product_cat":[2444],"product_tag":[],"class_list":{"0":"post-170476","1":"product","2":"type-product","3":"status-publish","4":"has-post-thumbnail","6":"product_cat-bacs-de-retention-type-inox-pour-des-futs-ou-des-ibc","8":"first","9":"outofstock","10":"taxable","11":"shipping-taxable","12":"purchasable","13":"product-type-variable"},"acf":[],"yoast_head":"<!-- This site is optimized with the Yoast SEO plugin v24.8.1 - https:\/\/yoast.com\/wordpress\/plugins\/seo\/ -->\n<title>Cuves de r\u00e9tention INOX | Alu Comfort | Stockage s\u00e9curis\u00e9 f\u00fbts &amp; GRV.<\/title>\n<meta name=\"description\" content=\"Bacs de r\u00e9tention en inox pour une conformit\u00e9 sans faille. Stockez f\u00fbts et GRV en toute s\u00e9curit\u00e9, prot\u00e9gez l&#039;environnement. Qualit\u00e9 Alu Comfort.\" \/>\n<meta name=\"robots\" content=\"index, follow, max-snippet:-1, max-image-preview:large, max-video-preview:-1\" \/>\n<link rel=\"canonical\" href=\"https:\/\/www.alucomfort.be\/product\/opvangbak-rvs-2-x-1000-l-ibc\/\" \/>\n<meta property=\"og:locale\" content=\"fr_FR\" \/>\n<meta property=\"og:type\" content=\"article\" \/>\n<meta property=\"og:title\" content=\"Cuves de r\u00e9tention INOX | Alu Comfort | Stockage s\u00e9curis\u00e9 f\u00fbts &amp; GRV.\" \/>\n<meta property=\"og:description\" content=\"Bacs de r\u00e9tention en inox pour une conformit\u00e9 sans faille. Stockez f\u00fbts et GRV en toute s\u00e9curit\u00e9, prot\u00e9gez l&#039;environnement. Qualit\u00e9 Alu Comfort.\" \/>\n<meta property=\"og:url\" content=\"https:\/\/www.alucomfort.be\/product\/opvangbak-rvs-2-x-1000-l-ibc\/\" \/>\n<meta property=\"og:site_name\" content=\"Alu Comfort\" \/>\n<meta property=\"article:modified_time\" content=\"2025-06-23T16:15:55+00:00\" \/>\n<meta property=\"og:image\" content=\"https:\/\/www.alucomfort.be\/wp-content\/uploads\/Cuve-de-retention-inox-pour-futs-et-GRV-VAW-1000-2-2.jpg\" \/>\n\t<meta property=\"og:image:width\" content=\"1920\" \/>\n\t<meta property=\"og:image:height\" content=\"1125\" \/>\n\t<meta property=\"og:image:type\" content=\"image\/jpeg\" \/>\n<meta name=\"twitter:card\" content=\"summary_large_image\" \/>\n<script type=\"application\/ld+json\" class=\"yoast-schema-graph\">{\"@context\":\"https:\/\/schema.org\",\"@graph\":[{\"@type\":\"WebPage\",\"@id\":\"https:\/\/www.alucomfort.be\/product\/opvangbak-rvs-2-x-1000-l-ibc\/\",\"url\":\"https:\/\/www.alucomfort.be\/product\/opvangbak-rvs-2-x-1000-l-ibc\/\",\"name\":\"Cuves de r\u00e9tention INOX | Alu Comfort | Stockage s\u00e9curis\u00e9 f\u00fbts & GRV.\",\"isPartOf\":{\"@id\":\"https:\/\/www.alucomfort.be\/#website\"},\"primaryImageOfPage\":{\"@id\":\"https:\/\/www.alucomfort.be\/product\/opvangbak-rvs-2-x-1000-l-ibc\/#primaryimage\"},\"image\":{\"@id\":\"https:\/\/www.alucomfort.be\/product\/opvangbak-rvs-2-x-1000-l-ibc\/#primaryimage\"},\"thumbnailUrl\":\"https:\/\/www.alucomfort.be\/wp-content\/uploads\/Cuve-de-retention-inox-pour-futs-et-GRV-VAW-1000-2-2.jpg\",\"datePublished\":\"2019-10-13T22:24:16+00:00\",\"dateModified\":\"2025-06-23T16:15:55+00:00\",\"description\":\"Bacs de r\u00e9tention en inox pour une conformit\u00e9 sans faille. Stockez f\u00fbts et GRV en toute s\u00e9curit\u00e9, prot\u00e9gez l'environnement. Qualit\u00e9 Alu Comfort.\",\"breadcrumb\":{\"@id\":\"https:\/\/www.alucomfort.be\/product\/opvangbak-rvs-2-x-1000-l-ibc\/#breadcrumb\"},\"inLanguage\":\"fr-FR\",\"potentialAction\":[{\"@type\":\"ReadAction\",\"target\":[\"https:\/\/www.alucomfort.be\/product\/opvangbak-rvs-2-x-1000-l-ibc\/\"]}]},{\"@type\":\"ImageObject\",\"inLanguage\":\"fr-FR\",\"@id\":\"https:\/\/www.alucomfort.be\/product\/opvangbak-rvs-2-x-1000-l-ibc\/#primaryimage\",\"url\":\"https:\/\/www.alucomfort.be\/wp-content\/uploads\/Cuve-de-retention-inox-pour-futs-et-GRV-VAW-1000-2-2.jpg\",\"contentUrl\":\"https:\/\/www.alucomfort.be\/wp-content\/uploads\/Cuve-de-retention-inox-pour-futs-et-GRV-VAW-1000-2-2.jpg\",\"width\":1920,\"height\":1125,\"caption\":\"Cuve-de-retention-inox-pour-futs-et-GRV\"},{\"@type\":\"BreadcrumbList\",\"@id\":\"https:\/\/www.alucomfort.be\/product\/opvangbak-rvs-2-x-1000-l-ibc\/#breadcrumb\",\"itemListElement\":[{\"@type\":\"ListItem\",\"position\":1,\"name\":\"Home\",\"item\":\"https:\/\/www.alucomfort.be\/fr\/\"},{\"@type\":\"ListItem\",\"position\":2,\"name\":\"Producten\",\"item\":\"https:\/\/www.alucomfort.be\/producten\/\"},{\"@type\":\"ListItem\",\"position\":3,\"name\":\"Bac de r\u00e9tention INOX &#8211; 2 x 1000 l IBC\"}]},{\"@type\":\"WebSite\",\"@id\":\"https:\/\/www.alucomfort.be\/#website\",\"url\":\"https:\/\/www.alucomfort.be\/\",\"name\":\"Alu Comfort\",\"description\":\"\",\"potentialAction\":[{\"@type\":\"SearchAction\",\"target\":{\"@type\":\"EntryPoint\",\"urlTemplate\":\"https:\/\/www.alucomfort.be\/?s={search_term_string}\"},\"query-input\":{\"@type\":\"PropertyValueSpecification\",\"valueRequired\":true,\"valueName\":\"search_term_string\"}}],\"inLanguage\":\"fr-FR\"}]}<\/script>\n<!-- \/ Yoast SEO plugin. -->","yoast_head_json":{"title":"Cuves de r\u00e9tention INOX | Alu Comfort | Stockage s\u00e9curis\u00e9 f\u00fbts & GRV.","description":"Bacs de r\u00e9tention en inox pour une conformit\u00e9 sans faille. Stockez f\u00fbts et GRV en toute s\u00e9curit\u00e9, prot\u00e9gez l'environnement. Qualit\u00e9 Alu Comfort.","robots":{"index":"index","follow":"follow","max-snippet":"max-snippet:-1","max-image-preview":"max-image-preview:large","max-video-preview":"max-video-preview:-1"},"canonical":"https:\/\/www.alucomfort.be\/product\/opvangbak-rvs-2-x-1000-l-ibc\/","og_locale":"fr_FR","og_type":"article","og_title":"Cuves de r\u00e9tention INOX | Alu Comfort | Stockage s\u00e9curis\u00e9 f\u00fbts & GRV.","og_description":"Bacs de r\u00e9tention en inox pour une conformit\u00e9 sans faille. Stockez f\u00fbts et GRV en toute s\u00e9curit\u00e9, prot\u00e9gez l'environnement. Qualit\u00e9 Alu Comfort.","og_url":"https:\/\/www.alucomfort.be\/product\/opvangbak-rvs-2-x-1000-l-ibc\/","og_site_name":"Alu Comfort","article_modified_time":"2025-06-23T16:15:55+00:00","og_image":[{"width":1920,"height":1125,"url":"https:\/\/www.alucomfort.be\/wp-content\/uploads\/Cuve-de-retention-inox-pour-futs-et-GRV-VAW-1000-2-2.jpg","type":"image\/jpeg"}],"twitter_card":"summary_large_image","schema":{"@context":"https:\/\/schema.org","@graph":[{"@type":"WebPage","@id":"https:\/\/www.alucomfort.be\/product\/opvangbak-rvs-2-x-1000-l-ibc\/","url":"https:\/\/www.alucomfort.be\/product\/opvangbak-rvs-2-x-1000-l-ibc\/","name":"Cuves de r\u00e9tention INOX | Alu Comfort | Stockage s\u00e9curis\u00e9 f\u00fbts & GRV.","isPartOf":{"@id":"https:\/\/www.alucomfort.be\/#website"},"primaryImageOfPage":{"@id":"https:\/\/www.alucomfort.be\/product\/opvangbak-rvs-2-x-1000-l-ibc\/#primaryimage"},"image":{"@id":"https:\/\/www.alucomfort.be\/product\/opvangbak-rvs-2-x-1000-l-ibc\/#primaryimage"},"thumbnailUrl":"https:\/\/www.alucomfort.be\/wp-content\/uploads\/Cuve-de-retention-inox-pour-futs-et-GRV-VAW-1000-2-2.jpg","datePublished":"2019-10-13T22:24:16+00:00","dateModified":"2025-06-23T16:15:55+00:00","description":"Bacs de r\u00e9tention en inox pour une conformit\u00e9 sans faille. Stockez f\u00fbts et GRV en toute s\u00e9curit\u00e9, prot\u00e9gez l'environnement. Qualit\u00e9 Alu Comfort.","breadcrumb":{"@id":"https:\/\/www.alucomfort.be\/product\/opvangbak-rvs-2-x-1000-l-ibc\/#breadcrumb"},"inLanguage":"fr-FR","potentialAction":[{"@type":"ReadAction","target":["https:\/\/www.alucomfort.be\/product\/opvangbak-rvs-2-x-1000-l-ibc\/"]}]},{"@type":"ImageObject","inLanguage":"fr-FR","@id":"https:\/\/www.alucomfort.be\/product\/opvangbak-rvs-2-x-1000-l-ibc\/#primaryimage","url":"https:\/\/www.alucomfort.be\/wp-content\/uploads\/Cuve-de-retention-inox-pour-futs-et-GRV-VAW-1000-2-2.jpg","contentUrl":"https:\/\/www.alucomfort.be\/wp-content\/uploads\/Cuve-de-retention-inox-pour-futs-et-GRV-VAW-1000-2-2.jpg","width":1920,"height":1125,"caption":"Cuve-de-retention-inox-pour-futs-et-GRV"},{"@type":"BreadcrumbList","@id":"https:\/\/www.alucomfort.be\/product\/opvangbak-rvs-2-x-1000-l-ibc\/#breadcrumb","itemListElement":[{"@type":"ListItem","position":1,"name":"Home","item":"https:\/\/www.alucomfort.be\/fr\/"},{"@type":"ListItem","position":2,"name":"Producten","item":"https:\/\/www.alucomfort.be\/producten\/"},{"@type":"ListItem","position":3,"name":"Bac de r\u00e9tention INOX &#8211; 2 x 1000 l IBC"}]},{"@type":"WebSite","@id":"https:\/\/www.alucomfort.be\/#website","url":"https:\/\/www.alucomfort.be\/","name":"Alu Comfort","description":"","potentialAction":[{"@type":"SearchAction","target":{"@type":"EntryPoint","urlTemplate":"https:\/\/www.alucomfort.be\/?s={search_term_string}"},"query-input":{"@type":"PropertyValueSpecification","valueRequired":true,"valueName":"search_term_string"}}],"inLanguage":"fr-FR"}]}},"_links":{"self":[{"href":"https:\/\/www.alucomfort.be\/fr\/wp-json\/wp\/v2\/product\/170476","targetHints":{"allow":["GET"]}}],"collection":[{"href":"https:\/\/www.alucomfort.be\/fr\/wp-json\/wp\/v2\/product"}],"about":[{"href":"https:\/\/www.alucomfort.be\/fr\/wp-json\/wp\/v2\/types\/product"}],"wp:featuredmedia":[{"embeddable":true,"href":"https:\/\/www.alucomfort.be\/fr\/wp-json\/wp\/v2\/media\/224455"}],"wp:attachment":[{"href":"https:\/\/www.alucomfort.be\/fr\/wp-json\/wp\/v2\/media?parent=170476"}],"wp:term":[{"taxonomy":"product_brand","embeddable":true,"href":"https:\/\/www.alucomfort.be\/fr\/wp-json\/wp\/v2\/product_brand?post=170476"},{"taxonomy":"product_cat","embeddable":true,"href":"https:\/\/www.alucomfort.be\/fr\/wp-json\/wp\/v2\/product_cat?post=170476"},{"taxonomy":"product_tag","embeddable":true,"href":"https:\/\/www.alucomfort.be\/fr\/wp-json\/wp\/v2\/product_tag?post=170476"}],"curies":[{"name":"wp","href":"https:\/\/api.w.org\/{rel}","templated":true}]}}