

{"id":170858,"date":"2019-10-14T00:30:18","date_gmt":"2019-10-13T22:30:18","guid":{"rendered":"https:\/\/www.alucomfort.be\/product\/fixations-murales-pour-bouteilles-de-gaz-o-230-mm\/"},"modified":"2025-07-15T01:22:52","modified_gmt":"2025-07-14T23:22:52","slug":"fixations-murales-pour-bouteilles-de-gaz-o-230-mm-2","status":"publish","type":"product","link":"https:\/\/www.alucomfort.be\/fr\/product\/fixations-murales-pour-bouteilles-de-gaz-o-230-mm-2\/","title":{"rendered":"Fixations murales pour bouteilles de gaz \u00d8 230 mm"},"content":{"rendered":"<p>* Fixation murale pour bouteilles de gaz \u00d8 230 mm, * Stockage s\u00e9curis\u00e9de vos bonbonnes de gaz, *  Construction robuste galvanis\u00e9e avec cha\u00eene, *  Pr\u00e9vu pour une fixation murale<\/p>\n","protected":false},"excerpt":{"rendered":"<p>* Fixation murale pour bouteilles de gaz \u00d8 230 mm, * Stockage s\u00e9curis\u00e9de vos bonbonnes de gaz, * Construction robuste galvanis\u00e9e avec cha\u00eene, * Pr\u00e9vu pour une fixation murale<\/p>\n","protected":false},"featured_media":203385,"template":"","meta":{"_acf_changed":false},"product_brand":[],"product_cat":[2362],"product_tag":[],"class_list":{"0":"post-170858","1":"product","2":"type-product","3":"status-publish","4":"has-post-thumbnail","6":"product_cat-box-pour-bouteilles-de-gaz","8":"first","9":"outofstock","10":"taxable","11":"shipping-taxable","12":"purchasable","13":"product-type-variable"},"acf":[],"yoast_head":"<!-- This site is optimized with the Yoast SEO plugin v24.8.1 - https:\/\/yoast.com\/wordpress\/plugins\/seo\/ -->\n<title>Support Mural pour Bouteille de Gaz | Alu Comfort | Fixation Murale Fiable<\/title>\n<meta name=\"description\" content=\"D\u00e9couvrez nos fixations murales professionnelles pour bouteilles de gaz. Fabriqu\u00e9es en acier durable pour une fiabilit\u00e9 maximale. Installation simple. Optez pour la s\u00e9curit\u00e9!\" \/>\n<meta name=\"robots\" content=\"index, follow, max-snippet:-1, max-image-preview:large, max-video-preview:-1\" \/>\n<link rel=\"canonical\" href=\"https:\/\/www.alucomfort.be\/product\/muurhouder-voor-gasflessen-o-230-mm\/\" \/>\n<meta property=\"og:locale\" content=\"fr_FR\" \/>\n<meta property=\"og:type\" content=\"article\" \/>\n<meta property=\"og:title\" content=\"Support Mural pour Bouteille de Gaz | Alu Comfort | Fixation Murale Fiable\" \/>\n<meta property=\"og:description\" content=\"D\u00e9couvrez nos fixations murales professionnelles pour bouteilles de gaz. Fabriqu\u00e9es en acier durable pour une fiabilit\u00e9 maximale. Installation simple. Optez pour la s\u00e9curit\u00e9!\" \/>\n<meta property=\"og:url\" content=\"https:\/\/www.alucomfort.be\/product\/muurhouder-voor-gasflessen-o-230-mm\/\" \/>\n<meta property=\"og:site_name\" content=\"Alu Comfort\" \/>\n<meta property=\"article:modified_time\" content=\"2025-07-14T23:22:52+00:00\" \/>\n<meta property=\"og:image\" content=\"https:\/\/www.alucomfort.be\/wp-content\/uploads\/Muurhouder-Gasflessen-2-1-1.jpg\" \/>\n\t<meta property=\"og:image:width\" content=\"1920\" \/>\n\t<meta property=\"og:image:height\" content=\"1280\" \/>\n\t<meta property=\"og:image:type\" content=\"image\/jpeg\" \/>\n<meta name=\"twitter:card\" content=\"summary_large_image\" \/>\n<script type=\"application\/ld+json\" class=\"yoast-schema-graph\">{\"@context\":\"https:\/\/schema.org\",\"@graph\":[{\"@type\":\"WebPage\",\"@id\":\"https:\/\/www.alucomfort.be\/product\/muurhouder-voor-gasflessen-o-230-mm\/\",\"url\":\"https:\/\/www.alucomfort.be\/product\/muurhouder-voor-gasflessen-o-230-mm\/\",\"name\":\"Support Mural pour Bouteille de Gaz | Alu Comfort | Fixation Murale Fiable\",\"isPartOf\":{\"@id\":\"https:\/\/www.alucomfort.be\/#website\"},\"primaryImageOfPage\":{\"@id\":\"https:\/\/www.alucomfort.be\/product\/muurhouder-voor-gasflessen-o-230-mm\/#primaryimage\"},\"image\":{\"@id\":\"https:\/\/www.alucomfort.be\/product\/muurhouder-voor-gasflessen-o-230-mm\/#primaryimage\"},\"thumbnailUrl\":\"https:\/\/www.alucomfort.be\/wp-content\/uploads\/Muurhouder-Gasflessen-2-1-1.jpg\",\"datePublished\":\"2019-10-13T22:30:18+00:00\",\"dateModified\":\"2025-07-14T23:22:52+00:00\",\"description\":\"D\u00e9couvrez nos fixations murales professionnelles pour bouteilles de gaz. Fabriqu\u00e9es en acier durable pour une fiabilit\u00e9 maximale. Installation simple. Optez pour la s\u00e9curit\u00e9!\",\"breadcrumb\":{\"@id\":\"https:\/\/www.alucomfort.be\/product\/muurhouder-voor-gasflessen-o-230-mm\/#breadcrumb\"},\"inLanguage\":\"fr-FR\",\"potentialAction\":[{\"@type\":\"ReadAction\",\"target\":[\"https:\/\/www.alucomfort.be\/product\/muurhouder-voor-gasflessen-o-230-mm\/\"]}]},{\"@type\":\"ImageObject\",\"inLanguage\":\"fr-FR\",\"@id\":\"https:\/\/www.alucomfort.be\/product\/muurhouder-voor-gasflessen-o-230-mm\/#primaryimage\",\"url\":\"https:\/\/www.alucomfort.be\/wp-content\/uploads\/Muurhouder-Gasflessen-2-1-1.jpg\",\"contentUrl\":\"https:\/\/www.alucomfort.be\/wp-content\/uploads\/Muurhouder-Gasflessen-2-1-1.jpg\",\"width\":1920,\"height\":1280,\"caption\":\"Muurhouder_Gasflessen\"},{\"@type\":\"BreadcrumbList\",\"@id\":\"https:\/\/www.alucomfort.be\/product\/muurhouder-voor-gasflessen-o-230-mm\/#breadcrumb\",\"itemListElement\":[{\"@type\":\"ListItem\",\"position\":1,\"name\":\"Home\",\"item\":\"https:\/\/www.alucomfort.be\/fr\/\"},{\"@type\":\"ListItem\",\"position\":2,\"name\":\"Producten\",\"item\":\"https:\/\/www.alucomfort.be\/producten\/\"},{\"@type\":\"ListItem\",\"position\":3,\"name\":\"Fixations murales pour bouteilles de gaz \u00d8 230 mm\"}]},{\"@type\":\"WebSite\",\"@id\":\"https:\/\/www.alucomfort.be\/#website\",\"url\":\"https:\/\/www.alucomfort.be\/\",\"name\":\"Alu Comfort\",\"description\":\"\",\"potentialAction\":[{\"@type\":\"SearchAction\",\"target\":{\"@type\":\"EntryPoint\",\"urlTemplate\":\"https:\/\/www.alucomfort.be\/?s={search_term_string}\"},\"query-input\":{\"@type\":\"PropertyValueSpecification\",\"valueRequired\":true,\"valueName\":\"search_term_string\"}}],\"inLanguage\":\"fr-FR\"}]}<\/script>\n<!-- \/ Yoast SEO plugin. -->","yoast_head_json":{"title":"Support Mural pour Bouteille de Gaz | Alu Comfort | Fixation Murale Fiable","description":"D\u00e9couvrez nos fixations murales professionnelles pour bouteilles de gaz. Fabriqu\u00e9es en acier durable pour une fiabilit\u00e9 maximale. Installation simple. Optez pour la s\u00e9curit\u00e9!","robots":{"index":"index","follow":"follow","max-snippet":"max-snippet:-1","max-image-preview":"max-image-preview:large","max-video-preview":"max-video-preview:-1"},"canonical":"https:\/\/www.alucomfort.be\/product\/muurhouder-voor-gasflessen-o-230-mm\/","og_locale":"fr_FR","og_type":"article","og_title":"Support Mural pour Bouteille de Gaz | Alu Comfort | Fixation Murale Fiable","og_description":"D\u00e9couvrez nos fixations murales professionnelles pour bouteilles de gaz. Fabriqu\u00e9es en acier durable pour une fiabilit\u00e9 maximale. Installation simple. Optez pour la s\u00e9curit\u00e9!","og_url":"https:\/\/www.alucomfort.be\/product\/muurhouder-voor-gasflessen-o-230-mm\/","og_site_name":"Alu Comfort","article_modified_time":"2025-07-14T23:22:52+00:00","og_image":[{"width":1920,"height":1280,"url":"https:\/\/www.alucomfort.be\/wp-content\/uploads\/Muurhouder-Gasflessen-2-1-1.jpg","type":"image\/jpeg"}],"twitter_card":"summary_large_image","schema":{"@context":"https:\/\/schema.org","@graph":[{"@type":"WebPage","@id":"https:\/\/www.alucomfort.be\/product\/muurhouder-voor-gasflessen-o-230-mm\/","url":"https:\/\/www.alucomfort.be\/product\/muurhouder-voor-gasflessen-o-230-mm\/","name":"Support Mural pour Bouteille de Gaz | Alu Comfort | Fixation Murale Fiable","isPartOf":{"@id":"https:\/\/www.alucomfort.be\/#website"},"primaryImageOfPage":{"@id":"https:\/\/www.alucomfort.be\/product\/muurhouder-voor-gasflessen-o-230-mm\/#primaryimage"},"image":{"@id":"https:\/\/www.alucomfort.be\/product\/muurhouder-voor-gasflessen-o-230-mm\/#primaryimage"},"thumbnailUrl":"https:\/\/www.alucomfort.be\/wp-content\/uploads\/Muurhouder-Gasflessen-2-1-1.jpg","datePublished":"2019-10-13T22:30:18+00:00","dateModified":"2025-07-14T23:22:52+00:00","description":"D\u00e9couvrez nos fixations murales professionnelles pour bouteilles de gaz. Fabriqu\u00e9es en acier durable pour une fiabilit\u00e9 maximale. Installation simple. Optez pour la s\u00e9curit\u00e9!","breadcrumb":{"@id":"https:\/\/www.alucomfort.be\/product\/muurhouder-voor-gasflessen-o-230-mm\/#breadcrumb"},"inLanguage":"fr-FR","potentialAction":[{"@type":"ReadAction","target":["https:\/\/www.alucomfort.be\/product\/muurhouder-voor-gasflessen-o-230-mm\/"]}]},{"@type":"ImageObject","inLanguage":"fr-FR","@id":"https:\/\/www.alucomfort.be\/product\/muurhouder-voor-gasflessen-o-230-mm\/#primaryimage","url":"https:\/\/www.alucomfort.be\/wp-content\/uploads\/Muurhouder-Gasflessen-2-1-1.jpg","contentUrl":"https:\/\/www.alucomfort.be\/wp-content\/uploads\/Muurhouder-Gasflessen-2-1-1.jpg","width":1920,"height":1280,"caption":"Muurhouder_Gasflessen"},{"@type":"BreadcrumbList","@id":"https:\/\/www.alucomfort.be\/product\/muurhouder-voor-gasflessen-o-230-mm\/#breadcrumb","itemListElement":[{"@type":"ListItem","position":1,"name":"Home","item":"https:\/\/www.alucomfort.be\/fr\/"},{"@type":"ListItem","position":2,"name":"Producten","item":"https:\/\/www.alucomfort.be\/producten\/"},{"@type":"ListItem","position":3,"name":"Fixations murales pour bouteilles de gaz \u00d8 230 mm"}]},{"@type":"WebSite","@id":"https:\/\/www.alucomfort.be\/#website","url":"https:\/\/www.alucomfort.be\/","name":"Alu Comfort","description":"","potentialAction":[{"@type":"SearchAction","target":{"@type":"EntryPoint","urlTemplate":"https:\/\/www.alucomfort.be\/?s={search_term_string}"},"query-input":{"@type":"PropertyValueSpecification","valueRequired":true,"valueName":"search_term_string"}}],"inLanguage":"fr-FR"}]}},"_links":{"self":[{"href":"https:\/\/www.alucomfort.be\/fr\/wp-json\/wp\/v2\/product\/170858","targetHints":{"allow":["GET"]}}],"collection":[{"href":"https:\/\/www.alucomfort.be\/fr\/wp-json\/wp\/v2\/product"}],"about":[{"href":"https:\/\/www.alucomfort.be\/fr\/wp-json\/wp\/v2\/types\/product"}],"wp:featuredmedia":[{"embeddable":true,"href":"https:\/\/www.alucomfort.be\/fr\/wp-json\/wp\/v2\/media\/203385"}],"wp:attachment":[{"href":"https:\/\/www.alucomfort.be\/fr\/wp-json\/wp\/v2\/media?parent=170858"}],"wp:term":[{"taxonomy":"product_brand","embeddable":true,"href":"https:\/\/www.alucomfort.be\/fr\/wp-json\/wp\/v2\/product_brand?post=170858"},{"taxonomy":"product_cat","embeddable":true,"href":"https:\/\/www.alucomfort.be\/fr\/wp-json\/wp\/v2\/product_cat?post=170858"},{"taxonomy":"product_tag","embeddable":true,"href":"https:\/\/www.alucomfort.be\/fr\/wp-json\/wp\/v2\/product_tag?post=170858"}],"curies":[{"name":"wp","href":"https:\/\/api.w.org\/{rel}","templated":true}]}}