

{"id":171066,"date":"2019-10-14T00:33:33","date_gmt":"2019-10-13T22:33:33","guid":{"rendered":"https:\/\/www.alucomfort.be\/product\/armoire-a-volet-roulant-futs-2-x-200-l\/"},"modified":"2025-07-07T01:00:39","modified_gmt":"2025-07-06T23:00:39","slug":"armoire-a-volet-roulant-futs-2-x-200-l","status":"publish","type":"product","link":"https:\/\/www.alucomfort.be\/fr\/product\/armoire-a-volet-roulant-futs-2-x-200-l\/","title":{"rendered":"Armoire \u00e0 volet roulant (f\u00fbts 2 x 200 l)"},"content":{"rendered":"<p>* Pour un usage int\u00e9rieur ou ext\u00e9rieur, * Construction robuste en t\u00f4le d&rsquo;acier, * Volet roulant en aluminium, * Avec ventilation naturelle, * Fermeture par serrure cylindrique<\/p>\n","protected":false},"excerpt":{"rendered":"<p>Stockage de f\u00fbts \u00e0 60 et 200 l ou\/et petits r\u00e9cipients.<\/p>\n","protected":false},"featured_media":225000,"template":"","meta":{"_acf_changed":false},"product_brand":[],"product_cat":[8984],"product_tag":[],"class_list":{"0":"post-171066","1":"product","2":"type-product","3":"status-publish","4":"has-post-thumbnail","6":"product_cat-armoires-de-surete","8":"first","9":"outofstock","10":"taxable","11":"shipping-taxable","12":"purchasable","13":"product-type-variable"},"acf":[],"yoast_head":"<!-- This site is optimized with the Yoast SEO plugin v24.8.1 - https:\/\/yoast.com\/wordpress\/plugins\/seo\/ -->\n<title>Armoire \u00e0 volet roulant (f\u00fbts 2 x 200 l)<\/title>\n<meta name=\"description\" content=\"Stockage de f\u00fbts \u00e0 60 et 200 l ou\/et petits r\u00e9cipients.\" \/>\n<meta name=\"robots\" content=\"index, follow, max-snippet:-1, max-image-preview:large, max-video-preview:-1\" \/>\n<link rel=\"canonical\" href=\"https:\/\/www.alucomfort.be\/product\/afsluitbare-rolluikkast-voor-opslag-van-max-2-x-200-l-vaten\/\" \/>\n<meta property=\"og:locale\" content=\"fr_FR\" \/>\n<meta property=\"og:type\" content=\"article\" \/>\n<meta property=\"og:title\" content=\"Armoire \u00e0 volet roulant (f\u00fbts 2 x 200 l)\" \/>\n<meta property=\"og:description\" content=\"Stockage de f\u00fbts \u00e0 60 et 200 l ou\/et petits r\u00e9cipients.\" \/>\n<meta property=\"og:url\" content=\"https:\/\/www.alucomfort.be\/product\/afsluitbare-rolluikkast-voor-opslag-van-max-2-x-200-l-vaten\/\" \/>\n<meta property=\"og:site_name\" content=\"Alu Comfort\" \/>\n<meta property=\"article:modified_time\" content=\"2025-07-06T23:00:39+00:00\" \/>\n<meta property=\"og:image\" content=\"https:\/\/www.alucomfort.be\/wp-content\/uploads\/BR-RSG-1.jpg\" \/>\n\t<meta property=\"og:image:width\" content=\"2256\" \/>\n\t<meta property=\"og:image:height\" content=\"2776\" \/>\n\t<meta property=\"og:image:type\" content=\"image\/jpeg\" \/>\n<meta name=\"twitter:card\" content=\"summary_large_image\" \/>\n<script type=\"application\/ld+json\" class=\"yoast-schema-graph\">{\"@context\":\"https:\/\/schema.org\",\"@graph\":[{\"@type\":\"WebPage\",\"@id\":\"https:\/\/www.alucomfort.be\/product\/afsluitbare-rolluikkast-voor-opslag-van-max-2-x-200-l-vaten\/\",\"url\":\"https:\/\/www.alucomfort.be\/product\/afsluitbare-rolluikkast-voor-opslag-van-max-2-x-200-l-vaten\/\",\"name\":\"Armoire \u00e0 volet roulant (f\u00fbts 2 x 200 l)\",\"isPartOf\":{\"@id\":\"https:\/\/www.alucomfort.be\/#website\"},\"primaryImageOfPage\":{\"@id\":\"https:\/\/www.alucomfort.be\/product\/afsluitbare-rolluikkast-voor-opslag-van-max-2-x-200-l-vaten\/#primaryimage\"},\"image\":{\"@id\":\"https:\/\/www.alucomfort.be\/product\/afsluitbare-rolluikkast-voor-opslag-van-max-2-x-200-l-vaten\/#primaryimage\"},\"thumbnailUrl\":\"https:\/\/www.alucomfort.be\/wp-content\/uploads\/Rolluikkast-Opslag-Gevaarlijke-Stoffen-RSG-1.jpg\",\"datePublished\":\"2019-10-13T22:33:33+00:00\",\"dateModified\":\"2025-07-06T23:00:39+00:00\",\"description\":\"Stockage de f\u00fbts \u00e0 60 et 200 l ou\/et petits r\u00e9cipients.\",\"breadcrumb\":{\"@id\":\"https:\/\/www.alucomfort.be\/product\/afsluitbare-rolluikkast-voor-opslag-van-max-2-x-200-l-vaten\/#breadcrumb\"},\"inLanguage\":\"fr-FR\",\"potentialAction\":[{\"@type\":\"ReadAction\",\"target\":[\"https:\/\/www.alucomfort.be\/product\/afsluitbare-rolluikkast-voor-opslag-van-max-2-x-200-l-vaten\/\"]}]},{\"@type\":\"ImageObject\",\"inLanguage\":\"fr-FR\",\"@id\":\"https:\/\/www.alucomfort.be\/product\/afsluitbare-rolluikkast-voor-opslag-van-max-2-x-200-l-vaten\/#primaryimage\",\"url\":\"https:\/\/www.alucomfort.be\/wp-content\/uploads\/Rolluikkast-Opslag-Gevaarlijke-Stoffen-RSG-1.jpg\",\"contentUrl\":\"https:\/\/www.alucomfort.be\/wp-content\/uploads\/Rolluikkast-Opslag-Gevaarlijke-Stoffen-RSG-1.jpg\",\"width\":1920,\"height\":2363,\"caption\":\"Rolluikkast_Opslag_Gevaarlijke_Stoffen\"},{\"@type\":\"BreadcrumbList\",\"@id\":\"https:\/\/www.alucomfort.be\/product\/afsluitbare-rolluikkast-voor-opslag-van-max-2-x-200-l-vaten\/#breadcrumb\",\"itemListElement\":[{\"@type\":\"ListItem\",\"position\":1,\"name\":\"Home\",\"item\":\"https:\/\/www.alucomfort.be\/fr\/\"},{\"@type\":\"ListItem\",\"position\":2,\"name\":\"Producten\",\"item\":\"https:\/\/www.alucomfort.be\/producten\/\"},{\"@type\":\"ListItem\",\"position\":3,\"name\":\"Armoire \u00e0 volet roulant (f\u00fbts 2 x 200 l)\"}]},{\"@type\":\"WebSite\",\"@id\":\"https:\/\/www.alucomfort.be\/#website\",\"url\":\"https:\/\/www.alucomfort.be\/\",\"name\":\"Alu Comfort\",\"description\":\"\",\"potentialAction\":[{\"@type\":\"SearchAction\",\"target\":{\"@type\":\"EntryPoint\",\"urlTemplate\":\"https:\/\/www.alucomfort.be\/?s={search_term_string}\"},\"query-input\":{\"@type\":\"PropertyValueSpecification\",\"valueRequired\":true,\"valueName\":\"search_term_string\"}}],\"inLanguage\":\"fr-FR\"}]}<\/script>\n<!-- \/ Yoast SEO plugin. -->","yoast_head_json":{"title":"Armoire \u00e0 volet roulant (f\u00fbts 2 x 200 l)","description":"Stockage de f\u00fbts \u00e0 60 et 200 l ou\/et petits r\u00e9cipients.","robots":{"index":"index","follow":"follow","max-snippet":"max-snippet:-1","max-image-preview":"max-image-preview:large","max-video-preview":"max-video-preview:-1"},"canonical":"https:\/\/www.alucomfort.be\/product\/afsluitbare-rolluikkast-voor-opslag-van-max-2-x-200-l-vaten\/","og_locale":"fr_FR","og_type":"article","og_title":"Armoire \u00e0 volet roulant (f\u00fbts 2 x 200 l)","og_description":"Stockage de f\u00fbts \u00e0 60 et 200 l ou\/et petits r\u00e9cipients.","og_url":"https:\/\/www.alucomfort.be\/product\/afsluitbare-rolluikkast-voor-opslag-van-max-2-x-200-l-vaten\/","og_site_name":"Alu Comfort","article_modified_time":"2025-07-06T23:00:39+00:00","og_image":[{"width":2256,"height":2776,"url":"https:\/\/www.alucomfort.be\/wp-content\/uploads\/BR-RSG-1.jpg","type":"image\/jpeg"}],"twitter_card":"summary_large_image","schema":{"@context":"https:\/\/schema.org","@graph":[{"@type":"WebPage","@id":"https:\/\/www.alucomfort.be\/product\/afsluitbare-rolluikkast-voor-opslag-van-max-2-x-200-l-vaten\/","url":"https:\/\/www.alucomfort.be\/product\/afsluitbare-rolluikkast-voor-opslag-van-max-2-x-200-l-vaten\/","name":"Armoire \u00e0 volet roulant (f\u00fbts 2 x 200 l)","isPartOf":{"@id":"https:\/\/www.alucomfort.be\/#website"},"primaryImageOfPage":{"@id":"https:\/\/www.alucomfort.be\/product\/afsluitbare-rolluikkast-voor-opslag-van-max-2-x-200-l-vaten\/#primaryimage"},"image":{"@id":"https:\/\/www.alucomfort.be\/product\/afsluitbare-rolluikkast-voor-opslag-van-max-2-x-200-l-vaten\/#primaryimage"},"thumbnailUrl":"https:\/\/www.alucomfort.be\/wp-content\/uploads\/Rolluikkast-Opslag-Gevaarlijke-Stoffen-RSG-1.jpg","datePublished":"2019-10-13T22:33:33+00:00","dateModified":"2025-07-06T23:00:39+00:00","description":"Stockage de f\u00fbts \u00e0 60 et 200 l ou\/et petits r\u00e9cipients.","breadcrumb":{"@id":"https:\/\/www.alucomfort.be\/product\/afsluitbare-rolluikkast-voor-opslag-van-max-2-x-200-l-vaten\/#breadcrumb"},"inLanguage":"fr-FR","potentialAction":[{"@type":"ReadAction","target":["https:\/\/www.alucomfort.be\/product\/afsluitbare-rolluikkast-voor-opslag-van-max-2-x-200-l-vaten\/"]}]},{"@type":"ImageObject","inLanguage":"fr-FR","@id":"https:\/\/www.alucomfort.be\/product\/afsluitbare-rolluikkast-voor-opslag-van-max-2-x-200-l-vaten\/#primaryimage","url":"https:\/\/www.alucomfort.be\/wp-content\/uploads\/Rolluikkast-Opslag-Gevaarlijke-Stoffen-RSG-1.jpg","contentUrl":"https:\/\/www.alucomfort.be\/wp-content\/uploads\/Rolluikkast-Opslag-Gevaarlijke-Stoffen-RSG-1.jpg","width":1920,"height":2363,"caption":"Rolluikkast_Opslag_Gevaarlijke_Stoffen"},{"@type":"BreadcrumbList","@id":"https:\/\/www.alucomfort.be\/product\/afsluitbare-rolluikkast-voor-opslag-van-max-2-x-200-l-vaten\/#breadcrumb","itemListElement":[{"@type":"ListItem","position":1,"name":"Home","item":"https:\/\/www.alucomfort.be\/fr\/"},{"@type":"ListItem","position":2,"name":"Producten","item":"https:\/\/www.alucomfort.be\/producten\/"},{"@type":"ListItem","position":3,"name":"Armoire \u00e0 volet roulant (f\u00fbts 2 x 200 l)"}]},{"@type":"WebSite","@id":"https:\/\/www.alucomfort.be\/#website","url":"https:\/\/www.alucomfort.be\/","name":"Alu Comfort","description":"","potentialAction":[{"@type":"SearchAction","target":{"@type":"EntryPoint","urlTemplate":"https:\/\/www.alucomfort.be\/?s={search_term_string}"},"query-input":{"@type":"PropertyValueSpecification","valueRequired":true,"valueName":"search_term_string"}}],"inLanguage":"fr-FR"}]}},"_links":{"self":[{"href":"https:\/\/www.alucomfort.be\/fr\/wp-json\/wp\/v2\/product\/171066","targetHints":{"allow":["GET"]}}],"collection":[{"href":"https:\/\/www.alucomfort.be\/fr\/wp-json\/wp\/v2\/product"}],"about":[{"href":"https:\/\/www.alucomfort.be\/fr\/wp-json\/wp\/v2\/types\/product"}],"wp:featuredmedia":[{"embeddable":true,"href":"https:\/\/www.alucomfort.be\/fr\/wp-json\/wp\/v2\/media\/225000"}],"wp:attachment":[{"href":"https:\/\/www.alucomfort.be\/fr\/wp-json\/wp\/v2\/media?parent=171066"}],"wp:term":[{"taxonomy":"product_brand","embeddable":true,"href":"https:\/\/www.alucomfort.be\/fr\/wp-json\/wp\/v2\/product_brand?post=171066"},{"taxonomy":"product_cat","embeddable":true,"href":"https:\/\/www.alucomfort.be\/fr\/wp-json\/wp\/v2\/product_cat?post=171066"},{"taxonomy":"product_tag","embeddable":true,"href":"https:\/\/www.alucomfort.be\/fr\/wp-json\/wp\/v2\/product_tag?post=171066"}],"curies":[{"name":"wp","href":"https:\/\/api.w.org\/{rel}","templated":true}]}}