

{"id":171142,"date":"2019-10-14T00:34:37","date_gmt":"2019-10-13T22:34:37","guid":{"rendered":"https:\/\/www.alucomfort.be\/product\/armoire-a-volet-roulant-4-bacs-de-retention-pour-petits-recipients\/"},"modified":"2025-07-07T01:01:25","modified_gmt":"2025-07-06T23:01:25","slug":"armoire-a-volet-roulant-4-bacs-de-retention-pour-petits-recipients","status":"publish","type":"product","link":"https:\/\/www.alucomfort.be\/fr\/product\/armoire-a-volet-roulant-4-bacs-de-retention-pour-petits-recipients\/","title":{"rendered":"Armoire \u00e0 volet roulant &#8211; 4 bacs de r\u00e9tention pour petits r\u00e9cipients"},"content":{"rendered":"<p>* Pour un usage int\u00e9rieur ou ext\u00e9rieur, * Construction robuste en t\u00f4le d&rsquo;acier, * Volet roulant en aluminium, * Avec ventilation naturelle, * Fermeture par serrure cylindrique<\/p>\n","protected":false},"excerpt":{"rendered":"<p>Stockage au 4 bacs de r\u00e9tention &#8211; pour le stockage de petits r\u00e9cipients.<\/p>\n","protected":false},"featured_media":224992,"template":"","meta":{"_acf_changed":false},"product_brand":[],"product_cat":[8984],"product_tag":[],"class_list":{"0":"post-171142","1":"product","2":"type-product","3":"status-publish","4":"has-post-thumbnail","6":"product_cat-armoires-de-surete","8":"first","9":"outofstock","10":"taxable","11":"shipping-taxable","12":"purchasable","13":"product-type-variable"},"acf":[],"yoast_head":"<!-- This site is optimized with the Yoast SEO plugin v24.8.1 - https:\/\/yoast.com\/wordpress\/plugins\/seo\/ -->\n<title>Armoire de S\u00e9curit\u00e9 avec R\u00e9tention | Alu Comfort | Stockage Chimique<\/title>\n<meta name=\"description\" content=\"Trouvez la solution de stockage pour vos produits dangereux. Choisissez entre un box m\u00e9tallique verrouillable ou une armoire de s\u00e9curit\u00e9 conforme avec r\u00e9tention.\" \/>\n<meta name=\"robots\" content=\"index, follow, max-snippet:-1, max-image-preview:large, max-video-preview:-1\" \/>\n<link rel=\"canonical\" href=\"https:\/\/www.alucomfort.be\/product\/afsluitbare-rolluikkast-met-4-opvangbakken-voor-kleine-blikken\/\" \/>\n<meta property=\"og:locale\" content=\"fr_FR\" \/>\n<meta property=\"og:type\" content=\"article\" \/>\n<meta property=\"og:title\" content=\"Armoire de S\u00e9curit\u00e9 avec R\u00e9tention | Alu Comfort | Stockage Chimique\" \/>\n<meta property=\"og:description\" content=\"Trouvez la solution de stockage pour vos produits dangereux. Choisissez entre un box m\u00e9tallique verrouillable ou une armoire de s\u00e9curit\u00e9 conforme avec r\u00e9tention.\" \/>\n<meta property=\"og:url\" content=\"https:\/\/www.alucomfort.be\/product\/afsluitbare-rolluikkast-met-4-opvangbakken-voor-kleine-blikken\/\" \/>\n<meta property=\"og:site_name\" content=\"Alu Comfort\" \/>\n<meta property=\"article:modified_time\" content=\"2025-07-06T23:01:25+00:00\" \/>\n<meta property=\"og:image\" content=\"https:\/\/www.alucomfort.be\/wp-content\/uploads\/Armoire-pour-produits-chimiques-RSG-4.jpg\" \/>\n\t<meta property=\"og:image:width\" content=\"1920\" \/>\n\t<meta property=\"og:image:height\" content=\"2191\" \/>\n\t<meta property=\"og:image:type\" content=\"image\/jpeg\" \/>\n<meta name=\"twitter:card\" content=\"summary_large_image\" \/>\n<script type=\"application\/ld+json\" class=\"yoast-schema-graph\">{\"@context\":\"https:\/\/schema.org\",\"@graph\":[{\"@type\":\"WebPage\",\"@id\":\"https:\/\/www.alucomfort.be\/product\/afsluitbare-rolluikkast-met-4-opvangbakken-voor-kleine-blikken\/\",\"url\":\"https:\/\/www.alucomfort.be\/product\/afsluitbare-rolluikkast-met-4-opvangbakken-voor-kleine-blikken\/\",\"name\":\"Armoire de S\u00e9curit\u00e9 avec R\u00e9tention | Alu Comfort | Stockage Chimique\",\"isPartOf\":{\"@id\":\"https:\/\/www.alucomfort.be\/#website\"},\"primaryImageOfPage\":{\"@id\":\"https:\/\/www.alucomfort.be\/product\/afsluitbare-rolluikkast-met-4-opvangbakken-voor-kleine-blikken\/#primaryimage\"},\"image\":{\"@id\":\"https:\/\/www.alucomfort.be\/product\/afsluitbare-rolluikkast-met-4-opvangbakken-voor-kleine-blikken\/#primaryimage\"},\"thumbnailUrl\":\"https:\/\/www.alucomfort.be\/wp-content\/uploads\/Armoire-pour-produits-chimiques-RSG-4.jpg\",\"datePublished\":\"2019-10-13T22:34:37+00:00\",\"dateModified\":\"2025-07-06T23:01:25+00:00\",\"description\":\"Trouvez la solution de stockage pour vos produits dangereux. Choisissez entre un box m\u00e9tallique verrouillable ou une armoire de s\u00e9curit\u00e9 conforme avec r\u00e9tention.\",\"breadcrumb\":{\"@id\":\"https:\/\/www.alucomfort.be\/product\/afsluitbare-rolluikkast-met-4-opvangbakken-voor-kleine-blikken\/#breadcrumb\"},\"inLanguage\":\"fr-FR\",\"potentialAction\":[{\"@type\":\"ReadAction\",\"target\":[\"https:\/\/www.alucomfort.be\/product\/afsluitbare-rolluikkast-met-4-opvangbakken-voor-kleine-blikken\/\"]}]},{\"@type\":\"ImageObject\",\"inLanguage\":\"fr-FR\",\"@id\":\"https:\/\/www.alucomfort.be\/product\/afsluitbare-rolluikkast-met-4-opvangbakken-voor-kleine-blikken\/#primaryimage\",\"url\":\"https:\/\/www.alucomfort.be\/wp-content\/uploads\/Armoire-pour-produits-chimiques-RSG-4.jpg\",\"contentUrl\":\"https:\/\/www.alucomfort.be\/wp-content\/uploads\/Armoire-pour-produits-chimiques-RSG-4.jpg\",\"width\":1920,\"height\":2191,\"caption\":\"Armoire pour produits chimiques\"},{\"@type\":\"BreadcrumbList\",\"@id\":\"https:\/\/www.alucomfort.be\/product\/afsluitbare-rolluikkast-met-4-opvangbakken-voor-kleine-blikken\/#breadcrumb\",\"itemListElement\":[{\"@type\":\"ListItem\",\"position\":1,\"name\":\"Home\",\"item\":\"https:\/\/www.alucomfort.be\/fr\/\"},{\"@type\":\"ListItem\",\"position\":2,\"name\":\"Producten\",\"item\":\"https:\/\/www.alucomfort.be\/producten\/\"},{\"@type\":\"ListItem\",\"position\":3,\"name\":\"Armoire \u00e0 volet roulant &#8211; 4 bacs de r\u00e9tention pour petits r\u00e9cipients\"}]},{\"@type\":\"WebSite\",\"@id\":\"https:\/\/www.alucomfort.be\/#website\",\"url\":\"https:\/\/www.alucomfort.be\/\",\"name\":\"Alu Comfort\",\"description\":\"\",\"potentialAction\":[{\"@type\":\"SearchAction\",\"target\":{\"@type\":\"EntryPoint\",\"urlTemplate\":\"https:\/\/www.alucomfort.be\/?s={search_term_string}\"},\"query-input\":{\"@type\":\"PropertyValueSpecification\",\"valueRequired\":true,\"valueName\":\"search_term_string\"}}],\"inLanguage\":\"fr-FR\"}]}<\/script>\n<!-- \/ Yoast SEO plugin. -->","yoast_head_json":{"title":"Armoire de S\u00e9curit\u00e9 avec R\u00e9tention | Alu Comfort | Stockage Chimique","description":"Trouvez la solution de stockage pour vos produits dangereux. Choisissez entre un box m\u00e9tallique verrouillable ou une armoire de s\u00e9curit\u00e9 conforme avec r\u00e9tention.","robots":{"index":"index","follow":"follow","max-snippet":"max-snippet:-1","max-image-preview":"max-image-preview:large","max-video-preview":"max-video-preview:-1"},"canonical":"https:\/\/www.alucomfort.be\/product\/afsluitbare-rolluikkast-met-4-opvangbakken-voor-kleine-blikken\/","og_locale":"fr_FR","og_type":"article","og_title":"Armoire de S\u00e9curit\u00e9 avec R\u00e9tention | Alu Comfort | Stockage Chimique","og_description":"Trouvez la solution de stockage pour vos produits dangereux. Choisissez entre un box m\u00e9tallique verrouillable ou une armoire de s\u00e9curit\u00e9 conforme avec r\u00e9tention.","og_url":"https:\/\/www.alucomfort.be\/product\/afsluitbare-rolluikkast-met-4-opvangbakken-voor-kleine-blikken\/","og_site_name":"Alu Comfort","article_modified_time":"2025-07-06T23:01:25+00:00","og_image":[{"width":1920,"height":2191,"url":"https:\/\/www.alucomfort.be\/wp-content\/uploads\/Armoire-pour-produits-chimiques-RSG-4.jpg","type":"image\/jpeg"}],"twitter_card":"summary_large_image","schema":{"@context":"https:\/\/schema.org","@graph":[{"@type":"WebPage","@id":"https:\/\/www.alucomfort.be\/product\/afsluitbare-rolluikkast-met-4-opvangbakken-voor-kleine-blikken\/","url":"https:\/\/www.alucomfort.be\/product\/afsluitbare-rolluikkast-met-4-opvangbakken-voor-kleine-blikken\/","name":"Armoire de S\u00e9curit\u00e9 avec R\u00e9tention | Alu Comfort | Stockage Chimique","isPartOf":{"@id":"https:\/\/www.alucomfort.be\/#website"},"primaryImageOfPage":{"@id":"https:\/\/www.alucomfort.be\/product\/afsluitbare-rolluikkast-met-4-opvangbakken-voor-kleine-blikken\/#primaryimage"},"image":{"@id":"https:\/\/www.alucomfort.be\/product\/afsluitbare-rolluikkast-met-4-opvangbakken-voor-kleine-blikken\/#primaryimage"},"thumbnailUrl":"https:\/\/www.alucomfort.be\/wp-content\/uploads\/Armoire-pour-produits-chimiques-RSG-4.jpg","datePublished":"2019-10-13T22:34:37+00:00","dateModified":"2025-07-06T23:01:25+00:00","description":"Trouvez la solution de stockage pour vos produits dangereux. Choisissez entre un box m\u00e9tallique verrouillable ou une armoire de s\u00e9curit\u00e9 conforme avec r\u00e9tention.","breadcrumb":{"@id":"https:\/\/www.alucomfort.be\/product\/afsluitbare-rolluikkast-met-4-opvangbakken-voor-kleine-blikken\/#breadcrumb"},"inLanguage":"fr-FR","potentialAction":[{"@type":"ReadAction","target":["https:\/\/www.alucomfort.be\/product\/afsluitbare-rolluikkast-met-4-opvangbakken-voor-kleine-blikken\/"]}]},{"@type":"ImageObject","inLanguage":"fr-FR","@id":"https:\/\/www.alucomfort.be\/product\/afsluitbare-rolluikkast-met-4-opvangbakken-voor-kleine-blikken\/#primaryimage","url":"https:\/\/www.alucomfort.be\/wp-content\/uploads\/Armoire-pour-produits-chimiques-RSG-4.jpg","contentUrl":"https:\/\/www.alucomfort.be\/wp-content\/uploads\/Armoire-pour-produits-chimiques-RSG-4.jpg","width":1920,"height":2191,"caption":"Armoire pour produits chimiques"},{"@type":"BreadcrumbList","@id":"https:\/\/www.alucomfort.be\/product\/afsluitbare-rolluikkast-met-4-opvangbakken-voor-kleine-blikken\/#breadcrumb","itemListElement":[{"@type":"ListItem","position":1,"name":"Home","item":"https:\/\/www.alucomfort.be\/fr\/"},{"@type":"ListItem","position":2,"name":"Producten","item":"https:\/\/www.alucomfort.be\/producten\/"},{"@type":"ListItem","position":3,"name":"Armoire \u00e0 volet roulant &#8211; 4 bacs de r\u00e9tention pour petits r\u00e9cipients"}]},{"@type":"WebSite","@id":"https:\/\/www.alucomfort.be\/#website","url":"https:\/\/www.alucomfort.be\/","name":"Alu Comfort","description":"","potentialAction":[{"@type":"SearchAction","target":{"@type":"EntryPoint","urlTemplate":"https:\/\/www.alucomfort.be\/?s={search_term_string}"},"query-input":{"@type":"PropertyValueSpecification","valueRequired":true,"valueName":"search_term_string"}}],"inLanguage":"fr-FR"}]}},"_links":{"self":[{"href":"https:\/\/www.alucomfort.be\/fr\/wp-json\/wp\/v2\/product\/171142","targetHints":{"allow":["GET"]}}],"collection":[{"href":"https:\/\/www.alucomfort.be\/fr\/wp-json\/wp\/v2\/product"}],"about":[{"href":"https:\/\/www.alucomfort.be\/fr\/wp-json\/wp\/v2\/types\/product"}],"wp:featuredmedia":[{"embeddable":true,"href":"https:\/\/www.alucomfort.be\/fr\/wp-json\/wp\/v2\/media\/224992"}],"wp:attachment":[{"href":"https:\/\/www.alucomfort.be\/fr\/wp-json\/wp\/v2\/media?parent=171142"}],"wp:term":[{"taxonomy":"product_brand","embeddable":true,"href":"https:\/\/www.alucomfort.be\/fr\/wp-json\/wp\/v2\/product_brand?post=171142"},{"taxonomy":"product_cat","embeddable":true,"href":"https:\/\/www.alucomfort.be\/fr\/wp-json\/wp\/v2\/product_cat?post=171142"},{"taxonomy":"product_tag","embeddable":true,"href":"https:\/\/www.alucomfort.be\/fr\/wp-json\/wp\/v2\/product_tag?post=171142"}],"curies":[{"name":"wp","href":"https:\/\/api.w.org\/{rel}","templated":true}]}}