

{"id":171168,"date":"2019-10-14T00:35:03","date_gmt":"2019-10-13T22:35:03","guid":{"rendered":"https:\/\/www.alucomfort.be\/product\/plateformes-de-retention\/"},"modified":"2025-06-13T10:11:21","modified_gmt":"2025-06-13T08:11:21","slug":"plateformes-de-retention","status":"publish","type":"product","link":"https:\/\/www.alucomfort.be\/fr\/product\/plateformes-de-retention\/","title":{"rendered":"Plateformes de r\u00e9tention"},"content":{"rendered":"<p>* Veuillez prendre contacte avec nous pour un devis, * Hauteur de 123 mm ou 78 mm au choix avec des caillebotis galvanis\u00e9es, * Charge adm: 5000 kg\/m\u00b2, * Charge par roue: 500 kg, * Adapt\u00e9 au passage de chariots \u00e9l\u00e9vateurs et transpalettes.<\/p>\n","protected":false},"excerpt":{"rendered":"<p>Plateformes carrossables pratiques pour le stockage et le remplissage.<\/p>\n","protected":false},"featured_media":224345,"template":"","meta":{"_acf_changed":false},"product_brand":[],"product_cat":[2346],"product_tag":[],"class_list":{"0":"post-171168","1":"product","2":"type-product","3":"status-publish","4":"has-post-thumbnail","6":"product_cat-plate-formes-de-retention-pour-le-stockage-et-remplissage","8":"first","9":"instock","10":"taxable","11":"shipping-taxable","12":"purchasable","13":"product-type-simple"},"acf":[],"yoast_head":"<!-- This site is optimized with the Yoast SEO plugin v24.8.1 - https:\/\/yoast.com\/wordpress\/plugins\/seo\/ -->\n<title>Plateformes de r\u00e9tention | Alu Comfort |<\/title>\n<meta name=\"description\" content=\"Bacs de R\u00e9tention Carrossables pour le Stockage S\u00e9curis\u00e9 de Liquides Dangereux. Alu Comfort : Votre Partenaire pour un Stockage et un Vidange Respectueux de l&#039;Environnement.\" \/>\n<meta name=\"robots\" content=\"index, follow, max-snippet:-1, max-image-preview:large, max-video-preview:-1\" \/>\n<link rel=\"canonical\" href=\"https:\/\/www.alucomfort.be\/product\/bodembeschermbakken\/\" \/>\n<meta property=\"og:locale\" content=\"fr_FR\" \/>\n<meta property=\"og:type\" content=\"article\" \/>\n<meta property=\"og:title\" content=\"Plateformes de r\u00e9tention | Alu Comfort |\" \/>\n<meta property=\"og:description\" content=\"Bacs de R\u00e9tention Carrossables pour le Stockage S\u00e9curis\u00e9 de Liquides Dangereux. Alu Comfort : Votre Partenaire pour un Stockage et un Vidange Respectueux de l&#039;Environnement.\" \/>\n<meta property=\"og:url\" content=\"https:\/\/www.alucomfort.be\/product\/bodembeschermbakken\/\" \/>\n<meta property=\"og:site_name\" content=\"Alu Comfort\" \/>\n<meta property=\"article:modified_time\" content=\"2025-06-13T08:11:21+00:00\" \/>\n<meta property=\"og:image\" content=\"https:\/\/www.alucomfort.be\/wp-content\/uploads\/Bodembeschermbak-Plateforme-de-Retention.jpg\" \/>\n\t<meta property=\"og:image:width\" content=\"1920\" \/>\n\t<meta property=\"og:image:height\" content=\"1440\" \/>\n\t<meta property=\"og:image:type\" content=\"image\/jpeg\" \/>\n<meta name=\"twitter:card\" content=\"summary_large_image\" \/>\n<script type=\"application\/ld+json\" class=\"yoast-schema-graph\">{\"@context\":\"https:\/\/schema.org\",\"@graph\":[{\"@type\":\"WebPage\",\"@id\":\"https:\/\/www.alucomfort.be\/product\/bodembeschermbakken\/\",\"url\":\"https:\/\/www.alucomfort.be\/product\/bodembeschermbakken\/\",\"name\":\"Plateformes de r\u00e9tention | Alu Comfort |\",\"isPartOf\":{\"@id\":\"https:\/\/www.alucomfort.be\/#website\"},\"primaryImageOfPage\":{\"@id\":\"https:\/\/www.alucomfort.be\/product\/bodembeschermbakken\/#primaryimage\"},\"image\":{\"@id\":\"https:\/\/www.alucomfort.be\/product\/bodembeschermbakken\/#primaryimage\"},\"thumbnailUrl\":\"https:\/\/www.alucomfort.be\/wp-content\/uploads\/Bodembeschermbak-Plateforme-de-Retention.jpg\",\"datePublished\":\"2019-10-13T22:35:03+00:00\",\"dateModified\":\"2025-06-13T08:11:21+00:00\",\"description\":\"Bacs de R\u00e9tention Carrossables pour le Stockage S\u00e9curis\u00e9 de Liquides Dangereux. Alu Comfort : Votre Partenaire pour un Stockage et un Vidange Respectueux de l'Environnement.\",\"breadcrumb\":{\"@id\":\"https:\/\/www.alucomfort.be\/product\/bodembeschermbakken\/#breadcrumb\"},\"inLanguage\":\"fr-FR\",\"potentialAction\":[{\"@type\":\"ReadAction\",\"target\":[\"https:\/\/www.alucomfort.be\/product\/bodembeschermbakken\/\"]}]},{\"@type\":\"ImageObject\",\"inLanguage\":\"fr-FR\",\"@id\":\"https:\/\/www.alucomfort.be\/product\/bodembeschermbakken\/#primaryimage\",\"url\":\"https:\/\/www.alucomfort.be\/wp-content\/uploads\/Bodembeschermbak-Plateforme-de-Retention.jpg\",\"contentUrl\":\"https:\/\/www.alucomfort.be\/wp-content\/uploads\/Bodembeschermbak-Plateforme-de-Retention.jpg\",\"width\":1920,\"height\":1440,\"caption\":\"Bodembeschermbak_Plateforme_de_R\u00e9tention\"},{\"@type\":\"BreadcrumbList\",\"@id\":\"https:\/\/www.alucomfort.be\/product\/bodembeschermbakken\/#breadcrumb\",\"itemListElement\":[{\"@type\":\"ListItem\",\"position\":1,\"name\":\"Home\",\"item\":\"https:\/\/www.alucomfort.be\/fr\/\"},{\"@type\":\"ListItem\",\"position\":2,\"name\":\"Producten\",\"item\":\"https:\/\/www.alucomfort.be\/producten\/\"},{\"@type\":\"ListItem\",\"position\":3,\"name\":\"Plateformes de r\u00e9tention\"}]},{\"@type\":\"WebSite\",\"@id\":\"https:\/\/www.alucomfort.be\/#website\",\"url\":\"https:\/\/www.alucomfort.be\/\",\"name\":\"Alu Comfort\",\"description\":\"\",\"potentialAction\":[{\"@type\":\"SearchAction\",\"target\":{\"@type\":\"EntryPoint\",\"urlTemplate\":\"https:\/\/www.alucomfort.be\/?s={search_term_string}\"},\"query-input\":{\"@type\":\"PropertyValueSpecification\",\"valueRequired\":true,\"valueName\":\"search_term_string\"}}],\"inLanguage\":\"fr-FR\"}]}<\/script>\n<!-- \/ Yoast SEO plugin. -->","yoast_head_json":{"title":"Plateformes de r\u00e9tention | Alu Comfort |","description":"Bacs de R\u00e9tention Carrossables pour le Stockage S\u00e9curis\u00e9 de Liquides Dangereux. Alu Comfort : Votre Partenaire pour un Stockage et un Vidange Respectueux de l'Environnement.","robots":{"index":"index","follow":"follow","max-snippet":"max-snippet:-1","max-image-preview":"max-image-preview:large","max-video-preview":"max-video-preview:-1"},"canonical":"https:\/\/www.alucomfort.be\/product\/bodembeschermbakken\/","og_locale":"fr_FR","og_type":"article","og_title":"Plateformes de r\u00e9tention | Alu Comfort |","og_description":"Bacs de R\u00e9tention Carrossables pour le Stockage S\u00e9curis\u00e9 de Liquides Dangereux. Alu Comfort : Votre Partenaire pour un Stockage et un Vidange Respectueux de l'Environnement.","og_url":"https:\/\/www.alucomfort.be\/product\/bodembeschermbakken\/","og_site_name":"Alu Comfort","article_modified_time":"2025-06-13T08:11:21+00:00","og_image":[{"width":1920,"height":1440,"url":"https:\/\/www.alucomfort.be\/wp-content\/uploads\/Bodembeschermbak-Plateforme-de-Retention.jpg","type":"image\/jpeg"}],"twitter_card":"summary_large_image","schema":{"@context":"https:\/\/schema.org","@graph":[{"@type":"WebPage","@id":"https:\/\/www.alucomfort.be\/product\/bodembeschermbakken\/","url":"https:\/\/www.alucomfort.be\/product\/bodembeschermbakken\/","name":"Plateformes de r\u00e9tention | Alu Comfort |","isPartOf":{"@id":"https:\/\/www.alucomfort.be\/#website"},"primaryImageOfPage":{"@id":"https:\/\/www.alucomfort.be\/product\/bodembeschermbakken\/#primaryimage"},"image":{"@id":"https:\/\/www.alucomfort.be\/product\/bodembeschermbakken\/#primaryimage"},"thumbnailUrl":"https:\/\/www.alucomfort.be\/wp-content\/uploads\/Bodembeschermbak-Plateforme-de-Retention.jpg","datePublished":"2019-10-13T22:35:03+00:00","dateModified":"2025-06-13T08:11:21+00:00","description":"Bacs de R\u00e9tention Carrossables pour le Stockage S\u00e9curis\u00e9 de Liquides Dangereux. Alu Comfort : Votre Partenaire pour un Stockage et un Vidange Respectueux de l'Environnement.","breadcrumb":{"@id":"https:\/\/www.alucomfort.be\/product\/bodembeschermbakken\/#breadcrumb"},"inLanguage":"fr-FR","potentialAction":[{"@type":"ReadAction","target":["https:\/\/www.alucomfort.be\/product\/bodembeschermbakken\/"]}]},{"@type":"ImageObject","inLanguage":"fr-FR","@id":"https:\/\/www.alucomfort.be\/product\/bodembeschermbakken\/#primaryimage","url":"https:\/\/www.alucomfort.be\/wp-content\/uploads\/Bodembeschermbak-Plateforme-de-Retention.jpg","contentUrl":"https:\/\/www.alucomfort.be\/wp-content\/uploads\/Bodembeschermbak-Plateforme-de-Retention.jpg","width":1920,"height":1440,"caption":"Bodembeschermbak_Plateforme_de_R\u00e9tention"},{"@type":"BreadcrumbList","@id":"https:\/\/www.alucomfort.be\/product\/bodembeschermbakken\/#breadcrumb","itemListElement":[{"@type":"ListItem","position":1,"name":"Home","item":"https:\/\/www.alucomfort.be\/fr\/"},{"@type":"ListItem","position":2,"name":"Producten","item":"https:\/\/www.alucomfort.be\/producten\/"},{"@type":"ListItem","position":3,"name":"Plateformes de r\u00e9tention"}]},{"@type":"WebSite","@id":"https:\/\/www.alucomfort.be\/#website","url":"https:\/\/www.alucomfort.be\/","name":"Alu Comfort","description":"","potentialAction":[{"@type":"SearchAction","target":{"@type":"EntryPoint","urlTemplate":"https:\/\/www.alucomfort.be\/?s={search_term_string}"},"query-input":{"@type":"PropertyValueSpecification","valueRequired":true,"valueName":"search_term_string"}}],"inLanguage":"fr-FR"}]}},"_links":{"self":[{"href":"https:\/\/www.alucomfort.be\/fr\/wp-json\/wp\/v2\/product\/171168","targetHints":{"allow":["GET"]}}],"collection":[{"href":"https:\/\/www.alucomfort.be\/fr\/wp-json\/wp\/v2\/product"}],"about":[{"href":"https:\/\/www.alucomfort.be\/fr\/wp-json\/wp\/v2\/types\/product"}],"wp:featuredmedia":[{"embeddable":true,"href":"https:\/\/www.alucomfort.be\/fr\/wp-json\/wp\/v2\/media\/224345"}],"wp:attachment":[{"href":"https:\/\/www.alucomfort.be\/fr\/wp-json\/wp\/v2\/media?parent=171168"}],"wp:term":[{"taxonomy":"product_brand","embeddable":true,"href":"https:\/\/www.alucomfort.be\/fr\/wp-json\/wp\/v2\/product_brand?post=171168"},{"taxonomy":"product_cat","embeddable":true,"href":"https:\/\/www.alucomfort.be\/fr\/wp-json\/wp\/v2\/product_cat?post=171168"},{"taxonomy":"product_tag","embeddable":true,"href":"https:\/\/www.alucomfort.be\/fr\/wp-json\/wp\/v2\/product_tag?post=171168"}],"curies":[{"name":"wp","href":"https:\/\/api.w.org\/{rel}","templated":true}]}}