

{"id":171540,"date":"2019-10-14T00:41:25","date_gmt":"2019-10-13T22:41:25","guid":{"rendered":"https:\/\/www.alucomfort.be\/product\/miroir-coupole-90\/"},"modified":"2023-09-26T22:36:32","modified_gmt":"2023-09-26T20:36:32","slug":"miroir-coupole-90","status":"publish","type":"product","link":"https:\/\/www.alucomfort.be\/fr\/product\/miroir-coupole-90\/","title":{"rendered":"Miroir coupole 90\u00b0"},"content":{"rendered":"<p>* Les miroirs coupoles donnent une bonne vision globale, * Utilisation int\u00e9rieure, * Reinforcement de la s\u00e9curit\u00e9 interne r\u00e9duisant les accidents du travail, * Mat\u00e9riel acrylic, * Miroirs 90\u00b0 et 180\u00b0: fixaction murale, plafond ou coin.<\/p>\n","protected":false},"excerpt":{"rendered":"<p>Miroir coupole<\/p>\n","protected":false},"featured_media":203379,"template":"","meta":{"_acf_changed":false},"product_brand":[],"product_cat":[1972],"product_tag":[],"class_list":{"0":"post-171540","1":"product","2":"type-product","3":"status-publish","4":"has-post-thumbnail","6":"product_cat-miroirs","8":"first","9":"outofstock","10":"taxable","11":"shipping-taxable","12":"purchasable","13":"product-type-variable"},"acf":[],"yoast_head":"<!-- This site is optimized with the Yoast SEO plugin v24.8.1 - https:\/\/yoast.com\/wordpress\/plugins\/seo\/ -->\n<title>Miroir coupole 90\u00b0<\/title>\n<meta name=\"description\" content=\"Les miroirs coupoles donnent une bonne vision globale\" \/>\n<meta name=\"robots\" content=\"index, follow, max-snippet:-1, max-image-preview:large, max-video-preview:-1\" \/>\n<link rel=\"canonical\" href=\"https:\/\/www.alucomfort.be\/fr\/product\/miroir-coupole-90\/\" \/>\n<meta property=\"og:locale\" content=\"fr_FR\" \/>\n<meta property=\"og:type\" content=\"article\" \/>\n<meta property=\"og:title\" content=\"Miroir coupole 90\u00b0\" \/>\n<meta property=\"og:description\" content=\"Les miroirs coupoles donnent une bonne vision globale\" \/>\n<meta property=\"og:url\" content=\"https:\/\/www.alucomfort.be\/fr\/product\/miroir-coupole-90\/\" \/>\n<meta property=\"og:site_name\" content=\"Alu Comfort\" \/>\n<meta property=\"article:modified_time\" content=\"2023-09-26T20:36:32+00:00\" \/>\n<meta property=\"og:image\" content=\"https:\/\/www.alucomfort.be\/wp-content\/uploads\/Panoramaspiegel90graden-1.png\" \/>\n\t<meta property=\"og:image:width\" content=\"1920\" \/>\n\t<meta property=\"og:image:height\" content=\"1280\" \/>\n\t<meta property=\"og:image:type\" content=\"image\/png\" \/>\n<meta name=\"twitter:card\" content=\"summary_large_image\" \/>\n<script type=\"application\/ld+json\" class=\"yoast-schema-graph\">{\"@context\":\"https:\/\/schema.org\",\"@graph\":[{\"@type\":\"WebPage\",\"@id\":\"https:\/\/www.alucomfort.be\/fr\/product\/miroir-coupole-90\/\",\"url\":\"https:\/\/www.alucomfort.be\/fr\/product\/miroir-coupole-90\/\",\"name\":\"Miroir coupole 90\u00b0\",\"isPartOf\":{\"@id\":\"https:\/\/www.alucomfort.be\/#website\"},\"primaryImageOfPage\":{\"@id\":\"https:\/\/www.alucomfort.be\/fr\/product\/miroir-coupole-90\/#primaryimage\"},\"image\":{\"@id\":\"https:\/\/www.alucomfort.be\/fr\/product\/miroir-coupole-90\/#primaryimage\"},\"thumbnailUrl\":\"https:\/\/www.alucomfort.be\/wp-content\/uploads\/Panoramaspiegel90graden-1.png\",\"datePublished\":\"2019-10-13T22:41:25+00:00\",\"dateModified\":\"2023-09-26T20:36:32+00:00\",\"description\":\"Les miroirs coupoles donnent une bonne vision globale\",\"breadcrumb\":{\"@id\":\"https:\/\/www.alucomfort.be\/fr\/product\/miroir-coupole-90\/#breadcrumb\"},\"inLanguage\":\"fr-FR\",\"potentialAction\":[{\"@type\":\"ReadAction\",\"target\":[\"https:\/\/www.alucomfort.be\/fr\/product\/miroir-coupole-90\/\"]}]},{\"@type\":\"ImageObject\",\"inLanguage\":\"fr-FR\",\"@id\":\"https:\/\/www.alucomfort.be\/fr\/product\/miroir-coupole-90\/#primaryimage\",\"url\":\"https:\/\/www.alucomfort.be\/wp-content\/uploads\/Panoramaspiegel90graden-1.png\",\"contentUrl\":\"https:\/\/www.alucomfort.be\/wp-content\/uploads\/Panoramaspiegel90graden-1.png\",\"width\":1920,\"height\":1280},{\"@type\":\"BreadcrumbList\",\"@id\":\"https:\/\/www.alucomfort.be\/fr\/product\/miroir-coupole-90\/#breadcrumb\",\"itemListElement\":[{\"@type\":\"ListItem\",\"position\":1,\"name\":\"Home\",\"item\":\"https:\/\/www.alucomfort.be\/fr\/\"},{\"@type\":\"ListItem\",\"position\":2,\"name\":\"Producten\",\"item\":\"https:\/\/www.alucomfort.be\/producten\/\"},{\"@type\":\"ListItem\",\"position\":3,\"name\":\"Miroir coupole 90\u00b0\"}]},{\"@type\":\"WebSite\",\"@id\":\"https:\/\/www.alucomfort.be\/#website\",\"url\":\"https:\/\/www.alucomfort.be\/\",\"name\":\"Alu Comfort\",\"description\":\"\",\"potentialAction\":[{\"@type\":\"SearchAction\",\"target\":{\"@type\":\"EntryPoint\",\"urlTemplate\":\"https:\/\/www.alucomfort.be\/?s={search_term_string}\"},\"query-input\":{\"@type\":\"PropertyValueSpecification\",\"valueRequired\":true,\"valueName\":\"search_term_string\"}}],\"inLanguage\":\"fr-FR\"}]}<\/script>\n<!-- \/ Yoast SEO plugin. -->","yoast_head_json":{"title":"Miroir coupole 90\u00b0","description":"Les miroirs coupoles donnent une bonne vision globale","robots":{"index":"index","follow":"follow","max-snippet":"max-snippet:-1","max-image-preview":"max-image-preview:large","max-video-preview":"max-video-preview:-1"},"canonical":"https:\/\/www.alucomfort.be\/fr\/product\/miroir-coupole-90\/","og_locale":"fr_FR","og_type":"article","og_title":"Miroir coupole 90\u00b0","og_description":"Les miroirs coupoles donnent une bonne vision globale","og_url":"https:\/\/www.alucomfort.be\/fr\/product\/miroir-coupole-90\/","og_site_name":"Alu Comfort","article_modified_time":"2023-09-26T20:36:32+00:00","og_image":[{"width":1920,"height":1280,"url":"https:\/\/www.alucomfort.be\/wp-content\/uploads\/Panoramaspiegel90graden-1.png","type":"image\/png"}],"twitter_card":"summary_large_image","schema":{"@context":"https:\/\/schema.org","@graph":[{"@type":"WebPage","@id":"https:\/\/www.alucomfort.be\/fr\/product\/miroir-coupole-90\/","url":"https:\/\/www.alucomfort.be\/fr\/product\/miroir-coupole-90\/","name":"Miroir coupole 90\u00b0","isPartOf":{"@id":"https:\/\/www.alucomfort.be\/#website"},"primaryImageOfPage":{"@id":"https:\/\/www.alucomfort.be\/fr\/product\/miroir-coupole-90\/#primaryimage"},"image":{"@id":"https:\/\/www.alucomfort.be\/fr\/product\/miroir-coupole-90\/#primaryimage"},"thumbnailUrl":"https:\/\/www.alucomfort.be\/wp-content\/uploads\/Panoramaspiegel90graden-1.png","datePublished":"2019-10-13T22:41:25+00:00","dateModified":"2023-09-26T20:36:32+00:00","description":"Les miroirs coupoles donnent une bonne vision globale","breadcrumb":{"@id":"https:\/\/www.alucomfort.be\/fr\/product\/miroir-coupole-90\/#breadcrumb"},"inLanguage":"fr-FR","potentialAction":[{"@type":"ReadAction","target":["https:\/\/www.alucomfort.be\/fr\/product\/miroir-coupole-90\/"]}]},{"@type":"ImageObject","inLanguage":"fr-FR","@id":"https:\/\/www.alucomfort.be\/fr\/product\/miroir-coupole-90\/#primaryimage","url":"https:\/\/www.alucomfort.be\/wp-content\/uploads\/Panoramaspiegel90graden-1.png","contentUrl":"https:\/\/www.alucomfort.be\/wp-content\/uploads\/Panoramaspiegel90graden-1.png","width":1920,"height":1280},{"@type":"BreadcrumbList","@id":"https:\/\/www.alucomfort.be\/fr\/product\/miroir-coupole-90\/#breadcrumb","itemListElement":[{"@type":"ListItem","position":1,"name":"Home","item":"https:\/\/www.alucomfort.be\/fr\/"},{"@type":"ListItem","position":2,"name":"Producten","item":"https:\/\/www.alucomfort.be\/producten\/"},{"@type":"ListItem","position":3,"name":"Miroir coupole 90\u00b0"}]},{"@type":"WebSite","@id":"https:\/\/www.alucomfort.be\/#website","url":"https:\/\/www.alucomfort.be\/","name":"Alu Comfort","description":"","potentialAction":[{"@type":"SearchAction","target":{"@type":"EntryPoint","urlTemplate":"https:\/\/www.alucomfort.be\/?s={search_term_string}"},"query-input":{"@type":"PropertyValueSpecification","valueRequired":true,"valueName":"search_term_string"}}],"inLanguage":"fr-FR"}]}},"_links":{"self":[{"href":"https:\/\/www.alucomfort.be\/fr\/wp-json\/wp\/v2\/product\/171540","targetHints":{"allow":["GET"]}}],"collection":[{"href":"https:\/\/www.alucomfort.be\/fr\/wp-json\/wp\/v2\/product"}],"about":[{"href":"https:\/\/www.alucomfort.be\/fr\/wp-json\/wp\/v2\/types\/product"}],"wp:featuredmedia":[{"embeddable":true,"href":"https:\/\/www.alucomfort.be\/fr\/wp-json\/wp\/v2\/media\/203379"}],"wp:attachment":[{"href":"https:\/\/www.alucomfort.be\/fr\/wp-json\/wp\/v2\/media?parent=171540"}],"wp:term":[{"taxonomy":"product_brand","embeddable":true,"href":"https:\/\/www.alucomfort.be\/fr\/wp-json\/wp\/v2\/product_brand?post=171540"},{"taxonomy":"product_cat","embeddable":true,"href":"https:\/\/www.alucomfort.be\/fr\/wp-json\/wp\/v2\/product_cat?post=171540"},{"taxonomy":"product_tag","embeddable":true,"href":"https:\/\/www.alucomfort.be\/fr\/wp-json\/wp\/v2\/product_tag?post=171540"}],"curies":[{"name":"wp","href":"https:\/\/api.w.org\/{rel}","templated":true}]}}