

{"id":171548,"date":"2019-10-14T00:41:33","date_gmt":"2019-10-13T22:41:33","guid":{"rendered":"https:\/\/www.alucomfort.be\/product\/dome-mirroir-360\/"},"modified":"2023-09-26T22:36:44","modified_gmt":"2023-09-26T20:36:44","slug":"dome-mirroir-360","status":"publish","type":"product","link":"https:\/\/www.alucomfort.be\/fr\/product\/dome-mirroir-360\/","title":{"rendered":"Dome mirroir 360\u00b0"},"content":{"rendered":"<p>* Le dome miroir donne une bonne vision globale, * Utilisation int\u00e9rieure, * Reinforcement de la s\u00e9curit\u00e9 interne r\u00e9duisant les accidents du travail, * Mat\u00e9riel acrylic, * Miroirs 360\u00b0: Fixation suspendu ou direct au plafond.  En option avec set de cha\u00eene<\/p>\n","protected":false},"excerpt":{"rendered":"<p>Dome mirroir<\/p>\n","protected":false},"featured_media":74719,"template":"","meta":{"_acf_changed":false},"product_brand":[],"product_cat":[1972],"product_tag":[],"class_list":{"0":"post-171548","1":"product","2":"type-product","3":"status-publish","4":"has-post-thumbnail","6":"product_cat-miroirs","8":"first","9":"outofstock","10":"taxable","11":"shipping-taxable","12":"purchasable","13":"product-type-variable"},"acf":[],"yoast_head":"<!-- This site is optimized with the Yoast SEO plugin v24.8.1 - https:\/\/yoast.com\/wordpress\/plugins\/seo\/ -->\n<title>Dome mirroir 360\u00b0<\/title>\n<meta name=\"description\" content=\"Le dome miroir donne une bonne vision global\" \/>\n<meta name=\"robots\" content=\"index, follow, max-snippet:-1, max-image-preview:large, max-video-preview:-1\" \/>\n<link rel=\"canonical\" href=\"https:\/\/www.alucomfort.be\/fr\/product\/dome-mirroir-360\/\" \/>\n<meta property=\"og:locale\" content=\"fr_FR\" \/>\n<meta property=\"og:type\" content=\"article\" \/>\n<meta property=\"og:title\" content=\"Dome mirroir 360\u00b0\" \/>\n<meta property=\"og:description\" content=\"Le dome miroir donne une bonne vision global\" \/>\n<meta property=\"og:url\" content=\"https:\/\/www.alucomfort.be\/fr\/product\/dome-mirroir-360\/\" \/>\n<meta property=\"og:site_name\" content=\"Alu Comfort\" \/>\n<meta property=\"article:modified_time\" content=\"2023-09-26T20:36:44+00:00\" \/>\n<meta property=\"og:image\" content=\"https:\/\/www.alucomfort.be\/wp-content\/uploads\/DC-BM-1-1-1024x683.png\" \/>\n\t<meta property=\"og:image:width\" content=\"1024\" \/>\n\t<meta property=\"og:image:height\" content=\"683\" \/>\n\t<meta property=\"og:image:type\" content=\"image\/png\" \/>\n<meta name=\"twitter:card\" content=\"summary_large_image\" \/>\n<script type=\"application\/ld+json\" class=\"yoast-schema-graph\">{\"@context\":\"https:\/\/schema.org\",\"@graph\":[{\"@type\":\"WebPage\",\"@id\":\"https:\/\/www.alucomfort.be\/fr\/product\/dome-mirroir-360\/\",\"url\":\"https:\/\/www.alucomfort.be\/fr\/product\/dome-mirroir-360\/\",\"name\":\"Dome mirroir 360\u00b0\",\"isPartOf\":{\"@id\":\"https:\/\/www.alucomfort.be\/#website\"},\"primaryImageOfPage\":{\"@id\":\"https:\/\/www.alucomfort.be\/fr\/product\/dome-mirroir-360\/#primaryimage\"},\"image\":{\"@id\":\"https:\/\/www.alucomfort.be\/fr\/product\/dome-mirroir-360\/#primaryimage\"},\"thumbnailUrl\":\"https:\/\/www.alucomfort.be\/wp-content\/uploads\/DC-BM-1-1.png\",\"datePublished\":\"2019-10-13T22:41:33+00:00\",\"dateModified\":\"2023-09-26T20:36:44+00:00\",\"description\":\"Le dome miroir donne une bonne vision global\",\"breadcrumb\":{\"@id\":\"https:\/\/www.alucomfort.be\/fr\/product\/dome-mirroir-360\/#breadcrumb\"},\"inLanguage\":\"fr-FR\",\"potentialAction\":[{\"@type\":\"ReadAction\",\"target\":[\"https:\/\/www.alucomfort.be\/fr\/product\/dome-mirroir-360\/\"]}]},{\"@type\":\"ImageObject\",\"inLanguage\":\"fr-FR\",\"@id\":\"https:\/\/www.alucomfort.be\/fr\/product\/dome-mirroir-360\/#primaryimage\",\"url\":\"https:\/\/www.alucomfort.be\/wp-content\/uploads\/DC-BM-1-1.png\",\"contentUrl\":\"https:\/\/www.alucomfort.be\/wp-content\/uploads\/DC-BM-1-1.png\",\"width\":6000,\"height\":4000,\"caption\":\"De observatiespiegel of veiligheidsspiegel uit acryl verbetert het zicht sterk en verhoogt de veiligheid op de werkvloer of in de winkel.\"},{\"@type\":\"BreadcrumbList\",\"@id\":\"https:\/\/www.alucomfort.be\/fr\/product\/dome-mirroir-360\/#breadcrumb\",\"itemListElement\":[{\"@type\":\"ListItem\",\"position\":1,\"name\":\"Home\",\"item\":\"https:\/\/www.alucomfort.be\/fr\/\"},{\"@type\":\"ListItem\",\"position\":2,\"name\":\"Producten\",\"item\":\"https:\/\/www.alucomfort.be\/producten\/\"},{\"@type\":\"ListItem\",\"position\":3,\"name\":\"Dome mirroir 360\u00b0\"}]},{\"@type\":\"WebSite\",\"@id\":\"https:\/\/www.alucomfort.be\/#website\",\"url\":\"https:\/\/www.alucomfort.be\/\",\"name\":\"Alu Comfort\",\"description\":\"\",\"potentialAction\":[{\"@type\":\"SearchAction\",\"target\":{\"@type\":\"EntryPoint\",\"urlTemplate\":\"https:\/\/www.alucomfort.be\/?s={search_term_string}\"},\"query-input\":{\"@type\":\"PropertyValueSpecification\",\"valueRequired\":true,\"valueName\":\"search_term_string\"}}],\"inLanguage\":\"fr-FR\"}]}<\/script>\n<!-- \/ Yoast SEO plugin. -->","yoast_head_json":{"title":"Dome mirroir 360\u00b0","description":"Le dome miroir donne une bonne vision global","robots":{"index":"index","follow":"follow","max-snippet":"max-snippet:-1","max-image-preview":"max-image-preview:large","max-video-preview":"max-video-preview:-1"},"canonical":"https:\/\/www.alucomfort.be\/fr\/product\/dome-mirroir-360\/","og_locale":"fr_FR","og_type":"article","og_title":"Dome mirroir 360\u00b0","og_description":"Le dome miroir donne une bonne vision global","og_url":"https:\/\/www.alucomfort.be\/fr\/product\/dome-mirroir-360\/","og_site_name":"Alu Comfort","article_modified_time":"2023-09-26T20:36:44+00:00","og_image":[{"width":1024,"height":683,"url":"https:\/\/www.alucomfort.be\/wp-content\/uploads\/DC-BM-1-1-1024x683.png","type":"image\/png"}],"twitter_card":"summary_large_image","schema":{"@context":"https:\/\/schema.org","@graph":[{"@type":"WebPage","@id":"https:\/\/www.alucomfort.be\/fr\/product\/dome-mirroir-360\/","url":"https:\/\/www.alucomfort.be\/fr\/product\/dome-mirroir-360\/","name":"Dome mirroir 360\u00b0","isPartOf":{"@id":"https:\/\/www.alucomfort.be\/#website"},"primaryImageOfPage":{"@id":"https:\/\/www.alucomfort.be\/fr\/product\/dome-mirroir-360\/#primaryimage"},"image":{"@id":"https:\/\/www.alucomfort.be\/fr\/product\/dome-mirroir-360\/#primaryimage"},"thumbnailUrl":"https:\/\/www.alucomfort.be\/wp-content\/uploads\/DC-BM-1-1.png","datePublished":"2019-10-13T22:41:33+00:00","dateModified":"2023-09-26T20:36:44+00:00","description":"Le dome miroir donne une bonne vision global","breadcrumb":{"@id":"https:\/\/www.alucomfort.be\/fr\/product\/dome-mirroir-360\/#breadcrumb"},"inLanguage":"fr-FR","potentialAction":[{"@type":"ReadAction","target":["https:\/\/www.alucomfort.be\/fr\/product\/dome-mirroir-360\/"]}]},{"@type":"ImageObject","inLanguage":"fr-FR","@id":"https:\/\/www.alucomfort.be\/fr\/product\/dome-mirroir-360\/#primaryimage","url":"https:\/\/www.alucomfort.be\/wp-content\/uploads\/DC-BM-1-1.png","contentUrl":"https:\/\/www.alucomfort.be\/wp-content\/uploads\/DC-BM-1-1.png","width":6000,"height":4000,"caption":"De observatiespiegel of veiligheidsspiegel uit acryl verbetert het zicht sterk en verhoogt de veiligheid op de werkvloer of in de winkel."},{"@type":"BreadcrumbList","@id":"https:\/\/www.alucomfort.be\/fr\/product\/dome-mirroir-360\/#breadcrumb","itemListElement":[{"@type":"ListItem","position":1,"name":"Home","item":"https:\/\/www.alucomfort.be\/fr\/"},{"@type":"ListItem","position":2,"name":"Producten","item":"https:\/\/www.alucomfort.be\/producten\/"},{"@type":"ListItem","position":3,"name":"Dome mirroir 360\u00b0"}]},{"@type":"WebSite","@id":"https:\/\/www.alucomfort.be\/#website","url":"https:\/\/www.alucomfort.be\/","name":"Alu Comfort","description":"","potentialAction":[{"@type":"SearchAction","target":{"@type":"EntryPoint","urlTemplate":"https:\/\/www.alucomfort.be\/?s={search_term_string}"},"query-input":{"@type":"PropertyValueSpecification","valueRequired":true,"valueName":"search_term_string"}}],"inLanguage":"fr-FR"}]}},"_links":{"self":[{"href":"https:\/\/www.alucomfort.be\/fr\/wp-json\/wp\/v2\/product\/171548","targetHints":{"allow":["GET"]}}],"collection":[{"href":"https:\/\/www.alucomfort.be\/fr\/wp-json\/wp\/v2\/product"}],"about":[{"href":"https:\/\/www.alucomfort.be\/fr\/wp-json\/wp\/v2\/types\/product"}],"wp:featuredmedia":[{"embeddable":true,"href":"https:\/\/www.alucomfort.be\/fr\/wp-json\/wp\/v2\/media\/74719"}],"wp:attachment":[{"href":"https:\/\/www.alucomfort.be\/fr\/wp-json\/wp\/v2\/media?parent=171548"}],"wp:term":[{"taxonomy":"product_brand","embeddable":true,"href":"https:\/\/www.alucomfort.be\/fr\/wp-json\/wp\/v2\/product_brand?post=171548"},{"taxonomy":"product_cat","embeddable":true,"href":"https:\/\/www.alucomfort.be\/fr\/wp-json\/wp\/v2\/product_cat?post=171548"},{"taxonomy":"product_tag","embeddable":true,"href":"https:\/\/www.alucomfort.be\/fr\/wp-json\/wp\/v2\/product_tag?post=171548"}],"curies":[{"name":"wp","href":"https:\/\/api.w.org\/{rel}","templated":true}]}}