

{"id":171560,"date":"2019-10-14T00:41:46","date_gmt":"2019-10-13T22:41:46","guid":{"rendered":"https:\/\/www.alucomfort.be\/product\/miroir-routier\/"},"modified":"2023-09-26T22:37:16","modified_gmt":"2023-09-26T20:37:16","slug":"miroir-routier","status":"publish","type":"product","link":"https:\/\/www.alucomfort.be\/fr\/product\/miroir-routier\/","title":{"rendered":"Miroir routier"},"content":{"rendered":"<p>* R\u00e9duction du danger.  Le film r\u00e9fl\u00e9chissant r\u00e9duit les riques d&rsquo;accidents surtout par mauvais temps ou dans l&rsquo;obscurit\u00e9, * Disponible en mat\u00e9riel acrylique (version standard), INOX ou Polycarbonate * Utilisation ext\u00e9rieure et int\u00e9rieure, * Fixation poteau ou murale<\/p>\n","protected":false},"excerpt":{"rendered":"<p>Ce miroir am\u00e9liore la s\u00e9curit\u00e9 routi\u00e8re et la s\u00e9curit\u00e9 dans les zones industrielles.<\/p>\n","protected":false},"featured_media":16592,"template":"","meta":{"_acf_changed":false},"product_brand":[],"product_cat":[1972],"product_tag":[],"class_list":{"0":"post-171560","1":"product","2":"type-product","3":"status-publish","4":"has-post-thumbnail","6":"product_cat-miroirs","8":"first","9":"outofstock","10":"taxable","11":"shipping-taxable","12":"purchasable","13":"product-type-variable"},"acf":[],"yoast_head":"<!-- This site is optimized with the Yoast SEO plugin v24.8.1 - https:\/\/yoast.com\/wordpress\/plugins\/seo\/ -->\n<title>Miroir routier<\/title>\n<meta name=\"description\" content=\"Ce miroir am\u00e9liore la s\u00e9curit\u00e9 routi\u00e8re et la s\u00e9curit\u00e9 dans les zones industrielles.\" \/>\n<meta name=\"robots\" content=\"index, follow, max-snippet:-1, max-image-preview:large, max-video-preview:-1\" \/>\n<link rel=\"canonical\" href=\"https:\/\/www.alucomfort.be\/fr\/product\/miroir-routier\/\" \/>\n<meta property=\"og:locale\" content=\"fr_FR\" \/>\n<meta property=\"og:type\" content=\"article\" \/>\n<meta property=\"og:title\" content=\"Miroir routier\" \/>\n<meta property=\"og:description\" content=\"Ce miroir am\u00e9liore la s\u00e9curit\u00e9 routi\u00e8re et la s\u00e9curit\u00e9 dans les zones industrielles.\" \/>\n<meta property=\"og:url\" content=\"https:\/\/www.alucomfort.be\/fr\/product\/miroir-routier\/\" \/>\n<meta property=\"og:site_name\" content=\"Alu Comfort\" \/>\n<meta property=\"article:modified_time\" content=\"2023-09-26T20:37:16+00:00\" \/>\n<meta property=\"og:image\" content=\"https:\/\/www.alucomfort.be\/wp-content\/uploads\/BR-TM-1.jpg\" \/>\n\t<meta property=\"og:image:width\" content=\"1772\" \/>\n\t<meta property=\"og:image:height\" content=\"1889\" \/>\n\t<meta property=\"og:image:type\" content=\"image\/jpeg\" \/>\n<meta name=\"twitter:card\" content=\"summary_large_image\" \/>\n<script type=\"application\/ld+json\" class=\"yoast-schema-graph\">{\"@context\":\"https:\/\/schema.org\",\"@graph\":[{\"@type\":\"WebPage\",\"@id\":\"https:\/\/www.alucomfort.be\/fr\/product\/miroir-routier\/\",\"url\":\"https:\/\/www.alucomfort.be\/fr\/product\/miroir-routier\/\",\"name\":\"Miroir routier\",\"isPartOf\":{\"@id\":\"https:\/\/www.alucomfort.be\/#website\"},\"primaryImageOfPage\":{\"@id\":\"https:\/\/www.alucomfort.be\/fr\/product\/miroir-routier\/#primaryimage\"},\"image\":{\"@id\":\"https:\/\/www.alucomfort.be\/fr\/product\/miroir-routier\/#primaryimage\"},\"thumbnailUrl\":\"https:\/\/www.alucomfort.be\/wp-content\/uploads\/BR-TM-1.jpg\",\"datePublished\":\"2019-10-13T22:41:46+00:00\",\"dateModified\":\"2023-09-26T20:37:16+00:00\",\"description\":\"Ce miroir am\u00e9liore la s\u00e9curit\u00e9 routi\u00e8re et la s\u00e9curit\u00e9 dans les zones industrielles.\",\"breadcrumb\":{\"@id\":\"https:\/\/www.alucomfort.be\/fr\/product\/miroir-routier\/#breadcrumb\"},\"inLanguage\":\"fr-FR\",\"potentialAction\":[{\"@type\":\"ReadAction\",\"target\":[\"https:\/\/www.alucomfort.be\/fr\/product\/miroir-routier\/\"]}]},{\"@type\":\"ImageObject\",\"inLanguage\":\"fr-FR\",\"@id\":\"https:\/\/www.alucomfort.be\/fr\/product\/miroir-routier\/#primaryimage\",\"url\":\"https:\/\/www.alucomfort.be\/wp-content\/uploads\/BR-TM-1.jpg\",\"contentUrl\":\"https:\/\/www.alucomfort.be\/wp-content\/uploads\/BR-TM-1.jpg\",\"width\":1772,\"height\":1889},{\"@type\":\"BreadcrumbList\",\"@id\":\"https:\/\/www.alucomfort.be\/fr\/product\/miroir-routier\/#breadcrumb\",\"itemListElement\":[{\"@type\":\"ListItem\",\"position\":1,\"name\":\"Home\",\"item\":\"https:\/\/www.alucomfort.be\/fr\/\"},{\"@type\":\"ListItem\",\"position\":2,\"name\":\"Producten\",\"item\":\"https:\/\/www.alucomfort.be\/producten\/\"},{\"@type\":\"ListItem\",\"position\":3,\"name\":\"Miroir routier\"}]},{\"@type\":\"WebSite\",\"@id\":\"https:\/\/www.alucomfort.be\/#website\",\"url\":\"https:\/\/www.alucomfort.be\/\",\"name\":\"Alu Comfort\",\"description\":\"\",\"potentialAction\":[{\"@type\":\"SearchAction\",\"target\":{\"@type\":\"EntryPoint\",\"urlTemplate\":\"https:\/\/www.alucomfort.be\/?s={search_term_string}\"},\"query-input\":{\"@type\":\"PropertyValueSpecification\",\"valueRequired\":true,\"valueName\":\"search_term_string\"}}],\"inLanguage\":\"fr-FR\"}]}<\/script>\n<!-- \/ Yoast SEO plugin. -->","yoast_head_json":{"title":"Miroir routier","description":"Ce miroir am\u00e9liore la s\u00e9curit\u00e9 routi\u00e8re et la s\u00e9curit\u00e9 dans les zones industrielles.","robots":{"index":"index","follow":"follow","max-snippet":"max-snippet:-1","max-image-preview":"max-image-preview:large","max-video-preview":"max-video-preview:-1"},"canonical":"https:\/\/www.alucomfort.be\/fr\/product\/miroir-routier\/","og_locale":"fr_FR","og_type":"article","og_title":"Miroir routier","og_description":"Ce miroir am\u00e9liore la s\u00e9curit\u00e9 routi\u00e8re et la s\u00e9curit\u00e9 dans les zones industrielles.","og_url":"https:\/\/www.alucomfort.be\/fr\/product\/miroir-routier\/","og_site_name":"Alu Comfort","article_modified_time":"2023-09-26T20:37:16+00:00","og_image":[{"width":1772,"height":1889,"url":"https:\/\/www.alucomfort.be\/wp-content\/uploads\/BR-TM-1.jpg","type":"image\/jpeg"}],"twitter_card":"summary_large_image","schema":{"@context":"https:\/\/schema.org","@graph":[{"@type":"WebPage","@id":"https:\/\/www.alucomfort.be\/fr\/product\/miroir-routier\/","url":"https:\/\/www.alucomfort.be\/fr\/product\/miroir-routier\/","name":"Miroir routier","isPartOf":{"@id":"https:\/\/www.alucomfort.be\/#website"},"primaryImageOfPage":{"@id":"https:\/\/www.alucomfort.be\/fr\/product\/miroir-routier\/#primaryimage"},"image":{"@id":"https:\/\/www.alucomfort.be\/fr\/product\/miroir-routier\/#primaryimage"},"thumbnailUrl":"https:\/\/www.alucomfort.be\/wp-content\/uploads\/BR-TM-1.jpg","datePublished":"2019-10-13T22:41:46+00:00","dateModified":"2023-09-26T20:37:16+00:00","description":"Ce miroir am\u00e9liore la s\u00e9curit\u00e9 routi\u00e8re et la s\u00e9curit\u00e9 dans les zones industrielles.","breadcrumb":{"@id":"https:\/\/www.alucomfort.be\/fr\/product\/miroir-routier\/#breadcrumb"},"inLanguage":"fr-FR","potentialAction":[{"@type":"ReadAction","target":["https:\/\/www.alucomfort.be\/fr\/product\/miroir-routier\/"]}]},{"@type":"ImageObject","inLanguage":"fr-FR","@id":"https:\/\/www.alucomfort.be\/fr\/product\/miroir-routier\/#primaryimage","url":"https:\/\/www.alucomfort.be\/wp-content\/uploads\/BR-TM-1.jpg","contentUrl":"https:\/\/www.alucomfort.be\/wp-content\/uploads\/BR-TM-1.jpg","width":1772,"height":1889},{"@type":"BreadcrumbList","@id":"https:\/\/www.alucomfort.be\/fr\/product\/miroir-routier\/#breadcrumb","itemListElement":[{"@type":"ListItem","position":1,"name":"Home","item":"https:\/\/www.alucomfort.be\/fr\/"},{"@type":"ListItem","position":2,"name":"Producten","item":"https:\/\/www.alucomfort.be\/producten\/"},{"@type":"ListItem","position":3,"name":"Miroir routier"}]},{"@type":"WebSite","@id":"https:\/\/www.alucomfort.be\/#website","url":"https:\/\/www.alucomfort.be\/","name":"Alu Comfort","description":"","potentialAction":[{"@type":"SearchAction","target":{"@type":"EntryPoint","urlTemplate":"https:\/\/www.alucomfort.be\/?s={search_term_string}"},"query-input":{"@type":"PropertyValueSpecification","valueRequired":true,"valueName":"search_term_string"}}],"inLanguage":"fr-FR"}]}},"_links":{"self":[{"href":"https:\/\/www.alucomfort.be\/fr\/wp-json\/wp\/v2\/product\/171560","targetHints":{"allow":["GET"]}}],"collection":[{"href":"https:\/\/www.alucomfort.be\/fr\/wp-json\/wp\/v2\/product"}],"about":[{"href":"https:\/\/www.alucomfort.be\/fr\/wp-json\/wp\/v2\/types\/product"}],"wp:featuredmedia":[{"embeddable":true,"href":"https:\/\/www.alucomfort.be\/fr\/wp-json\/wp\/v2\/media\/16592"}],"wp:attachment":[{"href":"https:\/\/www.alucomfort.be\/fr\/wp-json\/wp\/v2\/media?parent=171560"}],"wp:term":[{"taxonomy":"product_brand","embeddable":true,"href":"https:\/\/www.alucomfort.be\/fr\/wp-json\/wp\/v2\/product_brand?post=171560"},{"taxonomy":"product_cat","embeddable":true,"href":"https:\/\/www.alucomfort.be\/fr\/wp-json\/wp\/v2\/product_cat?post=171560"},{"taxonomy":"product_tag","embeddable":true,"href":"https:\/\/www.alucomfort.be\/fr\/wp-json\/wp\/v2\/product_tag?post=171560"}],"curies":[{"name":"wp","href":"https:\/\/api.w.org\/{rel}","templated":true}]}}