

{"id":171580,"date":"2019-10-14T00:42:09","date_gmt":"2019-10-13T22:42:09","guid":{"rendered":"https:\/\/www.alucomfort.be\/product\/kits-de-poteaux-et-chaine\/"},"modified":"2024-08-27T12:56:59","modified_gmt":"2024-08-27T10:56:59","slug":"kits-de-poteaux-et-chaine","status":"publish","type":"product","link":"https:\/\/www.alucomfort.be\/fr\/product\/kits-de-poteaux-et-chaine\/","title":{"rendered":"Kits de poteaux et cha\u00eene"},"content":{"rendered":"<p>*6 poteaux (\u00d8 40 mm) avec oeillets de fixation et socles mobiles, * Cha\u00eene en plastique d&rsquo;une longueur totale de 10 m, * Delai de livraison: plus au moins 5 jours.<\/p>\n","protected":false},"excerpt":{"rendered":"<p>Set de cha\u00eene polyethyl\u00e8ne.<\/p>\n","protected":false},"featured_media":216728,"template":"","meta":{"_acf_changed":false},"product_brand":[],"product_cat":[2831],"product_tag":[],"class_list":{"0":"post-171580","1":"product","2":"type-product","3":"status-publish","4":"has-post-thumbnail","6":"product_cat-barrieres-et-chaines-de-protection","8":"first","9":"outofstock","10":"taxable","11":"shipping-taxable","12":"purchasable","13":"product-type-variable"},"acf":[],"yoast_head":"<!-- This site is optimized with the Yoast SEO plugin v24.8.1 - https:\/\/yoast.com\/wordpress\/plugins\/seo\/ -->\n<title>Kits de poteaux et cha\u00eene| Alu Comfort|<\/title>\n<meta name=\"description\" content=\"Cha\u00eenes de d\u00e9limitation en plastique: D\u00e9limitez rapidement et facilement vos espaces. Compl\u00e8tes avec supports de fixation pour une installation solide. Qualit\u00e9 100% garantie!\" \/>\n<meta name=\"robots\" content=\"index, follow, max-snippet:-1, max-image-preview:large, max-video-preview:-1\" \/>\n<link rel=\"canonical\" href=\"https:\/\/www.alucomfort.be\/product\/set-afzetkettingen-met-bevestigingssteunen\/\" \/>\n<meta property=\"og:locale\" content=\"fr_FR\" \/>\n<meta property=\"og:type\" content=\"article\" \/>\n<meta property=\"og:title\" content=\"Kits de poteaux et cha\u00eene| Alu Comfort|\" \/>\n<meta property=\"og:description\" content=\"Cha\u00eenes de d\u00e9limitation en plastique: D\u00e9limitez rapidement et facilement vos espaces. Compl\u00e8tes avec supports de fixation pour une installation solide. Qualit\u00e9 100% garantie!\" \/>\n<meta property=\"og:url\" content=\"https:\/\/www.alucomfort.be\/product\/set-afzetkettingen-met-bevestigingssteunen\/\" \/>\n<meta property=\"og:site_name\" content=\"Alu Comfort\" \/>\n<meta property=\"article:modified_time\" content=\"2024-08-27T10:56:59+00:00\" \/>\n<meta property=\"og:image\" content=\"https:\/\/www.alucomfort.be\/wp-content\/uploads\/set-palen-met-ketting.jpg\" \/>\n\t<meta property=\"og:image:width\" content=\"1920\" \/>\n\t<meta property=\"og:image:height\" content=\"1920\" \/>\n\t<meta property=\"og:image:type\" content=\"image\/jpeg\" \/>\n<meta name=\"twitter:card\" content=\"summary_large_image\" \/>\n<script type=\"application\/ld+json\" class=\"yoast-schema-graph\">{\"@context\":\"https:\/\/schema.org\",\"@graph\":[{\"@type\":\"WebPage\",\"@id\":\"https:\/\/www.alucomfort.be\/product\/set-afzetkettingen-met-bevestigingssteunen\/\",\"url\":\"https:\/\/www.alucomfort.be\/product\/set-afzetkettingen-met-bevestigingssteunen\/\",\"name\":\"Kits de poteaux et cha\u00eene| Alu Comfort|\",\"isPartOf\":{\"@id\":\"https:\/\/www.alucomfort.be\/#website\"},\"primaryImageOfPage\":{\"@id\":\"https:\/\/www.alucomfort.be\/product\/set-afzetkettingen-met-bevestigingssteunen\/#primaryimage\"},\"image\":{\"@id\":\"https:\/\/www.alucomfort.be\/product\/set-afzetkettingen-met-bevestigingssteunen\/#primaryimage\"},\"thumbnailUrl\":\"https:\/\/www.alucomfort.be\/wp-content\/uploads\/set-palen-met-ketting.jpg\",\"datePublished\":\"2019-10-13T22:42:09+00:00\",\"dateModified\":\"2024-08-27T10:56:59+00:00\",\"description\":\"Cha\u00eenes de d\u00e9limitation en plastique: D\u00e9limitez rapidement et facilement vos espaces. Compl\u00e8tes avec supports de fixation pour une installation solide. Qualit\u00e9 100% garantie!\",\"breadcrumb\":{\"@id\":\"https:\/\/www.alucomfort.be\/product\/set-afzetkettingen-met-bevestigingssteunen\/#breadcrumb\"},\"inLanguage\":\"fr-FR\",\"potentialAction\":[{\"@type\":\"ReadAction\",\"target\":[\"https:\/\/www.alucomfort.be\/product\/set-afzetkettingen-met-bevestigingssteunen\/\"]}]},{\"@type\":\"ImageObject\",\"inLanguage\":\"fr-FR\",\"@id\":\"https:\/\/www.alucomfort.be\/product\/set-afzetkettingen-met-bevestigingssteunen\/#primaryimage\",\"url\":\"https:\/\/www.alucomfort.be\/wp-content\/uploads\/set-palen-met-ketting.jpg\",\"contentUrl\":\"https:\/\/www.alucomfort.be\/wp-content\/uploads\/set-palen-met-ketting.jpg\",\"width\":1920,\"height\":1920},{\"@type\":\"BreadcrumbList\",\"@id\":\"https:\/\/www.alucomfort.be\/product\/set-afzetkettingen-met-bevestigingssteunen\/#breadcrumb\",\"itemListElement\":[{\"@type\":\"ListItem\",\"position\":1,\"name\":\"Home\",\"item\":\"https:\/\/www.alucomfort.be\/fr\/\"},{\"@type\":\"ListItem\",\"position\":2,\"name\":\"Producten\",\"item\":\"https:\/\/www.alucomfort.be\/producten\/\"},{\"@type\":\"ListItem\",\"position\":3,\"name\":\"Kits de poteaux et cha\u00eene\"}]},{\"@type\":\"WebSite\",\"@id\":\"https:\/\/www.alucomfort.be\/#website\",\"url\":\"https:\/\/www.alucomfort.be\/\",\"name\":\"Alu Comfort\",\"description\":\"\",\"potentialAction\":[{\"@type\":\"SearchAction\",\"target\":{\"@type\":\"EntryPoint\",\"urlTemplate\":\"https:\/\/www.alucomfort.be\/?s={search_term_string}\"},\"query-input\":{\"@type\":\"PropertyValueSpecification\",\"valueRequired\":true,\"valueName\":\"search_term_string\"}}],\"inLanguage\":\"fr-FR\"}]}<\/script>\n<!-- \/ Yoast SEO plugin. -->","yoast_head_json":{"title":"Kits de poteaux et cha\u00eene| Alu Comfort|","description":"Cha\u00eenes de d\u00e9limitation en plastique: D\u00e9limitez rapidement et facilement vos espaces. Compl\u00e8tes avec supports de fixation pour une installation solide. Qualit\u00e9 100% garantie!","robots":{"index":"index","follow":"follow","max-snippet":"max-snippet:-1","max-image-preview":"max-image-preview:large","max-video-preview":"max-video-preview:-1"},"canonical":"https:\/\/www.alucomfort.be\/product\/set-afzetkettingen-met-bevestigingssteunen\/","og_locale":"fr_FR","og_type":"article","og_title":"Kits de poteaux et cha\u00eene| Alu Comfort|","og_description":"Cha\u00eenes de d\u00e9limitation en plastique: D\u00e9limitez rapidement et facilement vos espaces. Compl\u00e8tes avec supports de fixation pour une installation solide. Qualit\u00e9 100% garantie!","og_url":"https:\/\/www.alucomfort.be\/product\/set-afzetkettingen-met-bevestigingssteunen\/","og_site_name":"Alu Comfort","article_modified_time":"2024-08-27T10:56:59+00:00","og_image":[{"width":1920,"height":1920,"url":"https:\/\/www.alucomfort.be\/wp-content\/uploads\/set-palen-met-ketting.jpg","type":"image\/jpeg"}],"twitter_card":"summary_large_image","schema":{"@context":"https:\/\/schema.org","@graph":[{"@type":"WebPage","@id":"https:\/\/www.alucomfort.be\/product\/set-afzetkettingen-met-bevestigingssteunen\/","url":"https:\/\/www.alucomfort.be\/product\/set-afzetkettingen-met-bevestigingssteunen\/","name":"Kits de poteaux et cha\u00eene| Alu Comfort|","isPartOf":{"@id":"https:\/\/www.alucomfort.be\/#website"},"primaryImageOfPage":{"@id":"https:\/\/www.alucomfort.be\/product\/set-afzetkettingen-met-bevestigingssteunen\/#primaryimage"},"image":{"@id":"https:\/\/www.alucomfort.be\/product\/set-afzetkettingen-met-bevestigingssteunen\/#primaryimage"},"thumbnailUrl":"https:\/\/www.alucomfort.be\/wp-content\/uploads\/set-palen-met-ketting.jpg","datePublished":"2019-10-13T22:42:09+00:00","dateModified":"2024-08-27T10:56:59+00:00","description":"Cha\u00eenes de d\u00e9limitation en plastique: D\u00e9limitez rapidement et facilement vos espaces. Compl\u00e8tes avec supports de fixation pour une installation solide. Qualit\u00e9 100% garantie!","breadcrumb":{"@id":"https:\/\/www.alucomfort.be\/product\/set-afzetkettingen-met-bevestigingssteunen\/#breadcrumb"},"inLanguage":"fr-FR","potentialAction":[{"@type":"ReadAction","target":["https:\/\/www.alucomfort.be\/product\/set-afzetkettingen-met-bevestigingssteunen\/"]}]},{"@type":"ImageObject","inLanguage":"fr-FR","@id":"https:\/\/www.alucomfort.be\/product\/set-afzetkettingen-met-bevestigingssteunen\/#primaryimage","url":"https:\/\/www.alucomfort.be\/wp-content\/uploads\/set-palen-met-ketting.jpg","contentUrl":"https:\/\/www.alucomfort.be\/wp-content\/uploads\/set-palen-met-ketting.jpg","width":1920,"height":1920},{"@type":"BreadcrumbList","@id":"https:\/\/www.alucomfort.be\/product\/set-afzetkettingen-met-bevestigingssteunen\/#breadcrumb","itemListElement":[{"@type":"ListItem","position":1,"name":"Home","item":"https:\/\/www.alucomfort.be\/fr\/"},{"@type":"ListItem","position":2,"name":"Producten","item":"https:\/\/www.alucomfort.be\/producten\/"},{"@type":"ListItem","position":3,"name":"Kits de poteaux et cha\u00eene"}]},{"@type":"WebSite","@id":"https:\/\/www.alucomfort.be\/#website","url":"https:\/\/www.alucomfort.be\/","name":"Alu Comfort","description":"","potentialAction":[{"@type":"SearchAction","target":{"@type":"EntryPoint","urlTemplate":"https:\/\/www.alucomfort.be\/?s={search_term_string}"},"query-input":{"@type":"PropertyValueSpecification","valueRequired":true,"valueName":"search_term_string"}}],"inLanguage":"fr-FR"}]}},"_links":{"self":[{"href":"https:\/\/www.alucomfort.be\/fr\/wp-json\/wp\/v2\/product\/171580","targetHints":{"allow":["GET"]}}],"collection":[{"href":"https:\/\/www.alucomfort.be\/fr\/wp-json\/wp\/v2\/product"}],"about":[{"href":"https:\/\/www.alucomfort.be\/fr\/wp-json\/wp\/v2\/types\/product"}],"wp:featuredmedia":[{"embeddable":true,"href":"https:\/\/www.alucomfort.be\/fr\/wp-json\/wp\/v2\/media\/216728"}],"wp:attachment":[{"href":"https:\/\/www.alucomfort.be\/fr\/wp-json\/wp\/v2\/media?parent=171580"}],"wp:term":[{"taxonomy":"product_brand","embeddable":true,"href":"https:\/\/www.alucomfort.be\/fr\/wp-json\/wp\/v2\/product_brand?post=171580"},{"taxonomy":"product_cat","embeddable":true,"href":"https:\/\/www.alucomfort.be\/fr\/wp-json\/wp\/v2\/product_cat?post=171580"},{"taxonomy":"product_tag","embeddable":true,"href":"https:\/\/www.alucomfort.be\/fr\/wp-json\/wp\/v2\/product_tag?post=171580"}],"curies":[{"name":"wp","href":"https:\/\/api.w.org\/{rel}","templated":true}]}}