

{"id":171620,"date":"2019-10-14T00:42:46","date_gmt":"2019-10-13T22:42:46","guid":{"rendered":"https:\/\/www.alucomfort.be\/product\/barrieres-de-polyethylene-rapides-extensibles\/"},"modified":"2024-08-27T12:57:37","modified_gmt":"2024-08-27T10:57:37","slug":"barrieres-de-polyethylene-rapides-extensibles","status":"publish","type":"product","link":"https:\/\/www.alucomfort.be\/fr\/product\/barrieres-de-polyethylene-rapides-extensibles\/","title":{"rendered":"Barri\u00e8res de polyethyl\u00e8ne rapides, extensibles"},"content":{"rendered":"<p>* Rangement et transport simple, * Les \u00e9l\u00e9ments individuels sont modulaires extensibles par connecteur, * Delai de livraison: plus au moins 5 jours.<\/p>\n","protected":false},"excerpt":{"rendered":"<p>Les barri\u00e8res de s\u00e9curit\u00e9 pliables de 2 ou 3 pi\u00e8ces sont une solution rapide et efficace pour bloques des obstacles.<\/p>\n","protected":false},"featured_media":49728,"template":"","meta":{"_acf_changed":false},"product_brand":[],"product_cat":[2831],"product_tag":[],"class_list":{"0":"post-171620","1":"product","2":"type-product","3":"status-publish","4":"has-post-thumbnail","6":"product_cat-barrieres-et-chaines-de-protection","8":"first","9":"outofstock","10":"taxable","11":"shipping-taxable","12":"purchasable","13":"product-type-variable"},"acf":[],"yoast_head":"<!-- This site is optimized with the Yoast SEO plugin v24.8.1 - https:\/\/yoast.com\/wordpress\/plugins\/seo\/ -->\n<title>Barri\u00e8res de protection| Alu Comfort|<\/title>\n<meta name=\"description\" content=\"Cl\u00f4tures pliantes pratiques: S\u00e9curisez vos chantiers temporairement. D\u00e9couvrez, commandez et \u00e9conomisez ! Qualit\u00e9 garantie, prix bas\" \/>\n<meta name=\"robots\" content=\"index, follow, max-snippet:-1, max-image-preview:large, max-video-preview:-1\" \/>\n<link rel=\"canonical\" href=\"https:\/\/www.alucomfort.be\/product\/kunststof-opvouwbare-afsluitingen\/\" \/>\n<meta property=\"og:locale\" content=\"fr_FR\" \/>\n<meta property=\"og:type\" content=\"article\" \/>\n<meta property=\"og:title\" content=\"Barri\u00e8res de protection| Alu Comfort|\" \/>\n<meta property=\"og:description\" content=\"Cl\u00f4tures pliantes pratiques: S\u00e9curisez vos chantiers temporairement. D\u00e9couvrez, commandez et \u00e9conomisez ! Qualit\u00e9 garantie, prix bas\" \/>\n<meta property=\"og:url\" content=\"https:\/\/www.alucomfort.be\/product\/kunststof-opvouwbare-afsluitingen\/\" \/>\n<meta property=\"og:site_name\" content=\"Alu Comfort\" \/>\n<meta property=\"article:modified_time\" content=\"2024-08-27T10:57:37+00:00\" \/>\n<meta property=\"og:image\" content=\"https:\/\/www.alucomfort.be\/wp-content\/uploads\/DC-20005-1-1024x683.jpg\" \/>\n\t<meta property=\"og:image:width\" content=\"1024\" \/>\n\t<meta property=\"og:image:height\" content=\"683\" \/>\n\t<meta property=\"og:image:type\" content=\"image\/jpeg\" \/>\n<meta name=\"twitter:card\" content=\"summary_large_image\" \/>\n<script type=\"application\/ld+json\" class=\"yoast-schema-graph\">{\"@context\":\"https:\/\/schema.org\",\"@graph\":[{\"@type\":\"WebPage\",\"@id\":\"https:\/\/www.alucomfort.be\/product\/kunststof-opvouwbare-afsluitingen\/\",\"url\":\"https:\/\/www.alucomfort.be\/product\/kunststof-opvouwbare-afsluitingen\/\",\"name\":\"Barri\u00e8res de protection| Alu Comfort|\",\"isPartOf\":{\"@id\":\"https:\/\/www.alucomfort.be\/#website\"},\"primaryImageOfPage\":{\"@id\":\"https:\/\/www.alucomfort.be\/product\/kunststof-opvouwbare-afsluitingen\/#primaryimage\"},\"image\":{\"@id\":\"https:\/\/www.alucomfort.be\/product\/kunststof-opvouwbare-afsluitingen\/#primaryimage\"},\"thumbnailUrl\":\"https:\/\/www.alucomfort.be\/wp-content\/uploads\/DC-20005-1.jpg\",\"datePublished\":\"2019-10-13T22:42:46+00:00\",\"dateModified\":\"2024-08-27T10:57:37+00:00\",\"description\":\"Cl\u00f4tures pliantes pratiques: S\u00e9curisez vos chantiers temporairement. D\u00e9couvrez, commandez et \u00e9conomisez ! Qualit\u00e9 garantie, prix bas\",\"breadcrumb\":{\"@id\":\"https:\/\/www.alucomfort.be\/product\/kunststof-opvouwbare-afsluitingen\/#breadcrumb\"},\"inLanguage\":\"fr-FR\",\"potentialAction\":[{\"@type\":\"ReadAction\",\"target\":[\"https:\/\/www.alucomfort.be\/product\/kunststof-opvouwbare-afsluitingen\/\"]}]},{\"@type\":\"ImageObject\",\"inLanguage\":\"fr-FR\",\"@id\":\"https:\/\/www.alucomfort.be\/product\/kunststof-opvouwbare-afsluitingen\/#primaryimage\",\"url\":\"https:\/\/www.alucomfort.be\/wp-content\/uploads\/DC-20005-1.jpg\",\"contentUrl\":\"https:\/\/www.alucomfort.be\/wp-content\/uploads\/DC-20005-1.jpg\",\"width\":5184,\"height\":3456,\"caption\":\"Inklapbare afzethekken\"},{\"@type\":\"BreadcrumbList\",\"@id\":\"https:\/\/www.alucomfort.be\/product\/kunststof-opvouwbare-afsluitingen\/#breadcrumb\",\"itemListElement\":[{\"@type\":\"ListItem\",\"position\":1,\"name\":\"Home\",\"item\":\"https:\/\/www.alucomfort.be\/fr\/\"},{\"@type\":\"ListItem\",\"position\":2,\"name\":\"Producten\",\"item\":\"https:\/\/www.alucomfort.be\/producten\/\"},{\"@type\":\"ListItem\",\"position\":3,\"name\":\"Barri\u00e8res de polyethyl\u00e8ne rapides, extensibles\"}]},{\"@type\":\"WebSite\",\"@id\":\"https:\/\/www.alucomfort.be\/#website\",\"url\":\"https:\/\/www.alucomfort.be\/\",\"name\":\"Alu Comfort\",\"description\":\"\",\"potentialAction\":[{\"@type\":\"SearchAction\",\"target\":{\"@type\":\"EntryPoint\",\"urlTemplate\":\"https:\/\/www.alucomfort.be\/?s={search_term_string}\"},\"query-input\":{\"@type\":\"PropertyValueSpecification\",\"valueRequired\":true,\"valueName\":\"search_term_string\"}}],\"inLanguage\":\"fr-FR\"}]}<\/script>\n<!-- \/ Yoast SEO plugin. -->","yoast_head_json":{"title":"Barri\u00e8res de protection| Alu Comfort|","description":"Cl\u00f4tures pliantes pratiques: S\u00e9curisez vos chantiers temporairement. D\u00e9couvrez, commandez et \u00e9conomisez ! Qualit\u00e9 garantie, prix bas","robots":{"index":"index","follow":"follow","max-snippet":"max-snippet:-1","max-image-preview":"max-image-preview:large","max-video-preview":"max-video-preview:-1"},"canonical":"https:\/\/www.alucomfort.be\/product\/kunststof-opvouwbare-afsluitingen\/","og_locale":"fr_FR","og_type":"article","og_title":"Barri\u00e8res de protection| Alu Comfort|","og_description":"Cl\u00f4tures pliantes pratiques: S\u00e9curisez vos chantiers temporairement. D\u00e9couvrez, commandez et \u00e9conomisez ! Qualit\u00e9 garantie, prix bas","og_url":"https:\/\/www.alucomfort.be\/product\/kunststof-opvouwbare-afsluitingen\/","og_site_name":"Alu Comfort","article_modified_time":"2024-08-27T10:57:37+00:00","og_image":[{"width":1024,"height":683,"url":"https:\/\/www.alucomfort.be\/wp-content\/uploads\/DC-20005-1-1024x683.jpg","type":"image\/jpeg"}],"twitter_card":"summary_large_image","schema":{"@context":"https:\/\/schema.org","@graph":[{"@type":"WebPage","@id":"https:\/\/www.alucomfort.be\/product\/kunststof-opvouwbare-afsluitingen\/","url":"https:\/\/www.alucomfort.be\/product\/kunststof-opvouwbare-afsluitingen\/","name":"Barri\u00e8res de protection| Alu Comfort|","isPartOf":{"@id":"https:\/\/www.alucomfort.be\/#website"},"primaryImageOfPage":{"@id":"https:\/\/www.alucomfort.be\/product\/kunststof-opvouwbare-afsluitingen\/#primaryimage"},"image":{"@id":"https:\/\/www.alucomfort.be\/product\/kunststof-opvouwbare-afsluitingen\/#primaryimage"},"thumbnailUrl":"https:\/\/www.alucomfort.be\/wp-content\/uploads\/DC-20005-1.jpg","datePublished":"2019-10-13T22:42:46+00:00","dateModified":"2024-08-27T10:57:37+00:00","description":"Cl\u00f4tures pliantes pratiques: S\u00e9curisez vos chantiers temporairement. D\u00e9couvrez, commandez et \u00e9conomisez ! Qualit\u00e9 garantie, prix bas","breadcrumb":{"@id":"https:\/\/www.alucomfort.be\/product\/kunststof-opvouwbare-afsluitingen\/#breadcrumb"},"inLanguage":"fr-FR","potentialAction":[{"@type":"ReadAction","target":["https:\/\/www.alucomfort.be\/product\/kunststof-opvouwbare-afsluitingen\/"]}]},{"@type":"ImageObject","inLanguage":"fr-FR","@id":"https:\/\/www.alucomfort.be\/product\/kunststof-opvouwbare-afsluitingen\/#primaryimage","url":"https:\/\/www.alucomfort.be\/wp-content\/uploads\/DC-20005-1.jpg","contentUrl":"https:\/\/www.alucomfort.be\/wp-content\/uploads\/DC-20005-1.jpg","width":5184,"height":3456,"caption":"Inklapbare afzethekken"},{"@type":"BreadcrumbList","@id":"https:\/\/www.alucomfort.be\/product\/kunststof-opvouwbare-afsluitingen\/#breadcrumb","itemListElement":[{"@type":"ListItem","position":1,"name":"Home","item":"https:\/\/www.alucomfort.be\/fr\/"},{"@type":"ListItem","position":2,"name":"Producten","item":"https:\/\/www.alucomfort.be\/producten\/"},{"@type":"ListItem","position":3,"name":"Barri\u00e8res de polyethyl\u00e8ne rapides, extensibles"}]},{"@type":"WebSite","@id":"https:\/\/www.alucomfort.be\/#website","url":"https:\/\/www.alucomfort.be\/","name":"Alu Comfort","description":"","potentialAction":[{"@type":"SearchAction","target":{"@type":"EntryPoint","urlTemplate":"https:\/\/www.alucomfort.be\/?s={search_term_string}"},"query-input":{"@type":"PropertyValueSpecification","valueRequired":true,"valueName":"search_term_string"}}],"inLanguage":"fr-FR"}]}},"_links":{"self":[{"href":"https:\/\/www.alucomfort.be\/fr\/wp-json\/wp\/v2\/product\/171620","targetHints":{"allow":["GET"]}}],"collection":[{"href":"https:\/\/www.alucomfort.be\/fr\/wp-json\/wp\/v2\/product"}],"about":[{"href":"https:\/\/www.alucomfort.be\/fr\/wp-json\/wp\/v2\/types\/product"}],"wp:featuredmedia":[{"embeddable":true,"href":"https:\/\/www.alucomfort.be\/fr\/wp-json\/wp\/v2\/media\/49728"}],"wp:attachment":[{"href":"https:\/\/www.alucomfort.be\/fr\/wp-json\/wp\/v2\/media?parent=171620"}],"wp:term":[{"taxonomy":"product_brand","embeddable":true,"href":"https:\/\/www.alucomfort.be\/fr\/wp-json\/wp\/v2\/product_brand?post=171620"},{"taxonomy":"product_cat","embeddable":true,"href":"https:\/\/www.alucomfort.be\/fr\/wp-json\/wp\/v2\/product_cat?post=171620"},{"taxonomy":"product_tag","embeddable":true,"href":"https:\/\/www.alucomfort.be\/fr\/wp-json\/wp\/v2\/product_tag?post=171620"}],"curies":[{"name":"wp","href":"https:\/\/api.w.org\/{rel}","templated":true}]}}