

{"id":171734,"date":"2019-10-14T00:44:34","date_gmt":"2019-10-13T22:44:34","guid":{"rendered":"https:\/\/www.alucomfort.be\/product\/protege-cables-avec-couvercle\/"},"modified":"2025-01-09T14:54:31","modified_gmt":"2025-01-09T12:54:31","slug":"protege-cables-avec-couvercle","status":"publish","type":"product","link":"https:\/\/www.alucomfort.be\/fr\/product\/protege-cables-avec-couvercle\/","title":{"rendered":"Prot\u00e8ge-c\u00e2bles avec couvercle"},"content":{"rendered":"<p>* Prot\u00e8ge-c\u00e2bles ou gaine de protection pour tuyaux et cables, * El\u00e9ments modulaires, extensibles \u00e0 volont\u00e9 par simple emboitage, * Charge admissible jusqu&rsquo;\u00e0 40 tonnes<\/p>\n","protected":false},"excerpt":{"rendered":"<p>Prot\u00e8ge-c\u00e2bles modulaires avec couvercle<\/p>\n","protected":false},"featured_media":203377,"template":"","meta":{"_acf_changed":false},"product_brand":[],"product_cat":[8483],"product_tag":[],"class_list":{"0":"post-171734","1":"product","2":"type-product","3":"status-publish","4":"has-post-thumbnail","6":"product_cat-ralentisseur-de-vitesse-et-gaines-de-protection","8":"first","9":"outofstock","10":"taxable","11":"shipping-taxable","12":"purchasable","13":"product-type-variable"},"acf":[],"yoast_head":"<!-- This site is optimized with the Yoast SEO plugin v24.8.1 - https:\/\/yoast.com\/wordpress\/plugins\/seo\/ -->\n<title>Prot\u00e8ge-c\u00e2bles modulaires avec couvercle<\/title>\n<meta name=\"description\" content=\"Prot\u00e8ge-c\u00e2bles ou gaine de protection pour tuyaux et cables\" \/>\n<meta name=\"robots\" content=\"index, follow, max-snippet:-1, max-image-preview:large, max-video-preview:-1\" \/>\n<link rel=\"canonical\" href=\"https:\/\/www.alucomfort.be\/product\/kabelbeschermer\/\" \/>\n<meta property=\"og:locale\" content=\"fr_FR\" \/>\n<meta property=\"og:type\" content=\"article\" \/>\n<meta property=\"og:title\" content=\"Prot\u00e8ge-c\u00e2bles modulaires avec couvercle\" \/>\n<meta property=\"og:description\" content=\"Prot\u00e8ge-c\u00e2bles ou gaine de protection pour tuyaux et cables\" \/>\n<meta property=\"og:url\" content=\"https:\/\/www.alucomfort.be\/product\/kabelbeschermer\/\" \/>\n<meta property=\"og:site_name\" content=\"Alu Comfort\" \/>\n<meta property=\"article:modified_time\" content=\"2025-01-09T12:54:31+00:00\" \/>\n<meta property=\"og:image\" content=\"https:\/\/www.alucomfort.be\/wp-content\/uploads\/Kabelgoot-1.jpg\" \/>\n\t<meta property=\"og:image:width\" content=\"600\" \/>\n\t<meta property=\"og:image:height\" content=\"400\" \/>\n\t<meta property=\"og:image:type\" content=\"image\/jpeg\" \/>\n<meta name=\"twitter:card\" content=\"summary_large_image\" \/>\n<script type=\"application\/ld+json\" class=\"yoast-schema-graph\">{\"@context\":\"https:\/\/schema.org\",\"@graph\":[{\"@type\":\"WebPage\",\"@id\":\"https:\/\/www.alucomfort.be\/product\/kabelbeschermer\/\",\"url\":\"https:\/\/www.alucomfort.be\/product\/kabelbeschermer\/\",\"name\":\"Prot\u00e8ge-c\u00e2bles modulaires avec couvercle\",\"isPartOf\":{\"@id\":\"https:\/\/www.alucomfort.be\/#website\"},\"primaryImageOfPage\":{\"@id\":\"https:\/\/www.alucomfort.be\/product\/kabelbeschermer\/#primaryimage\"},\"image\":{\"@id\":\"https:\/\/www.alucomfort.be\/product\/kabelbeschermer\/#primaryimage\"},\"thumbnailUrl\":\"https:\/\/www.alucomfort.be\/wp-content\/uploads\/Kabelgoot-1.jpg\",\"datePublished\":\"2019-10-13T22:44:34+00:00\",\"dateModified\":\"2025-01-09T12:54:31+00:00\",\"description\":\"Prot\u00e8ge-c\u00e2bles ou gaine de protection pour tuyaux et cables\",\"breadcrumb\":{\"@id\":\"https:\/\/www.alucomfort.be\/product\/kabelbeschermer\/#breadcrumb\"},\"inLanguage\":\"fr-FR\",\"potentialAction\":[{\"@type\":\"ReadAction\",\"target\":[\"https:\/\/www.alucomfort.be\/product\/kabelbeschermer\/\"]}]},{\"@type\":\"ImageObject\",\"inLanguage\":\"fr-FR\",\"@id\":\"https:\/\/www.alucomfort.be\/product\/kabelbeschermer\/#primaryimage\",\"url\":\"https:\/\/www.alucomfort.be\/wp-content\/uploads\/Kabelgoot-1.jpg\",\"contentUrl\":\"https:\/\/www.alucomfort.be\/wp-content\/uploads\/Kabelgoot-1.jpg\",\"width\":600,\"height\":400},{\"@type\":\"BreadcrumbList\",\"@id\":\"https:\/\/www.alucomfort.be\/product\/kabelbeschermer\/#breadcrumb\",\"itemListElement\":[{\"@type\":\"ListItem\",\"position\":1,\"name\":\"Home\",\"item\":\"https:\/\/www.alucomfort.be\/fr\/\"},{\"@type\":\"ListItem\",\"position\":2,\"name\":\"Producten\",\"item\":\"https:\/\/www.alucomfort.be\/producten\/\"},{\"@type\":\"ListItem\",\"position\":3,\"name\":\"Prot\u00e8ge-c\u00e2bles avec couvercle\"}]},{\"@type\":\"WebSite\",\"@id\":\"https:\/\/www.alucomfort.be\/#website\",\"url\":\"https:\/\/www.alucomfort.be\/\",\"name\":\"Alu Comfort\",\"description\":\"\",\"potentialAction\":[{\"@type\":\"SearchAction\",\"target\":{\"@type\":\"EntryPoint\",\"urlTemplate\":\"https:\/\/www.alucomfort.be\/?s={search_term_string}\"},\"query-input\":{\"@type\":\"PropertyValueSpecification\",\"valueRequired\":true,\"valueName\":\"search_term_string\"}}],\"inLanguage\":\"fr-FR\"}]}<\/script>\n<!-- \/ Yoast SEO plugin. -->","yoast_head_json":{"title":"Prot\u00e8ge-c\u00e2bles modulaires avec couvercle","description":"Prot\u00e8ge-c\u00e2bles ou gaine de protection pour tuyaux et cables","robots":{"index":"index","follow":"follow","max-snippet":"max-snippet:-1","max-image-preview":"max-image-preview:large","max-video-preview":"max-video-preview:-1"},"canonical":"https:\/\/www.alucomfort.be\/product\/kabelbeschermer\/","og_locale":"fr_FR","og_type":"article","og_title":"Prot\u00e8ge-c\u00e2bles modulaires avec couvercle","og_description":"Prot\u00e8ge-c\u00e2bles ou gaine de protection pour tuyaux et cables","og_url":"https:\/\/www.alucomfort.be\/product\/kabelbeschermer\/","og_site_name":"Alu Comfort","article_modified_time":"2025-01-09T12:54:31+00:00","og_image":[{"width":600,"height":400,"url":"https:\/\/www.alucomfort.be\/wp-content\/uploads\/Kabelgoot-1.jpg","type":"image\/jpeg"}],"twitter_card":"summary_large_image","schema":{"@context":"https:\/\/schema.org","@graph":[{"@type":"WebPage","@id":"https:\/\/www.alucomfort.be\/product\/kabelbeschermer\/","url":"https:\/\/www.alucomfort.be\/product\/kabelbeschermer\/","name":"Prot\u00e8ge-c\u00e2bles modulaires avec couvercle","isPartOf":{"@id":"https:\/\/www.alucomfort.be\/#website"},"primaryImageOfPage":{"@id":"https:\/\/www.alucomfort.be\/product\/kabelbeschermer\/#primaryimage"},"image":{"@id":"https:\/\/www.alucomfort.be\/product\/kabelbeschermer\/#primaryimage"},"thumbnailUrl":"https:\/\/www.alucomfort.be\/wp-content\/uploads\/Kabelgoot-1.jpg","datePublished":"2019-10-13T22:44:34+00:00","dateModified":"2025-01-09T12:54:31+00:00","description":"Prot\u00e8ge-c\u00e2bles ou gaine de protection pour tuyaux et cables","breadcrumb":{"@id":"https:\/\/www.alucomfort.be\/product\/kabelbeschermer\/#breadcrumb"},"inLanguage":"fr-FR","potentialAction":[{"@type":"ReadAction","target":["https:\/\/www.alucomfort.be\/product\/kabelbeschermer\/"]}]},{"@type":"ImageObject","inLanguage":"fr-FR","@id":"https:\/\/www.alucomfort.be\/product\/kabelbeschermer\/#primaryimage","url":"https:\/\/www.alucomfort.be\/wp-content\/uploads\/Kabelgoot-1.jpg","contentUrl":"https:\/\/www.alucomfort.be\/wp-content\/uploads\/Kabelgoot-1.jpg","width":600,"height":400},{"@type":"BreadcrumbList","@id":"https:\/\/www.alucomfort.be\/product\/kabelbeschermer\/#breadcrumb","itemListElement":[{"@type":"ListItem","position":1,"name":"Home","item":"https:\/\/www.alucomfort.be\/fr\/"},{"@type":"ListItem","position":2,"name":"Producten","item":"https:\/\/www.alucomfort.be\/producten\/"},{"@type":"ListItem","position":3,"name":"Prot\u00e8ge-c\u00e2bles avec couvercle"}]},{"@type":"WebSite","@id":"https:\/\/www.alucomfort.be\/#website","url":"https:\/\/www.alucomfort.be\/","name":"Alu Comfort","description":"","potentialAction":[{"@type":"SearchAction","target":{"@type":"EntryPoint","urlTemplate":"https:\/\/www.alucomfort.be\/?s={search_term_string}"},"query-input":{"@type":"PropertyValueSpecification","valueRequired":true,"valueName":"search_term_string"}}],"inLanguage":"fr-FR"}]}},"_links":{"self":[{"href":"https:\/\/www.alucomfort.be\/fr\/wp-json\/wp\/v2\/product\/171734","targetHints":{"allow":["GET"]}}],"collection":[{"href":"https:\/\/www.alucomfort.be\/fr\/wp-json\/wp\/v2\/product"}],"about":[{"href":"https:\/\/www.alucomfort.be\/fr\/wp-json\/wp\/v2\/types\/product"}],"wp:featuredmedia":[{"embeddable":true,"href":"https:\/\/www.alucomfort.be\/fr\/wp-json\/wp\/v2\/media\/203377"}],"wp:attachment":[{"href":"https:\/\/www.alucomfort.be\/fr\/wp-json\/wp\/v2\/media?parent=171734"}],"wp:term":[{"taxonomy":"product_brand","embeddable":true,"href":"https:\/\/www.alucomfort.be\/fr\/wp-json\/wp\/v2\/product_brand?post=171734"},{"taxonomy":"product_cat","embeddable":true,"href":"https:\/\/www.alucomfort.be\/fr\/wp-json\/wp\/v2\/product_cat?post=171734"},{"taxonomy":"product_tag","embeddable":true,"href":"https:\/\/www.alucomfort.be\/fr\/wp-json\/wp\/v2\/product_tag?post=171734"}],"curies":[{"name":"wp","href":"https:\/\/api.w.org\/{rel}","templated":true}]}}