

{"id":172186,"date":"2019-10-14T00:51:45","date_gmt":"2019-10-13T22:51:45","guid":{"rendered":"https:\/\/www.alucomfort.be\/product\/chars-a-bras-legers\/"},"modified":"2019-10-14T13:45:29","modified_gmt":"2019-10-14T11:45:29","slug":"chars-a-bras-legers","status":"publish","type":"product","link":"https:\/\/www.alucomfort.be\/fr\/product\/chars-a-bras-legers\/","title":{"rendered":"Chars \u00e0 bras l\u00e9gers"},"content":{"rendered":"<p>* Conforme \u00e0 la norme Europ\u00e9enne EN 1757-3, * Char \u00e0 bras en tube d&rsquo;acier et profil\u00e9 soud\u00e9, rev\u00eatement \u00e9poxy RAL 5007, * Plate-forme en contreplaqu\u00e9 hydrofuge, * Essieu directeur avec timon, * Timon avec poign\u00e9e de s\u00e9curit\u00e9 et rev\u00eatement souple montant automatiquement en position verticale, * Freinage automatiquement sur essieu avant, * Choix entre des roues gonflables ou caoutchouc<\/p>\n","protected":false},"excerpt":{"rendered":"<p>Chars \u00e0 bras l\u00e9gers &#8211; Charge adm.: 400 &#8211; 500 kg<\/p>\n","protected":false},"featured_media":12442,"template":"","meta":{"_acf_changed":false},"product_brand":[],"product_cat":[2763],"product_tag":[],"class_list":{"0":"post-172186","1":"product","2":"type-product","3":"status-publish","4":"has-post-thumbnail","6":"product_cat-chars-a-bras","8":"first","9":"outofstock","10":"taxable","11":"shipping-taxable","12":"purchasable","13":"product-type-variable"},"acf":[],"yoast_head":"<!-- This site is optimized with the Yoast SEO plugin v24.8.1 - https:\/\/yoast.com\/wordpress\/plugins\/seo\/ -->\n<title>Chars \u00e0 bras l\u00e9gers<\/title>\n<meta name=\"description\" content=\"Chars \u00e0 bras l\u00e9gers avec charge adm. entre 400 et 500 kg\" \/>\n<meta name=\"robots\" content=\"index, follow, max-snippet:-1, max-image-preview:large, max-video-preview:-1\" \/>\n<link rel=\"canonical\" href=\"https:\/\/www.alucomfort.be\/product\/handtrekwagens-lichte-versie\/\" \/>\n<meta property=\"og:locale\" content=\"fr_FR\" \/>\n<meta property=\"og:type\" content=\"article\" \/>\n<meta property=\"og:title\" content=\"Chars \u00e0 bras l\u00e9gers\" \/>\n<meta property=\"og:description\" content=\"Chars \u00e0 bras l\u00e9gers avec charge adm. entre 400 et 500 kg\" \/>\n<meta property=\"og:url\" content=\"https:\/\/www.alucomfort.be\/product\/handtrekwagens-lichte-versie\/\" \/>\n<meta property=\"og:site_name\" content=\"Alu Comfort\" \/>\n<meta property=\"article:modified_time\" content=\"2019-10-14T11:45:29+00:00\" \/>\n<meta property=\"og:image\" content=\"https:\/\/www.alucomfort.be\/wp-content\/uploads\/FE-4002.jpg\" \/>\n\t<meta property=\"og:image:width\" content=\"640\" \/>\n\t<meta property=\"og:image:height\" content=\"532\" \/>\n\t<meta property=\"og:image:type\" content=\"image\/jpeg\" \/>\n<meta name=\"twitter:card\" content=\"summary_large_image\" \/>\n<script type=\"application\/ld+json\" class=\"yoast-schema-graph\">{\"@context\":\"https:\/\/schema.org\",\"@graph\":[{\"@type\":\"WebPage\",\"@id\":\"https:\/\/www.alucomfort.be\/product\/handtrekwagens-lichte-versie\/\",\"url\":\"https:\/\/www.alucomfort.be\/product\/handtrekwagens-lichte-versie\/\",\"name\":\"Chars \u00e0 bras l\u00e9gers\",\"isPartOf\":{\"@id\":\"https:\/\/www.alucomfort.be\/#website\"},\"primaryImageOfPage\":{\"@id\":\"https:\/\/www.alucomfort.be\/product\/handtrekwagens-lichte-versie\/#primaryimage\"},\"image\":{\"@id\":\"https:\/\/www.alucomfort.be\/product\/handtrekwagens-lichte-versie\/#primaryimage\"},\"thumbnailUrl\":\"https:\/\/www.alucomfort.be\/wp-content\/uploads\/FE-4002.jpg\",\"datePublished\":\"2019-10-13T22:51:45+00:00\",\"dateModified\":\"2019-10-14T11:45:29+00:00\",\"description\":\"Chars \u00e0 bras l\u00e9gers avec charge adm. entre 400 et 500 kg\",\"breadcrumb\":{\"@id\":\"https:\/\/www.alucomfort.be\/product\/handtrekwagens-lichte-versie\/#breadcrumb\"},\"inLanguage\":\"fr-FR\",\"potentialAction\":[{\"@type\":\"ReadAction\",\"target\":[\"https:\/\/www.alucomfort.be\/product\/handtrekwagens-lichte-versie\/\"]}]},{\"@type\":\"ImageObject\",\"inLanguage\":\"fr-FR\",\"@id\":\"https:\/\/www.alucomfort.be\/product\/handtrekwagens-lichte-versie\/#primaryimage\",\"url\":\"https:\/\/www.alucomfort.be\/wp-content\/uploads\/FE-4002.jpg\",\"contentUrl\":\"https:\/\/www.alucomfort.be\/wp-content\/uploads\/FE-4002.jpg\",\"width\":640,\"height\":532},{\"@type\":\"BreadcrumbList\",\"@id\":\"https:\/\/www.alucomfort.be\/product\/handtrekwagens-lichte-versie\/#breadcrumb\",\"itemListElement\":[{\"@type\":\"ListItem\",\"position\":1,\"name\":\"Home\",\"item\":\"https:\/\/www.alucomfort.be\/fr\/\"},{\"@type\":\"ListItem\",\"position\":2,\"name\":\"Producten\",\"item\":\"https:\/\/www.alucomfort.be\/producten\/\"},{\"@type\":\"ListItem\",\"position\":3,\"name\":\"Chars \u00e0 bras l\u00e9gers\"}]},{\"@type\":\"WebSite\",\"@id\":\"https:\/\/www.alucomfort.be\/#website\",\"url\":\"https:\/\/www.alucomfort.be\/\",\"name\":\"Alu Comfort\",\"description\":\"\",\"potentialAction\":[{\"@type\":\"SearchAction\",\"target\":{\"@type\":\"EntryPoint\",\"urlTemplate\":\"https:\/\/www.alucomfort.be\/?s={search_term_string}\"},\"query-input\":{\"@type\":\"PropertyValueSpecification\",\"valueRequired\":true,\"valueName\":\"search_term_string\"}}],\"inLanguage\":\"fr-FR\"}]}<\/script>\n<!-- \/ Yoast SEO plugin. -->","yoast_head_json":{"title":"Chars \u00e0 bras l\u00e9gers","description":"Chars \u00e0 bras l\u00e9gers avec charge adm. entre 400 et 500 kg","robots":{"index":"index","follow":"follow","max-snippet":"max-snippet:-1","max-image-preview":"max-image-preview:large","max-video-preview":"max-video-preview:-1"},"canonical":"https:\/\/www.alucomfort.be\/product\/handtrekwagens-lichte-versie\/","og_locale":"fr_FR","og_type":"article","og_title":"Chars \u00e0 bras l\u00e9gers","og_description":"Chars \u00e0 bras l\u00e9gers avec charge adm. entre 400 et 500 kg","og_url":"https:\/\/www.alucomfort.be\/product\/handtrekwagens-lichte-versie\/","og_site_name":"Alu Comfort","article_modified_time":"2019-10-14T11:45:29+00:00","og_image":[{"width":640,"height":532,"url":"https:\/\/www.alucomfort.be\/wp-content\/uploads\/FE-4002.jpg","type":"image\/jpeg"}],"twitter_card":"summary_large_image","schema":{"@context":"https:\/\/schema.org","@graph":[{"@type":"WebPage","@id":"https:\/\/www.alucomfort.be\/product\/handtrekwagens-lichte-versie\/","url":"https:\/\/www.alucomfort.be\/product\/handtrekwagens-lichte-versie\/","name":"Chars \u00e0 bras l\u00e9gers","isPartOf":{"@id":"https:\/\/www.alucomfort.be\/#website"},"primaryImageOfPage":{"@id":"https:\/\/www.alucomfort.be\/product\/handtrekwagens-lichte-versie\/#primaryimage"},"image":{"@id":"https:\/\/www.alucomfort.be\/product\/handtrekwagens-lichte-versie\/#primaryimage"},"thumbnailUrl":"https:\/\/www.alucomfort.be\/wp-content\/uploads\/FE-4002.jpg","datePublished":"2019-10-13T22:51:45+00:00","dateModified":"2019-10-14T11:45:29+00:00","description":"Chars \u00e0 bras l\u00e9gers avec charge adm. entre 400 et 500 kg","breadcrumb":{"@id":"https:\/\/www.alucomfort.be\/product\/handtrekwagens-lichte-versie\/#breadcrumb"},"inLanguage":"fr-FR","potentialAction":[{"@type":"ReadAction","target":["https:\/\/www.alucomfort.be\/product\/handtrekwagens-lichte-versie\/"]}]},{"@type":"ImageObject","inLanguage":"fr-FR","@id":"https:\/\/www.alucomfort.be\/product\/handtrekwagens-lichte-versie\/#primaryimage","url":"https:\/\/www.alucomfort.be\/wp-content\/uploads\/FE-4002.jpg","contentUrl":"https:\/\/www.alucomfort.be\/wp-content\/uploads\/FE-4002.jpg","width":640,"height":532},{"@type":"BreadcrumbList","@id":"https:\/\/www.alucomfort.be\/product\/handtrekwagens-lichte-versie\/#breadcrumb","itemListElement":[{"@type":"ListItem","position":1,"name":"Home","item":"https:\/\/www.alucomfort.be\/fr\/"},{"@type":"ListItem","position":2,"name":"Producten","item":"https:\/\/www.alucomfort.be\/producten\/"},{"@type":"ListItem","position":3,"name":"Chars \u00e0 bras l\u00e9gers"}]},{"@type":"WebSite","@id":"https:\/\/www.alucomfort.be\/#website","url":"https:\/\/www.alucomfort.be\/","name":"Alu Comfort","description":"","potentialAction":[{"@type":"SearchAction","target":{"@type":"EntryPoint","urlTemplate":"https:\/\/www.alucomfort.be\/?s={search_term_string}"},"query-input":{"@type":"PropertyValueSpecification","valueRequired":true,"valueName":"search_term_string"}}],"inLanguage":"fr-FR"}]}},"_links":{"self":[{"href":"https:\/\/www.alucomfort.be\/fr\/wp-json\/wp\/v2\/product\/172186","targetHints":{"allow":["GET"]}}],"collection":[{"href":"https:\/\/www.alucomfort.be\/fr\/wp-json\/wp\/v2\/product"}],"about":[{"href":"https:\/\/www.alucomfort.be\/fr\/wp-json\/wp\/v2\/types\/product"}],"wp:featuredmedia":[{"embeddable":true,"href":"https:\/\/www.alucomfort.be\/fr\/wp-json\/wp\/v2\/media\/12442"}],"wp:attachment":[{"href":"https:\/\/www.alucomfort.be\/fr\/wp-json\/wp\/v2\/media?parent=172186"}],"wp:term":[{"taxonomy":"product_brand","embeddable":true,"href":"https:\/\/www.alucomfort.be\/fr\/wp-json\/wp\/v2\/product_brand?post=172186"},{"taxonomy":"product_cat","embeddable":true,"href":"https:\/\/www.alucomfort.be\/fr\/wp-json\/wp\/v2\/product_cat?post=172186"},{"taxonomy":"product_tag","embeddable":true,"href":"https:\/\/www.alucomfort.be\/fr\/wp-json\/wp\/v2\/product_tag?post=172186"}],"curies":[{"name":"wp","href":"https:\/\/api.w.org\/{rel}","templated":true}]}}